{"id":2006,"date":"2021-03-13T11:58:18","date_gmt":"2021-03-13T10:58:18","guid":{"rendered":"http:\/\/pages.pedf.cuni.cz\/gramotnost\/?page_id=2006"},"modified":"2021-04-13T19:49:16","modified_gmt":"2021-04-13T17:49:16","slug":"2020-3","status":"publish","type":"page","link":"https:\/\/pages.pedf.cuni.cz\/gramotnost\/2020-3\/","title":{"rendered":"2020"},"content":{"rendered":"<p><strong><span style=\"color: #339966\">3\/2020<\/span><br \/>\n<\/strong><em>Edito\u0159i:<\/em> <em>Anna Kucharsk\u00e1, Kl\u00e1ra \u0160pa\u010dkov\u00e1<\/em><br \/>\nAnglick\u00e9 \u010d\u00edslo je v\u011bnov\u00e1no t\u00e9mat\u016fm zam\u011b\u0159en\u00fdm na oblast rozvoje gramotnosti v hudebn\u00ed v\u00fdchov\u011b a v oblasti vizu\u00e1ln\u00ed kultury ve v\u0161ech stupn\u00edch vzd\u011bl\u00e1v\u00e1n\u00ed<\/p>\n<p><span style=\"color: #339966\"><strong>2\/2020<\/strong><\/span><br \/>\n<em>Edito\u0159i: Anna Kucharsk\u00e1, Monika Kadrno\u017ekov\u00e1<\/em><br \/>\nCel\u00e9 \u010d\u00edslo naleznete <a href=\"https:\/\/pages.pedf.cuni.cz\/gramotnost\/files\/2021\/02\/Gramotnost_02_2020_FINAL.pdf\"><strong>zde<\/strong><\/a><\/p>\n<p><span style=\"color: #339966\"><strong>1\/2020<\/strong><\/span><br \/>\n<em>Edito\u0159i: Anna Kucharsk\u00e1, Monika Kadrno\u017ekov\u00e1<\/em><br \/>\nCel\u00e9 \u010d\u00edslo naleznete\u00a0 <a href=\"https:\/\/pages.pedf.cuni.cz\/gramotnost\/1-2020\/\"><strong>zde<\/strong><\/a><\/p>\n","protected":false},"excerpt":{"rendered":"<p>3\/2020 Edito\u0159i: Anna Kucharsk\u00e1, Kl\u00e1ra \u0160pa\u010dkov\u00e1 Anglick\u00e9 \u010d\u00edslo je v\u011bnov\u00e1no t\u00e9mat\u016fm zam\u011b\u0159en\u00fdm na oblast rozvoje gramotnosti v hudebn\u00ed v\u00fdchov\u011b a v oblasti vizu\u00e1ln\u00ed kultury ve v\u0161ech stupn\u00edch vzd\u011bl\u00e1v\u00e1n\u00ed 2\/2020 Edito\u0159i: Anna Kucharsk\u00e1, Monika Kadrno\u017ekov\u00e1 Cel\u00e9 \u010d\u00edslo naleznete zde 1\/2020 Edito\u0159i: Anna Kucharsk\u00e1, Monika Kadrno\u017ekov\u00e1 Cel\u00e9 \u010d\u00edslo naleznete\u00a0 zde<\/p>\n","protected":false},"author":1,"featured_media":0,"parent":0,"menu_order":0,"comment_status":"closed","ping_status":"closed","template":"","meta":{"footnotes":""},"class_list":["post-2006","page","type-page","status-publish","hentry"],"_links":{"self":[{"href":"https:\/\/pages.pedf.cuni.cz\/gramotnost\/wp-json\/wp\/v2\/pages\/2006","targetHints":{"allow":["GET"]}}],"collection":[{"href":"https:\/\/pages.pedf.cuni.cz\/gramotnost\/wp-json\/wp\/v2\/pages"}],"about":[{"href":"https:\/\/pages.pedf.cuni.cz\/gramotnost\/wp-json\/wp\/v2\/types\/page"}],"author":[{"embeddable":true,"href":"https:\/\/pages.pedf.cuni.cz\/gramotnost\/wp-json\/wp\/v2\/users\/1"}],"replies":[{"embeddable":true,"href":"https:\/\/pages.pedf.cuni.cz\/gramotnost\/wp-json\/wp\/v2\/comments?post=2006"}],"version-history":[{"count":2,"href":"https:\/\/pages.pedf.cuni.cz\/gramotnost\/wp-json\/wp\/v2\/pages\/2006\/revisions"}],"predecessor-version":[{"id":2085,"href":"https:\/\/pages.pedf.cuni.cz\/gramotnost\/wp-json\/wp\/v2\/pages\/2006\/revisions\/2085"}],"wp:attachment":[{"href":"https:\/\/pages.pedf.cuni.cz\/gramotnost\/wp-json\/wp\/v2\/media?parent=2006"}],"curies":[{"name":"wp","href":"https:\/\/api.w.org\/{rel}","templated":true}]}}