{"id":2024,"date":"2021-03-13T12:11:20","date_gmt":"2021-03-13T11:11:20","guid":{"rendered":"http:\/\/pages.pedf.cuni.cz\/gramotnost\/?page_id=2024"},"modified":"2021-03-13T12:11:20","modified_gmt":"2021-03-13T11:11:20","slug":"1-2019-2","status":"publish","type":"page","link":"https:\/\/pages.pedf.cuni.cz\/gramotnost\/1-2019-2\/","title":{"rendered":"1\/2019"},"content":{"rendered":"<div class=\"entry-content\">\n<p><span style=\"color: #339966;\"><strong>\u0160KOLN\u00cd VZD\u011aL\u00c1V\u00c1N\u00cd, RODINN\u00c9 VLIVY A JEJICH VZTAH KE GRAMOTNOSTI<\/strong><\/span><br \/>\n<span style=\"color: #339966;\">2019, RO\u010cN\u00cdK 3, \u010c\u00cdSLO 1<\/span><\/p>\n<p><span style=\"color: #339966;\"><strong>Obsah<\/strong><\/span><br \/>\n<em>ke sta\u017een\u00ed <span style=\"color: #339966;\"><strong><a style=\"color: #339966;\" href=\"https:\/\/pages.pedf.cuni.cz\/gramotnost\/files\/2019\/07\/Obsah-1.pdf\">zde<\/a><\/strong><\/span><br \/>\n<\/em><\/p>\n<p><span style=\"color: #339966;\"><strong>Editorial<\/strong><\/span><br \/>\n<em>Pavla Presslerov\u00e1 a Hana Sot\u00e1kov\u00e1<\/em><br \/>\n<em>ke sta\u017een\u00ed<span style=\"color: #339966;\"><strong> <a style=\"color: #339966;\" href=\"https:\/\/pages.pedf.cuni.cz\/gramotnost\/files\/2019\/07\/Editorial.pdf\">zde<\/a><\/strong><\/span><br \/>\n<\/em><\/p>\n<p><span style=\"color: #339966;\"><strong>V\u00ddZKUMN\u00c9 STUDIE<\/strong><\/span><br \/>\nS\u0165a\u017een\u00e1 cesta ku gramotnosti: V\u00fdskum rodi\u010dov, ktor\u00ed \u010d\u00edtaj\u00fa de\u0165om len sporadicky<br \/>\nPeter Gavora<br \/>\n<em>ke sta\u017een\u00ed <span style=\"color: #339966;\"><strong><a style=\"color: #339966;\" href=\"https:\/\/pages.pedf.cuni.cz\/gramotnost\/files\/2019\/07\/01_Gavora.pdf\">zde<\/a><\/strong><\/span><br \/>\n<\/em><\/p>\n<p>Srovn\u00e1n\u00ed porozum\u011bn\u00ed obr\u00e1zkov\u00e9mu p\u0159\u00edb\u011bhu u d\u011bt\u00ed p\u0159ed\u0161koln\u00edho v\u011bku ve t\u0159\u00edd\u011b heterogenn\u00ed a homogenn\u00ed<br \/>\nEva Ryb\u00e1rov\u00e1<br \/>\n<em>ke sta\u017een\u00ed<span style=\"color: #339966;\"> <strong><a style=\"color: #339966;\" href=\"https:\/\/pages.pedf.cuni.cz\/gramotnost\/files\/2019\/07\/02_Rybarova.pdf\">zde<\/a><\/strong><\/span><\/em><\/p>\n<p>Vliv typu \u0161koly, regionu \u010di socioekonomick\u00e9ho znev\u00fdhodn\u011bn\u00ed na p\u00edsemn\u00fd projev \u017e\u00e1k\u016f z\u00e1kladn\u00edch \u0161kol<br \/>\nV\u011bra Doln\u00edkov\u00e1<br \/>\n<em>ke sta\u017een\u00ed<strong> <a href=\"https:\/\/pages.pedf.cuni.cz\/gramotnost\/files\/2019\/07\/03_Dolnikova.pdf\"><span style=\"color: #339966;\">zde<\/span><\/a><\/strong><\/em><\/p>\n<p>Jak matky zvl\u00e1daj\u00ed z\u00e1t\u011b\u017e spojenou se specifickou poruchu u\u010den\u00ed sv\u00e9ho d\u00edt\u011bte<br \/>\nJana Kou\u0159ilov\u00e1<br \/>\n<em>ke sta\u017een\u00ed <strong><a href=\"https:\/\/pages.pedf.cuni.cz\/gramotnost\/files\/2019\/07\/04_Kourilova.pdf\"><span style=\"color: #339966;\">zde<\/span><\/a><\/strong><\/em><\/p>\n<p>\u017d\u00e1ci se speci\u00e1ln\u00edmi vzd\u011bl\u00e1vac\u00edmi pot\u0159ebami v rozvoji ob\u010dansk\u00fdch a soci\u00e1ln\u00edch kompetenc\u00ed pohledem u\u010ditel\u016f<br \/>\nPavla Presslerov\u00e1, Zbyn\u011bk N\u011bmec, Radek Holcepl<br \/>\n<em>ke sta\u017een\u00ed <strong><a href=\"https:\/\/pages.pedf.cuni.cz\/gramotnost\/files\/2019\/07\/05_Presslerova_Nemec_Holcepl.pdf\"><span style=\"color: #339966;\">zde<\/span><\/a><\/strong><\/em><\/p>\n<p>\u00daloha v\u00fdchovy k ob\u010danstv\u00ed v z\u00e1kladn\u00edm vzd\u011bl\u00e1v\u00e1n\u00ed o\u010dima \u201eob\u010dank\u00e1\u0159\u016f\u201c<br \/>\nMichaela Dvo\u0159\u00e1kov\u00e1, Veronika Pajpachov\u00e1<br \/>\n<em>ke sta\u017een\u00ed <strong><a href=\"https:\/\/pages.pedf.cuni.cz\/gramotnost\/files\/2019\/07\/06_Dvorakova_Pajpachova.pdf\"><span style=\"color: #339966;\">zde<\/span><\/a><\/strong><\/em><\/p>\n<p>P\u0159\u00ednos vzd\u011bl\u00e1vac\u00ed oblasti Um\u011bn\u00ed a kultura pro rozvoj d\u00edt\u011bte<br \/>\nHana Stadlerov\u00e1, Daniela Taylor<br \/>\n<em>ke sta\u017een\u00ed <strong><a href=\"https:\/\/pages.pedf.cuni.cz\/gramotnost\/files\/2019\/07\/07_Stadlerova_Taylor2.pdf\"><span style=\"color: #339966;\">zde<\/span><\/a><\/strong><\/em><\/p>\n<p><span style=\"color: #339966;\"><strong>ZPR\u00c1VA<\/strong><\/span><br \/>\nJedine\u010dn\u00e9 lekce nejen pro pr\u00e1ci d\u011btsk\u00fdch \u010dten\u00e1\u0159\u016f s konkr\u00e9tn\u00edmi knihami<br \/>\nFilip \u0160ebek<br \/>\n<em>ke sta\u017een\u00ed <span style=\"color: #339966;\"><strong><a style=\"color: #339966;\" href=\"https:\/\/pages.pedf.cuni.cz\/gramotnost\/files\/2019\/07\/Zprava.pdf\">zde<\/a><\/strong><\/span><br \/>\n<\/em><\/p>\n<ul>\n<li>Cel\u00e9 \u010d\u00edslo <span style=\"color: #339966;\"><strong>\u0160koln\u00ed vzd\u011bl\u00e1v\u00e1n\u00ed, rodinn\u00e9 vlivy a jejich vztah ke gramotnosti<\/strong><\/span><br \/>\n2019, ro\u010dn\u00edk 3, \u010d\u00edslo 1<br \/>\n<em>ke sta\u017een\u00ed <a href=\"https:\/\/pages.pedf.cuni.cz\/gramotnost\/files\/2019\/07\/Gramotnost_01_2019_FINAL2.pdf\"><strong><span style=\"color: #339966;\">zde <\/span><\/strong><\/a><\/em><\/li>\n<\/ul>\n<\/div>\n","protected":false},"excerpt":{"rendered":"<p>\u0160KOLN\u00cd VZD\u011aL\u00c1V\u00c1N\u00cd, RODINN\u00c9 VLIVY A JEJICH VZTAH KE GRAMOTNOSTI 2019, RO\u010cN\u00cdK 3, \u010c\u00cdSLO 1 Obsah ke sta\u017een\u00ed zde Editorial Pavla Presslerov\u00e1 a Hana Sot\u00e1kov\u00e1 ke sta\u017een\u00ed zde V\u00ddZKUMN\u00c9 STUDIE S\u0165a\u017een\u00e1 cesta ku gramotnosti: V\u00fdskum rodi\u010dov, ktor\u00ed \u010d\u00edtaj\u00fa de\u0165om len sporadicky Peter Gavora ke sta\u017een\u00ed zde Srovn\u00e1n\u00ed porozum\u011bn\u00ed obr\u00e1zkov\u00e9mu p\u0159\u00edb\u011bhu u d\u011bt\u00ed p\u0159ed\u0161koln\u00edho v\u011bku ve t\u0159\u00edd\u011b\u2026 <span class=\"read-more\"><a href=\"https:\/\/pages.pedf.cuni.cz\/gramotnost\/1-2019-2\/\">Read More &raquo;<\/a><\/span><\/p>\n","protected":false},"author":1,"featured_media":0,"parent":0,"menu_order":0,"comment_status":"closed","ping_status":"closed","template":"","meta":{"footnotes":""},"class_list":["post-2024","page","type-page","status-publish","hentry"],"_links":{"self":[{"href":"https:\/\/pages.pedf.cuni.cz\/gramotnost\/wp-json\/wp\/v2\/pages\/2024","targetHints":{"allow":["GET"]}}],"collection":[{"href":"https:\/\/pages.pedf.cuni.cz\/gramotnost\/wp-json\/wp\/v2\/pages"}],"about":[{"href":"https:\/\/pages.pedf.cuni.cz\/gramotnost\/wp-json\/wp\/v2\/types\/page"}],"author":[{"embeddable":true,"href":"https:\/\/pages.pedf.cuni.cz\/gramotnost\/wp-json\/wp\/v2\/users\/1"}],"replies":[{"embeddable":true,"href":"https:\/\/pages.pedf.cuni.cz\/gramotnost\/wp-json\/wp\/v2\/comments?post=2024"}],"version-history":[{"count":1,"href":"https:\/\/pages.pedf.cuni.cz\/gramotnost\/wp-json\/wp\/v2\/pages\/2024\/revisions"}],"predecessor-version":[{"id":2035,"href":"https:\/\/pages.pedf.cuni.cz\/gramotnost\/wp-json\/wp\/v2\/pages\/2024\/revisions\/2035"}],"wp:attachment":[{"href":"https:\/\/pages.pedf.cuni.cz\/gramotnost\/wp-json\/wp\/v2\/media?parent=2024"}],"curies":[{"name":"wp","href":"https:\/\/api.w.org\/{rel}","templated":true}]}}