{"id":2025,"date":"2021-03-13T12:10:22","date_gmt":"2021-03-13T11:10:22","guid":{"rendered":"http:\/\/pages.pedf.cuni.cz\/gramotnost\/?page_id=2025"},"modified":"2021-03-13T12:10:22","modified_gmt":"2021-03-13T11:10:22","slug":"2-2019-2","status":"publish","type":"page","link":"https:\/\/pages.pedf.cuni.cz\/gramotnost\/2-2019-2\/","title":{"rendered":"2\/2019"},"content":{"rendered":"<p><span style=\"color: #339966;\"><strong>\u010cTEN\u00c1\u0158SK\u00c1, MATEMATICK\u00c1 A P\u0158\u00cdRODOV\u011aDN\u00c1 PREGAMOTNOST V P\u0158ED\u0160KOLN\u00cdM VZD\u011aL\u00c1V\u00c1N\u00cd<\/strong><\/span><br \/>\n<span style=\"color: #339966;\">2019, RO\u010cN\u00cdK 3, \u010c\u00cdSLO 2<\/span><\/p>\n<p><span style=\"color: #339966;\"><strong>Obsah<\/strong><\/span><br \/>\n<em>ke sta\u017een\u00ed <\/em><a href=\"https:\/\/pages.pedf.cuni.cz\/gramotnost\/files\/2019\/10\/obsah.pdf\"><strong><span style=\"color: #339966;\"><em>zde<\/em><\/span><\/strong><\/a><\/p>\n<p><span style=\"color: #339966;\"><strong>Editorial<\/strong><\/span><br \/>\nEva Ryb\u00e1rov\u00e1 a Radka Wildov\u00e1<br \/>\n<em>ke sta\u017een\u00ed <a href=\"https:\/\/pages.pedf.cuni.cz\/gramotnost\/files\/2019\/10\/Editorial.pdf\"><strong><span style=\"color: #339966;\">zde<\/span><\/strong><\/a><\/em><\/p>\n<p><span style=\"color: #339966;\"><strong>V\u00ddZKUMN\u00c9 STUDIE<\/strong><\/span><br \/>\nRozv\u00edjanie \u010ditate\u013eskej pregramotnosti<br \/>\nDana Cib\u00e1kov\u00e1<br \/>\n<em>ke sta\u017een\u00ed <\/em><a href=\"https:\/\/pages.pedf.cuni.cz\/gramotnost\/files\/2019\/10\/01_Cibakova.pdf\"><strong><em><span style=\"color: #339966;\">zde<\/span><\/em><\/strong><\/a><\/p>\n<p>Za\u010dle\u0148ov\u00e1n\u00ed \u010dten\u00e1\u0159sk\u00e9 pregramotnosti do pedagogick\u00e9 pr\u00e1ce u\u010ditel\u016f M\u0160<br \/>\nZuzana Ma\u0148ourov\u00e1, Zuzana \u0160tef\u00e1nkov\u00e1, Luk\u00e1\u0161 Laibrt, Margareta Garabikov\u00e1 P\u00e1rtlov\u00e1, Zuzana B\u00edlkov\u00e1<br \/>\n<em>ke sta\u017een\u00ed <\/em><strong><a href=\"https:\/\/pages.pedf.cuni.cz\/gramotnost\/files\/2019\/10\/02_Manourova.pdf\"><em><span style=\"color: #339966;\">zde<\/span><\/em><\/a><\/strong><\/p>\n<p>V\u00fdzkumn\u00e1 sonda do stavu grafomotorick\u00e9 p\u0159\u00edpravy d\u011bt\u00ed p\u0159ed\u0161koln\u00edho v\u011bku<br \/>\nJana Johnov\u00e1<br \/>\n<em>ke sta\u017een\u00ed <\/em><a href=\"https:\/\/pages.pedf.cuni.cz\/gramotnost\/files\/2019\/10\/03_Johnova.pdf\"><strong><span style=\"color: #339966;\"><em>zde<\/em><\/span><\/strong><\/a><\/p>\n<p>\u010casn\u00ed \u010dten\u00e1\u0159i na po\u010d\u00e1tku \u0161koln\u00ed doch\u00e1zky: V\u00fdb\u011br respondent\u016f pro v\u00fdzkum \u010dasn\u00e9ho \u010dten\u00e1\u0159stv\u00ed<br \/>\nLenka Zemanov\u00e1<br \/>\n<em>ke sta\u017een\u00ed<\/em><strong> <a href=\"https:\/\/pages.pedf.cuni.cz\/gramotnost\/files\/2019\/10\/04_Zemanova.pdf\"><span style=\"color: #339966;\"><em>zde<\/em><\/span><\/a><\/strong><\/p>\n<p>Anal\u00fdza slovn\u00ed z\u00e1soby \u017e\u00e1k\u016f 2. ro\u010dn\u00edku Z\u0160 jako podklad pro rozvoj \u010dten\u00e1\u0159sk\u00e9 pregramotnosti v p\u0159ed\u0161koln\u00edm vzd\u011bl\u00e1v\u00e1n\u00ed<br \/>\nV\u011bra Vykoukalov\u00e1, Petr And\u011bl, Jana Johnov\u00e1<br \/>\n<em>ke sta\u017een\u00ed <\/em><a href=\"https:\/\/pages.pedf.cuni.cz\/gramotnost\/files\/2019\/10\/05_Vykoukalova.pdf\"><strong><em><span style=\"color: #339966;\">zde<\/span><\/em><\/strong><\/a><\/p>\n<p>Integrovan\u00fd p\u0159\u00edstup realizace experiment\u016f pro podporu p\u0159\u00edrodov\u011bdn\u00e9 pregramotnosti<br \/>\nPavel Bene\u0161<br \/>\n<em>ke sta\u017een\u00ed <strong><a href=\"https:\/\/pages.pedf.cuni.cz\/gramotnost\/files\/2019\/10\/06_Benes.pdf\"><span style=\"color: #339966;\">zde<\/span><\/a><\/strong><\/em><\/p>\n<p><span style=\"color: #339966;\"><strong>P\u0158EHLEDOV\u00c9 STUDIE<\/strong><\/span><br \/>\nPojet\u00ed \u010dten\u00e1\u0159sk\u00e9 pregramotnosti v \u010desk\u00e9 republice; minulost a sou\u010dasnost<br \/>\nEva Ryb\u00e1rov\u00e1<br \/>\n<em>ke sta\u017een\u00ed<span style=\"color: #339966;\"><strong> <a style=\"color: #339966;\" href=\"https:\/\/pages.pedf.cuni.cz\/gramotnost\/files\/2019\/10\/07_Rybarova.pdf\">zde<\/a><\/strong><\/span><\/em><\/p>\n<p>Riziko dyskalkulie a dal\u0161\u00edch obt\u00ed\u017e\u00ed v matematice u d\u011bt\u00ed p\u0159ed\u0161koln\u00edho v\u011bku<br \/>\nKate\u0159ina Pra\u017e\u00e1kov\u00e1, Anna Kucharsk\u00e1<br \/>\n<em>ke sta\u017een\u00ed <\/em><a href=\"https:\/\/pages.pedf.cuni.cz\/gramotnost\/files\/2019\/10\/08_Prazakova.pdf\"><strong><em><span style=\"color: #339966;\">zde<\/span><\/em><\/strong><\/a><\/p>\n<p><span style=\"color: #339966;\"><strong>DIDAKTICK\u00c1 STUDIE<\/strong><\/span><br \/>\nPodpora pregramotnost\u00ed v p\u0159ed\u0161koln\u00edm vzd\u011bl\u00e1v\u00e1n\u00ed<br \/>\nLenka Felcmanov\u00e1, Jana Krop\u00e1\u010dkov\u00e1, Jolana Ronkov\u00e1, Jana Slez\u00e1kov\u00e1, Radka Wildov\u00e1<br \/>\n<em>ke sta\u017een\u00ed <\/em><a href=\"https:\/\/pages.pedf.cuni.cz\/gramotnost\/files\/2019\/10\/09_Felcmanova.pdf\"><strong><span style=\"color: #339966;\"><em>zde<\/em><\/span><\/strong><\/a><\/p>\n<p><span style=\"color: #339966;\"><strong>ZPR\u00c1VA<\/strong><\/span><br \/>\nP\u0159ed\u0161koln\u00ed vzd\u011bl\u00e1v\u00e1n\u00ed v \u010cR a Korejsk\u00e9 republice<br \/>\nRadka Wildov\u00e1, Hana Splavcov\u00e1<br \/>\n<em>ke sta\u017een\u00ed <\/em><a href=\"https:\/\/pages.pedf.cuni.cz\/gramotnost\/files\/2019\/10\/Zprava_Wildova.pdf\"><strong><span style=\"color: #339966;\"><em>zde<\/em><\/span><\/strong><\/a><\/p>\n<p><span style=\"color: #339966;\"><strong>RECENZE<\/strong><\/span><br \/>\nLietavcov\u00e1, M. &amp; Li\u0161kov\u00e1, H. (2018). Rozv\u00edj\u00edme p\u0159edmatematick\u00e9 my\u0161len\u00ed d\u011bt\u00ed.<br \/>\nPraha: Nakladatelstv\u00ed Dr. J. Raabe s.r.o.<br \/>\nEva Nov\u00e1kov\u00e1<br \/>\n<em>ke sta\u017een\u00ed <\/em><a href=\"https:\/\/pages.pedf.cuni.cz\/gramotnost\/files\/2019\/10\/Recenze_Novakova.pdf\"><strong><span style=\"color: #339966;\"><em>zde<\/em><\/span><\/strong><\/a><\/p>\n<p>Mikulajov\u00e1, M. (Ed.). 2018. Utv\u00e1ranie ranej gramotnosti v norme a patol\u00f3gii. Bratislava: Institut vzd\u011bl\u00e1van\u00ed SOKRATES, 2018. 1. vyd. 188 s. ISBN 978-80-86572-82-6.<br \/>\nMartina Zub\u00e1kov\u00e1<br \/>\n<em>ke sta\u017een\u00ed <\/em><strong><a href=\"https:\/\/pages.pedf.cuni.cz\/gramotnost\/files\/2019\/10\/Recenze_Zubakova.pdf\"><em><span style=\"color: #339966;\">zde<\/span><\/em><\/a><\/strong><\/p>\n<ul>\n<li>Cel\u00e9 \u010d\u00edslo <span style=\"color: #339966;\"><strong>\u010cten\u00e1\u0159sk\u00e1, matematick\u00e1 a p\u0159\u00edrodov\u011bdn\u00e1 pregramotnost v p\u0159ed\u0161koln\u00edm vzd\u011bl\u00e1v\u00e1n\u00ed<\/strong><\/span><br \/>\n2019, ro\u010dn\u00edk 3, \u010d\u00edslo 2<br \/>\n<em><span style=\"color: #339966;\"><span style=\"color: #000000;\">ke sta\u017een\u00ed<\/span> <strong><a style=\"color: #339966;\" href=\"https:\/\/pages.pedf.cuni.cz\/gramotnost\/files\/2019\/10\/Gramotnost_02_2019_FINAL.pdf\">zde<\/a><\/strong><\/span> <\/em><\/li>\n<\/ul>\n","protected":false},"excerpt":{"rendered":"<p>\u010cTEN\u00c1\u0158SK\u00c1, MATEMATICK\u00c1 A P\u0158\u00cdRODOV\u011aDN\u00c1 PREGAMOTNOST V P\u0158ED\u0160KOLN\u00cdM VZD\u011aL\u00c1V\u00c1N\u00cd 2019, RO\u010cN\u00cdK 3, \u010c\u00cdSLO 2 Obsah ke sta\u017een\u00ed zde Editorial Eva Ryb\u00e1rov\u00e1 a Radka Wildov\u00e1 ke sta\u017een\u00ed zde V\u00ddZKUMN\u00c9 STUDIE Rozv\u00edjanie \u010ditate\u013eskej pregramotnosti Dana Cib\u00e1kov\u00e1 ke sta\u017een\u00ed zde Za\u010dle\u0148ov\u00e1n\u00ed \u010dten\u00e1\u0159sk\u00e9 pregramotnosti do pedagogick\u00e9 pr\u00e1ce u\u010ditel\u016f M\u0160 Zuzana Ma\u0148ourov\u00e1, Zuzana \u0160tef\u00e1nkov\u00e1, Luk\u00e1\u0161 Laibrt, Margareta Garabikov\u00e1 P\u00e1rtlov\u00e1, Zuzana B\u00edlkov\u00e1\u2026 <span class=\"read-more\"><a href=\"https:\/\/pages.pedf.cuni.cz\/gramotnost\/2-2019-2\/\">Read More &raquo;<\/a><\/span><\/p>\n","protected":false},"author":1,"featured_media":0,"parent":0,"menu_order":0,"comment_status":"closed","ping_status":"closed","template":"","meta":{"footnotes":""},"class_list":["post-2025","page","type-page","status-publish","hentry"],"_links":{"self":[{"href":"https:\/\/pages.pedf.cuni.cz\/gramotnost\/wp-json\/wp\/v2\/pages\/2025","targetHints":{"allow":["GET"]}}],"collection":[{"href":"https:\/\/pages.pedf.cuni.cz\/gramotnost\/wp-json\/wp\/v2\/pages"}],"about":[{"href":"https:\/\/pages.pedf.cuni.cz\/gramotnost\/wp-json\/wp\/v2\/types\/page"}],"author":[{"embeddable":true,"href":"https:\/\/pages.pedf.cuni.cz\/gramotnost\/wp-json\/wp\/v2\/users\/1"}],"replies":[{"embeddable":true,"href":"https:\/\/pages.pedf.cuni.cz\/gramotnost\/wp-json\/wp\/v2\/comments?post=2025"}],"version-history":[{"count":1,"href":"https:\/\/pages.pedf.cuni.cz\/gramotnost\/wp-json\/wp\/v2\/pages\/2025\/revisions"}],"predecessor-version":[{"id":2033,"href":"https:\/\/pages.pedf.cuni.cz\/gramotnost\/wp-json\/wp\/v2\/pages\/2025\/revisions\/2033"}],"wp:attachment":[{"href":"https:\/\/pages.pedf.cuni.cz\/gramotnost\/wp-json\/wp\/v2\/media?parent=2025"}],"curies":[{"name":"wp","href":"https:\/\/api.w.org\/{rel}","templated":true}]}}