{"id":2027,"date":"2021-03-13T12:07:11","date_gmt":"2021-03-13T11:07:11","guid":{"rendered":"http:\/\/pages.pedf.cuni.cz\/gramotnost\/?page_id=2027"},"modified":"2021-03-13T12:07:11","modified_gmt":"2021-03-13T11:07:11","slug":"2019-2","status":"publish","type":"page","link":"https:\/\/pages.pedf.cuni.cz\/gramotnost\/2019-2\/","title":{"rendered":"2019"},"content":{"rendered":"<p><strong><span style=\"color: #339966;\">1\/2019<\/span><\/strong><br \/>\n<span style=\"color: #339966;\"><strong>\u0160koln\u00ed vzd\u011bl\u00e1v\u00e1n\u00ed, rodinn\u00e9 vlivy a jejich vztah ke gramotnosti<\/strong><\/span><br \/>\n<em>Edito\u0159i: Pavla Presslerov\u00e1 a Hana Sot\u00e1kov\u00e1<\/em><br \/>\nCel\u00e9 \u010d\u00edslo naleznete <span style=\"color: #339966;\"><em><a style=\"color: #339966;\" href=\"https:\/\/pages.pedf.cuni.cz\/gramotnost\/files\/2019\/07\/Gramotnost_01_2019_FINAL2.pdf\"><strong>zde<\/strong><\/a><\/em><\/span><\/p>\n<p><span style=\"color: #339966;\"><strong>2\/2019<\/strong><\/span><br \/>\n<strong><span style=\"color: #339966;\">\u010cten\u00e1\u0159sk\u00e1, matematick\u00ed a p\u0159\u00edrodov\u011bdn\u00e1 pregramotnost v p\u0159ed\u0161koln\u00edm vzd\u011bl\u00e1v\u00e1n\u00ed<\/span><\/strong><br \/>\n<span style=\"color: #000000;\"><em>Edito\u0159i: Eva Ryb\u00e1rov\u00e1 a Radka Wildov\u00e1<\/em><\/span><br \/>\nCel\u00e9 \u010d\u00edslo naleznete <em><strong><a href=\"https:\/\/pages.pedf.cuni.cz\/gramotnost\/files\/2019\/10\/Gramotnost_02_2019_FINAL.pdf\"><span style=\"color: #339966;\">zde<\/span><\/a><\/strong><\/em><\/p>\n<p><span style=\"color: #339966;\"><strong>3\/2019<\/strong><\/span><br \/>\n<strong><span style=\"color: #339966;\">Development of foreign language literacy<\/span><\/strong><br \/>\n<em>Editors: Pavla Ne\u010dasov\u00e1, Lenka Rozboudov\u00e1 a Kl\u00e1ra \u0160pa\u010dkov\u00e1<\/em><br \/>\nCel\u00e9 \u010d\u00edslo naleznete <em><span style=\"color: #339966;\"><strong>zde<\/strong><\/span><\/em>[:en]<span style=\"color: #339966;\"><strong>1\/2019<\/strong><\/span><br \/>\n<span style=\"color: #339966;\"><strong>\u0160koln\u00ed vzd\u011bl\u00e1v\u00e1n\u00ed, rodinn\u00e9 vlivy a jejich vztah ke gramotnosti<\/strong><\/span><br \/>\n<em>Editors: Pavla Presslerov\u00e1 a Hana Sot\u00e1kov\u00e1<\/em><br \/>\n<em>full text<\/em> <em><a href=\"https:\/\/pages.pedf.cuni.cz\/gramotnost\/files\/2019\/07\/Gramotnost_01_2019_FINAL2.pdf\"><strong><span style=\"color: #339966;\">PDF<\/span><\/strong><\/a><\/em><\/p>\n","protected":false},"excerpt":{"rendered":"<p>1\/2019 \u0160koln\u00ed vzd\u011bl\u00e1v\u00e1n\u00ed, rodinn\u00e9 vlivy a jejich vztah ke gramotnosti Edito\u0159i: Pavla Presslerov\u00e1 a Hana Sot\u00e1kov\u00e1 Cel\u00e9 \u010d\u00edslo naleznete zde 2\/2019 \u010cten\u00e1\u0159sk\u00e1, matematick\u00ed a p\u0159\u00edrodov\u011bdn\u00e1 pregramotnost v p\u0159ed\u0161koln\u00edm vzd\u011bl\u00e1v\u00e1n\u00ed Edito\u0159i: Eva Ryb\u00e1rov\u00e1 a Radka Wildov\u00e1 Cel\u00e9 \u010d\u00edslo naleznete zde 3\/2019 Development of foreign language literacy Editors: Pavla Ne\u010dasov\u00e1, Lenka Rozboudov\u00e1 a Kl\u00e1ra \u0160pa\u010dkov\u00e1 Cel\u00e9 \u010d\u00edslo\u2026 <span class=\"read-more\"><a href=\"https:\/\/pages.pedf.cuni.cz\/gramotnost\/2019-2\/\">Read More &raquo;<\/a><\/span><\/p>\n","protected":false},"author":1,"featured_media":0,"parent":0,"menu_order":0,"comment_status":"closed","ping_status":"closed","template":"","meta":{"footnotes":""},"class_list":["post-2027","page","type-page","status-publish","hentry"],"_links":{"self":[{"href":"https:\/\/pages.pedf.cuni.cz\/gramotnost\/wp-json\/wp\/v2\/pages\/2027","targetHints":{"allow":["GET"]}}],"collection":[{"href":"https:\/\/pages.pedf.cuni.cz\/gramotnost\/wp-json\/wp\/v2\/pages"}],"about":[{"href":"https:\/\/pages.pedf.cuni.cz\/gramotnost\/wp-json\/wp\/v2\/types\/page"}],"author":[{"embeddable":true,"href":"https:\/\/pages.pedf.cuni.cz\/gramotnost\/wp-json\/wp\/v2\/users\/1"}],"replies":[{"embeddable":true,"href":"https:\/\/pages.pedf.cuni.cz\/gramotnost\/wp-json\/wp\/v2\/comments?post=2027"}],"version-history":[{"count":1,"href":"https:\/\/pages.pedf.cuni.cz\/gramotnost\/wp-json\/wp\/v2\/pages\/2027\/revisions"}],"predecessor-version":[{"id":2028,"href":"https:\/\/pages.pedf.cuni.cz\/gramotnost\/wp-json\/wp\/v2\/pages\/2027\/revisions\/2028"}],"wp:attachment":[{"href":"https:\/\/pages.pedf.cuni.cz\/gramotnost\/wp-json\/wp\/v2\/media?parent=2027"}],"curies":[{"name":"wp","href":"https:\/\/api.w.org\/{rel}","templated":true}]}}