{"id":2046,"date":"2021-03-13T12:18:27","date_gmt":"2021-03-13T11:18:27","guid":{"rendered":"http:\/\/pages.pedf.cuni.cz\/gramotnost\/?page_id=2046"},"modified":"2021-03-13T12:18:27","modified_gmt":"2021-03-13T11:18:27","slug":"2018-4","status":"publish","type":"page","link":"https:\/\/pages.pedf.cuni.cz\/gramotnost\/2018-4\/","title":{"rendered":"2018"},"content":{"rendered":"<p><span style=\"color: #339966;\"><strong>1\/2018<\/strong><\/span><br \/>\n<em>Edito\u0159i: Anna Kucharsk\u00e1, Monika Kadrno\u017ekov\u00e1<\/em><br \/>\nCel\u00e9 \u010d\u00edslo naleznete <a href=\"https:\/\/pages.pedf.cuni.cz\/gramotnost\/files\/2018\/11\/Gramotnost_01_2018_FINAL_el4.pdf\"><strong><span style=\"color: #339966;\">zde<\/span><\/strong><\/a><\/p>\n<p><span style=\"color: #339966;\"><strong>2\/2018<\/strong><\/span><br \/>\n<span style=\"color: #339966;\"><strong>Rozvoj p\u0159\u00edrodov\u011bdn\u00e9, matematick\u00e9 a informa\u010dn\u00ed gramotnosti v podm\u00ednk\u00e1ch sou\u010dasn\u00e9ho \u0161kolstv\u00ed<\/strong><\/span><br \/>\n<em>Edito\u0159i: Irena Bud\u00ednov\u00e1, Pavl\u00edna Maz\u00e1\u010dov\u00e1, Lenka Pavlasov\u00e1, Martin Rusek<\/em><br \/>\nCel\u00e9 \u010d\u00edslo naleznete <a href=\"https:\/\/pages.pedf.cuni.cz\/gramotnost\/files\/2019\/02\/Gramotnost_02_2018.pdf\"><span style=\"color: #339966;\"><strong><em>zde<\/em><\/strong><\/span><\/a><\/p>\n<p><span style=\"color: #339966;\"><strong>3\/2018<\/strong><\/span><br \/>\n<em>Edito\u0159i<\/em>: <em>Kl\u00e1ra \u0160pa\u010dkov\u00e1<\/em><br \/>\nCel\u00e9 \u010d\u00edslo naleznete <strong><em><a href=\"https:\/\/pages.pedf.cuni.cz\/gramotnost\/files\/2019\/06\/Gramotnost_03_2018_FINAL2-1.pdf\"><span style=\"color: #339966;\">zde<\/span><\/a><\/em><\/strong><\/p>\n","protected":false},"excerpt":{"rendered":"<p>1\/2018 Edito\u0159i: Anna Kucharsk\u00e1, Monika Kadrno\u017ekov\u00e1 Cel\u00e9 \u010d\u00edslo naleznete zde 2\/2018 Rozvoj p\u0159\u00edrodov\u011bdn\u00e9, matematick\u00e9 a informa\u010dn\u00ed gramotnosti v podm\u00ednk\u00e1ch sou\u010dasn\u00e9ho \u0161kolstv\u00ed Edito\u0159i: Irena Bud\u00ednov\u00e1, Pavl\u00edna Maz\u00e1\u010dov\u00e1, Lenka Pavlasov\u00e1, Martin Rusek Cel\u00e9 \u010d\u00edslo naleznete zde 3\/2018 Edito\u0159i: Kl\u00e1ra \u0160pa\u010dkov\u00e1 Cel\u00e9 \u010d\u00edslo naleznete zde<\/p>\n","protected":false},"author":1,"featured_media":0,"parent":0,"menu_order":0,"comment_status":"closed","ping_status":"closed","template":"","meta":{"footnotes":""},"class_list":["post-2046","page","type-page","status-publish","hentry"],"_links":{"self":[{"href":"https:\/\/pages.pedf.cuni.cz\/gramotnost\/wp-json\/wp\/v2\/pages\/2046","targetHints":{"allow":["GET"]}}],"collection":[{"href":"https:\/\/pages.pedf.cuni.cz\/gramotnost\/wp-json\/wp\/v2\/pages"}],"about":[{"href":"https:\/\/pages.pedf.cuni.cz\/gramotnost\/wp-json\/wp\/v2\/types\/page"}],"author":[{"embeddable":true,"href":"https:\/\/pages.pedf.cuni.cz\/gramotnost\/wp-json\/wp\/v2\/users\/1"}],"replies":[{"embeddable":true,"href":"https:\/\/pages.pedf.cuni.cz\/gramotnost\/wp-json\/wp\/v2\/comments?post=2046"}],"version-history":[{"count":1,"href":"https:\/\/pages.pedf.cuni.cz\/gramotnost\/wp-json\/wp\/v2\/pages\/2046\/revisions"}],"predecessor-version":[{"id":2050,"href":"https:\/\/pages.pedf.cuni.cz\/gramotnost\/wp-json\/wp\/v2\/pages\/2046\/revisions\/2050"}],"wp:attachment":[{"href":"https:\/\/pages.pedf.cuni.cz\/gramotnost\/wp-json\/wp\/v2\/media?parent=2046"}],"curies":[{"name":"wp","href":"https:\/\/api.w.org\/{rel}","templated":true}]}}