{"id":2048,"date":"2021-03-13T12:20:13","date_gmt":"2021-03-13T11:20:13","guid":{"rendered":"http:\/\/pages.pedf.cuni.cz\/gramotnost\/?page_id=2048"},"modified":"2021-03-13T12:20:13","modified_gmt":"2021-03-13T11:20:13","slug":"2-2018","status":"publish","type":"page","link":"https:\/\/pages.pedf.cuni.cz\/gramotnost\/2-2018\/","title":{"rendered":"2\/2018"},"content":{"rendered":"<div class=\"entry-content\">\n<p><span style=\"color: #339966;\"><strong>ROZVOJ P\u0158\u00cdRODOV\u011aDN\u00c9, MATEMATICK\u00c9 a INFORMA\u010cN\u00cd GRAMOTNOSTI V PODM\u00cdNK\u00c1CH SOU\u010cASN\u00c9HO \u0160KOLSTV\u00cd<\/strong><\/span><br \/>\n<span style=\"color: #339966;\">2018, RO\u010cN\u00cdK 2, \u010c\u00cdSLO 2<\/span><\/p>\n<p><span style=\"color: #339966;\"><strong>Obsah<\/strong><\/span><br \/>\n<em>ke sta\u017een\u00ed <span style=\"color: #008080;\"><strong><a style=\"color: #008080;\" href=\"https:\/\/pages.pedf.cuni.cz\/gramotnost\/files\/2019\/01\/Obsah.pdf\"><span style=\"color: #339966;\">zde<\/span><\/a><\/strong><\/span><\/em><\/p>\n<p><span style=\"color: #339966;\"><strong>Editorial<\/strong><\/span><br \/>\n<em>Irena Bud\u00ednov\u00e1, Pavl\u00edna Maz\u00e1\u010dov\u00e1, Lenka Pavlasov\u00e1, Martin Rusek<\/em><br \/>\n<em>ke sta\u017een\u00ed <span style=\"color: #339966;\"><a style=\"color: #339966;\" href=\"https:\/\/pages.pedf.cuni.cz\/gramotnost\/files\/2019\/01\/Editorial.pdf\"><strong>zde<\/strong><\/a><\/span><br \/>\n<\/em><\/p>\n<p><span style=\"color: #339966;\"><strong>P\u0158EHLEDOV\u00c1 STUDIE<\/strong><\/span><br \/>\nDigit\u00e1ln\u00ed gramotnost v kontextu sou\u010dasn\u00e9ho vzd\u011bl\u00e1v\u00e1n\u00ed<br \/>\nTom\u00e1\u0161 Je\u0159\u00e1bek, Vladim\u00edr Rambousek, Petra Va\u0148kov\u00e1<br \/>\n<em>ke sta\u017een\u00ed <span style=\"color: #339966;\"><a style=\"color: #339966;\" href=\"https:\/\/pages.pedf.cuni.cz\/gramotnost\/files\/2019\/01\/01_Jerabek.pdf\"><strong>zde<\/strong><\/a><\/span><br \/>\n<\/em><\/p>\n<p><span style=\"color: #339966;\"><strong>V\u00ddZKUMN\u00c9 STUDIE<\/strong><\/span><br \/>\nRozv\u00edjen\u00ed informa\u010dn\u00ed gramotnosti v eduka\u010dn\u00ed praxi v laboratorn\u00ed z\u00e1kladn\u00ed \u0161kole: p\u0159\u00edpadov\u00e1 studie<br \/>\nPavl\u00edna Maz\u00e1\u010dov\u00e1, Marta Zonkov\u00e1<br \/>\n<em>ke sta\u017een\u00ed <span style=\"color: #008080;\"><strong><a style=\"color: #008080;\" href=\"https:\/\/pages.pedf.cuni.cz\/gramotnost\/files\/2019\/01\/02_Mazacova.pdf\"><span style=\"color: #339966;\">zde<\/span><\/a><\/strong><\/span><\/em><\/p>\n<p>Propedeutika analytick\u00e9 geometrie v rovin\u011b<br \/>\nVlasta Moravcov\u00e1, \u0160t\u011bp\u00e1nka Ka\u0148kov\u00e1<br \/>\n<em>ke sta\u017een\u00ed <a href=\"https:\/\/pages.pedf.cuni.cz\/gramotnost\/files\/2019\/01\/03_Moravcova.pdf\"><span style=\"color: #008080;\"><strong><span style=\"color: #339966;\">zde<\/span><\/strong><\/span><\/a><\/em><\/p>\n<p>P\u0159esnost a rychlost ve vn\u00edm\u00e1n\u00ed mno\u017estv\u00ed u jedinc\u016f s dyskalkuli\u00ed<br \/>\nKate\u0159ina Pra\u017e\u00e1kov\u00e1, Kl\u00e1ra \u0160pa\u010dkov\u00e1<br \/>\n<em>ke sta\u017een\u00ed <span style=\"color: #339966;\"><a style=\"color: #339966;\" href=\"https:\/\/pages.pedf.cuni.cz\/gramotnost\/files\/2019\/01\/04_Prazakova.pdf\"><strong>zde<\/strong><\/a><\/span><\/em><\/p>\n<p>Diferencovan\u00e1 a individualizovan\u00e1 v\u00fduka matematiky na z\u00e1kladn\u00ed \u0161kole<br \/>\nIrena Bud\u00ednov\u00e1, R\u016f\u017eena Bla\u017ekov\u00e1, Dana Ciglov\u00e1, Kamila Hr\u010dkov\u00e1, Ivana Janou\u0161ov\u00e1, Marcela Lehotsk\u00e1, Petr Mutina, Jana Ryglov\u00e1<br \/>\n<em>ke sta\u017een\u00ed <a href=\"https:\/\/pages.pedf.cuni.cz\/gramotnost\/files\/2019\/01\/05_Budinova.pdf\"><span style=\"color: #008080;\"><strong><span style=\"color: #339966;\">zde<\/span><\/strong><\/span><\/a><\/em><\/p>\n<p><span style=\"color: #339966;\"><strong>RECENZE<\/strong><\/span><br \/>\n\u010cinnosti k rozv\u00edjen\u00ed p\u0159\u00edrodov\u011bdn\u00e9 gramotnosti v p\u0159ed\u0161koln\u00edm vzd\u011bl\u00e1v\u00e1n\u00ed<br \/>\nSo\u0148a Ko\u0165\u00e1tkov\u00e1<br \/>\n<em>ke sta\u017een\u00ed <span style=\"color: #339966;\"><strong><a style=\"color: #339966;\" href=\"https:\/\/pages.pedf.cuni.cz\/gramotnost\/files\/2019\/01\/Recenze.pdf\">zde<\/a><\/strong><\/span><br \/>\n<\/em><\/p>\n<ul>\n<li>Cel\u00e9 \u010d\u00edslo <span style=\"color: #339966;\"><strong>Rozvoj p\u0159\u00edrodov\u011bdn\u00e9, matematick\u00e9 a informa\u010dn\u00ed gramotnosti v podm\u00ednk\u00e1ch sou\u010dasn\u00e9ho \u0161kolstv\u00ed<\/strong><\/span><br \/>\n2018, ro\u010dn\u00edk 2, \u010d\u00edslo 2<br \/>\n<em>ke sta\u017een\u00ed <span style=\"color: #339966;\"><strong><span style=\"color: #339966;\"><a style=\"color: #339966;\" href=\"https:\/\/pages.pedf.cuni.cz\/gramotnost\/files\/2019\/02\/Gramotnost_02_2018.pdf\">zde <\/a><\/span><\/strong><\/span><\/em><\/li>\n<\/ul>\n<\/div>\n","protected":false},"excerpt":{"rendered":"<p>ROZVOJ P\u0158\u00cdRODOV\u011aDN\u00c9, MATEMATICK\u00c9 a INFORMA\u010cN\u00cd GRAMOTNOSTI V PODM\u00cdNK\u00c1CH SOU\u010cASN\u00c9HO \u0160KOLSTV\u00cd 2018, RO\u010cN\u00cdK 2, \u010c\u00cdSLO 2 Obsah ke sta\u017een\u00ed zde Editorial Irena Bud\u00ednov\u00e1, Pavl\u00edna Maz\u00e1\u010dov\u00e1, Lenka Pavlasov\u00e1, Martin Rusek ke sta\u017een\u00ed zde P\u0158EHLEDOV\u00c1 STUDIE Digit\u00e1ln\u00ed gramotnost v kontextu sou\u010dasn\u00e9ho vzd\u011bl\u00e1v\u00e1n\u00ed Tom\u00e1\u0161 Je\u0159\u00e1bek, Vladim\u00edr Rambousek, Petra Va\u0148kov\u00e1 ke sta\u017een\u00ed zde V\u00ddZKUMN\u00c9 STUDIE Rozv\u00edjen\u00ed informa\u010dn\u00ed gramotnosti v eduka\u010dn\u00ed\u2026 <span class=\"read-more\"><a href=\"https:\/\/pages.pedf.cuni.cz\/gramotnost\/2-2018\/\">Read More &raquo;<\/a><\/span><\/p>\n","protected":false},"author":1,"featured_media":0,"parent":0,"menu_order":0,"comment_status":"closed","ping_status":"closed","template":"","meta":{"footnotes":""},"class_list":["post-2048","page","type-page","status-publish","hentry"],"_links":{"self":[{"href":"https:\/\/pages.pedf.cuni.cz\/gramotnost\/wp-json\/wp\/v2\/pages\/2048","targetHints":{"allow":["GET"]}}],"collection":[{"href":"https:\/\/pages.pedf.cuni.cz\/gramotnost\/wp-json\/wp\/v2\/pages"}],"about":[{"href":"https:\/\/pages.pedf.cuni.cz\/gramotnost\/wp-json\/wp\/v2\/types\/page"}],"author":[{"embeddable":true,"href":"https:\/\/pages.pedf.cuni.cz\/gramotnost\/wp-json\/wp\/v2\/users\/1"}],"replies":[{"embeddable":true,"href":"https:\/\/pages.pedf.cuni.cz\/gramotnost\/wp-json\/wp\/v2\/comments?post=2048"}],"version-history":[{"count":1,"href":"https:\/\/pages.pedf.cuni.cz\/gramotnost\/wp-json\/wp\/v2\/pages\/2048\/revisions"}],"predecessor-version":[{"id":2055,"href":"https:\/\/pages.pedf.cuni.cz\/gramotnost\/wp-json\/wp\/v2\/pages\/2048\/revisions\/2055"}],"wp:attachment":[{"href":"https:\/\/pages.pedf.cuni.cz\/gramotnost\/wp-json\/wp\/v2\/media?parent=2048"}],"curies":[{"name":"wp","href":"https:\/\/api.w.org\/{rel}","templated":true}]}}