{"id":2049,"date":"2021-03-13T12:21:16","date_gmt":"2021-03-13T11:21:16","guid":{"rendered":"http:\/\/pages.pedf.cuni.cz\/gramotnost\/?page_id=2049"},"modified":"2021-03-13T12:21:16","modified_gmt":"2021-03-13T11:21:16","slug":"1-2018","status":"publish","type":"page","link":"https:\/\/pages.pedf.cuni.cz\/gramotnost\/1-2018\/","title":{"rendered":"1\/2018"},"content":{"rendered":"<p><span style=\"color: #339966;\"><strong>2018, RO\u010cN\u00cdK 2, \u010c\u00cdSLO 1<br \/>\n<\/strong><\/span><\/p>\n<p><span style=\"color: #339966;\"><strong>Obsah<\/strong><\/span><br \/>\n<em>ke sta\u017een\u00ed <span style=\"color: #339966;\"><strong><a style=\"color: #339966;\" href=\"https:\/\/pages.pedf.cuni.cz\/gramotnost\/files\/2018\/11\/Obsah-1.pdf\">zde<\/a><\/strong><\/span><br \/>\n<\/em><\/p>\n<p><span style=\"color: #339966;\"><strong>Editorial<\/strong><\/span><br \/>\n<em>Anna Kucharsk\u00e1, Monika Kadrno\u017ekov\u00e1<\/em><br \/>\n<em>ke sta\u017een\u00ed <strong><a href=\"https:\/\/pages.pedf.cuni.cz\/gramotnost\/files\/2018\/11\/Editorial.pdf\"><span style=\"color: #339966;\">zde<\/span><\/a><\/strong><\/em><\/p>\n<p><span style=\"color: #339966;\"><strong>V\u00ddZKUMN\u00c9 STUDIE<\/strong><\/span><br \/>\nKvalita \u010dten\u00e1\u0159sk\u00e9 gramotnosti \u017e\u00e1k\u016f prim\u00e1rn\u00ed \u0161koly<br \/>\nPavl\u00edna Ne\u0161n\u011brov\u00e1<br \/>\n<em>ke sta\u017een\u00ed <a href=\"https:\/\/pages.pedf.cuni.cz\/gramotnost\/files\/2018\/11\/01_Nesnerova.pdf\"><strong><span style=\"color: #339966;\">zde<\/span><\/strong><\/a><\/em><\/p>\n<p>\u010cten\u00e1\u0159sk\u00e1 gramotnost z pohledu r\u00e1mcov\u00fdch a \u0161koln\u00edch vzd\u011bl\u00e1vac\u00edch program\u016f<br \/>\nVeronika Laufkov\u00e1<br \/>\n<em>ke sta\u017een\u00ed <strong><a href=\"https:\/\/pages.pedf.cuni.cz\/gramotnost\/files\/2018\/11\/02_Laufkova.pdf\"><span style=\"color: #339966;\">zde<\/span><\/a><\/strong><\/em><\/p>\n<p>Komparace \u00farovn\u011b \u010dten\u00e1\u0159sk\u00e9 gramotnosti a metakognitivn\u00edho monitorov\u00e1n\u00ed mezi \u017e\u00e1ky b\u011b\u017en\u00fdch z\u00e1kladn\u00edch \u0161kol a \u017e\u00e1ky z\u00e1kladn\u00edch \u0161kol implementuj\u00edc\u00edch prvky daltonsk\u00e9ho pl\u00e1nu<br \/>\nJaroslav \u0158\u00ed\u010dan, Barbora Lankov\u00e1, Alena Nov\u00e1kov\u00e1, Ladislav Zilcher<br \/>\n<em>ke sta\u017een\u00ed <span style=\"color: #339966;\"><a style=\"color: #339966;\" href=\"https:\/\/pages.pedf.cuni.cz\/gramotnost\/files\/2018\/11\/03_Rican.pdf\"><strong>zde<\/strong><\/a><\/span><\/em><\/p>\n<p>Rozvoj celostn\u00edho my\u0161len\u00ed metodou \u0159et\u011bzc\u016f asociac\u00ed a znalost\u00ed<br \/>\nPetr And\u011bl, V\u011bra Vykoukalov\u00e1<br \/>\n<em>ke sta\u017een\u00ed <a href=\"https:\/\/pages.pedf.cuni.cz\/gramotnost\/files\/2018\/11\/04_Andel.pdf\"><strong><span style=\"color: #339966;\">zde<\/span><\/strong><\/a><\/em><\/p>\n<p>Psan\u00fd projev \u017e\u00e1k\u016f p\u00e1t\u00fdch ro\u010dn\u00edk\u016f<br \/>\nMichaela Karasov\u00e1, Anna Kucharsk\u00e1<br \/>\n<em>ke sta\u017een\u00ed <span style=\"color: #339966;\"><strong><a style=\"color: #339966;\" href=\"https:\/\/pages.pedf.cuni.cz\/gramotnost\/files\/2018\/11\/05_Karasova-1.pdf\">zde<\/a><\/strong><\/span><\/em><\/p>\n<p>Viacjazycn\u00e9 triedy \u2013 n\u00e1zory u\u010ditelov na Slovensku na vzdel\u00e1vanie det\u00ed cudzincov<br \/>\nMikulajov\u00e1 a kol.<br \/>\n<em>ke sta\u017een\u00ed <a href=\"https:\/\/pages.pedf.cuni.cz\/gramotnost\/files\/2018\/11\/06_Mikulajova.pdfhttps:\/\/pages.pedf.cuni.cz\/gramotnost\/files\/2018\/11\/06_Mikulajova.pdf\"><strong><span style=\"color: #339966;\">zde<\/span><\/strong><\/a><\/em><\/p>\n<p><span style=\"color: #339966;\"><strong>ZPR\u00c1VA<\/strong><\/span><br \/>\nCelosv\u011btov\u00fd summit ke \u010dten\u00e1\u0159sk\u00e9 gramotnosti 2018<br \/>\nRadka Wildov\u00e1, Jolana Ronkov\u00e1<br \/>\n<em>ke sta\u017een\u00ed <strong><a href=\"https:\/\/pages.pedf.cuni.cz\/gramotnost\/files\/2018\/11\/Zprava2.pdf\"><span style=\"color: #339966;\">zde<\/span><\/a><\/strong><\/em><\/p>\n<ul>\n<li>Cel\u00e9 \u010d\u00edslo<br \/>\n2018, ro\u010dn\u00edk 2, \u010d\u00edslo 1<br \/>\n<em>ke sta\u017een\u00ed <span style=\"color: #339966;\"><strong><a style=\"color: #339966;\" href=\"https:\/\/pages.pedf.cuni.cz\/gramotnost\/files\/2018\/11\/Gramotnost_01_2018_FINAL_el4.pdf\">zde <\/a><\/strong><\/span><\/em><\/li>\n<\/ul>\n","protected":false},"excerpt":{"rendered":"<p>2018, RO\u010cN\u00cdK 2, \u010c\u00cdSLO 1 Obsah ke sta\u017een\u00ed zde Editorial Anna Kucharsk\u00e1, Monika Kadrno\u017ekov\u00e1 ke sta\u017een\u00ed zde V\u00ddZKUMN\u00c9 STUDIE Kvalita \u010dten\u00e1\u0159sk\u00e9 gramotnosti \u017e\u00e1k\u016f prim\u00e1rn\u00ed \u0161koly Pavl\u00edna Ne\u0161n\u011brov\u00e1 ke sta\u017een\u00ed zde \u010cten\u00e1\u0159sk\u00e1 gramotnost z pohledu r\u00e1mcov\u00fdch a \u0161koln\u00edch vzd\u011bl\u00e1vac\u00edch program\u016f Veronika Laufkov\u00e1 ke sta\u017een\u00ed zde Komparace \u00farovn\u011b \u010dten\u00e1\u0159sk\u00e9 gramotnosti a metakognitivn\u00edho monitorov\u00e1n\u00ed mezi \u017e\u00e1ky b\u011b\u017en\u00fdch z\u00e1kladn\u00edch\u2026 <span class=\"read-more\"><a href=\"https:\/\/pages.pedf.cuni.cz\/gramotnost\/1-2018\/\">Read More &raquo;<\/a><\/span><\/p>\n","protected":false},"author":1,"featured_media":0,"parent":0,"menu_order":0,"comment_status":"closed","ping_status":"closed","template":"","meta":{"footnotes":""},"class_list":["post-2049","page","type-page","status-publish","hentry"],"_links":{"self":[{"href":"https:\/\/pages.pedf.cuni.cz\/gramotnost\/wp-json\/wp\/v2\/pages\/2049","targetHints":{"allow":["GET"]}}],"collection":[{"href":"https:\/\/pages.pedf.cuni.cz\/gramotnost\/wp-json\/wp\/v2\/pages"}],"about":[{"href":"https:\/\/pages.pedf.cuni.cz\/gramotnost\/wp-json\/wp\/v2\/types\/page"}],"author":[{"embeddable":true,"href":"https:\/\/pages.pedf.cuni.cz\/gramotnost\/wp-json\/wp\/v2\/users\/1"}],"replies":[{"embeddable":true,"href":"https:\/\/pages.pedf.cuni.cz\/gramotnost\/wp-json\/wp\/v2\/comments?post=2049"}],"version-history":[{"count":1,"href":"https:\/\/pages.pedf.cuni.cz\/gramotnost\/wp-json\/wp\/v2\/pages\/2049\/revisions"}],"predecessor-version":[{"id":2057,"href":"https:\/\/pages.pedf.cuni.cz\/gramotnost\/wp-json\/wp\/v2\/pages\/2049\/revisions\/2057"}],"wp:attachment":[{"href":"https:\/\/pages.pedf.cuni.cz\/gramotnost\/wp-json\/wp\/v2\/media?parent=2049"}],"curies":[{"name":"wp","href":"https:\/\/api.w.org\/{rel}","templated":true}]}}