{"id":2067,"date":"2021-03-13T12:29:35","date_gmt":"2021-03-13T11:29:35","guid":{"rendered":"http:\/\/pages.pedf.cuni.cz\/gramotnost\/?page_id=2067"},"modified":"2021-03-13T12:29:35","modified_gmt":"2021-03-13T11:29:35","slug":"3-2017-2","status":"publish","type":"page","link":"https:\/\/pages.pedf.cuni.cz\/gramotnost\/3-2017-2\/","title":{"rendered":"3\/2017"},"content":{"rendered":"<p><span style=\"color: #339966;\"><strong>REALTIONSHIP OF LANGUAGE SKILLS AND LITERACY<\/strong><\/span><br \/>\n<span style=\"color: #339966;\">2017, RO\u010cN\u00cdK 1, \u010c\u00cdSLO 3<\/span><\/p>\n<p><span style=\"color: #339966;\"><strong>Obsah<\/strong><\/span><br \/>\n<em>ke sta\u017een\u00ed <span style=\"color: #339966;\"><strong><a style=\"color: #339966;\" href=\"https:\/\/pages.pedf.cuni.cz\/gramotnost\/files\/2018\/07\/Gramotnost_03_obsah.pdf\">zde<\/a><\/strong><\/span><br \/>\n<\/em><\/p>\n<p><span style=\"color: #339966;\"><strong>Editorial<\/strong><\/span><br \/>\nKl\u00e1ra \u0160pa\u010dkov\u00e1, Gabriela M\u00e1lkov\u00e1 Seidlov\u00e1<br \/>\n<em>ke sta\u017een\u00ed <span style=\"color: #339966;\"><a style=\"color: #339966;\" href=\"https:\/\/pages.pedf.cuni.cz\/gramotnost\/files\/2018\/06\/Gramotnost_03_Editorial.pdf\"><strong>zde<\/strong><\/a><\/span><br \/>\n<\/em><\/p>\n<p><span style=\"color: #339966;\"><strong>P\u0158EHLEDOV\u00c1 STUDIE<\/strong><\/span><br \/>\nLinks between SLI, motor development and literacy acquisition in children<br \/>\nMarja Volemanov\u00e1, Lea Kv\u011bto\u0148ov\u00e1<br \/>\n<em>ke sta\u017een\u00ed <strong><a href=\"https:\/\/pages.pedf.cuni.cz\/gramotnost\/files\/2018\/06\/Gramotnost_03_Volemanova_Kvetonova.pdf\"><span style=\"color: #339966;\">zde<\/span><\/a><\/strong><\/em><\/p>\n<p><span style=\"color: #339966;\"><strong>V\u00ddZKUMN\u00c9 STUDIE<\/strong><\/span><br \/>\nThe literacy profiles of Czech precocious readers<br \/>\nGabriela M\u00e1lkov\u00e1 Seidlov\u00e1<br \/>\n<em>ke sta\u017een\u00ed <strong><a href=\"https:\/\/pages.pedf.cuni.cz\/gramotnost\/files\/2018\/06\/Gramotnost_03_Malkova_Seidlova.pdf\"><span style=\"color: #339966;\">zde<\/span><\/a><\/strong><\/em><\/p>\n<p>Silent reading comprehension in fifth grade pupils<br \/>\nZuzana Ho\u017edorov\u00e1 , Olga Ku\u010derov\u00e1<br \/>\n<em>ke sta\u017een\u00ed <strong><a href=\"https:\/\/pages.pedf.cuni.cz\/gramotnost\/files\/2018\/06\/Gramotnost_03_Hozdorova_Kucerova.pdf\"><span style=\"color: #339966;\">zde<\/span><\/a><\/strong><\/em><\/p>\n<p>Children with specific language impairment through the CCC-2 questionnaire<br \/>\nAnna Kucharsk\u00e1, Helena Podp\u011brov\u00e1<br \/>\n<em>ke sta\u017een\u00ed <span style=\"color: #339966;\"><strong><a style=\"color: #339966;\" href=\"https:\/\/pages.pedf.cuni.cz\/gramotnost\/files\/2018\/06\/Gramotnost_03_Podperova_Kucharska.pdf\">zde<\/a><\/strong><\/span><\/em><\/p>\n<p><span style=\"color: #339966;\"><strong>ZPR\u00c1VY<\/strong><\/span><br \/>\nIncreasing quality in education of pupils, development of key competencies, educational areas and literacies<br \/>\nKl\u00e1ra \u0160pa\u010dkov\u00e1, Anna Kucharsk\u00e1<br \/>\n<em>ke sta\u017een\u00ed <strong><a href=\"https:\/\/pages.pedf.cuni.cz\/gramotnost\/files\/2018\/06\/Gramotnost_03_Zprava.pdf\"><span style=\"color: #339966;\">zde<\/span><\/a><\/strong><\/em><\/p>\n<p>European Literacy Network, ELN \u2013 report on activities and events<br \/>\nGabriela M\u00e1lkov\u00e1 Seidlov\u00e1<br \/>\n<em>ke sta\u017een\u00ed <strong><a href=\"https:\/\/pages.pedf.cuni.cz\/gramotnost\/files\/2018\/06\/Gramotnost_03_Zprava2.pdf\"><span style=\"color: #339966;\">zde<\/span><\/a><\/strong><\/em><\/p>\n<ul>\n<li>Cel\u00e9 \u010d\u00edslo<br \/>\n2017, ro\u010dn\u00edk 1, \u010d\u00edslo 3<br \/>\n<em>ke sta\u017een\u00ed <strong><a href=\"https:\/\/pages.pedf.cuni.cz\/gramotnost\/files\/2018\/06\/Gramotnost_03_FINAL.pdf\"><span style=\"color: #339966;\">zde <\/span><\/a><\/strong><\/em><\/li>\n<\/ul>\n","protected":false},"excerpt":{"rendered":"<p>REALTIONSHIP OF LANGUAGE SKILLS AND LITERACY 2017, RO\u010cN\u00cdK 1, \u010c\u00cdSLO 3 Obsah ke sta\u017een\u00ed zde Editorial Kl\u00e1ra \u0160pa\u010dkov\u00e1, Gabriela M\u00e1lkov\u00e1 Seidlov\u00e1 ke sta\u017een\u00ed zde P\u0158EHLEDOV\u00c1 STUDIE Links between SLI, motor development and literacy acquisition in children Marja Volemanov\u00e1, Lea Kv\u011bto\u0148ov\u00e1 ke sta\u017een\u00ed zde V\u00ddZKUMN\u00c9 STUDIE The literacy profiles of Czech precocious readers Gabriela M\u00e1lkov\u00e1 Seidlov\u00e1\u2026 <span class=\"read-more\"><a href=\"https:\/\/pages.pedf.cuni.cz\/gramotnost\/3-2017-2\/\">Read More &raquo;<\/a><\/span><\/p>\n","protected":false},"author":1,"featured_media":0,"parent":0,"menu_order":0,"comment_status":"closed","ping_status":"closed","template":"","meta":{"footnotes":""},"class_list":["post-2067","page","type-page","status-publish","hentry"],"_links":{"self":[{"href":"https:\/\/pages.pedf.cuni.cz\/gramotnost\/wp-json\/wp\/v2\/pages\/2067","targetHints":{"allow":["GET"]}}],"collection":[{"href":"https:\/\/pages.pedf.cuni.cz\/gramotnost\/wp-json\/wp\/v2\/pages"}],"about":[{"href":"https:\/\/pages.pedf.cuni.cz\/gramotnost\/wp-json\/wp\/v2\/types\/page"}],"author":[{"embeddable":true,"href":"https:\/\/pages.pedf.cuni.cz\/gramotnost\/wp-json\/wp\/v2\/users\/1"}],"replies":[{"embeddable":true,"href":"https:\/\/pages.pedf.cuni.cz\/gramotnost\/wp-json\/wp\/v2\/comments?post=2067"}],"version-history":[{"count":1,"href":"https:\/\/pages.pedf.cuni.cz\/gramotnost\/wp-json\/wp\/v2\/pages\/2067\/revisions"}],"predecessor-version":[{"id":2071,"href":"https:\/\/pages.pedf.cuni.cz\/gramotnost\/wp-json\/wp\/v2\/pages\/2067\/revisions\/2071"}],"wp:attachment":[{"href":"https:\/\/pages.pedf.cuni.cz\/gramotnost\/wp-json\/wp\/v2\/media?parent=2067"}],"curies":[{"name":"wp","href":"https:\/\/api.w.org\/{rel}","templated":true}]}}