{"id":2068,"date":"2021-03-13T12:30:31","date_gmt":"2021-03-13T11:30:31","guid":{"rendered":"http:\/\/pages.pedf.cuni.cz\/gramotnost\/?page_id=2068"},"modified":"2021-03-13T12:30:31","modified_gmt":"2021-03-13T11:30:31","slug":"2017-2","status":"publish","type":"page","link":"https:\/\/pages.pedf.cuni.cz\/gramotnost\/2017-2\/","title":{"rendered":"2017"},"content":{"rendered":"<p><span style=\"color: #339966;\"><strong>3\/2017<\/strong><\/span><br \/>\n<span style=\"color: #339966;\"><strong>Special Issue call for abstracts \u201cRelationship of Spoken Language Skills and Literacy Acquisition\u201d<\/strong><\/span><br \/>\n<em>Editors: Seidlov\u00e1 M\u00e1lkov\u00e1 Gabriela, \u0160pa\u010dkov\u00e1 Kl\u00e1ra<\/em><br \/>\nCel\u00e9 \u010d\u00edslo naleznete <span style=\"color: #339966;\"><strong><em><a style=\"color: #339966;\" href=\"https:\/\/pages.pedf.cuni.cz\/gramotnost\/files\/2018\/06\/Gramotnost_03_FINAL.pdf\">zde<\/a><\/em><\/strong><\/span><\/p>\n<p><span style=\"color: #339966;\"><strong>2\/2017<\/strong><\/span><br \/>\n<em>Editor: Anna Kucharsk\u00e1<\/em><br \/>\nCel\u00e9 \u010d\u00edslo naleznete <a href=\"https:\/\/pages.pedf.cuni.cz\/gramotnost\/files\/2017\/05\/Gramotnost_pregramotnost_a_vzd%c4%9bl%c3%a1v%c3%a1n%c3%ad_2_2017.pdf\"><strong><em><span style=\"color: #339966;\">zde<\/span><\/em><\/strong><\/a><\/p>\n<p><span style=\"color: #339966;\"><strong>1\/2017<\/strong><\/span><br \/>\n<span style=\"color: #339966;\"><b>Po\u010d\u00e1te\u010dn\u00ed \u010cten\u00ed: \u010ctu a st\u00e1v\u00e1m se \u010dten\u00e1\u0159em (cesty propojen\u00ed v\u00fdzkumu a praxe)<\/b><\/span><br \/>\n<em>Edito\u0159i: Anna Kucharsk\u00e1, Radka Wildov\u00e1, Kl\u00e1ra \u0160pa\u010dkov\u00e1<\/em><br \/>\nCel\u00e9 \u010d\u00edslo naleznete<strong><em> <a href=\"https:\/\/pages.pedf.cuni.cz\/gramotnost\/files\/2017\/01\/Gramotnost_01_FINAL_komplet.pdf\"><span style=\"color: #339966;\">zde<\/span><\/a><\/em><\/strong><\/p>\n","protected":false},"excerpt":{"rendered":"<p>3\/2017 Special Issue call for abstracts \u201cRelationship of Spoken Language Skills and Literacy Acquisition\u201d Editors: Seidlov\u00e1 M\u00e1lkov\u00e1 Gabriela, \u0160pa\u010dkov\u00e1 Kl\u00e1ra Cel\u00e9 \u010d\u00edslo naleznete zde 2\/2017 Editor: Anna Kucharsk\u00e1 Cel\u00e9 \u010d\u00edslo naleznete zde 1\/2017 Po\u010d\u00e1te\u010dn\u00ed \u010cten\u00ed: \u010ctu a st\u00e1v\u00e1m se \u010dten\u00e1\u0159em (cesty propojen\u00ed v\u00fdzkumu a praxe) Edito\u0159i: Anna Kucharsk\u00e1, Radka Wildov\u00e1, Kl\u00e1ra \u0160pa\u010dkov\u00e1 Cel\u00e9 \u010d\u00edslo naleznete\u2026 <span class=\"read-more\"><a href=\"https:\/\/pages.pedf.cuni.cz\/gramotnost\/2017-2\/\">Read More &raquo;<\/a><\/span><\/p>\n","protected":false},"author":1,"featured_media":0,"parent":0,"menu_order":0,"comment_status":"closed","ping_status":"closed","template":"","meta":{"footnotes":""},"class_list":["post-2068","page","type-page","status-publish","hentry"],"_links":{"self":[{"href":"https:\/\/pages.pedf.cuni.cz\/gramotnost\/wp-json\/wp\/v2\/pages\/2068","targetHints":{"allow":["GET"]}}],"collection":[{"href":"https:\/\/pages.pedf.cuni.cz\/gramotnost\/wp-json\/wp\/v2\/pages"}],"about":[{"href":"https:\/\/pages.pedf.cuni.cz\/gramotnost\/wp-json\/wp\/v2\/types\/page"}],"author":[{"embeddable":true,"href":"https:\/\/pages.pedf.cuni.cz\/gramotnost\/wp-json\/wp\/v2\/users\/1"}],"replies":[{"embeddable":true,"href":"https:\/\/pages.pedf.cuni.cz\/gramotnost\/wp-json\/wp\/v2\/comments?post=2068"}],"version-history":[{"count":1,"href":"https:\/\/pages.pedf.cuni.cz\/gramotnost\/wp-json\/wp\/v2\/pages\/2068\/revisions"}],"predecessor-version":[{"id":2073,"href":"https:\/\/pages.pedf.cuni.cz\/gramotnost\/wp-json\/wp\/v2\/pages\/2068\/revisions\/2073"}],"wp:attachment":[{"href":"https:\/\/pages.pedf.cuni.cz\/gramotnost\/wp-json\/wp\/v2\/media?parent=2068"}],"curies":[{"name":"wp","href":"https:\/\/api.w.org\/{rel}","templated":true}]}}