{"id":2089,"date":"2021-04-13T21:11:31","date_gmt":"2021-04-13T19:11:31","guid":{"rendered":"http:\/\/pages.pedf.cuni.cz\/gramotnost\/?page_id=2089"},"modified":"2021-06-23T11:22:57","modified_gmt":"2021-06-23T09:22:57","slug":"3_2020","status":"publish","type":"page","link":"https:\/\/pages.pedf.cuni.cz\/gramotnost\/3_2020\/","title":{"rendered":"3\/2020"},"content":{"rendered":"<p><span style=\"color: #339966\"><strong>ANGLICK\u00c9 \u010c\u00cdSLO ZAM\u011a\u0158EN\u00c9 NA OBLAST ROZVOJE GRAMOTNOSTI V HUDEBN\u00cd V\u00ddCHOV\u011a A V OBLASTI VIZU\u00c1LN\u00cd KULTURY VE V\u0160ECH STUPN\u00cdCH VZD\u011aL\u00c1V\u00c1N\u00cd<\/strong><\/span><br \/>\n<span style=\"color: #339966\"><strong>2020, RO\u010cN\u00cdK 4, \u010c\u00cdSLO 3<\/strong><\/span><\/p>\n<p><span style=\"color: #339966\"><strong>Obsah<\/strong><\/span><br \/>\n<em>ke sta\u017een\u00ed <a href=\"https:\/\/pages.pedf.cuni.cz\/gramotnost\/files\/2021\/06\/Obsah.pdf\"><span style=\"color: #339966\"><strong>zde<\/strong><\/span><\/a><br \/>\n<\/em><\/p>\n<p><span style=\"color: #339966\"><strong>Editorial<\/strong><\/span><br \/>\n<em>Michal Ned\u011blka a Marie Fulkov\u00e1<\/em><br \/>\n<em>ke sta\u017een\u00ed <a href=\"https:\/\/pages.pedf.cuni.cz\/gramotnost\/files\/2021\/06\/Editorial-1.pdf\"><span style=\"color: #339966\"><strong>zde<\/strong><\/span><\/a><br \/>\n<\/em><\/p>\n<p><strong><span style=\"color: #339966\"><em>Hudebn\u00ed gramotnost<\/em><\/span><\/strong><\/p>\n<p><span style=\"color: #339966\"><strong>EMPIRICK\u00c1 STUDIE<\/strong><\/span><br \/>\nMusical\u00a0Literacy\u00a0in\u00a0Primary\u00a0Education<br \/>\nMichal Ned\u011blka a Zuzana Sel\u010danov\u00e1<br \/>\n<em>ke sta\u017een\u00ed <span style=\"color: #339966\"><strong><a style=\"color: #339966\" href=\"https:\/\/pages.pedf.cuni.cz\/gramotnost\/files\/2021\/06\/01_Nedelka_Selcanova-1.pdf\">zde<\/a><\/strong><\/span><br \/>\n<\/em><\/p>\n<p><span style=\"color: #339966\"><strong>V\u00ddZKUMN\u00c1 STUDIE<\/strong><\/span><br \/>\nVisualization of Music and its Application into the Process of Education<br \/>\nEva Novotn\u00e1 a Ivana A\u0161enbrenerov\u00e1<br \/>\n<em>ke sta\u017een\u00ed <span style=\"color: #339966\"><strong><a style=\"color: #339966\" href=\"https:\/\/pages.pedf.cuni.cz\/gramotnost\/files\/2021\/06\/02_Novotna_Asenbrenerova.pdf\">zde<\/a><\/strong><\/span><br \/>\n<\/em><\/p>\n<p><span style=\"color: #339966\"><strong><em>V\u00fdtvarn\u00e1 gramotnost<\/em><\/strong><\/span><\/p>\n<p><span style=\"color: #339966\"><strong>P\u0158EHLEDOV\u00c1 STUDIE<\/strong><\/span><br \/>\nInterdisciplinary Literacy as Complex Communication with Reality<br \/>\nJaroslav Bl\u00e1ha<br \/>\n<em>ke sta\u017een\u00ed <a href=\"https:\/\/pages.pedf.cuni.cz\/gramotnost\/files\/2021\/06\/03_Blaha-1.pdf\"><span style=\"color: #339966\"><strong>zde<\/strong><\/span><\/a><br \/>\n<\/em><\/p>\n<p><span style=\"color: #339966\"><strong>TEORETICK\u00c1 STUDIE<\/strong><\/span><br \/>\nA New Structural Model of Visual Competencies in Visual Literacy.<br \/>\nThe Revised Common European Framework of Reference for Visual Competency.<br \/>\nDiederik Sch\u00f6nau, Andrea K\u00e1rp\u00e1ti, Constanze Kirchner a Maria Letsiou<br \/>\n<em>ke sta\u017een\u00ed<span style=\"color: #339966\"><strong> <a style=\"color: #339966\" href=\"https:\/\/pages.pedf.cuni.cz\/gramotnost\/files\/2021\/06\/04_Schonau_Karpati_Kirchner_Letsiou-1.pdf\">zde<\/a><\/strong><\/span><br \/>\n<\/em><\/p>\n<p><strong><span style=\"color: #339966\">DISKUZE<\/span><\/strong><br \/>\nConversations on Visual Literacy, Resonance, and a Found Cat<br \/>\nTedi E. Asher, Peter Carpreau, Lode Vermeersch a Ernst Wagner<br \/>\n<em>ke sta\u017een\u00ed <a href=\"https:\/\/pages.pedf.cuni.cz\/gramotnost\/files\/2021\/06\/05_AsherCarpreauVermeerschWagner_.pdf\"><strong><span style=\"color: #339966\">zde<\/span><\/strong><\/a><br \/>\n<\/em><\/p>\n<p><span style=\"color: #339966\"><strong>RECENZE<\/strong><\/span><br \/>\nKmentov\u00e1, Milena. <em>Musical and Speech Expressions of Preschool Children and their Mutual Influencing.<\/em> Prague: Charles University &#8211; Faculty of Education, 2015. 80 pages. ISBN 978-80-7290-869-1<br \/>\nMichal Ned\u011blka<br \/>\n<em>ke sta\u017een\u00ed <a href=\"https:\/\/pages.pedf.cuni.cz\/gramotnost\/files\/2021\/06\/Recenze.pdf\"><span style=\"color: #339966\"><strong>zde<\/strong><\/span><\/a><br \/>\n<\/em><\/p>\n<ul>\n<li><strong><span style=\"color: #339966\">Cel\u00e9 \u010d\u00edslo anglick\u00e9 \u010d\u00edslo se zam\u011b\u0159en\u00edm na oblasti rozvoje gramotnosti v hudebn\u00ed v\u00fdchov\u011b a v oblasti vizu\u00e1ln\u00ed kultury ve v\u0161ech stupn\u00edch vzd\u011bl\u00e1v\u00e1n\u00ed<\/span><\/strong><br \/>\n2020, ro\u010dn\u00edk 4, \u010d\u00edslo 3<br \/>\n<em>ke sta\u017een\u00ed <a href=\"https:\/\/pages.pedf.cuni.cz\/gramotnost\/files\/2021\/06\/Gramotnost_03_2020_FINAL-1.pdf\"><strong><span style=\"color: #339966\">zde<\/span><\/strong><\/a><br \/>\n<\/em><\/li>\n<\/ul>\n","protected":false},"excerpt":{"rendered":"<p>ANGLICK\u00c9 \u010c\u00cdSLO ZAM\u011a\u0158EN\u00c9 NA OBLAST ROZVOJE GRAMOTNOSTI V HUDEBN\u00cd V\u00ddCHOV\u011a A V OBLASTI VIZU\u00c1LN\u00cd KULTURY VE V\u0160ECH STUPN\u00cdCH VZD\u011aL\u00c1V\u00c1N\u00cd 2020, RO\u010cN\u00cdK 4, \u010c\u00cdSLO 3 Obsah ke sta\u017een\u00ed zde Editorial Michal Ned\u011blka a Marie Fulkov\u00e1 ke sta\u017een\u00ed zde Hudebn\u00ed gramotnost EMPIRICK\u00c1 STUDIE Musical\u00a0Literacy\u00a0in\u00a0Primary\u00a0Education Michal Ned\u011blka a Zuzana Sel\u010danov\u00e1 ke sta\u017een\u00ed zde V\u00ddZKUMN\u00c1 STUDIE Visualization of Music\u2026 <span class=\"read-more\"><a href=\"https:\/\/pages.pedf.cuni.cz\/gramotnost\/3_2020\/\">Read More &raquo;<\/a><\/span><\/p>\n","protected":false},"author":465,"featured_media":0,"parent":0,"menu_order":0,"comment_status":"closed","ping_status":"closed","template":"","meta":{"footnotes":""},"class_list":["post-2089","page","type-page","status-publish","hentry"],"_links":{"self":[{"href":"https:\/\/pages.pedf.cuni.cz\/gramotnost\/wp-json\/wp\/v2\/pages\/2089","targetHints":{"allow":["GET"]}}],"collection":[{"href":"https:\/\/pages.pedf.cuni.cz\/gramotnost\/wp-json\/wp\/v2\/pages"}],"about":[{"href":"https:\/\/pages.pedf.cuni.cz\/gramotnost\/wp-json\/wp\/v2\/types\/page"}],"author":[{"embeddable":true,"href":"https:\/\/pages.pedf.cuni.cz\/gramotnost\/wp-json\/wp\/v2\/users\/465"}],"replies":[{"embeddable":true,"href":"https:\/\/pages.pedf.cuni.cz\/gramotnost\/wp-json\/wp\/v2\/comments?post=2089"}],"version-history":[{"count":31,"href":"https:\/\/pages.pedf.cuni.cz\/gramotnost\/wp-json\/wp\/v2\/pages\/2089\/revisions"}],"predecessor-version":[{"id":2299,"href":"https:\/\/pages.pedf.cuni.cz\/gramotnost\/wp-json\/wp\/v2\/pages\/2089\/revisions\/2299"}],"wp:attachment":[{"href":"https:\/\/pages.pedf.cuni.cz\/gramotnost\/wp-json\/wp\/v2\/media?parent=2089"}],"curies":[{"name":"wp","href":"https:\/\/api.w.org\/{rel}","templated":true}]}}