{"id":2122,"date":"2021-04-13T21:55:49","date_gmt":"2021-04-13T19:55:49","guid":{"rendered":"http:\/\/pages.pedf.cuni.cz\/gramotnost\/?page_id=2122"},"modified":"2021-06-23T11:23:33","modified_gmt":"2021-06-23T09:23:33","slug":"3-2020","status":"publish","type":"page","link":"https:\/\/pages.pedf.cuni.cz\/gramotnost\/en\/3-2020\/","title":{"rendered":"3\/2020"},"content":{"rendered":"<p><span style=\"color: #339966\"><strong>THE LITERACY, PRELITERACY AND EDUCATION &#8211; DEVELOPMENT OF LITERACY IN MUSIC EDUCATION AND VISUAL CULTURE ACROSS ALL LEVELS OF EDUCATION<\/strong><\/span><br \/>\n<span style=\"color: #339966\"><strong>2020, VOLUME 4, NUMBER 3<\/strong><\/span><\/p>\n<p><span style=\"color: #339966\"><strong>Content<\/strong><\/span><br \/>\n<em>full text<\/em> <em><a href=\"https:\/\/pages.pedf.cuni.cz\/gramotnost\/files\/2021\/06\/Obsah.pdf\"><strong><span style=\"color: #339966\">PDF<\/span><\/strong><\/a><\/em><\/p>\n<p><span style=\"color: #339966\"><strong>Editorial<\/strong><\/span><br \/>\n<em>Michal Ned\u011blka and Marie Fulkov\u00e1<\/em><br \/>\n<em>full text<\/em> <em><a href=\"https:\/\/pages.pedf.cuni.cz\/gramotnost\/files\/2021\/06\/Editorial-1.pdf\"><strong><span style=\"color: #339966\">PDF<\/span><\/strong><\/a><\/em><\/p>\n<p><strong><em>Music literacy<\/em><\/strong><\/p>\n<p><span style=\"color: #339966\"><strong>EMPIRICAL STUDY<\/strong><\/span><br \/>\nMusical\u00a0Literacy\u00a0in\u00a0Primary\u00a0Education<br \/>\nMichal Ned\u011blka and Zuzana Sel\u010danov\u00e1<br \/>\n<em>full text<\/em> <strong><em><a href=\"https:\/\/pages.pedf.cuni.cz\/gramotnost\/files\/2021\/06\/01_Nedelka_Selcanova-1.pdf\"><span style=\"color: #339966\">PDF<\/span><\/a><\/em><\/strong><\/p>\n<p><span style=\"color: #339966\"><strong>RESEARCH STUDY<\/strong><\/span><br \/>\nVisualization of Music and its Application into the Process of Education<br \/>\nEva Novotn\u00e1 and Ivana A\u0161enbrenerov\u00e1<br \/>\n<em>full text<\/em> <strong><em><a href=\"https:\/\/pages.pedf.cuni.cz\/gramotnost\/files\/2021\/06\/02_Novotna_Asenbrenerova.pdf\"><span style=\"color: #339966\">PDF<\/span><\/a><\/em><\/strong><\/p>\n<p><strong><em>Art literacy<\/em><\/strong><\/p>\n<p><span style=\"color: #339966\"><strong>SYSTEMATIC REVIW<\/strong><\/span><br \/>\nInterdisciplinary Literacy as Complex Communication with Reality<br \/>\nJaroslav Bl\u00e1ha<br \/>\n<em>full text<\/em> <em><a href=\"https:\/\/pages.pedf.cuni.cz\/gramotnost\/files\/2021\/06\/03_Blaha-1.pdf\"><strong><span style=\"color: #339966\">PDF<\/span><\/strong><\/a><\/em><\/p>\n<p><span style=\"color: #339966\"><strong>THEORETICAL STUDY<\/strong><\/span><br \/>\nA New Structural Model of Visual Competencies in Visual Literacy.<br \/>\nThe Revised Common European Framework of Reference for Visual Competency.<br \/>\nDiederik Sch\u00f6nau, Andrea K\u00e1rp\u00e1ti, Constanze Kirchner and Maria Letsiou<br \/>\n<em>full text<\/em> <strong><em><a href=\"https:\/\/pages.pedf.cuni.cz\/gramotnost\/files\/2021\/06\/04_Schonau_Karpati_Kirchner_Letsiou-1.pdf\"><span style=\"color: #339966\">PDF<\/span><\/a><\/em><\/strong><\/p>\n<p><span style=\"color: #339966\"><strong>DISCUSSION<\/strong><\/span><br \/>\nConversations on Visual Literacy, Resonance, and a Found Cat<br \/>\nTedi E. Asher, Peter Carpreau, Lode Vermeersch and Ernst Wagner<br \/>\n<em>full text<\/em> <em><a href=\"https:\/\/pages.pedf.cuni.cz\/gramotnost\/files\/2021\/06\/05_Asher_Carpreau_Vermeersch_Wagner.pdf\"><strong><span style=\"color: #339966\"><a href=\"https:\/\/pages.pedf.cuni.cz\/gramotnost\/files\/2021\/06\/05_AsherCarpreauVermeerschWagner_.pdf\"><span style=\"color: #339966\">PDF<\/span><\/a><\/span><\/strong><\/a><\/em><\/p>\n<p><span style=\"color: #339966\"><strong>REVIEW<\/strong><\/span><br \/>\nKmentov\u00e1, Milena. <em>Musical and Speech Expressions of Preschool Children and their Mutual Influencing.<\/em> Prague: Charles University \u2013 Faculty of Education, 2015. 80 pages. ISBN 978-80-7290-869-1<br \/>\nMichal Ned\u011blka<br \/>\n<em>full text<\/em> <em><a href=\"https:\/\/pages.pedf.cuni.cz\/gramotnost\/files\/2021\/06\/Recenze.pdf\"><strong><span style=\"color: #339966\">PDF<\/span><\/strong><\/a><\/em><\/p>\n<ul>\n<li><em>The complete issue <span style=\"color: #339966\"><strong>The Literacy, Preliteracy and Education &#8211; development of literacy in music education and visual culture across all levels of education<\/strong><\/span><\/em><br \/>\n2020, Volume 4, Number 3<br \/>\n<em>full text <a href=\"https:\/\/pages.pedf.cuni.cz\/gramotnost\/files\/2021\/06\/Gramotnost_03_2020_FINAL-1.pdf\"><strong><span style=\"color: #339966\">PDF<\/span><\/strong><\/a><\/em><\/li>\n<\/ul>\n","protected":false},"excerpt":{"rendered":"<p>THE LITERACY, PRELITERACY AND EDUCATION &#8211; DEVELOPMENT OF LITERACY IN MUSIC EDUCATION AND VISUAL CULTURE ACROSS ALL LEVELS OF EDUCATION 2020, VOLUME 4, NUMBER 3 Content full text PDF Editorial Michal Ned\u011blka and Marie Fulkov\u00e1 full text PDF Music literacy EMPIRICAL STUDY Musical\u00a0Literacy\u00a0in\u00a0Primary\u00a0Education Michal Ned\u011blka and Zuzana Sel\u010danov\u00e1 full text PDF RESEARCH STUDY Visualization of\u2026 <span class=\"read-more\"><a href=\"https:\/\/pages.pedf.cuni.cz\/gramotnost\/en\/3-2020\/\">Read More &raquo;<\/a><\/span><\/p>\n","protected":false},"author":465,"featured_media":0,"parent":0,"menu_order":0,"comment_status":"closed","ping_status":"closed","template":"","meta":{"footnotes":""},"class_list":["post-2122","page","type-page","status-publish","hentry"],"_links":{"self":[{"href":"https:\/\/pages.pedf.cuni.cz\/gramotnost\/wp-json\/wp\/v2\/pages\/2122","targetHints":{"allow":["GET"]}}],"collection":[{"href":"https:\/\/pages.pedf.cuni.cz\/gramotnost\/wp-json\/wp\/v2\/pages"}],"about":[{"href":"https:\/\/pages.pedf.cuni.cz\/gramotnost\/wp-json\/wp\/v2\/types\/page"}],"author":[{"embeddable":true,"href":"https:\/\/pages.pedf.cuni.cz\/gramotnost\/wp-json\/wp\/v2\/users\/465"}],"replies":[{"embeddable":true,"href":"https:\/\/pages.pedf.cuni.cz\/gramotnost\/wp-json\/wp\/v2\/comments?post=2122"}],"version-history":[{"count":15,"href":"https:\/\/pages.pedf.cuni.cz\/gramotnost\/wp-json\/wp\/v2\/pages\/2122\/revisions"}],"predecessor-version":[{"id":2300,"href":"https:\/\/pages.pedf.cuni.cz\/gramotnost\/wp-json\/wp\/v2\/pages\/2122\/revisions\/2300"}],"wp:attachment":[{"href":"https:\/\/pages.pedf.cuni.cz\/gramotnost\/wp-json\/wp\/v2\/media?parent=2122"}],"curies":[{"name":"wp","href":"https:\/\/api.w.org\/{rel}","templated":true}]}}