{"id":2184,"date":"2021-05-13T12:01:52","date_gmt":"2021-05-13T10:01:52","guid":{"rendered":"http:\/\/pages.pedf.cuni.cz\/gramotnost\/?page_id=2184"},"modified":"2022-07-26T21:28:35","modified_gmt":"2022-07-26T19:28:35","slug":"1-2021-3","status":"publish","type":"page","link":"https:\/\/pages.pedf.cuni.cz\/gramotnost\/1-2021-3\/","title":{"rendered":"1\/2022"},"content":{"rendered":"<p><span style=\"color: #339966\"><strong>2022, RO\u010cN\u00cdK 6, \u010c\u00cdSLO 1<\/strong><\/span><\/p>\n<div class=\"entry-content\">\n<p><span style=\"color: #339966\"><strong>Obsah<\/strong><\/span><br \/>\n<em>ke sta\u017een\u00ed <a href=\"https:\/\/pages.pedf.cuni.cz\/gramotnost\/files\/2022\/07\/Gramotnost_01_2022_obsah.pdf\"><span style=\"color: #339966\"><strong>zde<\/strong><\/span><\/a><br \/>\n<\/em><\/p>\n<p><span style=\"color: #339966\"><strong>Editorial<\/strong><\/span><br \/>\n<em>Anna Kucharsk\u00e1, Monika Kadrno\u017ekov\u00e1<\/em><br \/>\n<em>ke sta\u017een\u00ed <span style=\"color: #339966\"><strong><a style=\"color: #339966\" href=\"https:\/\/pages.pedf.cuni.cz\/gramotnost\/files\/2022\/07\/Gramotnost_01_2022_Editorial.pdf\">zde<\/a><\/strong><\/span><\/em><\/p>\n<p><span style=\"color: #339966\"><strong>V\u00ddZKUMN\u00c9 STUDIE<\/strong><\/span><br \/>\nRozvoj \u010ditate\u013esk\u00fdch n\u00e1vykov det\u00ed v pred\u0161kolskom veku v bilingv\u00e1lnych rodin\u00e1ch<br \/>\nM\u00e1ria\u00a0Bele\u0161ov\u00e1<br \/>\n<em>ke sta\u017een\u00ed <span style=\"color: #008000\"><strong><a style=\"color: #008000\" href=\"https:\/\/pages.pedf.cuni.cz\/gramotnost\/files\/2022\/07\/Gramotnost_01_2022_Belesova.pdf\"><span style=\"color: #339966\">zde<\/span><\/a><\/strong><\/span><\/em><\/p>\n<p>Anal\u00fdza\u00a0ch\u00fdb\u00a0v\u00a0pomenovan\u00ed\u00a0podstatn\u00fdch\u00a0mien\u00a0a\u00a0slovies\u00a0v\u00a0pred\u0161kolskom\u00a0veku<br \/>\nTer\u00e9zia\u00a0Horsk\u00e1,\u00a0Svetlana\u00a0Kapalkov\u00e1<br \/>\n<em>ke sta\u017een\u00ed<span style=\"color: #339966\"><strong> <a style=\"color: #339966\" href=\"https:\/\/pages.pedf.cuni.cz\/gramotnost\/files\/2022\/07\/Gramotnost_01_2022_Horska_1.pdf\">zde<\/a><\/strong><\/span><\/em><\/p>\n<p>V\u00fdkony \u017eiakov so slab\u00fdmi schopnos\u0165ami v \u010d\u00edtan\u00ed a p\u00edsan\u00ed v 1. a 2. ro\u010dn\u00edku Z\u0160<br \/>\nBianka Hrn\u010diarov\u00e1, Martina Zub\u00e1kov\u00e1<br \/>\n<em>ke sta\u017een\u00ed <span style=\"color: #008000\"><strong><a style=\"color: #008000\" href=\"https:\/\/pages.pedf.cuni.cz\/gramotnost\/files\/2022\/07\/Gramotnost_01_2022_Hrnciarova.pdf\"><span style=\"color: #339966\">zde<\/span><\/a><\/strong><\/span><\/em><\/p>\n<p><span style=\"color: #339966\"><strong>P\u0158EHLEDOV\u00c9 STUDIE<\/strong><\/span><br \/>\nGramotnostn\u00ed\u00a0a\u00a0pregramotnostn\u00ed\u00a0dovednosti\u00a0u\u00a0d\u011bt\u00ed\u00a0s\u00a0v\u00fdvojovou\u00a0dysf\u00e1zi\u00ed<br \/>\nAl\u017eb\u011bta\u00a0V\u011btrovsk\u00e1\u00a0Zem\u00e1nkov\u00e1<br \/>\n<em>ke sta\u017een\u00ed<span style=\"color: #008000\"> <strong><a style=\"color: #008000\" href=\"https:\/\/pages.pedf.cuni.cz\/gramotnost\/files\/2022\/07\/Gramotnost_01_2022_Zemankova.pdf\"><span style=\"color: #339966\">zde<\/span><\/a><\/strong><\/span><\/em><\/p>\n<p>\u010cetbou proti ageismu: kniha jako prost\u0159edek p\u0159i zm\u011bn\u011b postoj\u016f d\u011bt\u00ed v\u016f\u010di st\u00e1\u0159\u00ed<br \/>\nRadim\u00a0Schottl<br \/>\n<em>ke sta\u017een\u00ed <span style=\"color: #339966\"><strong><a style=\"color: #339966\" href=\"https:\/\/pages.pedf.cuni.cz\/gramotnost\/files\/2022\/07\/Gramotnost_01_2022_Schottl.pdf\">zde<\/a><\/strong><\/span><\/em><\/p>\n<p>Vzd\u011bl\u00e1v\u00e1n\u00ed (mimo\u0159\u00e1dn\u011b) nadan\u00fdch \u017e\u00e1k\u016f: p\u0159ehledov\u00e1 studie tuzemsk\u00fdch periodik (2016-2021)<br \/>\nMonika\u00a0Kadrno\u017ekov\u00e1,\u00a0Krist\u00fdna\u00a0Jany\u0161kov\u00e1<br \/>\n<em>ke sta\u017een\u00ed <span style=\"color: #339966\"><strong><a style=\"color: #339966\" href=\"https:\/\/pages.pedf.cuni.cz\/gramotnost\/files\/2022\/07\/Gramotnost_01_2022_Kadrnozkova2.pdf\">zde<\/a><\/strong><\/span><\/em><\/p>\n<p><span style=\"color: #339966\"><strong>RECENZE<\/strong><\/span><br \/>\nAnna Kucharsk\u00e1, Kl\u00e1ra \u0160pa\u010dkov\u00e1, Gabriela Seidlov\u00e1 M\u00e1lkov\u00e1, Hana Sot\u00e1kov\u00e1, Pavla Presslerov\u00e1, Olga Ku\u010derov\u00e1. (2022). PORTEX &#8211; kl\u00ed\u010dov\u00e9 gramotnostn\u00ed dovednosti u \u017e\u00e1k\u016f z\u00e1kladn\u00edch \u0161kol. Praha: Vydavatelstv\u00ed PedF UK<br \/>\nPavla\u00a0Cimlerov\u00e1<br \/>\n<em>ke sta\u017een\u00ed <\/em><span style=\"color: #339966\"><em><strong><a style=\"color: #339966\" href=\"https:\/\/pages.pedf.cuni.cz\/gramotnost\/files\/2022\/07\/Gramotnost_01_2022_Recenze.pdf\">zde<\/a><\/strong><\/em><\/span><\/p>\n<p><span style=\"color: #339966\"><strong>ZPR\u00c1VA<\/strong><\/span><br \/>\nZpr\u00e1va\u00a0o\u00a0nadch\u00e1zej\u00edc\u00ed\u00a0konferenci\u00a0\u010ctu\u00a0a\u00a0st\u00e1v\u00e1m\u00a0se\u00a0\u010dten\u00e1\u0159em<br \/>\nMonika\u00a0Kadrno\u017ekov\u00e1<br \/>\n<em>ke sta\u017een\u00ed <\/em><span style=\"color: #339966\"><em><strong><a style=\"color: #339966\" href=\"https:\/\/pages.pedf.cuni.cz\/gramotnost\/files\/2022\/07\/Gramotnost_01_2022_Zprava.pdf\">zde<\/a><\/strong><\/em><\/span><\/p>\n<ul>\n<li>Cel\u00e9 \u010d\u00edslo<br \/>\n2022, ro\u010dn\u00edk 6, \u010d\u00edslo 1<br \/>\n<em>ke sta\u017een\u00ed<span style=\"color: #339966\"> <strong><a style=\"color: #339966\" href=\"https:\/\/pages.pedf.cuni.cz\/gramotnost\/files\/2022\/07\/Gramotnost_01_2022_FINAL2.pdf\">zde<\/a> <\/strong><\/span><\/em><\/li>\n<\/ul>\n<\/div>\n<p>&nbsp;<\/p>\n","protected":false},"excerpt":{"rendered":"<p>2022, RO\u010cN\u00cdK 6, \u010c\u00cdSLO 1 Obsah ke sta\u017een\u00ed zde Editorial Anna Kucharsk\u00e1, Monika Kadrno\u017ekov\u00e1 ke sta\u017een\u00ed zde V\u00ddZKUMN\u00c9 STUDIE Rozvoj \u010ditate\u013esk\u00fdch n\u00e1vykov det\u00ed v pred\u0161kolskom veku v bilingv\u00e1lnych rodin\u00e1ch M\u00e1ria\u00a0Bele\u0161ov\u00e1 ke sta\u017een\u00ed zde Anal\u00fdza\u00a0ch\u00fdb\u00a0v\u00a0pomenovan\u00ed\u00a0podstatn\u00fdch\u00a0mien\u00a0a\u00a0slovies\u00a0v\u00a0pred\u0161kolskom\u00a0veku Ter\u00e9zia\u00a0Horsk\u00e1,\u00a0Svetlana\u00a0Kapalkov\u00e1 ke sta\u017een\u00ed zde V\u00fdkony \u017eiakov so slab\u00fdmi schopnos\u0165ami v \u010d\u00edtan\u00ed a p\u00edsan\u00ed v 1. a 2. ro\u010dn\u00edku Z\u0160 Bianka Hrn\u010diarov\u00e1,\u2026 <span class=\"read-more\"><a href=\"https:\/\/pages.pedf.cuni.cz\/gramotnost\/1-2021-3\/\">Read More &raquo;<\/a><\/span><\/p>\n","protected":false},"author":465,"featured_media":0,"parent":0,"menu_order":0,"comment_status":"closed","ping_status":"closed","template":"","meta":{"footnotes":""},"class_list":["post-2184","page","type-page","status-publish","hentry"],"_links":{"self":[{"href":"https:\/\/pages.pedf.cuni.cz\/gramotnost\/wp-json\/wp\/v2\/pages\/2184","targetHints":{"allow":["GET"]}}],"collection":[{"href":"https:\/\/pages.pedf.cuni.cz\/gramotnost\/wp-json\/wp\/v2\/pages"}],"about":[{"href":"https:\/\/pages.pedf.cuni.cz\/gramotnost\/wp-json\/wp\/v2\/types\/page"}],"author":[{"embeddable":true,"href":"https:\/\/pages.pedf.cuni.cz\/gramotnost\/wp-json\/wp\/v2\/users\/465"}],"replies":[{"embeddable":true,"href":"https:\/\/pages.pedf.cuni.cz\/gramotnost\/wp-json\/wp\/v2\/comments?post=2184"}],"version-history":[{"count":26,"href":"https:\/\/pages.pedf.cuni.cz\/gramotnost\/wp-json\/wp\/v2\/pages\/2184\/revisions"}],"predecessor-version":[{"id":2794,"href":"https:\/\/pages.pedf.cuni.cz\/gramotnost\/wp-json\/wp\/v2\/pages\/2184\/revisions\/2794"}],"wp:attachment":[{"href":"https:\/\/pages.pedf.cuni.cz\/gramotnost\/wp-json\/wp\/v2\/media?parent=2184"}],"curies":[{"name":"wp","href":"https:\/\/api.w.org\/{rel}","templated":true}]}}