{"id":2192,"date":"2021-05-13T12:03:33","date_gmt":"2021-05-13T10:03:33","guid":{"rendered":"http:\/\/pages.pedf.cuni.cz\/gramotnost\/?page_id=2192"},"modified":"2022-11-27T17:13:38","modified_gmt":"2022-11-27T16:13:38","slug":"2192-2","status":"publish","type":"page","link":"https:\/\/pages.pedf.cuni.cz\/gramotnost\/en\/2192-2\/","title":{"rendered":"2\/2022"},"content":{"rendered":"<div class=\"entry-content\">\n<p><strong><span style=\"color: #339966\">2022, VOLUME 6, NUMBER 2<\/span><br \/>\n<\/strong><\/p>\n<div class=\"entry-content\">\n<p><span style=\"color: #339966\"><strong>CONTENT<\/strong><\/span><br \/>\n<em>full text <span style=\"color: #339966\"><strong><a style=\"color: #339966\" href=\"https:\/\/pages.pedf.cuni.cz\/gramotnost\/files\/2022\/11\/Gramotnost_02_2022_obsah.pdf\">PDF<\/a><\/strong><\/span><br \/>\n<\/em><\/p>\n<p><span style=\"color: #339966\"><strong>Editorial<\/strong><\/span><br \/>\n<em>Anna Kucharsk\u00e1, Monika Kadrno\u017ekov\u00e1<\/em><br \/>\n<em>full text <a href=\"https:\/\/pages.pedf.cuni.cz\/gramotnost\/files\/2022\/11\/Gramotnost_02_2022_Editorial.pdf\"><strong><span style=\"color: #339966\">PDF<\/span><\/strong><\/a><\/em><\/p>\n<p><span style=\"color: #339966\"><strong>EMPIRICAL PAPER<\/strong><br \/>\n<\/span>Planning Educational Content in Curricular Documents of Nursery Schools \u2013 Finding a Way to a\u202fChild-centered Approach<br \/>\nBarbora\u00a0Loudov\u00e1\u00a0Stralczynsk\u00e1\u00a0a\u00a0Eva\u00a0Ko\u017eeluhov\u00e1<br \/>\n<em>full text <strong><a style=\"color: #339966\" href=\"https:\/\/pages.pedf.cuni.cz\/gramotnost\/files\/2022\/11\/Gramotnost_02_2022_Loudova-1.pdf\">PDF<\/a><\/strong><\/em><\/p>\n<p>Diagnostic assessment of specific learning difficulties during the coronavirus pandemic<br \/>\nAnna\u00a0Kucharsk\u00e1<br \/>\n<em>full text <span style=\"color: #339966\"><a style=\"color: #339966\" href=\"https:\/\/pages.pedf.cuni.cz\/gramotnost\/files\/2022\/11\/Gramotnost_02_2022_Kucharska.pdf\"><strong>PDF<\/strong><\/a><\/span><\/em><\/p>\n<p>Learning Styles of Students with Learning Disabilities in a Secondary School<br \/>\nAnna\u00a0Frombergerov\u00e1\u00a0a\u00a0Tereza\u00a0L\u00ed\u0161kov\u00e1<br \/>\n<em>full text <a href=\"https:\/\/pages.pedf.cuni.cz\/gramotnost\/files\/2022\/11\/Gramotnost_02_2022_Frombergerova.pdf\"><span style=\"color: #339966\"><strong>PDF<\/strong><\/span><\/a><\/em><\/p>\n<p>Problems in Teaching Geometry<br \/>\nJarmila Robov\u00e1, Petra Surynkov\u00e1, Vlasta Moravcov\u00e1, Jana Hromadov\u00e1 a Zden\u011bk Halas<br \/>\n<em>full text <a href=\"https:\/\/pages.pedf.cuni.cz\/gramotnost\/files\/2022\/11\/Gramotnost_02_2022_Robova3.pdf\"><span style=\"color: #008000\"><strong><span style=\"color: #339966\">PDF<\/span><\/strong><\/span><\/a><\/em><\/p>\n<p>The Influence of Temperament and Socio-cultural Disadvantage on The Acquisition of Swimming Skills by Pupils of Small-class Schools<br \/>\nIrena\u00a0Svobodov\u00e1,\u00a0Ivana\u00a0Chl\u00e1dkov\u00e1,\u00a0Martin\u00a0Dlouh\u00fd\u00a0a\u00a0So\u0148a\u00a0Jandov\u00e1<br \/>\n<em>full text <strong><span style=\"color: #008000\"><a style=\"color: #008000\" href=\"https:\/\/pages.pedf.cuni.cz\/gramotnost\/files\/2022\/11\/Gramotnost_02_2022_Svobodova-1.pdf\"><span style=\"color: #339966\">PDF<\/span><\/a><\/span><\/strong><\/em><\/p>\n<p>Planning Educational Content in Curricular Documents of Nursery schools \u2013 Finding a Way to a Child-centered Approach<br \/>\nBarbora\u00a0Loudov\u00e1\u00a0Stralczynsk\u00e1\u00a0a\u00a0Eva\u00a0Ko\u017eeluhov\u00e1<br \/>\n<em>full text <span style=\"color: #339966\"><strong><a style=\"color: #339966\" href=\"https:\/\/pages.pedf.cuni.cz\/gramotnost\/files\/2022\/11\/Gramotnost_02_2022_Loudova-1.pdf\">PDF<\/a><\/strong><\/span><\/em><\/p>\n<p><span style=\"color: #339966\"><strong>SYSTEMATIC REVIEW<\/strong><\/span><\/p>\n<p>Music Activities in Pedagogical Publications Focused on Graphomotor of Children Aged 5\u20137 Years in The Czech Republic<br \/>\nMilena\u00a0Kmentov\u00e1<br \/>\n<em>full text <a href=\"https:\/\/pages.pedf.cuni.cz\/gramotnost\/files\/2022\/11\/Gramotnost_02_2022_Kmentova.pdf\"><span style=\"color: #339966\"><strong>PDF<\/strong><\/span><\/a><\/em><\/p>\n<p>Professional Competencies of The Teacher<br \/>\nJi\u0159ina\u00a0Ji\u0159i\u010dkov\u00e1\u00a0a\u00a0Zuzana\u00a0Sel\u010danov\u00e1<br \/>\n<em>full text <span style=\"color: #339966\"><a style=\"color: #339966\" href=\"https:\/\/pages.pedf.cuni.cz\/gramotnost\/files\/2022\/11\/Gramotnost_02_2022_Frombergerova.pdf\"><strong>PDF<\/strong><\/a><\/span><\/em><\/p>\n<p><span style=\"color: #339966\"><strong>THEORETICAL STUDY<\/strong><\/span><br \/>\nMathematical Pre-literacy in Preschool Curriculum<br \/>\nEva\u00a0Nov\u00e1kov\u00e1<br \/>\n<em>full text <a href=\"https:\/\/pages.pedf.cuni.cz\/gramotnost\/files\/2022\/11\/Gramotnost_02_2022_Novakova.pdf\"><span style=\"color: #339966\"><strong>PDF<\/strong><\/span><\/a><\/em><\/p>\n<p><span style=\"color: #339966\"><strong>DISCUSSION<\/strong><\/span><br \/>\nA\u202fProfession That Has not yet Been Born<br \/>\nMichal\u00a0Zv\u00edrotsk\u00fd\u00a0a\u00a0Stanislav\u00a0Bendl<br \/>\n<em>full text <a href=\"https:\/\/pages.pedf.cuni.cz\/gramotnost\/files\/2022\/11\/Gramotnost_02_2022_Diskuse.pdf\"><strong><span style=\"color: #339966\">PDF<\/span><\/strong><\/a><\/em><\/p>\n<p><span style=\"color: #339966\"><strong>REVIEW<\/strong><\/span><br \/>\nKmentov\u00e1, m. (2022). Kresl\u00edme lehce, zp\u00edv\u00e1me tence. Rozvoj grafomotoriky s hudebn\u00edmi \u010dinnostmi.<br \/>\nEva\u00a0Ko\u017eeluhov\u00e1<br \/>\n<em>full text <a href=\"https:\/\/pages.pedf.cuni.cz\/gramotnost\/files\/2022\/11\/Gramotnost_02_2022_Recenze.pdf\"><span style=\"color: #339966\"><strong>PDF<\/strong><\/span><\/a><\/em><\/p>\n<ul>\n<li><em>The complete issue <\/em><span style=\"color: #339966\"><strong><em>The Literacy, Preliteracy and Education<\/em><\/strong><\/span><br \/>\n2022, VOLUME 6, NUMBER 2<br \/>\n<em>full text <a href=\"https:\/\/pages.pedf.cuni.cz\/gramotnost\/files\/2022\/11\/Gramotnost_02_2022_FINAL4.pdf\"><span style=\"color: #008000\"><strong><span style=\"color: #339966\">PDF<\/span><\/strong><\/span><\/a><\/em><\/li>\n<\/ul>\n<\/div>\n<\/div>\n","protected":false},"excerpt":{"rendered":"<p>2022, VOLUME 6, NUMBER 2 CONTENT full text PDF Editorial Anna Kucharsk\u00e1, Monika Kadrno\u017ekov\u00e1 full text PDF EMPIRICAL PAPER Planning Educational Content in Curricular Documents of Nursery Schools \u2013 Finding a Way to a\u202fChild-centered Approach Barbora\u00a0Loudov\u00e1\u00a0Stralczynsk\u00e1\u00a0a\u00a0Eva\u00a0Ko\u017eeluhov\u00e1 full text PDF Diagnostic assessment of specific learning difficulties during the coronavirus pandemic Anna\u00a0Kucharsk\u00e1 full text PDF Learning Styles\u2026 <span class=\"read-more\"><a href=\"https:\/\/pages.pedf.cuni.cz\/gramotnost\/en\/2192-2\/\">Read More &raquo;<\/a><\/span><\/p>\n","protected":false},"author":465,"featured_media":0,"parent":0,"menu_order":0,"comment_status":"closed","ping_status":"closed","template":"","meta":{"footnotes":""},"class_list":["post-2192","page","type-page","status-publish","hentry"],"_links":{"self":[{"href":"https:\/\/pages.pedf.cuni.cz\/gramotnost\/wp-json\/wp\/v2\/pages\/2192","targetHints":{"allow":["GET"]}}],"collection":[{"href":"https:\/\/pages.pedf.cuni.cz\/gramotnost\/wp-json\/wp\/v2\/pages"}],"about":[{"href":"https:\/\/pages.pedf.cuni.cz\/gramotnost\/wp-json\/wp\/v2\/types\/page"}],"author":[{"embeddable":true,"href":"https:\/\/pages.pedf.cuni.cz\/gramotnost\/wp-json\/wp\/v2\/users\/465"}],"replies":[{"embeddable":true,"href":"https:\/\/pages.pedf.cuni.cz\/gramotnost\/wp-json\/wp\/v2\/comments?post=2192"}],"version-history":[{"count":33,"href":"https:\/\/pages.pedf.cuni.cz\/gramotnost\/wp-json\/wp\/v2\/pages\/2192\/revisions"}],"predecessor-version":[{"id":2886,"href":"https:\/\/pages.pedf.cuni.cz\/gramotnost\/wp-json\/wp\/v2\/pages\/2192\/revisions\/2886"}],"wp:attachment":[{"href":"https:\/\/pages.pedf.cuni.cz\/gramotnost\/wp-json\/wp\/v2\/media?parent=2192"}],"curies":[{"name":"wp","href":"https:\/\/api.w.org\/{rel}","templated":true}]}}