{"id":2221,"date":"2021-05-13T12:20:10","date_gmt":"2021-05-13T10:20:10","guid":{"rendered":"http:\/\/pages.pedf.cuni.cz\/gramotnost\/?page_id=2221"},"modified":"2022-09-02T13:33:48","modified_gmt":"2022-09-02T11:33:48","slug":"call-for-papere-2022","status":"publish","type":"page","link":"https:\/\/pages.pedf.cuni.cz\/gramotnost\/call-for-papere-2022\/","title":{"rendered":"Call for papers 2022"},"content":{"rendered":"<div class=\"entry-content\">\n<p><span style=\"color: #339966\"><strong>1\/2022 <\/strong><\/span><span style=\"color: #339966\"><strong>Distance education in the context of Literacy and preliteracy,<\/strong> <strong><span class=\"Y2IQFc\" lang=\"en\">its challenges and limits<\/span><\/strong><\/span><br \/>\n<em>Editors: Radka Wildov\u00e1, Anna Kucharsk\u00e1<\/em><br \/>\n<span data-preserver-spaces=\"true\">The call of the first issue of the sixth year (2022) focuses on distance learning in all levels of education with the acquisition of literacy skills. The transition to the online environment was challenging for all participants. For this reason, the first issue of 2022 focuses on the area of \u200b\u200brapidly developing distance learning, which changes the overall view of education.<\/span><\/p>\n<p><span style=\"color: #339966\"><strong>2\/2022 <\/strong><\/span><span style=\"color: #339966\"><strong>Students with special educational needs in the educational context<\/strong><\/span><br \/>\n<em>Editors: Anna Kucharsk\u00e1<\/em><br \/>\nCall for contributions\u00a0(2\/2022): children, pupils, and students with special educational needs and gifted children, pupils, and students. Issue-focused is in the context of education and also in the context of literacy and preliteracy education. The topic that has resonated in recent years with society, the political sphere, and, above all, educational institutions is undoubtedly the inclusive education and inclusion of children and pupils with special educational needs in schools. For this reason, the second issue is reserved for all authors who deal with the topic.<\/p>\n<p><span style=\"color: #339966\"><strong>3\/2022 <\/strong><strong>University Counseling \u2013 Current Challenges and Trends<\/strong><\/span><br \/>\n<em>Editors:\u00a0 Anna Kucharsk\u00e1, Kl\u00e1ra \u0160pa\u010dkov\u00e1<br \/>\n<\/em><\/p>\n<p>Counselling for university students is now a part of university activities. The aim of the monothematic issue is a reflection of the college counselling practice, which could support further development in this area. The issue aims to support all vulnerable groups of college students. Those with special needs (registered or confidential), students with socio-economic disadvantages, students in difficult social situations and life crises. Counselling services are also available for university staff to assist in dealing with at-risk students, guide personal and professional growth, and resolve problem situations. Contributions can be theoretical studies, review articles, research studies, or methodological studies.<\/p>\n<\/div>\n","protected":false},"excerpt":{"rendered":"<p>1\/2022 Distance education in the context of Literacy and preliteracy, its challenges and limits Editors: Radka Wildov\u00e1, Anna Kucharsk\u00e1 The call of the first issue of the sixth year (2022) focuses on distance learning in all levels of education with the acquisition of literacy skills. The transition to the online environment was challenging for all\u2026 <span class=\"read-more\"><a href=\"https:\/\/pages.pedf.cuni.cz\/gramotnost\/call-for-papere-2022\/\">Read More &raquo;<\/a><\/span><\/p>\n","protected":false},"author":465,"featured_media":0,"parent":0,"menu_order":0,"comment_status":"closed","ping_status":"closed","template":"","meta":{"footnotes":""},"class_list":["post-2221","page","type-page","status-publish","hentry"],"_links":{"self":[{"href":"https:\/\/pages.pedf.cuni.cz\/gramotnost\/wp-json\/wp\/v2\/pages\/2221","targetHints":{"allow":["GET"]}}],"collection":[{"href":"https:\/\/pages.pedf.cuni.cz\/gramotnost\/wp-json\/wp\/v2\/pages"}],"about":[{"href":"https:\/\/pages.pedf.cuni.cz\/gramotnost\/wp-json\/wp\/v2\/types\/page"}],"author":[{"embeddable":true,"href":"https:\/\/pages.pedf.cuni.cz\/gramotnost\/wp-json\/wp\/v2\/users\/465"}],"replies":[{"embeddable":true,"href":"https:\/\/pages.pedf.cuni.cz\/gramotnost\/wp-json\/wp\/v2\/comments?post=2221"}],"version-history":[{"count":4,"href":"https:\/\/pages.pedf.cuni.cz\/gramotnost\/wp-json\/wp\/v2\/pages\/2221\/revisions"}],"predecessor-version":[{"id":2806,"href":"https:\/\/pages.pedf.cuni.cz\/gramotnost\/wp-json\/wp\/v2\/pages\/2221\/revisions\/2806"}],"wp:attachment":[{"href":"https:\/\/pages.pedf.cuni.cz\/gramotnost\/wp-json\/wp\/v2\/media?parent=2221"}],"curies":[{"name":"wp","href":"https:\/\/api.w.org\/{rel}","templated":true}]}}