{"id":2712,"date":"2022-06-06T12:45:39","date_gmt":"2022-06-06T10:45:39","guid":{"rendered":"https:\/\/pages.pedf.cuni.cz\/gramotnost\/?page_id=2712"},"modified":"2023-07-24T12:57:58","modified_gmt":"2023-07-24T10:57:58","slug":"2712-2","status":"publish","type":"page","link":"https:\/\/pages.pedf.cuni.cz\/gramotnost\/","title":{"rendered":""},"content":{"rendered":"<h2><strong>NOV\u00c9 WEBOV\u00c9 STR\u00c1NKY NALEZNETE <a href=\"https:\/\/ojs.cuni.cz\/gramotnost\"><span style=\"color: #008000\"><span style=\"color: #339966\">ZDE<\/span><\/span><\/a><\/strong><\/h2>\n<p>____________________________________<\/p>\n<p>&nbsp;<\/p>\n<p>V\u00edt\u00e1me V\u00e1s na str\u00e1nk\u00e1ch odborn\u00e9ho \u010dasopisu Pedagogick\u00e9 fakulty Univerzity Karlovy.<\/p>\n<p>\u010casopis <strong>Gramotnost, pregramotnost a vzd\u011bl\u00e1v\u00e1n\u00ed<\/strong> je odborn\u00fdm recenzovan\u00fdm \u010dasopisem zam\u011b\u0159en\u00fdm na oblast gramotnosti a vzd\u011bl\u00e1v\u00e1n\u00ed v tom nej\u0161ir\u0161\u00edm pohledu. Jeho c\u00edlem je prost\u0159edkovat nov\u00e9 pozn\u00e1n\u00ed v dan\u00e9 problematice a d\u00e1t tak podn\u011bty pro rozvoj praxe i propojen\u00ed v\u011bdy, v\u00fdzkumu a praxe. Zam\u011b\u0159uje se na t\u00e9mata \u010dten\u00e1\u0159sk\u00e9, matematick\u00e9, informa\u010dn\u00ed a p\u0159\u00edrodov\u011bdn\u00e9 gramotnosti a pregramotnosti, ale tak\u00e9 na t\u00e9mata s nimi souvisej\u00edc\u00edmi. \u010casopis je z\u00e1rove\u0148 platformou pro rozvoj pedagogick\u00e9 psychologie, prim\u00e1rn\u00ed pedagogiky, oborov\u00fdch didaktik, speci\u00e1ln\u00ed a soci\u00e1ln\u00ed pedagogiky jako v\u011bdn\u00edch discipl\u00edn.<\/p>\n<p>\u010casopis vych\u00e1z\u00ed t\u0159ikr\u00e1t ro\u010dn\u011b (duben, srpen, prosinec), p\u0159\u00edsp\u011bvky jsou publikov\u00e1ny v \u010desk\u00e9m a slovensk\u00e9m jazyce. V\u017edy jedno \u010d\u00edslo v ka\u017ed\u00e9m ro\u010dn\u00edku je v anglick\u00e9m jazyce.<\/p>\n<p>Podrobn\u011bj\u0161\u00ed informace o \u010dasopis <span style=\"color: #339966\"><strong><a style=\"color: #339966\" href=\"https:\/\/pages.pedf.cuni.cz\/gramotnost\/o-casopisu-2\/\">zde<\/a><\/strong>.<\/span><\/p>\n<p>T\u0159et\u00ed \u010d\u00edslo 3\/2022 <strong>GRAMOTNOST, PREGRAMOTNOST A VZD\u011aL\u00c1V\u00c1N\u00cd<\/strong>: <em><strong>University Counseling \u2013\u2060 Current Challenges and Trends \u2013 <span style=\"color: #339966\"><a style=\"color: #339966\" href=\"https:\/\/pages.pedf.cuni.cz\/gramotnost\/files\/2023\/05\/Gramotnost_03_2022_FINAL.pdf\">zde<\/a><\/span><br \/>\n<\/strong><\/em><\/p>\n<p><a href=\"https:\/\/pages.pedf.cuni.cz\/gramotnost\/files\/2023\/05\/3_2022.png\" rel=\"https:\/\/pages.pedf.cuni.cz\/gramotnost\/files\/2023\/05\/Gramotnost_03_2022_FINAL.pdf\"><img loading=\"lazy\" decoding=\"async\" class=\"alignnone wp-image-2955 size-medium\" src=\"https:\/\/pages.pedf.cuni.cz\/gramotnost\/files\/2023\/05\/3_2022-211x300.png\" alt=\"\" width=\"211\" height=\"300\" srcset=\"https:\/\/pages.pedf.cuni.cz\/gramotnost\/files\/2023\/05\/3_2022-211x300.png 211w, https:\/\/pages.pedf.cuni.cz\/gramotnost\/files\/2023\/05\/3_2022.png 614w\" sizes=\"auto, (max-width: 211px) 100vw, 211px\" \/><\/a><\/p>\n<p>Druh\u00e9 \u010d\u00edslo 2\/2022 <strong>GRAMOTNOST, PREGRAMOTNOST A VZD\u011aL\u00c1V\u00c1N\u00cd \u2013 <a href=\"https:\/\/pages.pedf.cuni.cz\/gramotnost\/files\/2022\/11\/Gramotnost_02_2022_FINAL4.pdf\"><span style=\"color: #339966\"><em>zde<\/em><\/span><\/a><br \/>\n<\/strong><\/p>\n<p><a href=\"https:\/\/pages.pedf.cuni.cz\/gramotnost\/files\/2023\/05\/2_2022.png\"><img loading=\"lazy\" decoding=\"async\" class=\"alignnone size-medium wp-image-2964\" src=\"https:\/\/pages.pedf.cuni.cz\/gramotnost\/files\/2023\/05\/2_2022-211x300.png\" alt=\"\" width=\"211\" height=\"300\" srcset=\"https:\/\/pages.pedf.cuni.cz\/gramotnost\/files\/2023\/05\/2_2022-211x300.png 211w, https:\/\/pages.pedf.cuni.cz\/gramotnost\/files\/2023\/05\/2_2022.png 489w\" sizes=\"auto, (max-width: 211px) 100vw, 211px\" \/><\/a><\/p>\n<p>Prvn\u00ed \u010d\u00edslo 1\/2022 <strong>GRAMOTNOST, PREGRAMOTNOST A VZD\u011aL\u00c1V\u00c1N\u00cd \u2013 <a href=\"https:\/\/pages.pedf.cuni.cz\/gramotnost\/files\/2022\/07\/Gramotnost_01_2022_Komplet.pdf\"><span style=\"color: #339966\"><em>zde<\/em><\/span><\/a><br \/>\n<\/strong><\/p>\n<p><a href=\"https:\/\/pages.pedf.cuni.cz\/gramotnost\/files\/2023\/05\/1_2022.png\"><img loading=\"lazy\" decoding=\"async\" class=\"alignnone size-medium wp-image-2966\" src=\"https:\/\/pages.pedf.cuni.cz\/gramotnost\/files\/2023\/05\/1_2022-211x300.png\" alt=\"\" width=\"211\" height=\"300\" srcset=\"https:\/\/pages.pedf.cuni.cz\/gramotnost\/files\/2023\/05\/1_2022-211x300.png 211w, https:\/\/pages.pedf.cuni.cz\/gramotnost\/files\/2023\/05\/1_2022.png 559w\" sizes=\"auto, (max-width: 211px) 100vw, 211px\" \/><\/a><\/p>\n<p>T\u0159et\u00ed \u010d\u00edslo 3\/2021 <strong>GRAMOTNOST, PREGRAMOTNOST A VZD\u011aL\u00c1V\u00c1N\u00cd<\/strong>: <em><strong>Pohybov\u00e1 gramotnost a vzd\u011bl\u00e1v\u00e1n\u00ed \u2013<a href=\"https:\/\/pages.pedf.cuni.cz\/gramotnost\/files\/2021\/12\/Gramotnost_03_2021_FINAL.pdf\"> <span style=\"color: #339966\">zde<\/span><\/a><br \/>\n<\/strong><\/em><\/p>\n<p><a href=\"https:\/\/pages.pedf.cuni.cz\/gramotnost\/files\/2023\/05\/3_2021-1.png\"><img loading=\"lazy\" decoding=\"async\" class=\"alignnone size-medium wp-image-2968\" src=\"https:\/\/pages.pedf.cuni.cz\/gramotnost\/files\/2023\/05\/3_2021-1-211x300.png\" alt=\"\" width=\"211\" height=\"300\" srcset=\"https:\/\/pages.pedf.cuni.cz\/gramotnost\/files\/2023\/05\/3_2021-1-211x300.png 211w, https:\/\/pages.pedf.cuni.cz\/gramotnost\/files\/2023\/05\/3_2021-1.png 559w\" sizes=\"auto, (max-width: 211px) 100vw, 211px\" \/><\/a><\/p>\n<p>Druh\u00e9 \u010d\u00edslo 2\/2021 <strong>GRAMOTNOST, PREGRAMOTNOST A VZD\u011aL\u00c1V\u00c1N\u00cd<\/strong>: <em><strong>Pohybov\u00e1 gramotnost a vzd\u011bl\u00e1v\u00e1n\u00ed \u2013<a href=\"https:\/\/pages.pedf.cuni.cz\/gramotnost\/files\/2021\/12\/Gramotnost_02_2021-1.pdf\"><span style=\"color: #339966\"> zde<\/span><\/a><br \/>\n<\/strong><\/em><\/p>\n<p><a href=\"https:\/\/pages.pedf.cuni.cz\/gramotnost\/files\/2023\/05\/2_2021.png\"><img loading=\"lazy\" decoding=\"async\" class=\"alignnone size-medium wp-image-2969\" src=\"https:\/\/pages.pedf.cuni.cz\/gramotnost\/files\/2023\/05\/2_2021-211x300.png\" alt=\"\" width=\"211\" height=\"300\" srcset=\"https:\/\/pages.pedf.cuni.cz\/gramotnost\/files\/2023\/05\/2_2021-211x300.png 211w, https:\/\/pages.pedf.cuni.cz\/gramotnost\/files\/2023\/05\/2_2021.png 559w\" sizes=\"auto, (max-width: 211px) 100vw, 211px\" \/><\/a><\/p>\n<p>Prvn\u00ed \u010d\u00edslo 2021\/1 <strong>THE LITERACY, PRELITERACY AND EDUCATION <em>\u2013 <a href=\"https:\/\/pages.pedf.cuni.cz\/gramotnost\/files\/2022\/01\/Gramotnost_01_2021_FINAL.pdf\"><span style=\"color: #339966\">zde<\/span><\/a><\/em><br \/>\n<\/strong><\/p>\n<p><a href=\"https:\/\/pages.pedf.cuni.cz\/gramotnost\/files\/2023\/05\/1_2021.png\"><img loading=\"lazy\" decoding=\"async\" class=\"alignnone size-medium wp-image-2970\" src=\"https:\/\/pages.pedf.cuni.cz\/gramotnost\/files\/2023\/05\/1_2021-211x300.png\" alt=\"\" width=\"211\" height=\"300\" srcset=\"https:\/\/pages.pedf.cuni.cz\/gramotnost\/files\/2023\/05\/1_2021-211x300.png 211w, https:\/\/pages.pedf.cuni.cz\/gramotnost\/files\/2023\/05\/1_2021.png 559w\" sizes=\"auto, (max-width: 211px) 100vw, 211px\" \/><\/a><\/p>\n<p>T\u0159et\u00ed anglick\u00e9 \u010d\u00edslo 3\/2020 <strong>THE LITERACY, PRELITERACY AND EDUCATION: <em>development of literacy in music education and visual culture across all levels of education \u2013<a href=\"https:\/\/pages.pedf.cuni.cz\/gramotnost\/files\/2021\/06\/Gramotnost_03_2020_FINAL-1.pdf\"> <span style=\"color: #339966\">zde<\/span><\/a><\/em><br \/>\n<\/strong><\/p>\n<p><a href=\"https:\/\/pages.pedf.cuni.cz\/gramotnost\/files\/2023\/05\/3_2020.png\"><img loading=\"lazy\" decoding=\"async\" class=\"alignnone size-medium wp-image-2971\" src=\"https:\/\/pages.pedf.cuni.cz\/gramotnost\/files\/2023\/05\/3_2020-211x300.png\" alt=\"\" width=\"211\" height=\"300\" srcset=\"https:\/\/pages.pedf.cuni.cz\/gramotnost\/files\/2023\/05\/3_2020-211x300.png 211w, https:\/\/pages.pedf.cuni.cz\/gramotnost\/files\/2023\/05\/3_2020.png 559w\" sizes=\"auto, (max-width: 211px) 100vw, 211px\" \/><\/a><\/p>\n<p>Druh\u00e9 \u010d\u00edslo 2\/2020 <strong>GRAMOTNOST, PREGRAMOTNOST A VZD\u011aL\u00c1V\u00c1N\u00cd <em>\u2013 <a href=\"https:\/\/pages.pedf.cuni.cz\/gramotnost\/files\/2021\/03\/Gramotnost_02_2020_FINAL.pdf\"><span style=\"color: #339966\">zde<\/span><\/a><\/em><br \/>\n<\/strong><\/p>\n<p><a href=\"https:\/\/pages.pedf.cuni.cz\/gramotnost\/files\/2023\/05\/2_2020-2.png\"><img loading=\"lazy\" decoding=\"async\" class=\"alignnone size-medium wp-image-2974\" src=\"https:\/\/pages.pedf.cuni.cz\/gramotnost\/files\/2023\/05\/2_2020-2-211x300.png\" alt=\"\" width=\"211\" height=\"300\" srcset=\"https:\/\/pages.pedf.cuni.cz\/gramotnost\/files\/2023\/05\/2_2020-2-211x300.png 211w, https:\/\/pages.pedf.cuni.cz\/gramotnost\/files\/2023\/05\/2_2020-2.png 559w\" sizes=\"auto, (max-width: 211px) 100vw, 211px\" \/><\/a><\/p>\n<p>Prvn\u00ed \u010d\u00edslo 1\/2020 <strong>GRAMOTNOST, PREGRAMOTNOST A VZD\u011aL\u00c1V\u00c1N\u00cd <em>\u2013 <a href=\"https:\/\/pages.pedf.cuni.cz\/gramotnost\/files\/2020\/10\/Gramotnost_01_2020_FINAL.pdf\"><span style=\"color: #339966\">zde<\/span><\/a><\/em><br \/>\n<\/strong><\/p>\n<p><a href=\"https:\/\/pages.pedf.cuni.cz\/gramotnost\/files\/2023\/05\/1_2020.png\"><img loading=\"lazy\" decoding=\"async\" class=\"alignnone size-medium wp-image-2975\" src=\"https:\/\/pages.pedf.cuni.cz\/gramotnost\/files\/2023\/05\/1_2020-212x300.png\" alt=\"\" width=\"212\" height=\"300\" srcset=\"https:\/\/pages.pedf.cuni.cz\/gramotnost\/files\/2023\/05\/1_2020-212x300.png 212w, https:\/\/pages.pedf.cuni.cz\/gramotnost\/files\/2023\/05\/1_2020.png 629w\" sizes=\"auto, (max-width: 212px) 100vw, 212px\" \/><\/a><\/p>\n<p>T\u0159et\u00ed anglick\u00e9 \u010d\u00edslo 3\/2019 <strong>THE LITERACY, PRELITERACY AND EDUCATION <em>\u2013 <a href=\"https:\/\/pages.pedf.cuni.cz\/gramotnost\/files\/2020\/08\/Gramotnost_03_2019-3.pdf\"><span style=\"color: #339966\">zde<\/span><\/a><\/em><br \/>\n<\/strong><\/p>\n<p><a href=\"https:\/\/pages.pedf.cuni.cz\/gramotnost\/files\/2023\/05\/3_2019.png\"><img loading=\"lazy\" decoding=\"async\" class=\"alignnone size-medium wp-image-2976\" src=\"https:\/\/pages.pedf.cuni.cz\/gramotnost\/files\/2023\/05\/3_2019-211x300.png\" alt=\"\" width=\"211\" height=\"300\" srcset=\"https:\/\/pages.pedf.cuni.cz\/gramotnost\/files\/2023\/05\/3_2019-211x300.png 211w, https:\/\/pages.pedf.cuni.cz\/gramotnost\/files\/2023\/05\/3_2019.png 559w\" sizes=\"auto, (max-width: 211px) 100vw, 211px\" \/><\/a><\/p>\n<p>Druh\u00e9 \u010d\u00edslo 2\/2019 <strong>GRAMOTNOST, PREGRAMOTNOST A VZD\u011aL\u00c1V\u00c1N\u00cd: <em>\u010cten\u00e1\u0159sk\u00e1, matematick\u00e1 a p\u0159\u00edrodov\u011bdn\u00e1 pregramotnost v p\u0159ed\u0161koln\u00edm vzd\u011bl\u00e1v\u00e1n\u00ed \u2013 <a href=\"https:\/\/pages.pedf.cuni.cz\/gramotnost\/files\/2019\/10\/Gramotnost_02_2019_FINAL.pdf\"><span style=\"color: #339966\">zde<\/span><\/a><br \/>\n<\/em><\/strong><\/p>\n<p><a href=\"https:\/\/pages.pedf.cuni.cz\/gramotnost\/files\/2023\/05\/2_2019.png\"><img loading=\"lazy\" decoding=\"async\" class=\"alignnone size-medium wp-image-2977\" src=\"https:\/\/pages.pedf.cuni.cz\/gramotnost\/files\/2023\/05\/2_2019-211x300.png\" alt=\"\" width=\"211\" height=\"300\" srcset=\"https:\/\/pages.pedf.cuni.cz\/gramotnost\/files\/2023\/05\/2_2019-211x300.png 211w, https:\/\/pages.pedf.cuni.cz\/gramotnost\/files\/2023\/05\/2_2019.png 559w\" sizes=\"auto, (max-width: 211px) 100vw, 211px\" \/><\/a><\/p>\n<p>Prvn\u00ed \u010d\u00edslo 1\/2019 <strong>GRAMOTNOST, PREGRAMOTNOST A VZD\u011aL\u00c1V\u00c1N\u00cd: <em>\u0160koln\u00ed vzd\u011bl\u00e1v\u00e1n\u00ed, rodinn\u00e9 vlivy a jejich vztah ke gramotnost \u2013 <a href=\"https:\/\/pages.pedf.cuni.cz\/gramotnost\/files\/2019\/07\/Gramotnost_01_2019_FINAL2.pdf\"><span style=\"color: #339966\">zde<\/span><\/a><\/em> <\/strong><\/p>\n<p><a href=\"https:\/\/pages.pedf.cuni.cz\/gramotnost\/files\/2023\/05\/1_2019.png\"><img loading=\"lazy\" decoding=\"async\" class=\"alignnone size-medium wp-image-2978\" src=\"https:\/\/pages.pedf.cuni.cz\/gramotnost\/files\/2023\/05\/1_2019-211x300.png\" alt=\"\" width=\"211\" height=\"300\" srcset=\"https:\/\/pages.pedf.cuni.cz\/gramotnost\/files\/2023\/05\/1_2019-211x300.png 211w, https:\/\/pages.pedf.cuni.cz\/gramotnost\/files\/2023\/05\/1_2019.png 489w\" sizes=\"auto, (max-width: 211px) 100vw, 211px\" \/><\/a><\/p>\n<p>T\u0159et\u00ed anglick\u00e9 \u010d\u00edslo 3\/2018 <strong>THE LITERACY, PRELITERACY AND EDUCATION <em>\u2013 <a href=\"https:\/\/pages.pedf.cuni.cz\/gramotnost\/files\/2019\/06\/Gramotnost_03_2018_FINAL2-1.pdf\"><span style=\"color: #339966\">zde<\/span><\/a><\/em><br \/>\n<\/strong><\/p>\n<p><a href=\"https:\/\/pages.pedf.cuni.cz\/gramotnost\/files\/2023\/05\/3_2018.png\"><img loading=\"lazy\" decoding=\"async\" class=\"alignnone size-medium wp-image-2979\" src=\"https:\/\/pages.pedf.cuni.cz\/gramotnost\/files\/2023\/05\/3_2018-211x300.png\" alt=\"\" width=\"211\" height=\"300\" srcset=\"https:\/\/pages.pedf.cuni.cz\/gramotnost\/files\/2023\/05\/3_2018-211x300.png 211w, https:\/\/pages.pedf.cuni.cz\/gramotnost\/files\/2023\/05\/3_2018.png 559w\" sizes=\"auto, (max-width: 211px) 100vw, 211px\" \/><\/a><\/p>\n<p>Druh\u00e9 \u010d\u00edslo 2\/2018<strong> GRAMOTNOST, PREGRAMOTNOST A VZD\u011aL\u00c1V\u00c1N\u00cd: <\/strong><em><strong>Rozvoj p\u0159\u00edrodov\u011bdn\u00e9, matematick\u00e9 a informa\u010dn\u00ed gramotnosti v podm\u00ednk\u00e1ch sou\u010dasn\u00e9ho \u0161kolstv\u00ed \u2013 <a href=\"https:\/\/pages.pedf.cuni.cz\/gramotnost\/files\/2019\/02\/Gramotnost_02_2018.pdf\"><span style=\"color: #339966\">zde<\/span><\/a><br \/>\n<\/strong><\/em><\/p>\n<p><a href=\"https:\/\/pages.pedf.cuni.cz\/gramotnost\/files\/2023\/05\/2_2018.png\"><img loading=\"lazy\" decoding=\"async\" class=\"alignnone size-medium wp-image-2980\" src=\"https:\/\/pages.pedf.cuni.cz\/gramotnost\/files\/2023\/05\/2_2018-226x300.png\" alt=\"\" width=\"226\" height=\"300\" srcset=\"https:\/\/pages.pedf.cuni.cz\/gramotnost\/files\/2023\/05\/2_2018-226x300.png 226w, https:\/\/pages.pedf.cuni.cz\/gramotnost\/files\/2023\/05\/2_2018.png 629w\" sizes=\"auto, (max-width: 226px) 100vw, 226px\" \/><\/a><\/p>\n<p>Prvn\u00ed \u010d\u00edslo 1\/2018 <strong>GRAMOTNOST, PREGRAMOTNOST A VZD\u011aL\u00c1V\u00c1N\u00cd <em>\u2013 <a href=\"https:\/\/pages.pedf.cuni.cz\/gramotnost\/files\/2018\/11\/Gramotnost_01_2018_FINAL_el4.pdf\"><span style=\"color: #339966\">zde<\/span><\/a><\/em><br \/>\n<\/strong><\/p>\n<p><a href=\"https:\/\/pages.pedf.cuni.cz\/gramotnost\/files\/2023\/05\/1_2018.png\"><img loading=\"lazy\" decoding=\"async\" class=\"alignnone size-medium wp-image-2981\" src=\"https:\/\/pages.pedf.cuni.cz\/gramotnost\/files\/2023\/05\/1_2018-212x300.png\" alt=\"\" width=\"212\" height=\"300\" srcset=\"https:\/\/pages.pedf.cuni.cz\/gramotnost\/files\/2023\/05\/1_2018-212x300.png 212w, https:\/\/pages.pedf.cuni.cz\/gramotnost\/files\/2023\/05\/1_2018.png 629w\" sizes=\"auto, (max-width: 212px) 100vw, 212px\" \/><\/a><\/p>\n<p>T\u0159et\u00ed \u010d\u00edslo 3\/2017 <strong>THE LITERACY, PRELITERACY AND EDUCATION<\/strong>: <em><strong>Relationship of Language Skills and\u00a0\u00a0Literacy \u2013 <span style=\"color: #339966\"><a style=\"color: #339966\" href=\"https:\/\/pages.pedf.cuni.cz\/gramotnost\/files\/2018\/06\/Gramotnost_03_FINAL.pdf\">zde<\/a><\/span><br \/>\n<\/strong><\/em><\/p>\n<p><a href=\"https:\/\/pages.pedf.cuni.cz\/gramotnost\/files\/2023\/05\/3_2017.png\"><img loading=\"lazy\" decoding=\"async\" class=\"alignnone size-medium wp-image-2982\" src=\"https:\/\/pages.pedf.cuni.cz\/gramotnost\/files\/2023\/05\/3_2017-211x300.png\" alt=\"\" width=\"211\" height=\"300\" srcset=\"https:\/\/pages.pedf.cuni.cz\/gramotnost\/files\/2023\/05\/3_2017-211x300.png 211w, https:\/\/pages.pedf.cuni.cz\/gramotnost\/files\/2023\/05\/3_2017.png 559w\" sizes=\"auto, (max-width: 211px) 100vw, 211px\" \/><\/a><\/p>\n<p>Druh\u00e9 \u010d\u00edslo 2\/2017 \u010dasopisu <strong>GRAMOTNOST, PREGRAMOTNOST A VZD\u011aL\u00c1V\u00c1N\u00cd <em>\u2013 <span style=\"color: #339966\"><a style=\"color: #339966\" href=\"https:\/\/pages.pedf.cuni.cz\/gramotnost\/files\/2017\/05\/Gramotnost_pregramotnost_a_vzd%c4%9bl%c3%a1v%c3%a1n%c3%ad_2_2017.pdf\">zde<\/a><\/span><\/em><\/strong><\/p>\n<p><a href=\"https:\/\/pages.pedf.cuni.cz\/gramotnost\/files\/2023\/05\/2_2017.png\"><img loading=\"lazy\" decoding=\"async\" class=\"alignnone size-medium wp-image-2983\" src=\"https:\/\/pages.pedf.cuni.cz\/gramotnost\/files\/2023\/05\/2_2017-211x300.png\" alt=\"\" width=\"211\" height=\"300\" srcset=\"https:\/\/pages.pedf.cuni.cz\/gramotnost\/files\/2023\/05\/2_2017-211x300.png 211w, https:\/\/pages.pedf.cuni.cz\/gramotnost\/files\/2023\/05\/2_2017.png 559w\" sizes=\"auto, (max-width: 211px) 100vw, 211px\" \/><\/a><\/p>\n<p>Prvn\u00ed \u010d\u00edslo 1\/2017 <strong>GRAMOTNOST, PREGRAMOTNOST A VZD\u011aL\u00c1V\u00c1N\u00cd <\/strong>&#8211; <em><strong>Po\u010d\u00e1te\u010dn\u00ed \u010dten\u00ed: \u010dtu a st\u00e1v\u00e1m se \u010dten\u00e1\u0159em (Cesty propojen\u00ed v\u00fdzkumu a praxe) \u2013 <span style=\"color: #339966\"><a style=\"color: #339966\" href=\"https:\/\/pages.pedf.cuni.cz\/gramotnost\/files\/2017\/01\/Gramotnost_01_FINAL_komplet.pdf\">zde<\/a><\/span><br \/>\n<\/strong><\/em><\/p>\n<p><a href=\"https:\/\/pages.pedf.cuni.cz\/gramotnost\/files\/2023\/05\/1_2017.png\"><img loading=\"lazy\" decoding=\"async\" class=\"alignnone size-medium wp-image-2984\" src=\"https:\/\/pages.pedf.cuni.cz\/gramotnost\/files\/2023\/05\/1_2017-213x300.png\" alt=\"\" width=\"213\" height=\"300\" srcset=\"https:\/\/pages.pedf.cuni.cz\/gramotnost\/files\/2023\/05\/1_2017-213x300.png 213w, https:\/\/pages.pedf.cuni.cz\/gramotnost\/files\/2023\/05\/1_2017.png 557w\" sizes=\"auto, (max-width: 213px) 100vw, 213px\" \/><\/a><\/p>\n","protected":false},"excerpt":{"rendered":"<p>NOV\u00c9 WEBOV\u00c9 STR\u00c1NKY NALEZNETE ZDE ____________________________________ &nbsp; V\u00edt\u00e1me V\u00e1s na str\u00e1nk\u00e1ch odborn\u00e9ho \u010dasopisu Pedagogick\u00e9 fakulty Univerzity Karlovy. \u010casopis Gramotnost, pregramotnost a vzd\u011bl\u00e1v\u00e1n\u00ed je odborn\u00fdm recenzovan\u00fdm \u010dasopisem zam\u011b\u0159en\u00fdm na oblast gramotnosti a vzd\u011bl\u00e1v\u00e1n\u00ed v tom nej\u0161ir\u0161\u00edm pohledu. Jeho c\u00edlem je prost\u0159edkovat nov\u00e9 pozn\u00e1n\u00ed v dan\u00e9 problematice a d\u00e1t tak podn\u011bty pro rozvoj praxe i propojen\u00ed v\u011bdy,\u2026 <span class=\"read-more\"><a href=\"https:\/\/pages.pedf.cuni.cz\/gramotnost\/\">Read More &raquo;<\/a><\/span><\/p>\n","protected":false},"author":465,"featured_media":0,"parent":0,"menu_order":0,"comment_status":"closed","ping_status":"closed","template":"","meta":{"footnotes":""},"class_list":["post-2712","page","type-page","status-publish","hentry"],"_links":{"self":[{"href":"https:\/\/pages.pedf.cuni.cz\/gramotnost\/wp-json\/wp\/v2\/pages\/2712","targetHints":{"allow":["GET"]}}],"collection":[{"href":"https:\/\/pages.pedf.cuni.cz\/gramotnost\/wp-json\/wp\/v2\/pages"}],"about":[{"href":"https:\/\/pages.pedf.cuni.cz\/gramotnost\/wp-json\/wp\/v2\/types\/page"}],"author":[{"embeddable":true,"href":"https:\/\/pages.pedf.cuni.cz\/gramotnost\/wp-json\/wp\/v2\/users\/465"}],"replies":[{"embeddable":true,"href":"https:\/\/pages.pedf.cuni.cz\/gramotnost\/wp-json\/wp\/v2\/comments?post=2712"}],"version-history":[{"count":11,"href":"https:\/\/pages.pedf.cuni.cz\/gramotnost\/wp-json\/wp\/v2\/pages\/2712\/revisions"}],"predecessor-version":[{"id":3010,"href":"https:\/\/pages.pedf.cuni.cz\/gramotnost\/wp-json\/wp\/v2\/pages\/2712\/revisions\/3010"}],"wp:attachment":[{"href":"https:\/\/pages.pedf.cuni.cz\/gramotnost\/wp-json\/wp\/v2\/media?parent=2712"}],"curies":[{"name":"wp","href":"https:\/\/api.w.org\/{rel}","templated":true}]}}