{"id":312,"date":"2017-01-29T21:25:38","date_gmt":"2017-01-29T20:25:38","guid":{"rendered":"http:\/\/pages.pedf.cuni.cz\/gramotnost\/?page_id=312"},"modified":"2021-03-13T12:31:57","modified_gmt":"2021-03-13T11:31:57","slug":"cislo-1","status":"publish","type":"page","link":"https:\/\/pages.pedf.cuni.cz\/gramotnost\/en\/cislo-1\/","title":{"rendered":"1\/2017"},"content":{"rendered":"<p><span style=\"color: #339966;\"><strong>PO\u010c\u00c1TE\u010cN\u00cd \u010cTEN\u00cd: \u010cTU A ST\u00c1V\u00c1M SE \u010cTEN\u00c1\u0158EM (CESTY PROPOJEN\u00cd V\u00ddZKUMU A PRAXE)<\/strong><\/span><br \/>\n<span style=\"color: #339966;\"><strong>2017, Volume 1, Number 1<\/strong><br \/>\n<\/span><\/p>\n<p><strong><span style=\"color: #339966;\">CONTENT<\/span><\/strong><em><br \/>\nFull Text <strong><span style=\"color: #339966;\"><a style=\"color: #339966;\" href=\"https:\/\/pages.pedf.cuni.cz\/gramotnost\/files\/2017\/01\/Gramotnost_01_obsah.pdf\">PDF<\/a><\/span><\/strong><\/em><\/p>\n<p><strong><span style=\"color: #339966;\">EDITORIAL<\/span><\/strong><br \/>\nAnna Kucharsk\u00e1, Radka Wildov\u00e1, Kl\u00e1ra \u0160pa\u010dkov\u00e1<br \/>\n<em>Full Text <span style=\"color: #339966;\"><strong><a style=\"color: #339966;\" href=\"https:\/\/pages.pedf.cuni.cz\/gramotnost\/files\/2017\/01\/Gramotnost_01_Editorial.pdf\">PDF<\/a><\/strong><\/span><\/em><\/p>\n<p><strong><span style=\"color: #339966;\">EMPIRICAL PAPERS<\/span><\/strong><br \/>\nPreconceptions of Preschool Children about Functions of Writing and Reading Affects<br \/>\nM\u00e1ria Bele\u0161ov\u00e1<br \/>\n<em>Full Text <span style=\"color: #339966;\"><strong><a style=\"color: #339966;\" href=\"https:\/\/pages.pedf.cuni.cz\/gramotnost\/files\/2017\/01\/Gramotnost_01_Belesova.pdf\">PDF<\/a><\/strong><\/span><\/em><\/p>\n<p>A Character in a Fairy Tale and its Effect on the Value of Child Reader<br \/>\nLenka Szentesiov\u00e1<br \/>\n<em>Full Text <span style=\"color: #339966;\"><strong><a style=\"color: #339966;\" href=\"https:\/\/pages.pedf.cuni.cz\/gramotnost\/files\/2017\/01\/Gramotnost_01_Szentesiova.pdf\">PDF<\/a><\/strong><\/span><\/em><\/p>\n<p><strong><span style=\"color: #339966;\">METHODICAL PAPERS<\/span><\/strong><br \/>\nLanguage awareness of primary school aged children<br \/>\nAnna Kucharsk\u00e1, Martina \u0160mejkalov\u00e1<br \/>\n<em>Full Text <span style=\"color: #339966;\"><strong><a style=\"color: #339966;\" href=\"https:\/\/pages.pedf.cuni.cz\/gramotnost\/files\/2017\/01\/Gramotnost_01_Kucharska_Smejkalova.pdf\">PDF<\/a><\/strong><\/span><\/em><\/p>\n<p>Methods for determining the level of pupils\u00b4 metacognitive knowledge: quantitative vs. qualitative standard<br \/>\nJaroslav \u0158\u00ed\u010dan<br \/>\n<em>Full Text <strong><span style=\"color: #339966;\"><a style=\"color: #339966;\" href=\"https:\/\/pages.pedf.cuni.cz\/gramotnost\/files\/2017\/01\/Gramotnost_01_Rican.pdf\">PDF<\/a><\/span><\/strong><\/em><\/p>\n<p><span style=\"color: #339966;\"><strong>REVIEW PAPERS<\/strong><\/span><br \/>\nReading Literacy in ELINET view<br \/>\nJolana Ronkov\u00e1, Veronika Laufkov\u00e1<br \/>\n<em>Full Text <span style=\"color: #339966;\"><strong><a style=\"color: #339966;\" href=\"https:\/\/pages.pedf.cuni.cz\/gramotnost\/files\/2017\/01\/Gramotnost_01_Laufkova_Ronkova.pdf\">PDF<\/a><\/strong><\/span><\/em><\/p>\n<p><strong><span style=\"color: #339966;\">CONFERENCE REPORTS<\/span><\/strong><br \/>\nReport of the Conference \u201eBeginning to Read, Becoming a Reader<br \/>\nJolana Ronkov\u00e1, Veronika Laufkov\u00e1<br \/>\n<em>Full Text <strong><span style=\"color: #339966;\"><a style=\"color: #339966;\" href=\"https:\/\/pages.pedf.cuni.cz\/gramotnost\/files\/2017\/01\/Gramotnost_01_Laufkova_Ronkova_zprava.pdf\">PDF<\/a><\/span><\/strong><\/em><\/p>\n<p><strong><span style=\"color: #339966;\">REVIEW<\/span><\/strong><br \/>\nComputer Program Levebee for the Development of Reading Skills<br \/>\nAnna Kucharsk\u00e1<br \/>\n<em>Full Text <strong><span style=\"color: #339966;\"><a style=\"color: #339966;\" href=\"https:\/\/pages.pedf.cuni.cz\/gramotnost\/files\/2017\/01\/Gramotnost_01_Kucharska_recenze.pdf\">PDF<\/a><\/span><\/strong><\/em><\/p>\n<ul>\n<li><em>The complete <strong><span style=\"color: #339966;\">The Literacy, Preliteracy and Education<\/span><\/strong><\/em><br \/>\n2017, Volume 1, Number 1<br \/>\n<em>full text <a href=\"https:\/\/pages.pedf.cuni.cz\/gramotnost\/files\/2017\/01\/Gramotnost_01_FINAL_komplet.pdf\"><strong><span style=\"color: #339966;\">PDF<\/span><\/strong><\/a><\/em><\/li>\n<\/ul>\n","protected":false},"excerpt":{"rendered":"<p>PO\u010c\u00c1TE\u010cN\u00cd \u010cTEN\u00cd: \u010cTU A ST\u00c1V\u00c1M SE \u010cTEN\u00c1\u0158EM (CESTY PROPOJEN\u00cd V\u00ddZKUMU A PRAXE) 2017, Volume 1, Number 1 CONTENT Full Text PDF EDITORIAL Anna Kucharsk\u00e1, Radka Wildov\u00e1, Kl\u00e1ra \u0160pa\u010dkov\u00e1 Full Text PDF EMPIRICAL PAPERS Preconceptions of Preschool Children about Functions of Writing and Reading Affects M\u00e1ria Bele\u0161ov\u00e1 Full Text PDF A Character in a Fairy Tale\u2026 <span class=\"read-more\"><a href=\"https:\/\/pages.pedf.cuni.cz\/gramotnost\/en\/cislo-1\/\">Read More &raquo;<\/a><\/span><\/p>\n","protected":false},"author":448,"featured_media":0,"parent":0,"menu_order":0,"comment_status":"closed","ping_status":"closed","template":"","meta":{"footnotes":""},"class_list":["post-312","page","type-page","status-publish","hentry"],"_links":{"self":[{"href":"https:\/\/pages.pedf.cuni.cz\/gramotnost\/wp-json\/wp\/v2\/pages\/312","targetHints":{"allow":["GET"]}}],"collection":[{"href":"https:\/\/pages.pedf.cuni.cz\/gramotnost\/wp-json\/wp\/v2\/pages"}],"about":[{"href":"https:\/\/pages.pedf.cuni.cz\/gramotnost\/wp-json\/wp\/v2\/types\/page"}],"author":[{"embeddable":true,"href":"https:\/\/pages.pedf.cuni.cz\/gramotnost\/wp-json\/wp\/v2\/users\/448"}],"replies":[{"embeddable":true,"href":"https:\/\/pages.pedf.cuni.cz\/gramotnost\/wp-json\/wp\/v2\/comments?post=312"}],"version-history":[{"count":48,"href":"https:\/\/pages.pedf.cuni.cz\/gramotnost\/wp-json\/wp\/v2\/pages\/312\/revisions"}],"predecessor-version":[{"id":2076,"href":"https:\/\/pages.pedf.cuni.cz\/gramotnost\/wp-json\/wp\/v2\/pages\/312\/revisions\/2076"}],"wp:attachment":[{"href":"https:\/\/pages.pedf.cuni.cz\/gramotnost\/wp-json\/wp\/v2\/media?parent=312"}],"curies":[{"name":"wp","href":"https:\/\/api.w.org\/{rel}","templated":true}]}}