{"id":56,"date":"2016-12-04T11:10:07","date_gmt":"2016-12-04T10:10:07","guid":{"rendered":"http:\/\/pages.pedf.cuni.cz\/gramotnost\/?page_id=56"},"modified":"2023-02-17T00:51:16","modified_gmt":"2023-02-16T23:51:16","slug":"kontakt","status":"publish","type":"page","link":"https:\/\/pages.pedf.cuni.cz\/gramotnost\/en\/kontakt\/","title":{"rendered":"Contact and subscription"},"content":{"rendered":"<p><strong>Address<\/strong><br \/>\nKatedra psychologie PedF UK<\/p>\n<p>GRAMOTNOST, PREGRAMOTNOST A VZD\u011aL\u00c1V\u00c1N\u00cd<br \/>\nMysl\u00edkova 7<br \/>\n110 00 Praha 1<br \/>\n<strong>E-mail editors<\/strong><br \/>\n<a href=\"mailto:gramotnost@pedf.cuni.cz\"><span style=\"color: #339966\">gramotnost@pedf.cuni.cz<\/span><\/a><\/p>\n<p><strong>Publisher<\/strong><br \/>\nCharles University, Faculty of Education<br \/>\nRettigov\u00e9 4, Praha 1, 116 39<\/p>\n<p>Evidence periodick\u00e9ho tisku: MK \u010cR E 22524<br \/>\nISSN 2533-7890 (On-line)<\/p>\n<p>The Journal is published three times a year \u2013 April, August and December.<\/p>\n","protected":false},"excerpt":{"rendered":"<p>Address Katedra psychologie PedF UK GRAMOTNOST, PREGRAMOTNOST A VZD\u011aL\u00c1V\u00c1N\u00cd Mysl\u00edkova 7 110 00 Praha 1 E-mail editors gramotnost@pedf.cuni.cz Publisher Charles University, Faculty of Education Rettigov\u00e9 4, Praha 1, 116 39 Evidence periodick\u00e9ho tisku: MK \u010cR E 22524 ISSN 2533-7890 (On-line) The Journal is published three times a year \u2013 April, August and December.<\/p>\n","protected":false},"author":448,"featured_media":0,"parent":0,"menu_order":0,"comment_status":"closed","ping_status":"closed","template":"","meta":{"footnotes":""},"class_list":["post-56","page","type-page","status-publish","hentry"],"_links":{"self":[{"href":"https:\/\/pages.pedf.cuni.cz\/gramotnost\/wp-json\/wp\/v2\/pages\/56","targetHints":{"allow":["GET"]}}],"collection":[{"href":"https:\/\/pages.pedf.cuni.cz\/gramotnost\/wp-json\/wp\/v2\/pages"}],"about":[{"href":"https:\/\/pages.pedf.cuni.cz\/gramotnost\/wp-json\/wp\/v2\/types\/page"}],"author":[{"embeddable":true,"href":"https:\/\/pages.pedf.cuni.cz\/gramotnost\/wp-json\/wp\/v2\/users\/448"}],"replies":[{"embeddable":true,"href":"https:\/\/pages.pedf.cuni.cz\/gramotnost\/wp-json\/wp\/v2\/comments?post=56"}],"version-history":[{"count":21,"href":"https:\/\/pages.pedf.cuni.cz\/gramotnost\/wp-json\/wp\/v2\/pages\/56\/revisions"}],"predecessor-version":[{"id":2800,"href":"https:\/\/pages.pedf.cuni.cz\/gramotnost\/wp-json\/wp\/v2\/pages\/56\/revisions\/2800"}],"wp:attachment":[{"href":"https:\/\/pages.pedf.cuni.cz\/gramotnost\/wp-json\/wp\/v2\/media?parent=56"}],"curies":[{"name":"wp","href":"https:\/\/api.w.org\/{rel}","templated":true}]}}