{"id":74,"date":"2016-12-04T11:49:14","date_gmt":"2016-12-04T10:49:14","guid":{"rendered":"http:\/\/pages.pedf.cuni.cz\/gramotnost\/?page_id=74"},"modified":"2023-05-25T11:33:28","modified_gmt":"2023-05-25T09:33:28","slug":"complete-issues","status":"publish","type":"page","link":"https:\/\/pages.pedf.cuni.cz\/gramotnost\/en\/complete-issues\/","title":{"rendered":"Complete Issues"},"content":{"rendered":"<div class=\"entry-content\">\n<div class=\"entry-content\">\n<p><span style=\"color: #339966\"><strong>3\/2022 <\/strong><\/span><br \/>\n<span style=\"color: #339966\"><strong>University Counseling \u2013\u2060 Current Challenges and Trends<\/strong><\/span><br \/>\n<em>Edito\u0159i: Anna Kucharsk\u00e1, Monika Kadrno\u017ekov\u00e1<\/em><br \/>\nCel\u00e9 \u010d\u00edslo naleznete<span style=\"color: #339966\"><em><a style=\"color: #339966\" href=\"https:\/\/pages.pedf.cuni.cz\/gramotnost\/files\/2023\/05\/Gramotnost_03_2022_FINAL.pdf\"><strong> PDF<\/strong><\/a><\/em><\/span><\/p>\n<p><span style=\"color: #339966\"><strong>2\/2022<\/strong><\/span><br \/>\n<em>Editors: Anna Kucharsk\u00e1, Monika Kadrno\u017ekov\u00e1<\/em><br \/>\nCel\u00e9 \u010d\u00edslo naleznete<span style=\"color: #339966\"><a style=\"color: #339966\" href=\"https:\/\/pages.pedf.cuni.cz\/gramotnost\/files\/2022\/11\/Gramotnost_02_2022_FINAL4.pdf\"><strong><em> PDF<\/em><\/strong><\/a><\/span><\/p>\n<p><strong><span style=\"color: #339966\">1\/2022<\/span> <\/strong><br \/>\n<em>Editors: Anna Kucharsk\u00e1, Monika Kadrno\u017ekov\u00e1<\/em><br \/>\nComplete <strong><a href=\"https:\/\/pages.pedf.cuni.cz\/gramotnost\/files\/2022\/07\/Gramotnost_01_2022_Komplet.pdf\"><span style=\"color: #339966\"><em>PDF<\/em><\/span><\/a><\/strong><\/p>\n<p><span style=\"color: #339966\"><strong>3\/2021\u00a0 <\/strong><\/span><br \/>\n<span style=\"color: #339966\"><strong><span class=\"has-inline-color\">P<\/span>hysical literacy and education<\/strong><\/span><br \/>\n<em>Editors: So\u0148a Jandov\u00e1, Hana Dvo\u0159\u00e1kov\u00e1, Petr Vl\u010dek, Lenka Vojt\u00edkov\u00e1<\/em><br \/>\nComplete<span style=\"color: #339966\"><a style=\"color: #339966\" href=\"https:\/\/pages.pedf.cuni.cz\/gramotnost\/files\/2021\/12\/Gramotnost_03_2021_FINAL.pdf\"><em><strong> PDF<\/strong><\/em><\/a><\/span><\/p>\n<p><span style=\"color: #339966\"><strong>2\/2021\u00a0<\/strong><\/span><br \/>\n<span style=\"color: #339966\"><strong><span class=\"has-inline-color\">P<\/span>hysical literacy and education<\/strong><\/span><br \/>\n<em>Editors: So\u0148a Jandov\u00e1, Hana Dvo\u0159\u00e1kov\u00e1, Petr Vl\u010dek, Lenka Vojt\u00edkov\u00e1<\/em><br \/>\nComplete<span style=\"color: #339966\"><a style=\"color: #339966\" href=\"https:\/\/pages.pedf.cuni.cz\/gramotnost\/files\/2021\/12\/Gramotnost_02_2021-1.pdf\"><em><strong> PDF<\/strong><\/em><\/a><\/span><\/p>\n<p><span style=\"color: #339966\"><strong>1\/2021\u00a0<\/strong><\/span><br \/>\n<em>Editors: Anna Kucharsk\u00e1, Monika Kadrno\u017ekov\u00e1<\/em><br \/>\nComplete<a href=\"https:\/\/pages.pedf.cuni.cz\/gramotnost\/files\/2022\/01\/Gramotnost_01_2021_FINAL.pdf\"><em><strong><span style=\"color: #339966\"> PDF<\/span><\/strong><\/em><\/a><\/p>\n<p><span style=\"color: #339966\"><strong>3\/2020<\/strong><\/span><br \/>\n<span style=\"color: #339966\"><strong>Development of literacy in music education and visual culture across all levels of education<\/strong><\/span><br \/>\n<em>Editors: Michal Ned\u011blka, Marie Fulkov\u00e1<\/em><br \/>\nComplete<a href=\"https:\/\/pages.pedf.cuni.cz\/gramotnost\/files\/2021\/06\/Gramotnost_03_2020_FINAL-1.pdf\"><em><span style=\"color: #339966\"><strong> PDF<\/strong><\/span><\/em><\/a><\/p>\n<p><span style=\"color: #339966\"><strong>2<\/strong><strong>\/2020<\/strong><\/span><br \/>\n<em>Editors:\u00a0 Anna Kucharsk\u00e1, Monika Kadrno\u017ekov\u00e1<\/em><br \/>\nComplete <a href=\"https:\/\/pages.pedf.cuni.cz\/gramotnost\/files\/2021\/03\/Gramotnost_02_2020_FINAL-1.pdf\"><span style=\"color: #008000\"><em><strong><span style=\"color: #339966\">PDF<\/span><\/strong><\/em><\/span><\/a><\/p>\n<p><span style=\"color: #339966\"><strong>1<\/strong><strong>\/2020<\/strong><\/span><br \/>\n<em>Editors:\u00a0 Anna Kucharsk\u00e1, Monika Kadrno\u017ekov\u00e1<\/em><br \/>\nComplete <span style=\"color: #339966\"><strong><em><a style=\"color: #339966\" href=\"https:\/\/pages.pedf.cuni.cz\/gramotnost\/files\/2020\/10\/Gramotnost_01_2020_FINAL-2.pdf\">PDF<\/a><\/em><\/strong><\/span><\/p>\n<p><span style=\"color: #339966\"><strong>3<\/strong><strong>\/2019<\/strong><\/span><br \/>\n<em>Editors:\u00a0 Kl\u00e1ra \u0160pa\u010dkov\u00e1, Monika Kadrno\u017ekov\u00e1<\/em><br \/>\nComplete <span style=\"color: #339966\"><strong><em><a style=\"color: #339966\" href=\"https:\/\/pages.pedf.cuni.cz\/gramotnost\/files\/2020\/08\/Gramotnost_03_2019-4.pdf\">PDF<\/a><\/em><\/strong><\/span><\/p>\n<p><span style=\"color: #339966\"><strong>2\/2019<\/strong><\/span><em><br \/>\n<\/em><span style=\"color: #339966\"><strong>Reading, mathematics, and science literacy in preschool education<\/strong><\/span><em><br \/>\nEditors:\u00a0 Eva Ryb\u00e1rov\u00e1 a Radka Wildov\u00e1<br \/>\nComplete <\/em><a href=\"https:\/\/pages.pedf.cuni.cz\/gramotnost\/files\/2019\/10\/Gramotnost_02_2019_FINAL.pdf\"><strong><em><span style=\"color: #339966\">PDF<\/span><\/em><\/strong><\/a><\/p>\n<p><span style=\"color: #339966\"><strong>1\/2019<\/strong><\/span><em><br \/>\n<\/em><span style=\"color: #339966\"><strong>School education, family influences, and their\u00a0relationship with\u00a0literacy<\/strong><\/span><em><br \/>\nEditors\u00a0 Pavla Presslerov\u00e1 a Hana Sot\u00e1kov\u00e1<br \/>\n<\/em>Complete <a href=\"https:\/\/pages.pedf.cuni.cz\/gramotnost\/files\/2019\/07\/Gramotnost_01_2019_FINAL2.pdf\"><span style=\"color: #339966\"><em><strong>PDF<\/strong><\/em><\/span><\/a><\/p>\n<p><span style=\"color: #339966\"><strong>3<\/strong><strong>\/2018<\/strong><\/span><br \/>\n<em>Editors:\u00a0 Kl\u00e1ra \u0160pa\u010dkov\u00e1<\/em><br \/>\nComplete <strong><em><a href=\"https:\/\/pages.pedf.cuni.cz\/gramotnost\/files\/2019\/06\/Gramotnost_03_2018_FINAL2-1.pdf\"><span style=\"color: #339966\">PDF<\/span><\/a><\/em><\/strong><\/p>\n<p><span style=\"color: #339966\"><strong>2\/2018<\/strong><em><br \/>\n<\/em><strong>Development of science, mathematics, and information literacy in the conditions of education<\/strong><\/span><em><br \/>\nEditors:\u00a0 Irena Bud\u00ednov\u00e1, Pavl\u00edna Maz\u00e1\u010dov\u00e1, Lenka Pavlasov\u00e1, Martin Rusek<br \/>\nComplete <\/em><a href=\"https:\/\/pages.pedf.cuni.cz\/gramotnost\/files\/2019\/02\/Gramotnost_02_2018.pdf\"><strong><em><span style=\"color: #339966\">PDF<\/span><\/em><\/strong><\/a><\/p>\n<p><span style=\"color: #339966\"><strong>1<\/strong><strong>\/2018<\/strong><\/span><br \/>\n<em>Editors:\u00a0 Anna Kucharsk\u00e1, Monika Kadrno\u017ekov\u00e1<\/em><br \/>\nComplete <strong><em><a href=\"https:\/\/pages.pedf.cuni.cz\/gramotnost\/files\/2018\/11\/Gramotnost_01_2018_FINAL_el4.pdf\"><span style=\"color: #339966\">PDF<\/span><\/a><\/em><\/strong><\/p>\n<p><span style=\"color: #339966\"><strong>3\/2017<\/strong><\/span><br \/>\n<span style=\"color: #339966\"><strong>Special Issue call for abstracts \u201cRelationship of Spoken Language Skills and\u00a0 Literacy Acquisition\u201d<\/strong><\/span><br \/>\n<em>Editors:\u00a0 Seidlov\u00e1 M\u00e1lkov\u00e1 Gabriela, \u0160pa\u010dkov\u00e1 Kl\u00e1ra<\/em><br \/>\nComplete <strong><em><a href=\"https:\/\/pages.pedf.cuni.cz\/gramotnost\/files\/2018\/06\/Gramotnost_03_FINAL.pdf\"><span style=\"color: #339966\">PDF<\/span><\/a><\/em><\/strong><\/p>\n<p><span style=\"color: #339966\"><strong>2\/2017<\/strong><\/span><br \/>\n<em>Editor: Anna Kucharsk\u00e1<\/em><br \/>\nComplete <a href=\"https:\/\/pages.pedf.cuni.cz\/gramotnost\/files\/2017\/05\/Gramotnost_pregramotnost_a_vzd%c4%9bl%c3%a1v%c3%a1n%c3%ad_2_2017.pdf\"><strong><em><span style=\"color: #339966\">PDF<\/span><\/em><\/strong><\/a><\/p>\n<p><span style=\"color: #339966\"><strong>1\/2017<\/strong><\/span><br \/>\n<span style=\"color: #339966\"><strong>Initial Reading: I read and become a reader (ways of connecting research and practice)<\/strong><\/span><br \/>\n<em>Editors: Anna Kucharsk\u00e1, Radka Wildov\u00e1, Kl\u00e1ra \u0160pa\u010dkov\u00e1<\/em><br \/>\nComplete <strong><em><a href=\"https:\/\/pages.pedf.cuni.cz\/gramotnost\/files\/2017\/01\/Gramotnost_01_FINAL_komplet.pdf\"><span style=\"color: #339966\">PDF<\/span><\/a><\/em><\/strong><\/p>\n<\/div>\n<\/div>\n","protected":false},"excerpt":{"rendered":"<p>3\/2022 University Counseling \u2013\u2060 Current Challenges and Trends Edito\u0159i: Anna Kucharsk\u00e1, Monika Kadrno\u017ekov\u00e1 Cel\u00e9 \u010d\u00edslo naleznete PDF 2\/2022 Editors: Anna Kucharsk\u00e1, Monika Kadrno\u017ekov\u00e1 Cel\u00e9 \u010d\u00edslo naleznete PDF 1\/2022 Editors: Anna Kucharsk\u00e1, Monika Kadrno\u017ekov\u00e1 Complete PDF 3\/2021\u00a0 Physical literacy and education Editors: So\u0148a Jandov\u00e1, Hana Dvo\u0159\u00e1kov\u00e1, Petr Vl\u010dek, Lenka Vojt\u00edkov\u00e1 Complete PDF 2\/2021\u00a0 Physical literacy and\u2026 <span class=\"read-more\"><a href=\"https:\/\/pages.pedf.cuni.cz\/gramotnost\/en\/complete-issues\/\">Read More &raquo;<\/a><\/span><\/p>\n","protected":false},"author":448,"featured_media":0,"parent":0,"menu_order":0,"comment_status":"closed","ping_status":"closed","template":"","meta":{"footnotes":""},"class_list":["post-74","page","type-page","status-publish","hentry"],"_links":{"self":[{"href":"https:\/\/pages.pedf.cuni.cz\/gramotnost\/wp-json\/wp\/v2\/pages\/74","targetHints":{"allow":["GET"]}}],"collection":[{"href":"https:\/\/pages.pedf.cuni.cz\/gramotnost\/wp-json\/wp\/v2\/pages"}],"about":[{"href":"https:\/\/pages.pedf.cuni.cz\/gramotnost\/wp-json\/wp\/v2\/types\/page"}],"author":[{"embeddable":true,"href":"https:\/\/pages.pedf.cuni.cz\/gramotnost\/wp-json\/wp\/v2\/users\/448"}],"replies":[{"embeddable":true,"href":"https:\/\/pages.pedf.cuni.cz\/gramotnost\/wp-json\/wp\/v2\/comments?post=74"}],"version-history":[{"count":84,"href":"https:\/\/pages.pedf.cuni.cz\/gramotnost\/wp-json\/wp\/v2\/pages\/74\/revisions"}],"predecessor-version":[{"id":2962,"href":"https:\/\/pages.pedf.cuni.cz\/gramotnost\/wp-json\/wp\/v2\/pages\/74\/revisions\/2962"}],"wp:attachment":[{"href":"https:\/\/pages.pedf.cuni.cz\/gramotnost\/wp-json\/wp\/v2\/media?parent=74"}],"curies":[{"name":"wp","href":"https:\/\/api.w.org\/{rel}","templated":true}]}}