{"id":759,"date":"2018-03-17T11:12:27","date_gmt":"2018-03-17T10:12:27","guid":{"rendered":"http:\/\/pages.pedf.cuni.cz\/gramotnost\/?page_id=759"},"modified":"2021-03-13T12:29:54","modified_gmt":"2021-03-13T11:29:54","slug":"3-2017","status":"publish","type":"page","link":"https:\/\/pages.pedf.cuni.cz\/gramotnost\/en\/3-2017\/","title":{"rendered":"3\/2017"},"content":{"rendered":"<div class=\"entry-content\">\n<p><span style=\"color: #339966;\"><strong>RELATIONSHIP OF LANGUAGE SKILLS AND LITERACY<\/strong><\/span><br \/>\n<span style=\"color: #339966;\">2017, VOLUME 1, NUMBER 3<\/span><\/p>\n<p><strong><span style=\"color: #339966;\">Content<\/span><\/strong><br \/>\n<em>full text <span style=\"color: #339966;\"><a style=\"color: #339966;\" href=\"https:\/\/pages.pedf.cuni.cz\/gramotnost\/files\/2018\/07\/Gramotnost_03_obsah.pdf\"><strong>PDF<\/strong><\/a><\/span><br \/>\n<\/em><\/p>\n<p><strong><span style=\"color: #339966;\">Editorial<\/span><\/strong><br \/>\nKl\u00e1ra\u00a0\u0160pa\u010dkov\u00e1,\u00a0Gabriela\u00a0M\u00e1lkov\u00e1\u00a0Seidlov\u00e1<br \/>\n<em>full text <span style=\"color: #339966;\"><a style=\"color: #339966;\" href=\"https:\/\/pages.pedf.cuni.cz\/gramotnost\/files\/2018\/06\/Gramotnost_03_Editorial.pdf\"><strong>PDF<\/strong><\/a><\/span><br \/>\n<\/em><\/p>\n<p><strong><span style=\"color: #339966;\">SYSTEMATIC REVIEW<\/span><\/strong><br \/>\nLinks between SLI, motor development and literacy acquisition in children<br \/>\nMarja\u00a0Volemanov\u00e1, Lea Kv\u011bto\u0148ov\u00e1<br \/>\n<em>full text <strong><a href=\"https:\/\/pages.pedf.cuni.cz\/gramotnost\/files\/2018\/06\/Gramotnost_03_Volemanova_Kvetonova.pdf\"><span style=\"color: #339966;\">PDF<\/span><\/a><\/strong><\/em><\/p>\n<p><strong><span style=\"color: #339966;\">EMPIRICAL PAPERS<\/span><\/strong><br \/>\nThe\u00a0literacy\u00a0profiles\u00a0of\u00a0Czech\u00a0precocious\u00a0readers<br \/>\nGabriela\u00a0M\u00e1lkov\u00e1\u00a0Seidlov\u00e1<br \/>\n<em>full text <span style=\"color: #339966;\"><strong><a style=\"color: #339966;\" href=\"https:\/\/pages.pedf.cuni.cz\/gramotnost\/files\/2018\/06\/Gramotnost_03_Malkova_Seidlova.pdf\">PDF<\/a><\/strong><\/span><\/em><\/p>\n<p>Silent reading comprehension in fifth grade pupils<br \/>\nZuzana\u00a0Ho\u017edorov\u00e1\u00a0,\u00a0Olga\u00a0Ku\u010derov\u00e1<br \/>\n<em>full text <strong><a href=\"https:\/\/pages.pedf.cuni.cz\/gramotnost\/files\/2018\/06\/Gramotnost_03_Hozdorova_Kucerova.pdf\"><span style=\"color: #339966;\">PDF<\/span><\/a><\/strong><\/em><\/p>\n<p>Children with specific language impairment through the CCC-2 questionnaire<br \/>\nAnna\u00a0Kucharsk\u00e1,\u00a0Helena\u00a0Podp\u011brov\u00e1<br \/>\n<em>full text <strong><a href=\"https:\/\/pages.pedf.cuni.cz\/gramotnost\/files\/2018\/06\/Gramotnost_03_Podperova_Kucharska.pdf\"><span style=\"color: #339966;\">PDF<\/span><\/a><\/strong><\/em><\/p>\n<p><strong><span style=\"color: #339966;\">REPORT<\/span><\/strong><br \/>\nIncreasing quality in education of pupils, development of key competencies, educational areas and literacies<br \/>\nKl\u00e1ra\u00a0\u0160pa\u010dkov\u00e1,\u00a0Anna\u00a0Kucharsk\u00e1<br \/>\n<em>full text <strong><a href=\"https:\/\/pages.pedf.cuni.cz\/gramotnost\/files\/2018\/06\/Gramotnost_03_Zprava.pdf\"><span style=\"color: #339966;\">PDF<\/span><\/a><\/strong><\/em><\/p>\n<p>European Literacy Network, ELN \u2013 report on activities and events<br \/>\nGabriela\u00a0M\u00e1lkov\u00e1\u00a0Seidlov\u00e1<br \/>\n<em>full text <span style=\"color: #339966;\"><strong><a style=\"color: #339966;\" href=\"https:\/\/pages.pedf.cuni.cz\/gramotnost\/files\/2018\/06\/Gramotnost_03_Zprava2.pdf\">PDF<\/a><\/strong><\/span><\/em><\/p>\n<ul>\n<li><em>The complete issue <\/em><strong><span style=\"color: #339966;\"><em>The Literacy, Preliteracy and Education<\/em><\/span><\/strong><br \/>\n2018, Volume 1, Number 3<br \/>\n<em>full text <a href=\"https:\/\/pages.pedf.cuni.cz\/gramotnost\/files\/2018\/12\/Gramotnost_03_FINAL.pdf\"><strong><span style=\"color: #339966;\">PDF<\/span><\/strong><\/a><\/em><\/li>\n<\/ul>\n<\/div>\n","protected":false},"excerpt":{"rendered":"<p>RELATIONSHIP OF LANGUAGE SKILLS AND LITERACY 2017, VOLUME 1, NUMBER 3 Content full text PDF Editorial Kl\u00e1ra\u00a0\u0160pa\u010dkov\u00e1,\u00a0Gabriela\u00a0M\u00e1lkov\u00e1\u00a0Seidlov\u00e1 full text PDF SYSTEMATIC REVIEW Links between SLI, motor development and literacy acquisition in children Marja\u00a0Volemanov\u00e1, Lea Kv\u011bto\u0148ov\u00e1 full text PDF EMPIRICAL PAPERS The\u00a0literacy\u00a0profiles\u00a0of\u00a0Czech\u00a0precocious\u00a0readers Gabriela\u00a0M\u00e1lkov\u00e1\u00a0Seidlov\u00e1 full text PDF Silent reading comprehension in fifth grade pupils Zuzana\u00a0Ho\u017edorov\u00e1\u00a0,\u00a0Olga\u00a0Ku\u010derov\u00e1 full text\u2026 <span class=\"read-more\"><a href=\"https:\/\/pages.pedf.cuni.cz\/gramotnost\/en\/3-2017\/\">Read More &raquo;<\/a><\/span><\/p>\n","protected":false},"author":448,"featured_media":0,"parent":0,"menu_order":0,"comment_status":"closed","ping_status":"closed","template":"","meta":{"footnotes":""},"class_list":["post-759","page","type-page","status-publish","hentry"],"_links":{"self":[{"href":"https:\/\/pages.pedf.cuni.cz\/gramotnost\/wp-json\/wp\/v2\/pages\/759","targetHints":{"allow":["GET"]}}],"collection":[{"href":"https:\/\/pages.pedf.cuni.cz\/gramotnost\/wp-json\/wp\/v2\/pages"}],"about":[{"href":"https:\/\/pages.pedf.cuni.cz\/gramotnost\/wp-json\/wp\/v2\/types\/page"}],"author":[{"embeddable":true,"href":"https:\/\/pages.pedf.cuni.cz\/gramotnost\/wp-json\/wp\/v2\/users\/448"}],"replies":[{"embeddable":true,"href":"https:\/\/pages.pedf.cuni.cz\/gramotnost\/wp-json\/wp\/v2\/comments?post=759"}],"version-history":[{"count":40,"href":"https:\/\/pages.pedf.cuni.cz\/gramotnost\/wp-json\/wp\/v2\/pages\/759\/revisions"}],"predecessor-version":[{"id":2072,"href":"https:\/\/pages.pedf.cuni.cz\/gramotnost\/wp-json\/wp\/v2\/pages\/759\/revisions\/2072"}],"wp:attachment":[{"href":"https:\/\/pages.pedf.cuni.cz\/gramotnost\/wp-json\/wp\/v2\/media?parent=759"}],"curies":[{"name":"wp","href":"https:\/\/api.w.org\/{rel}","templated":true}]}}