{"id":792,"date":"2018-04-29T16:23:31","date_gmt":"2018-04-29T14:23:31","guid":{"rendered":"http:\/\/pages.pedf.cuni.cz\/gramotnost\/?page_id=792"},"modified":"2021-03-13T12:18:42","modified_gmt":"2021-03-13T11:18:42","slug":"2018-2","status":"publish","type":"page","link":"https:\/\/pages.pedf.cuni.cz\/gramotnost\/en\/2018-2\/","title":{"rendered":"2018"},"content":{"rendered":"<div class=\"entry-content\">\n<div class=\"entry-content\">\n<p><span style=\"color: #339966;\"><strong>1\/2018<\/strong><\/span><br \/>\n<em>Editors: Anna Kucharsk\u00e1, Monika Kadrno\u017ekov\u00e1<\/em><br \/>\n<em>full text\u00a0 <a href=\"https:\/\/pages.pedf.cuni.cz\/gramotnost\/files\/2018\/11\/Gramotnost_01_2018_FINAL_el4.pdf\"><strong><span style=\"color: #339966;\">PDF<\/span><\/strong><\/a><\/em><\/p>\n<p><span style=\"color: #339966;\"><strong>2\/2018<\/strong><\/span><br \/>\n<span style=\"color: #339966;\"><strong>Rozvoj p\u0159\u00edrodov\u011bdn\u00e9, matematick\u00e9 a informa\u010dn\u00ed gramotnosti v podm\u00ednk\u00e1ch sou\u010dasn\u00e9ho \u0161kolstv\u00ed<\/strong><\/span><br \/>\n<em>Editors: Irena Bud\u00ednov\u00e1, Pavl\u00edna Maz\u00e1\u010dov\u00e1, Lenka Pavlasov\u00e1, Martin Rusek<\/em><br \/>\n<em>full text<\/em> <a href=\"https:\/\/pages.pedf.cuni.cz\/gramotnost\/files\/2019\/02\/Gramotnost_02_2018.pdf\"><strong><em><span style=\"color: #339966;\">PDF<\/span><\/em><\/strong><\/a><\/p>\n<p><span style=\"color: #339966;\"><strong>3\/2018<\/strong><\/span><br \/>\n<em>Editor<\/em>: <em>Kl\u00e1ra \u0160pa\u010dkov\u00e1<\/em><br \/>\n<em>full text<\/em> <strong><em><a href=\"https:\/\/pages.pedf.cuni.cz\/gramotnost\/files\/2019\/06\/Gramotnost_03_2018_FINAL2-1.pdf\"><span style=\"color: #339966;\">PDF<\/span><\/a><\/em><\/strong><\/p>\n<\/div>\n<\/div>\n","protected":false},"excerpt":{"rendered":"<p>1\/2018 Editors: Anna Kucharsk\u00e1, Monika Kadrno\u017ekov\u00e1 full text\u00a0 PDF 2\/2018 Rozvoj p\u0159\u00edrodov\u011bdn\u00e9, matematick\u00e9 a informa\u010dn\u00ed gramotnosti v podm\u00ednk\u00e1ch sou\u010dasn\u00e9ho \u0161kolstv\u00ed Editors: Irena Bud\u00ednov\u00e1, Pavl\u00edna Maz\u00e1\u010dov\u00e1, Lenka Pavlasov\u00e1, Martin Rusek full text PDF 3\/2018 Editor: Kl\u00e1ra \u0160pa\u010dkov\u00e1 full text PDF<\/p>\n","protected":false},"author":448,"featured_media":0,"parent":0,"menu_order":0,"comment_status":"closed","ping_status":"closed","template":"","meta":{"footnotes":""},"class_list":["post-792","page","type-page","status-publish","hentry"],"_links":{"self":[{"href":"https:\/\/pages.pedf.cuni.cz\/gramotnost\/wp-json\/wp\/v2\/pages\/792","targetHints":{"allow":["GET"]}}],"collection":[{"href":"https:\/\/pages.pedf.cuni.cz\/gramotnost\/wp-json\/wp\/v2\/pages"}],"about":[{"href":"https:\/\/pages.pedf.cuni.cz\/gramotnost\/wp-json\/wp\/v2\/types\/page"}],"author":[{"embeddable":true,"href":"https:\/\/pages.pedf.cuni.cz\/gramotnost\/wp-json\/wp\/v2\/users\/448"}],"replies":[{"embeddable":true,"href":"https:\/\/pages.pedf.cuni.cz\/gramotnost\/wp-json\/wp\/v2\/comments?post=792"}],"version-history":[{"count":20,"href":"https:\/\/pages.pedf.cuni.cz\/gramotnost\/wp-json\/wp\/v2\/pages\/792\/revisions"}],"predecessor-version":[{"id":2052,"href":"https:\/\/pages.pedf.cuni.cz\/gramotnost\/wp-json\/wp\/v2\/pages\/792\/revisions\/2052"}],"wp:attachment":[{"href":"https:\/\/pages.pedf.cuni.cz\/gramotnost\/wp-json\/wp\/v2\/media?parent=792"}],"curies":[{"name":"wp","href":"https:\/\/api.w.org\/{rel}","templated":true}]}}