{"id":799,"date":"2018-04-29T23:13:42","date_gmt":"2018-04-29T21:13:42","guid":{"rendered":"http:\/\/pages.pedf.cuni.cz\/gramotnost\/?page_id=799"},"modified":"2021-03-13T12:21:38","modified_gmt":"2021-03-13T11:21:38","slug":"2018-1","status":"publish","type":"page","link":"https:\/\/pages.pedf.cuni.cz\/gramotnost\/en\/2018-1\/","title":{"rendered":"1\/2018"},"content":{"rendered":"<p><strong><span style=\"color: #339966;\">2018, VOLUME 2, NUMBER 1<\/span><br \/>\n<\/strong><\/p>\n<p><span style=\"color: #339966;\"><strong>Content<\/strong><\/span><br \/>\n<em>full text<span style=\"color: #339966;\"> <strong><a style=\"color: #339966;\" href=\"https:\/\/pages.pedf.cuni.cz\/gramotnost\/files\/2018\/11\/Obsah-1.pdf\">PDF<\/a><\/strong><\/span><br \/>\n<\/em><\/p>\n<p><span style=\"color: #339966;\"><strong>Editorial<\/strong><\/span><br \/>\n<em>Anna Kucharsk\u00e1, Monika Kadrno\u017ekov\u00e1<\/em><br \/>\n<em>full text <strong><a href=\"https:\/\/pages.pedf.cuni.cz\/gramotnost\/files\/2018\/11\/Editorial.pdf\"><span style=\"color: #339966;\">PDF<\/span><\/a><\/strong><\/em><\/p>\n<p><strong><span style=\"color: #339966;\">EMPIRICAL PAPERS<\/span><\/strong><br \/>\nThe Quality of the Reading Grammings of Primary School Pupils<br \/>\nPavl\u00edna Ne\u0161n\u011brov\u00e1<br \/>\n<em>full text <a href=\"https:\/\/pages.pedf.cuni.cz\/gramotnost\/files\/2018\/11\/01_Nesnerova.pdf\"><strong><span style=\"color: #339966;\">PDF<\/span><\/strong><\/a><\/em><\/p>\n<p>Reading Literacy from Point of View of Framework Education Programmes and School Education Programmes<br \/>\nVeronika Laufkov\u00e1<br \/>\n<em>full text <strong><a href=\"https:\/\/pages.pedf.cuni.cz\/gramotnost\/files\/2018\/11\/02_Laufkova.pdf\"><span style=\"color: #339966;\">PDF<\/span><\/a><\/strong><\/em><\/p>\n<p>Comparison of Reading Literacy and Metacognitive Monitoring Levels among Pupils of Unspecialized Primary Schools and Pupils Attending Schools that Implement Dalton Plan Features<br \/>\nJaroslav \u0158\u00ed\u010dan, Barbora Lankov\u00e1, Alena Nov\u00e1kov\u00e1, Ladislav Zilcher<br \/>\n<em>full text <a href=\"https:\/\/pages.pedf.cuni.cz\/gramotnost\/files\/2018\/11\/03_Rican.pdf\"><strong><span style=\"color: #339966;\">PDF<\/span><\/strong><\/a><\/em><\/p>\n<p>The Development of Thinking in Context by Means of the Method of Associations and Knowledge Strings<br \/>\nPetr And\u011bl, V\u011bra Vykoukalov\u00e1<br \/>\n<em>full text <a href=\"https:\/\/pages.pedf.cuni.cz\/gramotnost\/files\/2018\/11\/04_Andel.pdf\"><strong><span style=\"color: #339966;\">PDF<\/span><\/strong><\/a><\/em><\/p>\n<p>Written Expression among Fifth Grade Pupils<br \/>\nMichaela Karasov\u00e1, Anna Kucharsk\u00e1<br \/>\n<em>full text<strong><span style=\"color: #339966;\"> <a style=\"color: #339966;\" href=\"https:\/\/pages.pedf.cuni.cz\/gramotnost\/files\/2018\/11\/05_Karasova-2.pdf\">PDF<\/a><\/span><\/strong><\/em><\/p>\n<p>Multilingual Classrooms \u2013 Teachers\u00b4 Views in Slovakia toward Education of Immigrant Children<br \/>\nMikulajov\u00e1 a kol.<br \/>\n<em>full text <a href=\"https:\/\/pages.pedf.cuni.cz\/gramotnost\/files\/2018\/11\/06_Mikulajova.pdfhttps:\/\/pages.pedf.cuni.cz\/gramotnost\/files\/2018\/11\/06_Mikulajova.pdf\"><strong><span style=\"color: #339966;\">PDF<\/span><\/strong><\/a><\/em><\/p>\n<p><span style=\"color: #339966;\"><strong>REPORT<\/strong><\/span><br \/>\nWorld Literacy Summit 2018<br \/>\nRadka Wildov\u00e1, Jolana Ronkov\u00e1<br \/>\n<em>full text <a href=\"https:\/\/pages.pedf.cuni.cz\/gramotnost\/files\/2018\/11\/Zprava.pdf\"><strong><span style=\"color: #339966;\">PDF<\/span><\/strong><\/a><\/em><\/p>\n<ul>\n<li><em>The complete<strong> <span style=\"color: #339966;\">The Literacy, Preliteracy and Education<\/span><\/strong><\/em><br \/>\n2018, Volume 1, Number 2<br \/>\n<em>full text <a href=\"https:\/\/pages.pedf.cuni.cz\/gramotnost\/files\/2018\/11\/Gramotnost_01_2018_FINAL_el4-1.pdf\"><span style=\"color: #339966;\"><strong>PDF<\/strong><\/span><\/a><\/em><\/li>\n<\/ul>\n","protected":false},"excerpt":{"rendered":"<p>2018, VOLUME 2, NUMBER 1 Content full text PDF Editorial Anna Kucharsk\u00e1, Monika Kadrno\u017ekov\u00e1 full text PDF EMPIRICAL PAPERS The Quality of the Reading Grammings of Primary School Pupils Pavl\u00edna Ne\u0161n\u011brov\u00e1 full text PDF Reading Literacy from Point of View of Framework Education Programmes and School Education Programmes Veronika Laufkov\u00e1 full text PDF Comparison of\u2026 <span class=\"read-more\"><a href=\"https:\/\/pages.pedf.cuni.cz\/gramotnost\/en\/2018-1\/\">Read More &raquo;<\/a><\/span><\/p>\n","protected":false},"author":448,"featured_media":0,"parent":0,"menu_order":0,"comment_status":"closed","ping_status":"closed","template":"","meta":{"footnotes":""},"class_list":["post-799","page","type-page","status-publish","hentry"],"_links":{"self":[{"href":"https:\/\/pages.pedf.cuni.cz\/gramotnost\/wp-json\/wp\/v2\/pages\/799","targetHints":{"allow":["GET"]}}],"collection":[{"href":"https:\/\/pages.pedf.cuni.cz\/gramotnost\/wp-json\/wp\/v2\/pages"}],"about":[{"href":"https:\/\/pages.pedf.cuni.cz\/gramotnost\/wp-json\/wp\/v2\/types\/page"}],"author":[{"embeddable":true,"href":"https:\/\/pages.pedf.cuni.cz\/gramotnost\/wp-json\/wp\/v2\/users\/448"}],"replies":[{"embeddable":true,"href":"https:\/\/pages.pedf.cuni.cz\/gramotnost\/wp-json\/wp\/v2\/comments?post=799"}],"version-history":[{"count":29,"href":"https:\/\/pages.pedf.cuni.cz\/gramotnost\/wp-json\/wp\/v2\/pages\/799\/revisions"}],"predecessor-version":[{"id":2058,"href":"https:\/\/pages.pedf.cuni.cz\/gramotnost\/wp-json\/wp\/v2\/pages\/799\/revisions\/2058"}],"wp:attachment":[{"href":"https:\/\/pages.pedf.cuni.cz\/gramotnost\/wp-json\/wp\/v2\/media?parent=799"}],"curies":[{"name":"wp","href":"https:\/\/api.w.org\/{rel}","templated":true}]}}