{"id":802,"date":"2018-04-30T07:18:04","date_gmt":"2018-04-30T05:18:04","guid":{"rendered":"http:\/\/pages.pedf.cuni.cz\/gramotnost\/?page_id=802"},"modified":"2021-03-13T12:20:35","modified_gmt":"2021-03-13T11:20:35","slug":"2018-2-2","status":"publish","type":"page","link":"https:\/\/pages.pedf.cuni.cz\/gramotnost\/en\/2018-2-2\/","title":{"rendered":"2\/2018"},"content":{"rendered":"<p><span style=\"color: #339966;\"><strong>The Literacy, Preliteracy and Education &#8211; focus on scientific literacy, mathematical and information literacy<\/strong><\/span><br \/>\n<span style=\"color: #339966;\">2018, VOLUME 2, NUMBER 2<\/span><\/p>\n<p><span style=\"color: #339966;\"><strong>Content<\/strong><\/span><br \/>\n<em>full text <span style=\"color: #339966;\"><strong><a style=\"color: #339966;\" href=\"https:\/\/pages.pedf.cuni.cz\/gramotnost\/files\/2019\/01\/Obsah.pdf\">PDF<\/a><\/strong><\/span><br \/>\n<\/em><\/p>\n<p><span style=\"color: #339966;\"><strong>Editorial<\/strong><\/span><br \/>\n<em>Irena Bud\u00ednov\u00e1, Pavl\u00edna Maz\u00e1\u010dov\u00e1, Lenka Pavlasov\u00e1, Martin Rusek<\/em><br \/>\n<em>full text <a href=\"https:\/\/pages.pedf.cuni.cz\/gramotnost\/files\/2019\/01\/Editorial.pdf\"><span style=\"color: #339966;\"><strong>PDF<\/strong><\/span><\/a><\/em><\/p>\n<p><span style=\"color: #008000;\"><strong>SYSTEMATIC REVIEW<\/strong><\/span><br \/>\nDigital Literacy in the Context of Contemporary Education<br \/>\nTom\u00e1\u0161 Je\u0159\u00e1bek, Vladim\u00edr Rambousek, Petra Va\u0148kov\u00e1<br \/>\n<em>full text <\/em><span style=\"color: #008080;\"><strong><a style=\"color: #008080;\" href=\"https:\/\/pages.pedf.cuni.cz\/gramotnost\/files\/2019\/01\/01_Jerabek.pdf\"><span style=\"color: #339966;\"><em>PDF<\/em><\/span><\/a><\/strong><\/span><\/p>\n<p><span style=\"color: #339966;\"><strong>EMPIRICAL PAPERS<\/strong><\/span><br \/>\nDeveloping of Information Literacy in Educational Practice at a Laboratory Primary School: Case Study<br \/>\nPavl\u00edna Maz\u00e1\u010dov\u00e1, Marta Zonkov\u00e1<br \/>\n<em>full text <span style=\"color: #339966;\"><strong><a style=\"color: #339966;\" href=\"https:\/\/pages.pedf.cuni.cz\/gramotnost\/files\/2019\/01\/02_Mazacova.pdf\">PDF<\/a><\/strong><\/span><\/em><\/p>\n<p>Plane Analytic Geometry Propedeutics<br \/>\nVlasta Moravcov\u00e1, \u0160t\u011bp\u00e1nka Ka\u0148kov\u00e1<br \/>\n<em>full text <a href=\"https:\/\/pages.pedf.cuni.cz\/gramotnost\/files\/2019\/01\/03_Moravcova.pdf\"><span style=\"color: #339966;\"><strong>PDF<\/strong><\/span><\/a><\/em><\/p>\n<p>Accuracy and Speed in Numerosity at Individuals with Dyscalculia<br \/>\nKate\u0159ina Pra\u017e\u00e1kov\u00e1, Kl\u00e1ra \u0160pa\u010dkov\u00e1<br \/>\n<em>full text <a href=\"https:\/\/pages.pedf.cuni.cz\/gramotnost\/files\/2019\/01\/04_Prazakova.pdf\"><span style=\"color: #339966;\"><strong>PDF<\/strong><\/span><\/a><\/em><\/p>\n<p>Differentiated and Individualised Teaching Mathematics at Basic School<br \/>\nIrena Bud\u00ednov\u00e1, R\u016f\u017eena Bla\u017ekov\u00e1, Dana Ciglov\u00e1, Kamila Hr\u010dkov\u00e1, Ivana Janou\u0161ov\u00e1, Marcela Lehotsk\u00e1, Petr Mutina, Jana Ryglov\u00e1<br \/>\n<em>full text <a href=\"https:\/\/pages.pedf.cuni.cz\/gramotnost\/files\/2019\/01\/05_Budinova.pdf\"><span style=\"color: #339966;\"><strong>PDF<\/strong><\/span><\/a><\/em><\/p>\n<p><span style=\"color: #339966;\"><strong>BOOK REVIEWS<\/strong><\/span><br \/>\n\u010cinnosti k rozv\u00edjen\u00ed p\u0159\u00edrodov\u011bdn\u00e9 gramotnosti v p\u0159ed\u0161koln\u00edm vzd\u011bl\u00e1v\u00e1n\u00ed<br \/>\nSo\u0148a Ko\u0165\u00e1tkov\u00e1<br \/>\n<em>full text <span style=\"color: #339966;\"><strong><a style=\"color: #339966;\" href=\"https:\/\/pages.pedf.cuni.cz\/gramotnost\/files\/2019\/01\/Recenze.pdf\">PDF<\/a><\/strong><\/span><br \/>\n<\/em><\/p>\n<ul>\n<li><em>The complete issue <\/em><strong><span style=\"color: #339966;\"><em>The Literacy, Preliteracy and Education &#8211; focus on scientific literacy, mathematical and information literacy<\/em><\/span><\/strong><br \/>\n2018, Volume 2, Number 2<br \/>\n<em>full text <a href=\"https:\/\/pages.pedf.cuni.cz\/gramotnost\/files\/2019\/01\/Gramotnost_02_2018_KOMPLET.pdf\"><span style=\"color: #339966;\"><strong>PDF<\/strong><\/span><\/a><\/em><\/li>\n<\/ul>\n","protected":false},"excerpt":{"rendered":"<p>The Literacy, Preliteracy and Education &#8211; focus on scientific literacy, mathematical and information literacy 2018, VOLUME 2, NUMBER 2 Content full text PDF Editorial Irena Bud\u00ednov\u00e1, Pavl\u00edna Maz\u00e1\u010dov\u00e1, Lenka Pavlasov\u00e1, Martin Rusek full text PDF SYSTEMATIC REVIEW Digital Literacy in the Context of Contemporary Education Tom\u00e1\u0161 Je\u0159\u00e1bek, Vladim\u00edr Rambousek, Petra Va\u0148kov\u00e1 full text PDF EMPIRICAL\u2026 <span class=\"read-more\"><a href=\"https:\/\/pages.pedf.cuni.cz\/gramotnost\/en\/2018-2-2\/\">Read More &raquo;<\/a><\/span><\/p>\n","protected":false},"author":448,"featured_media":0,"parent":0,"menu_order":0,"comment_status":"closed","ping_status":"closed","template":"","meta":{"footnotes":""},"class_list":["post-802","page","type-page","status-publish","hentry"],"_links":{"self":[{"href":"https:\/\/pages.pedf.cuni.cz\/gramotnost\/wp-json\/wp\/v2\/pages\/802","targetHints":{"allow":["GET"]}}],"collection":[{"href":"https:\/\/pages.pedf.cuni.cz\/gramotnost\/wp-json\/wp\/v2\/pages"}],"about":[{"href":"https:\/\/pages.pedf.cuni.cz\/gramotnost\/wp-json\/wp\/v2\/types\/page"}],"author":[{"embeddable":true,"href":"https:\/\/pages.pedf.cuni.cz\/gramotnost\/wp-json\/wp\/v2\/users\/448"}],"replies":[{"embeddable":true,"href":"https:\/\/pages.pedf.cuni.cz\/gramotnost\/wp-json\/wp\/v2\/comments?post=802"}],"version-history":[{"count":36,"href":"https:\/\/pages.pedf.cuni.cz\/gramotnost\/wp-json\/wp\/v2\/pages\/802\/revisions"}],"predecessor-version":[{"id":2056,"href":"https:\/\/pages.pedf.cuni.cz\/gramotnost\/wp-json\/wp\/v2\/pages\/802\/revisions\/2056"}],"wp:attachment":[{"href":"https:\/\/pages.pedf.cuni.cz\/gramotnost\/wp-json\/wp\/v2\/media?parent=802"}],"curies":[{"name":"wp","href":"https:\/\/api.w.org\/{rel}","templated":true}]}}