{"id":804,"date":"2018-04-30T07:18:54","date_gmt":"2018-04-30T05:18:54","guid":{"rendered":"http:\/\/pages.pedf.cuni.cz\/gramotnost\/?page_id=804"},"modified":"2021-03-13T12:19:32","modified_gmt":"2021-03-13T11:19:32","slug":"2018-3","status":"publish","type":"page","link":"https:\/\/pages.pedf.cuni.cz\/gramotnost\/en\/2018-3\/","title":{"rendered":"3\/2018"},"content":{"rendered":"<div class=\"entry-content\">\n<p><strong><span style=\"color: #339966;\">2018, VOLUME 2,NUMBER 3<\/span><\/strong><\/p>\n<p><span style=\"color: #339966;\"><strong>Content<\/strong><\/span><br \/>\n<em>full text <strong><span style=\"color: #339966;\"><a style=\"color: #339966;\" href=\"https:\/\/pages.pedf.cuni.cz\/gramotnost\/files\/2019\/06\/Obsah.pdf\">PDF<\/a><\/span><\/strong><br \/>\n<\/em><\/p>\n<p><span style=\"color: #339966;\"><strong>Editorial<\/strong><\/span><br \/>\nKl\u00e1ra \u0160pa\u010dkov\u00e1<br \/>\n<em>full text <strong><span style=\"color: #339966;\"><a style=\"color: #339966;\" href=\"https:\/\/pages.pedf.cuni.cz\/gramotnost\/files\/2019\/06\/Editorial-1.pdf\">PDF<\/a><\/span><\/strong><br \/>\n<\/em><\/p>\n<p><span style=\"color: #339966;\"><strong>THEORETICAL PAPERS<\/strong><\/span><br \/>\nMusical literacy<br \/>\nMichal Ned\u011blka, Zuzana Sel\u010danov\u00e1<br \/>\n<em>full text <a href=\"https:\/\/pages.pedf.cuni.cz\/gramotnost\/files\/2019\/06\/01_Nedelka-1.pdf\"><span style=\"color: #339966;\"><strong>PDF<\/strong><\/span><\/a><\/em><\/p>\n<p><span style=\"color: #339966;\"><strong>EMPIRICAL PAPERS<\/strong><\/span><br \/>\nPragmatic Communication Disorder in Socially Disadvantaged First-Grade Pupils<br \/>\nPavel Pe\u0161at, Ilona Pe\u0161atov\u00e1, V\u00e1clava Tomick\u00e1<br \/>\n<em>full text <a href=\"https:\/\/pages.pedf.cuni.cz\/gramotnost\/files\/2019\/06\/02_Pesat-1.pdf\"><span style=\"color: #339966;\"><strong>PDF<\/strong><\/span><\/a><\/em><\/p>\n<p>The level of reading literacy in pupils at the end of the first grade of elementary school<br \/>\nMartina Fasnerov\u00e1, Jitka Petrov\u00e1<br \/>\n<em>full text <a href=\"https:\/\/pages.pedf.cuni.cz\/gramotnost\/files\/2019\/06\/03_Fasnerova-1.pdf\"><span style=\"color: #339966;\"><strong>PDF<\/strong><\/span><\/a><\/em><\/p>\n<p>Developing reading literacy in teaching of geography<br \/>\nMartina \u0160kodov\u00e1, Tom\u00e1\u0161 Sl\u00e1vik<br \/>\n<em>full text <a href=\"https:\/\/pages.pedf.cuni.cz\/gramotnost\/files\/2019\/06\/04_Skodova-2.pdf\"><span style=\"color: #339966;\"><strong>PDF<\/strong><\/span><\/a><\/em><\/p>\n<p><span style=\"color: #339966;\"><strong>REPORTS<\/strong><\/span><br \/>\nKey Literacy Skills for Primary School Pupils \u2013 Diagnostic Battery<br \/>\nAnna Kucharsk\u00e1, Kl\u00e1ra \u0160pa\u010dkov\u00e1<br \/>\n<em>full text <a href=\"https:\/\/pages.pedf.cuni.cz\/gramotnost\/files\/2019\/06\/Zprava-1.pdf\"><span style=\"color: #339966;\"><strong>PDF<\/strong><\/span><\/a><\/em><\/p>\n<ul>\n<li>T<em>he complete issue <\/em><span style=\"color: #339966;\"><strong><em>The Literacy, Preliteracy and Education<\/em><\/strong><\/span><br \/>\n<span style=\"color: #333333;\">2018, Volume 2, Number 3<\/span><br \/>\n<em>full text <span style=\"color: #339966;\"><a style=\"color: #339966;\" href=\"https:\/\/pages.pedf.cuni.cz\/gramotnost\/files\/2019\/06\/Gramotnost_03_2018_FINAL2-2.pdf\"><strong>PDF<\/strong><\/a><\/span><\/em><\/li>\n<\/ul>\n<\/div>\n","protected":false},"excerpt":{"rendered":"<p>2018, VOLUME 2,NUMBER 3 Content full text PDF Editorial Kl\u00e1ra \u0160pa\u010dkov\u00e1 full text PDF THEORETICAL PAPERS Musical literacy Michal Ned\u011blka, Zuzana Sel\u010danov\u00e1 full text PDF EMPIRICAL PAPERS Pragmatic Communication Disorder in Socially Disadvantaged First-Grade Pupils Pavel Pe\u0161at, Ilona Pe\u0161atov\u00e1, V\u00e1clava Tomick\u00e1 full text PDF The level of reading literacy in pupils at the end of\u2026 <span class=\"read-more\"><a href=\"https:\/\/pages.pedf.cuni.cz\/gramotnost\/en\/2018-3\/\">Read More &raquo;<\/a><\/span><\/p>\n","protected":false},"author":448,"featured_media":0,"parent":0,"menu_order":0,"comment_status":"closed","ping_status":"closed","template":"","meta":{"footnotes":""},"class_list":["post-804","page","type-page","status-publish","hentry"],"_links":{"self":[{"href":"https:\/\/pages.pedf.cuni.cz\/gramotnost\/wp-json\/wp\/v2\/pages\/804","targetHints":{"allow":["GET"]}}],"collection":[{"href":"https:\/\/pages.pedf.cuni.cz\/gramotnost\/wp-json\/wp\/v2\/pages"}],"about":[{"href":"https:\/\/pages.pedf.cuni.cz\/gramotnost\/wp-json\/wp\/v2\/types\/page"}],"author":[{"embeddable":true,"href":"https:\/\/pages.pedf.cuni.cz\/gramotnost\/wp-json\/wp\/v2\/users\/448"}],"replies":[{"embeddable":true,"href":"https:\/\/pages.pedf.cuni.cz\/gramotnost\/wp-json\/wp\/v2\/comments?post=804"}],"version-history":[{"count":30,"href":"https:\/\/pages.pedf.cuni.cz\/gramotnost\/wp-json\/wp\/v2\/pages\/804\/revisions"}],"predecessor-version":[{"id":2054,"href":"https:\/\/pages.pedf.cuni.cz\/gramotnost\/wp-json\/wp\/v2\/pages\/804\/revisions\/2054"}],"wp:attachment":[{"href":"https:\/\/pages.pedf.cuni.cz\/gramotnost\/wp-json\/wp\/v2\/media?parent=804"}],"curies":[{"name":"wp","href":"https:\/\/api.w.org\/{rel}","templated":true}]}}