{"id":3,"date":"2014-10-24T09:50:19","date_gmt":"2014-10-24T07:50:19","guid":{"rendered":"http:\/\/pages.pedf.cuni.cz\/hudebnivychova\/?page_id=3"},"modified":"2023-03-28T17:19:04","modified_gmt":"2023-03-28T15:19:04","slug":"uvodni-stranka","status":"publish","type":"page","link":"https:\/\/pages.pedf.cuni.cz\/hudebnivychova\/","title":{"rendered":"\u010casopis Hudebn\u00ed v\u00fdchova"},"content":{"rendered":"<ul>\n<li class=\"styl2\"><span style=\"color: #000000\">vyd\u00e1v\u00e1 Pedagogick\u00e1 fakulta Univerzity Karlovy za finan\u010dn\u00ed spolu\u00fa\u010dasti Nadace \u010cesk\u00e9ho hudebn\u00edho fondu<\/span><\/li>\n<\/ul>\n<h4><strong>Profilace \u010dasopisu<\/strong><\/h4>\n<ul>\n<li>spole\u010densk\u00e9 d\u011bn\u00ed a hudebn\u00ed v\u00fdchova<\/li>\n<li>aktu\u00e1ln\u00ed ot\u00e1zky p\u0159estavby hudebn\u00edho \u0161kolstv\u00ed<\/li>\n<li>srovn\u00e1vac\u00ed a p\u0159ehledov\u00e9 studie o stavu hudebn\u011b v\u00fdchovn\u00e9 problematiky u n\u00e1s i v zahrani\u010d\u00ed<\/li>\n<li>z\u00e1v\u011bry sou\u010dasn\u00fdch hudebn\u011b pedagogick\u00fdch v\u00fdzkum\u016f<\/li>\n<li>z\u00e1v\u011bry a podn\u011bty z vybran\u00fdch studentsk\u00fdch kvalifika\u010dn\u00edch prac\u00ed<\/li>\n<li>metodick\u00e9 podn\u011bty pro hudebn\u011b v\u00fdchovnou pr\u00e1ci<\/li>\n<li>osobn\u00ed zku\u0161enosti autor\u016f s\u00a0v\u00fdukou hudebn\u00ed v\u00fdchovy na r\u016fzn\u00fdch typech \u0161kol<\/li>\n<li>informace o zaj\u00edmav\u00fdch hudebn\u00edch a hudebn\u011b pedagogick\u00fdch akc\u00edch<\/li>\n<li>post\u0159ehy ze zahrani\u010dn\u00edch st\u00e1\u017e\u00ed a studijn\u00edch pobyt\u016f<\/li>\n<li>medail\u00f3nky v\u00fdznamn\u00fdch jubiluj\u00edc\u00edch osobnost\u00ed<\/li>\n<li>recenze vych\u00e1zej\u00edc\u00edch monografi\u00ed<\/li>\n<li>rubrika O hudb\u011b anglicky<\/li>\n<li>rubrika O hudb\u011b s \u00fasm\u011bvem<\/li>\n<li>autorsk\u00e9 po\u010diny v\u00a0p\u00eds\u0148ov\u00e9 tvorb\u011b pro d\u011bti<\/li>\n<\/ul>\n","protected":false},"excerpt":{"rendered":"<p>vyd\u00e1v\u00e1 Pedagogick\u00e1 fakulta Univerzity Karlovy za finan\u010dn\u00ed spolu\u00fa\u010dasti Nadace \u010cesk\u00e9ho hudebn\u00edho fondu Profilace \u010dasopisu spole\u010densk\u00e9 d\u011bn\u00ed a hudebn\u00ed v\u00fdchova aktu\u00e1ln\u00ed ot\u00e1zky p\u0159estavby hudebn\u00edho \u0161kolstv\u00ed srovn\u00e1vac\u00ed a p\u0159ehledov\u00e9 studie o stavu hudebn\u011b v\u00fdchovn\u00e9 problematiky u n\u00e1s i v zahrani\u010d\u00ed z\u00e1v\u011bry sou\u010dasn\u00fdch hudebn\u011b pedagogick\u00fdch v\u00fdzkum\u016f z\u00e1v\u011bry a podn\u011bty z vybran\u00fdch studentsk\u00fdch kvalifika\u010dn\u00edch prac\u00ed metodick\u00e9 podn\u011bty pro hudebn\u011b [&hellip;]<\/p>\n","protected":false},"author":1,"featured_media":0,"parent":0,"menu_order":0,"comment_status":"closed","ping_status":"closed","template":"","meta":{"footnotes":""},"class_list":["post-3","page","type-page","status-publish","hentry"],"_links":{"self":[{"href":"https:\/\/pages.pedf.cuni.cz\/hudebnivychova\/wp-json\/wp\/v2\/pages\/3","targetHints":{"allow":["GET"]}}],"collection":[{"href":"https:\/\/pages.pedf.cuni.cz\/hudebnivychova\/wp-json\/wp\/v2\/pages"}],"about":[{"href":"https:\/\/pages.pedf.cuni.cz\/hudebnivychova\/wp-json\/wp\/v2\/types\/page"}],"author":[{"embeddable":true,"href":"https:\/\/pages.pedf.cuni.cz\/hudebnivychova\/wp-json\/wp\/v2\/users\/1"}],"replies":[{"embeddable":true,"href":"https:\/\/pages.pedf.cuni.cz\/hudebnivychova\/wp-json\/wp\/v2\/comments?post=3"}],"version-history":[{"count":5,"href":"https:\/\/pages.pedf.cuni.cz\/hudebnivychova\/wp-json\/wp\/v2\/pages\/3\/revisions"}],"predecessor-version":[{"id":531,"href":"https:\/\/pages.pedf.cuni.cz\/hudebnivychova\/wp-json\/wp\/v2\/pages\/3\/revisions\/531"}],"wp:attachment":[{"href":"https:\/\/pages.pedf.cuni.cz\/hudebnivychova\/wp-json\/wp\/v2\/media?parent=3"}],"curies":[{"name":"wp","href":"https:\/\/api.w.org\/{rel}","templated":true}]}}