{"id":34,"date":"2016-02-12T15:24:07","date_gmt":"2016-02-12T14:24:07","guid":{"rendered":"http:\/\/pages.pedf.cuni.cz\/hudebnivychova\/?page_id=34"},"modified":"2023-03-28T17:40:05","modified_gmt":"2023-03-28T15:40:05","slug":"redakcni-rada","status":"publish","type":"page","link":"https:\/\/pages.pedf.cuni.cz\/hudebnivychova\/redakcni-rada\/","title":{"rendered":"Redak\u010dn\u00ed rada"},"content":{"rendered":"<p><strong>P\u0159edseda:<\/strong><br \/>\nMgr.\u00a0Milena Kmentov\u00e1, Ph.D. (PedF UK, Praha)<\/p>\n<p><strong>V\u00fdkonn\u00fd redaktor:<\/strong><\/p>\n<p>MgA. Roman Czepa (PedF UK, Praha)<\/p>\n<p><strong>\u010clenov\u00e9:<br \/>\n<\/strong><\/p>\n<ul>\n<li>doc. PhDr. Ivana A\u0161enbrenerov\u00e1, Ph.D. (PdF UJEP, \u00dast\u00ed nad Labem)<\/li>\n<li>PhDr. Petra B\u011blohl\u00e1vkov\u00e1, Ph.D. (PedF UK, Praha)<\/li>\n<li>Mgr. Ivana \u010cechov\u00e1 (PedF UK, Praha)<\/li>\n<li>prof. Belo Felix, PhD. (PdF UMB, Bansk\u00e1 Bystrica, Slovensko)<\/li>\n<li>Mgr. Luk\u00e1\u0161 Holec (PedF JU, \u010cesk\u00e9 Bud\u011bjovice)<\/li>\n<li>prof. PhDr. Eva Jen\u010dkov\u00e1, CSc. (PdF UHK, Hradec Kr\u00e1lov\u00e9)<\/li>\n<li>PhDr. Ji\u0159ina Ji\u0159i\u010dkov\u00e1, Ph.D. (PedF UK, Praha)<\/li>\n<li>doc. PaedDr. Milo\u0161 Kodej\u0161ka, CSc. (PdF Z\u010cU, Plze\u0148)<\/li>\n<li>doc.\u00a0PaedDr.\u00a0Sl\u00e1vka Kop\u010d\u00e1kov\u00e1, PhD. (FF PU, Pre\u0161ov, SR)<\/li>\n<li>PaedDr. Eva Kr\u00e1lov\u00e1, Ph.D. (Fakulta zdravotn\u00edctva TnUAD v Tren\u010d\u00edne, Slovensko)<\/li>\n<li>doc. PhDr. Ji\u0159\u00ed Kus\u00e1k, Ph.D. (PdF OU, Ostrava)<\/li>\n<li>prof. PaedDr. Ji\u0159\u00ed Luska, CSc. (PdF UP, Olomouc)<\/li>\n<li>prof. PaedDr. Michal Ned\u011blka, Dr. (PedF UK, Praha)<\/li>\n<li>prof. Mag. Dr. Franz Niermann (Universit\u00e4t f\u00fcr Musik und darstellende Kunst Wien, Rakousko)<\/li>\n<li>doc. MgA. Jana Palkovsk\u00e1 (PedF UK, Praha)<\/li>\n<li>prof. PhDr. Stanislav Pech\u00e1\u010dek, Ph.D. (PedF UK, Praha)<\/li>\n<li>prof. U\u0160 dr. hab. Wies\u0142awa Aleksandra Sacher (Wydzia\u0142 Pedagogiky i Psychologii, Uniwersytet \u015al\u0105ski w Katowicach, Polsko)<\/li>\n<li>prof. Dr. Carola Schormann (Fach Musik, Leuphana Universit\u00e4t L\u00fcneburg, N\u011bmecko)<\/li>\n<li>doc. PhDr. Marek Sedl\u00e1\u010dek, Ph.D. (PdF MU, Brno)<\/li>\n<li>doc. PaedDr. Marie Slav\u00edkov\u00e1, CSc. (PdF ZU, Plze\u0148)<\/li>\n<li>doc. PaedDr. Mgr. M\u00e1ria Stren\u00e1\u010dikov\u00e1, PhD. (AU v Banskej Bystrici, Slovensko)<\/li>\n<li>doc. PaedDr. Hana V\u00e1\u0148ov\u00e1, CSc. (PedF UK, Praha)<\/li>\n<\/ul>\n<p><strong>Jazykov\u00e1 korektura:<br \/>\n<\/strong>Bc. Julie Klou\u010dkov\u00e1, Anna Ho\u0159ej\u0161\u00ed<\/p>\n<p><strong>Grafick\u00e1<\/strong> <strong>\u00faprava tiskov\u00e9 podoby <\/strong><strong>a\u00a0<\/strong><strong>sazba tisku<\/strong><strong>:<\/strong><br \/>\nMgr.\u00a0Zde\u0148ka Urbanov\u00e1, DiS.\u00a0(zdenka.urb.art@gmail.com)<\/p>\n","protected":false},"excerpt":{"rendered":"<p>P\u0159edseda: Mgr.\u00a0Milena Kmentov\u00e1, Ph.D. (PedF UK, Praha) V\u00fdkonn\u00fd redaktor: MgA. Roman Czepa (PedF UK, Praha) \u010clenov\u00e9: doc. PhDr. Ivana A\u0161enbrenerov\u00e1, Ph.D. (PdF UJEP, \u00dast\u00ed nad Labem) PhDr. Petra B\u011blohl\u00e1vkov\u00e1, Ph.D. (PedF UK, Praha) Mgr. Ivana \u010cechov\u00e1 (PedF UK, Praha) prof. Belo Felix, PhD. (PdF UMB, Bansk\u00e1 Bystrica, Slovensko) Mgr. Luk\u00e1\u0161 Holec (PedF JU, \u010cesk\u00e9 Bud\u011bjovice) [&hellip;]<\/p>\n","protected":false},"author":422,"featured_media":0,"parent":0,"menu_order":0,"comment_status":"closed","ping_status":"closed","template":"","meta":{"footnotes":""},"class_list":["post-34","page","type-page","status-publish","hentry"],"_links":{"self":[{"href":"https:\/\/pages.pedf.cuni.cz\/hudebnivychova\/wp-json\/wp\/v2\/pages\/34","targetHints":{"allow":["GET"]}}],"collection":[{"href":"https:\/\/pages.pedf.cuni.cz\/hudebnivychova\/wp-json\/wp\/v2\/pages"}],"about":[{"href":"https:\/\/pages.pedf.cuni.cz\/hudebnivychova\/wp-json\/wp\/v2\/types\/page"}],"author":[{"embeddable":true,"href":"https:\/\/pages.pedf.cuni.cz\/hudebnivychova\/wp-json\/wp\/v2\/users\/422"}],"replies":[{"embeddable":true,"href":"https:\/\/pages.pedf.cuni.cz\/hudebnivychova\/wp-json\/wp\/v2\/comments?post=34"}],"version-history":[{"count":10,"href":"https:\/\/pages.pedf.cuni.cz\/hudebnivychova\/wp-json\/wp\/v2\/pages\/34\/revisions"}],"predecessor-version":[{"id":529,"href":"https:\/\/pages.pedf.cuni.cz\/hudebnivychova\/wp-json\/wp\/v2\/pages\/34\/revisions\/529"}],"wp:attachment":[{"href":"https:\/\/pages.pedf.cuni.cz\/hudebnivychova\/wp-json\/wp\/v2\/media?parent=34"}],"curies":[{"name":"wp","href":"https:\/\/api.w.org\/{rel}","templated":true}]}}