{"id":38,"date":"2016-02-12T15:24:19","date_gmt":"2016-02-12T14:24:19","guid":{"rendered":"http:\/\/pages.pedf.cuni.cz\/hudebnivychova\/?page_id=38"},"modified":"2023-03-28T17:41:58","modified_gmt":"2023-03-28T15:41:58","slug":"kontakt","status":"publish","type":"page","link":"https:\/\/pages.pedf.cuni.cz\/hudebnivychova\/kontakt\/","title":{"rendered":"Kontakt"},"content":{"rendered":"<p><strong>Vedouc\u00ed redaktorka:<br \/>\n<\/strong>Mgr. Milena Kmentov\u00e1, Ph.D.<br \/>\ne-mail: <a href=\"mailto:milena.kmentova@pedf.cuni.cz\" target=\"_blank\" rel=\"noopener noreferrer\">milena.kmentova@pedf.cuni.cz<\/a><\/p>\n<p><strong>V\u00fdkonn\u00fd redaktor:<\/strong><br \/>\nMgA. Roman Czepa<br \/>\ne-mail: <a href=\"mailto:roman.czepa@seznam.cz\">roman.czepa@seznam.cz<\/a><\/p>\n<p><strong>Web \u010dasopisu:<br \/>\n<\/strong>PhDr. Petra B\u011blohl\u00e1vkov\u00e1, Ph.D.<br \/>\ne-mail: <a href=\"mailto:petra.belohlavkova@pedf.cuni.cz\" target=\"_blank\" rel=\"noopener noreferrer\">petra.belohlavkova@pedf.cuni.cz<\/a><\/p>\n<p><strong>Grafick\u00e1 \u00faprava a sazba:<\/strong><br \/>\nMgr. Zde\u0148ka Urbanov\u00e1, DiS.<br \/>\ne-mail: <a href=\"mailto:zdenka.urb.art@gmail.com\" target=\"_blank\" rel=\"noopener noreferrer\">zdenka.urb.art@gmail.com<\/a><\/p>\n<p><strong>Kontakt pro autory:<br \/>\n<\/strong>e-mail: <a href=\"mailto:casopisHV@email.cz\" target=\"_blank\" rel=\"noopener noreferrer\">casopisHV@email.cz<\/a><\/p>\n<p><strong>Vyd\u00e1v\u00e1: <\/strong>Univerzita Karlova, Pedagogick\u00e1 fakulta &#8211; vydavatelstv\u00ed<br \/>\nMgr. Ivana \u010cechov\u00e1, <a href=\"mailto:ivana.cechova@pedf.cuni.cz\">ivana.cechova@pedf.cuni.cz<\/a><\/p>\n<p><strong>Tisk: <\/strong>Tisk\u00e1rna Nakladatelstv\u00ed Karolinum<\/p>\n<p><strong>P\u0159edplatn\u00e9 zaji\u0161\u0165uje:<br \/>\n<\/strong>ADISERVIS, s.r.o.<br \/>\n<a href=\"mailto:adiservis@seznam.cz\">adiservis@seznam.cz<\/a><br \/>\nNa Niv\u00e1ch 18, 141 Praha 4 &#8211; Michle<br \/>\ntel: (+420) 241 484 521<br \/>\n<strong><br \/>\n<\/strong><\/p>\n<p><strong>Vych\u00e1z\u00ed 4x ro\u010dn\u011b<\/strong>: Ro\u010dn\u00ed p\u0159edplatn\u00e9 260 K\u010d, jednotliv\u00fd v\u00fdtisk 65 K\u010d + po\u0161tovn\u00e9 a baln\u00e9<\/p>\n<p><strong>Adresa redakce:<\/strong><em><br \/>\n<\/em>Univerzita Karlova, Pedagogick\u00e1 fakulta \u2013 vydavatelstv\u00ed<br \/>\nMagdal\u00e9ny Rettigov\u00e9 4, 116 39 Praha 1<\/p>\n<p>\u00a9 Univerzita Karlova, Pedagogick\u00e1 fakulta<br \/>\nPraha 2004<\/p>\n<p><strong>MK \u010cR E 6248<\/strong><br \/>\n<strong> ISSN 1210-3683<\/strong><\/p>\n","protected":false},"excerpt":{"rendered":"<p>Vedouc\u00ed redaktorka: Mgr. Milena Kmentov\u00e1, Ph.D. e-mail: milena.kmentova@pedf.cuni.cz V\u00fdkonn\u00fd redaktor: MgA. Roman Czepa e-mail: roman.czepa@seznam.cz Web \u010dasopisu: PhDr. Petra B\u011blohl\u00e1vkov\u00e1, Ph.D. e-mail: petra.belohlavkova@pedf.cuni.cz Grafick\u00e1 \u00faprava a sazba: Mgr. Zde\u0148ka Urbanov\u00e1, DiS. e-mail: zdenka.urb.art@gmail.com Kontakt pro autory: e-mail: casopisHV@email.cz Vyd\u00e1v\u00e1: Univerzita Karlova, Pedagogick\u00e1 fakulta &#8211; vydavatelstv\u00ed Mgr. Ivana \u010cechov\u00e1, ivana.cechova@pedf.cuni.cz Tisk: Tisk\u00e1rna Nakladatelstv\u00ed Karolinum P\u0159edplatn\u00e9 zaji\u0161\u0165uje: [&hellip;]<\/p>\n","protected":false},"author":422,"featured_media":0,"parent":0,"menu_order":6,"comment_status":"closed","ping_status":"closed","template":"","meta":{"footnotes":""},"class_list":["post-38","page","type-page","status-publish","hentry"],"_links":{"self":[{"href":"https:\/\/pages.pedf.cuni.cz\/hudebnivychova\/wp-json\/wp\/v2\/pages\/38","targetHints":{"allow":["GET"]}}],"collection":[{"href":"https:\/\/pages.pedf.cuni.cz\/hudebnivychova\/wp-json\/wp\/v2\/pages"}],"about":[{"href":"https:\/\/pages.pedf.cuni.cz\/hudebnivychova\/wp-json\/wp\/v2\/types\/page"}],"author":[{"embeddable":true,"href":"https:\/\/pages.pedf.cuni.cz\/hudebnivychova\/wp-json\/wp\/v2\/users\/422"}],"replies":[{"embeddable":true,"href":"https:\/\/pages.pedf.cuni.cz\/hudebnivychova\/wp-json\/wp\/v2\/comments?post=38"}],"version-history":[{"count":12,"href":"https:\/\/pages.pedf.cuni.cz\/hudebnivychova\/wp-json\/wp\/v2\/pages\/38\/revisions"}],"predecessor-version":[{"id":530,"href":"https:\/\/pages.pedf.cuni.cz\/hudebnivychova\/wp-json\/wp\/v2\/pages\/38\/revisions\/530"}],"wp:attachment":[{"href":"https:\/\/pages.pedf.cuni.cz\/hudebnivychova\/wp-json\/wp\/v2\/media?parent=38"}],"curies":[{"name":"wp","href":"https:\/\/api.w.org\/{rel}","templated":true}]}}