{"id":42,"date":"2016-02-12T15:24:32","date_gmt":"2016-02-12T14:24:32","guid":{"rendered":"http:\/\/pages.pedf.cuni.cz\/hudebnivychova\/?page_id=42"},"modified":"2016-02-19T11:55:45","modified_gmt":"2016-02-19T10:55:45","slug":"informace-pro-autory","status":"publish","type":"page","link":"https:\/\/pages.pedf.cuni.cz\/hudebnivychova\/informace-pro-autory\/","title":{"rendered":"Informace pro autory"},"content":{"rendered":"<p>\u010casopis<strong> Hudebn\u00ed v\u00fdchova p\u0159ij\u00edm\u00e1 k\u00a0publikov\u00e1n\u00ed <\/strong>\u00a0<strong>p\u016fvodn\u00ed<\/strong> studie a \u010dl\u00e1nky dle sv\u00e9 profilace.\u00a0 Teoretick\u00e9 stati, p\u0159ehledov\u00e9 studie a v\u00fdzkumn\u00e1 sd\u011blen\u00ed\u00a0 je t\u0159eba doplnit anotac\u00ed, kl\u00ed\u010dov\u00fdmi slovy a \u00fadaji o autorovi (jm\u00e9no se v\u0161emi tituly, adresa pracovi\u0161t\u011b, p\u0159\u00edpadn\u011b bydli\u0161t\u011b, telefon, e-mail) v\u00a0\u010desk\u00e9m a anglick\u00e9m jazyce, p\u0159ehledem literatury citovan\u00e9 podle normy ISO 690 (bli\u017e\u0161\u00ed pokyny k\u00a0citac\u00edm http:\/\/beta.pedf.cuni.cz), p\u0159\u00edpadn\u011b pozn\u00e1mkov\u00fdm apar\u00e1tem (net\u00fdk\u00e1 se zpr\u00e1v a\u00a0 recenz\u00ed). Tyto texty budou posuzovat dva nez\u00e1visl\u00ed recenzenti z\u00a0r\u016fzn\u00fdch pracovi\u0161\u0165, recenzn\u00ed \u0159\u00edzen\u00ed je anonymn\u00ed.<\/p>\n<p><strong>Forma a rozsah p\u0159\u00edsp\u011bvk\u016f<\/strong> (v\u010detn\u011b bibliografie):<\/p>\n<ul>\n<li>normostrana: p\u00edsmo Times New Roman, vel. 14, \u0159\u00e1dkov\u00e1n\u00ed 1,5<\/li>\n<li>stati a v\u00fdzkumn\u00e1 sd\u011blen\u00ed, p\u0159ehledov\u00e9 studie: cca 6\u20137 normostran, p\u0159i del\u0161\u00edch p\u0159\u00edsp\u011bvc\u00edch je mo\u017eno publikovat na pokra\u010dov\u00e1n\u00ed<\/li>\n<li>metodick\u00e9 podn\u011bty, post\u0159ehy, rady: cca 3\u20133,5 normostrany<\/li>\n<li>zpr\u00e1vy a recenze: cca 2\u20132,5\u00a0 normostrany<\/li>\n<\/ul>\n<p>P\u0159i p\u0159ekro\u010den\u00ed d\u00e9lky redakce zpravidla vrac\u00ed pr\u00e1ce autor\u016fm ke zkr\u00e1cen\u00ed nebo si vyhrazuje pr\u00e1vo redukce p\u0159\u00edsp\u011bvk\u016f.<\/p>\n<p>Notov\u00e9 uk\u00e1zky v\u00a0textu je t\u0159eba vypracovat v\u00a0n\u011bkter\u00e9m z\u00a0nota\u010dn\u00edch program\u016f a naskenovat jako obr\u00e1zek. Obr\u00e1zky a notov\u00e9 uk\u00e1zky by m\u011bly b\u00fdt vlo\u017eeny do textu na m\u00edsto, kde je chcete m\u00edt, ale krom\u011b toho je za\u0161lete z\u00e1rove\u0148 jako\u00a0 samostatn\u00e9 soubory spolu s\u00a0textov\u00fdm souborem, proto\u017ee extrakce obr\u00e1zku z\u00a0textov\u00e9ho souboru hroz\u00ed zkreslen\u00edm. P\u0159\u00edpadn\u011b za\u0161lete origin\u00e1l k\u00a0naskenov\u00e1n\u00ed.<\/p>\n<p>Texty je mo\u017en\u00e9 zaslat elektronicky na adresu: <a href=\"mailto:casopisHV@gmail.com\" target=\"_blank\">casopisHV@gmail.com<\/a>.<\/p>\n<p><strong>Redakce si vyhrazuje pr\u00e1vo nezbytn\u00e9 \u00fapravy rukopis\u016f. Obrazov\u00fd a notov\u00fd materi\u00e1l se vrac\u00ed pouze\u00a0 na vy\u017e\u00e1d\u00e1n\u00ed. <\/strong><\/p>\n<p><strong>Od \u010d. 1\/2009 nejsou p\u0159\u00edsp\u011bvky honorov\u00e1ny, v\u011b\u0159\u00edme v\u0161ak, \u017ee ekonomick\u00e9 hledisko nep\u0159ev\u00fd\u0161\u00ed profesn\u00ed snahu autor\u016f publikovat v\u00fdsledky sv\u00e9 pr\u00e1ce.<\/strong><\/p>\n<p>D\u011bkujeme za respektov\u00e1n\u00ed pokyn\u016f redakce, kter\u00fdm p\u0159isp\u011bjete ke zpru\u017en\u011bn\u00ed recenzn\u00edho \u0159\u00edzen\u00ed a vz\u00e1jemn\u00e9ho kontaktu mezi autorem a redakc\u00ed.<\/p>\n<p>&nbsp;<\/p>\n","protected":false},"excerpt":{"rendered":"<p>\u010casopis Hudebn\u00ed v\u00fdchova p\u0159ij\u00edm\u00e1 k\u00a0publikov\u00e1n\u00ed \u00a0p\u016fvodn\u00ed studie a \u010dl\u00e1nky dle sv\u00e9 profilace.\u00a0 Teoretick\u00e9 stati, p\u0159ehledov\u00e9 studie a v\u00fdzkumn\u00e1 sd\u011blen\u00ed\u00a0 je t\u0159eba doplnit anotac\u00ed, kl\u00ed\u010dov\u00fdmi slovy a \u00fadaji o autorovi (jm\u00e9no se v\u0161emi tituly, adresa pracovi\u0161t\u011b, p\u0159\u00edpadn\u011b bydli\u0161t\u011b, telefon, e-mail) v\u00a0\u010desk\u00e9m a anglick\u00e9m jazyce, p\u0159ehledem literatury citovan\u00e9 podle normy ISO 690 (bli\u017e\u0161\u00ed pokyny k\u00a0citac\u00edm http:\/\/beta.pedf.cuni.cz), p\u0159\u00edpadn\u011b [&hellip;]<\/p>\n","protected":false},"author":422,"featured_media":0,"parent":0,"menu_order":7,"comment_status":"closed","ping_status":"closed","template":"","meta":{"footnotes":""},"class_list":["post-42","page","type-page","status-publish","hentry"],"_links":{"self":[{"href":"https:\/\/pages.pedf.cuni.cz\/hudebnivychova\/wp-json\/wp\/v2\/pages\/42","targetHints":{"allow":["GET"]}}],"collection":[{"href":"https:\/\/pages.pedf.cuni.cz\/hudebnivychova\/wp-json\/wp\/v2\/pages"}],"about":[{"href":"https:\/\/pages.pedf.cuni.cz\/hudebnivychova\/wp-json\/wp\/v2\/types\/page"}],"author":[{"embeddable":true,"href":"https:\/\/pages.pedf.cuni.cz\/hudebnivychova\/wp-json\/wp\/v2\/users\/422"}],"replies":[{"embeddable":true,"href":"https:\/\/pages.pedf.cuni.cz\/hudebnivychova\/wp-json\/wp\/v2\/comments?post=42"}],"version-history":[{"count":0,"href":"https:\/\/pages.pedf.cuni.cz\/hudebnivychova\/wp-json\/wp\/v2\/pages\/42\/revisions"}],"wp:attachment":[{"href":"https:\/\/pages.pedf.cuni.cz\/hudebnivychova\/wp-json\/wp\/v2\/media?parent=42"}],"curies":[{"name":"wp","href":"https:\/\/api.w.org\/{rel}","templated":true}]}}