{"id":46,"date":"2016-02-12T16:08:30","date_gmt":"2016-02-12T15:08:30","guid":{"rendered":"http:\/\/pages.pedf.cuni.cz\/hudebnivychova\/?page_id=46"},"modified":"2018-02-28T15:57:59","modified_gmt":"2018-02-28T14:57:59","slug":"archiv-cisel","status":"publish","type":"page","link":"https:\/\/pages.pedf.cuni.cz\/hudebnivychova\/archiv-cisel\/","title":{"rendered":"Archiv \u010d\u00edsel"},"content":{"rendered":"<p>Do archivu \u010d\u00edsel jsou ve form\u00e1tu PDF\u00a0 postupn\u011b um\u00eds\u0165ov\u00e1na jednotliv\u00e1 \u010d\u00edsla \u010dasopisu Hudebn\u00ed v\u00fdchova.<br \/>\nJednotliv\u00e1 \u010d\u00edsla \u010dasopisu jsou uve\u0159ej\u0148ov\u00e1na s ro\u010dn\u00edm zpo\u017ed\u011bn\u00edm od vyd\u00e1n\u00ed ti\u0161t\u011bn\u00e9 verze.<br \/>\nObsah posledn\u00edch \u010d\u00edsel je dosupn\u00fd v sekci <a href=\"https:\/\/pages.pedf.cuni.cz\/hudebnivychova\/aktualni-cislo\/\" target=\"_blank\" rel=\"noopener\">Aktu\u00e1ln\u00ed \u010d\u00edslo<\/a>.<\/p>\n<p>&nbsp;<\/p>\n<p>[child pages]<\/p>\n<p>&nbsp;<\/p>\n","protected":false},"excerpt":{"rendered":"<p>Do archivu \u010d\u00edsel jsou ve form\u00e1tu PDF\u00a0 postupn\u011b um\u00eds\u0165ov\u00e1na jednotliv\u00e1 \u010d\u00edsla \u010dasopisu Hudebn\u00ed v\u00fdchova. Jednotliv\u00e1 \u010d\u00edsla \u010dasopisu jsou uve\u0159ej\u0148ov\u00e1na s ro\u010dn\u00edm zpo\u017ed\u011bn\u00edm od vyd\u00e1n\u00ed ti\u0161t\u011bn\u00e9 verze. Obsah posledn\u00edch \u010d\u00edsel je dosupn\u00fd v sekci Aktu\u00e1ln\u00ed \u010d\u00edslo. &nbsp; [child pages] &nbsp;<\/p>\n","protected":false},"author":422,"featured_media":0,"parent":0,"menu_order":7,"comment_status":"closed","ping_status":"closed","template":"","meta":{"footnotes":""},"class_list":["post-46","page","type-page","status-publish","hentry"],"_links":{"self":[{"href":"https:\/\/pages.pedf.cuni.cz\/hudebnivychova\/wp-json\/wp\/v2\/pages\/46","targetHints":{"allow":["GET"]}}],"collection":[{"href":"https:\/\/pages.pedf.cuni.cz\/hudebnivychova\/wp-json\/wp\/v2\/pages"}],"about":[{"href":"https:\/\/pages.pedf.cuni.cz\/hudebnivychova\/wp-json\/wp\/v2\/types\/page"}],"author":[{"embeddable":true,"href":"https:\/\/pages.pedf.cuni.cz\/hudebnivychova\/wp-json\/wp\/v2\/users\/422"}],"replies":[{"embeddable":true,"href":"https:\/\/pages.pedf.cuni.cz\/hudebnivychova\/wp-json\/wp\/v2\/comments?post=46"}],"version-history":[{"count":2,"href":"https:\/\/pages.pedf.cuni.cz\/hudebnivychova\/wp-json\/wp\/v2\/pages\/46\/revisions"}],"predecessor-version":[{"id":320,"href":"https:\/\/pages.pedf.cuni.cz\/hudebnivychova\/wp-json\/wp\/v2\/pages\/46\/revisions\/320"}],"wp:attachment":[{"href":"https:\/\/pages.pedf.cuni.cz\/hudebnivychova\/wp-json\/wp\/v2\/media?parent=46"}],"curies":[{"name":"wp","href":"https:\/\/api.w.org\/{rel}","templated":true}]}}