{"id":3,"date":"2014-10-24T09:50:19","date_gmt":"2014-10-24T09:50:19","guid":{"rendered":"http:\/\/pages.pedf.cuni.cz\/kamv\/?page_id=3"},"modified":"2023-03-08T13:44:56","modified_gmt":"2023-03-08T12:44:56","slug":"uvodni-stranka","status":"publish","type":"page","link":"https:\/\/pages.pedf.cuni.cz\/kamv\/","title":{"rendered":"Katedra andragogiky a managementu vzd\u011bl\u00e1v\u00e1n\u00ed"},"content":{"rendered":"<h2>V\u00edce informac\u00ed naleznete na <a href=\"http:\/\/kamv.cz\/\">http:\/\/kamv.cz\/<\/a><\/h2>\n<h3 style=\"text-align: justify\">Charakteristika pracovi\u0161t\u011b<\/h3>\n<p>Katedra andragogiky a managementu vzd\u011bl\u00e1v\u00e1n\u00ed (KAMV) Pedagogick\u00e9 fakulty Univerzity Karlovy se profiluje jako modern\u00ed akademick\u00e9 pracovi\u0161t\u011b zab\u00fdvaj\u00edc\u00ed se \u0161ir\u0161\u00edm pojet\u00edm managementu vzd\u011bl\u00e1v\u00e1n\u00ed (jeho\u017e sou\u010d\u00e1st\u00ed je i \u0161kolsk\u00fd management) a vzd\u011bl\u00e1v\u00e1n\u00edm dosp\u011bl\u00fdch (tj. andragogikou jako zast\u0159e\u0161uj\u00edc\u00ed v\u011bdn\u00ed discipl\u00ednou). Svoj\u00ed \u010dinnost\u00ed KAMV nav\u00e1zala na tradici Centra \u0161kolsk\u00e9ho managementu.<\/p>\n<p>Posl\u00e1n\u00edm katedry je vytv\u00e1\u0159et teoretick\u00fd z\u00e1klad pro rozvoj dovednost\u00ed a dal\u0161\u00edch kompetenc\u00ed nezbytn\u00fdch pro v\u00fdkon relevantn\u00edch profes\u00ed. P\u0159i napl\u0148ov\u00e1n\u00ed t\u00e9to mise KAMV vych\u00e1z\u00ed z aktu\u00e1ln\u00edho stavu andragogick\u00e9ho v\u011bdeck\u00e9ho pozn\u00e1n\u00ed, v\u00fdzkumu a v\u00fdvoje tak\u00e9 v\u00a0dal\u0161\u00edch spole\u010denskov\u011bdn\u00edch a humanitn\u00edch oborech a z aplikace v\u011bdeck\u00fdch poznatk\u016f v r\u016fzn\u00fdch soci\u00e1ln\u011b-ekonomick\u00fdch kontextech (rozvoj inspirativn\u00ed praxe).<\/p>\n<h3 style=\"text-align: justify\"><strong>Pedagogick\u00e1 \u010dinnost<\/strong><\/h3>\n<p>Pracovi\u0161t\u011b se specializuje na vzd\u011bl\u00e1v\u00e1n\u00ed vedouc\u00edch pracovn\u00edk\u016f ve vzd\u011bl\u00e1vac\u00edch organizac\u00edch, na propojen\u00ed v\u00fduky s nejnov\u011bj\u0161\u00edmi poznatky a v\u00fdstupy obecn\u00e9 teorie organizace, managementu a leadershipu, andragogiky, pedagogiky, soci\u00e1ln\u00ed psychologie a dal\u0161\u00edch souvisej\u00edc\u00edch v\u011bdn\u00edch discipl\u00edn.<\/p>\n<p>C\u00edlem pedagogick\u00e9 \u010dinnosti katedry je nejen vzd\u011bl\u00e1vat profesion\u00e1ln\u00ed pracovn\u00edky ve vzd\u011bl\u00e1v\u00e1n\u00ed, ale tak\u00e9 reflektovat v\u00fdvojov\u00e9 trendy \u0159\u00edzen\u00ed \u0161kol a celkov\u00e9 trendy \u010desk\u00e9ho vzd\u011bl\u00e1vac\u00edho syst\u00e9mu. T\u00edmto spojen\u00edm pracovi\u0161t\u011b spoluutv\u00e1\u0159\u00ed a kultivuje studijn\u00ed programy \u0160kolsk\u00fd management (Bc.) a Andragogika a management vzd\u011bl\u00e1v\u00e1n\u00ed (NMgr.).<\/p>\n<p>V\u00a0oblasti celo\u017eivotn\u00edho vzd\u011bl\u00e1v\u00e1n\u00ed se katedra profiluje jako l\u00eddr v\u00a0p\u0159\u00edprav\u011b vedouc\u00edch \u0161kolsk\u00fdch pracovn\u00edk\u016f, kter\u00fdm nab\u00edz\u00ed jednak ucelen\u00e9 studium (tzv. funk\u010dn\u00ed), ale i \u0159adu dopl\u0148uj\u00edc\u00edch pracovn\u00edch setk\u00e1n\u00ed k\u00a0aktu\u00e1ln\u00edm t\u00e9mat\u016fm ve \u0161kolstv\u00ed.<\/p>\n<h3 style=\"text-align: justify\">V\u011bdeck\u00e1 \u010dinnost<\/h3>\n<p>Pracovn\u00edci katedry se aktivn\u011b zapojuj\u00ed do v\u011bdecko-v\u00fdzkumn\u00e9 a publika\u010dn\u00ed \u010dinnosti. Akademi\u010dt\u00ed pracovn\u00edci participuj\u00ed na \u0159ad\u011b mezin\u00e1rodn\u00edch aktivit, spolupracuj\u00ed s univerzitami ve sv\u011bt\u011b, zapojuj\u00ed se do aktivit meziuniverzitn\u00ed aliance 4EU+, aktivn\u011b vystupuj\u00ed na konferenc\u00edch a jin\u00fdch odborn\u00fdch akc\u00edch.<\/p>\n<p>Dlouhodob\u00e9 v\u00fdzkumn\u00e9 aktivity se zam\u011b\u0159uj\u00ed na vzd\u011bl\u00e1v\u00e1n\u00ed dosp\u011bl\u00fdch s d\u016frazem na profesn\u00ed rozvoj, aktivizaci a edukaci senior\u016f, celo\u017eivotn\u00ed u\u010den\u00ed, d\u00e1le na problematiku trhu pr\u00e1ce, uplatn\u011bn\u00ed absolvent\u016f \u0161kol na trhu pr\u00e1ce, talent management, leadership, people management (tj. na strategick\u00fd p\u0159\u00edstup k \u0159\u00edzen\u00ed a rozvoji pracovn\u00edk\u016f vzd\u011bl\u00e1vac\u00edch organizac\u00ed) apod.<\/p>\n<p>KAMV mj. \u0159e\u0161\u00ed projekt <em>Nov\u00e1 metoda vzd\u011bl\u00e1v\u00e1n\u00ed pro 21. stolet\u00ed: Virtual-Co-Teaching<\/em>. Tento projekt je spolufinancov\u00e1n se st\u00e1tn\u00ed podporou Technologick\u00e9 agentury \u010cR v\u00a0r\u00e1mci programu \u00c9TA. Podrobn\u011bj\u0161\u00ed informace o tomto a dal\u0161\u00edch \u0159e\u0161en\u00fdch projektech viz t\u00e9\u017e https:\/\/www.kamv.cz\/.<\/p>\n","protected":false},"excerpt":{"rendered":"<p>V\u00edce informac\u00ed naleznete na http:\/\/kamv.cz\/ Charakteristika pracovi\u0161t\u011b Katedra andragogiky a managementu vzd\u011bl\u00e1v\u00e1n\u00ed (KAMV) Pedagogick\u00e9 fakulty Univerzity Karlovy se profiluje jako modern\u00ed akademick\u00e9 pracovi\u0161t\u011b zab\u00fdvaj\u00edc\u00ed se \u0161ir\u0161\u00edm pojet\u00edm managementu vzd\u011bl\u00e1v\u00e1n\u00ed (jeho\u017e sou\u010d\u00e1st\u00ed je i \u0161kolsk\u00fd management) a vzd\u011bl\u00e1v\u00e1n\u00edm dosp\u011bl\u00fdch (tj. andragogikou jako zast\u0159e\u0161uj\u00edc\u00ed v\u011bdn\u00ed discipl\u00ednou). Svoj\u00ed \u010dinnost\u00ed KAMV nav\u00e1zala na tradici Centra \u0161kolsk\u00e9ho managementu. Posl\u00e1n\u00edm katedry &hellip; <a href=\"https:\/\/pages.pedf.cuni.cz\/kamv\/\">Continue reading <span class=\"meta-nav\">&rarr;<\/span><\/a><\/p>\n","protected":false},"author":1,"featured_media":0,"parent":0,"menu_order":0,"comment_status":"closed","ping_status":"closed","template":"","meta":{"footnotes":""},"class_list":["post-3","page","type-page","status-publish","hentry"],"_links":{"self":[{"href":"https:\/\/pages.pedf.cuni.cz\/kamv\/wp-json\/wp\/v2\/pages\/3","targetHints":{"allow":["GET"]}}],"collection":[{"href":"https:\/\/pages.pedf.cuni.cz\/kamv\/wp-json\/wp\/v2\/pages"}],"about":[{"href":"https:\/\/pages.pedf.cuni.cz\/kamv\/wp-json\/wp\/v2\/types\/page"}],"author":[{"embeddable":true,"href":"https:\/\/pages.pedf.cuni.cz\/kamv\/wp-json\/wp\/v2\/users\/1"}],"replies":[{"embeddable":true,"href":"https:\/\/pages.pedf.cuni.cz\/kamv\/wp-json\/wp\/v2\/comments?post=3"}],"version-history":[{"count":8,"href":"https:\/\/pages.pedf.cuni.cz\/kamv\/wp-json\/wp\/v2\/pages\/3\/revisions"}],"predecessor-version":[{"id":552,"href":"https:\/\/pages.pedf.cuni.cz\/kamv\/wp-json\/wp\/v2\/pages\/3\/revisions\/552"}],"wp:attachment":[{"href":"https:\/\/pages.pedf.cuni.cz\/kamv\/wp-json\/wp\/v2\/media?parent=3"}],"curies":[{"name":"wp","href":"https:\/\/api.w.org\/{rel}","templated":true}]}}