{"id":101,"date":"2015-03-06T16:58:42","date_gmt":"2015-03-06T15:58:42","guid":{"rendered":"http:\/\/pages.pedf.cuni.cz\/kddd\/?page_id=101"},"modified":"2021-01-12T11:59:23","modified_gmt":"2021-01-12T10:59:23","slug":"seminare","status":"publish","type":"page","link":"https:\/\/pages.pedf.cuni.cz\/kddd\/studenti\/seminare\/","title":{"rendered":"Semin\u00e1\u0159e"},"content":{"rendered":"<h2>C\u00edlov\u00e1 skupina<\/h2>\n<p>V <b>bakal\u00e1\u0159sk\u00e9m<\/b> studijn\u00edm programu vypisujeme\u00a0v\u00fdb\u011brov\u00e9 historick\u00e9 semin\u00e1\u0159e jako\u00a0dvousemestr\u00e1ln\u00ed povinn\u011b voliteln\u00fd kurz dotovan\u00fd 2h\/t\u00fddn\u011b.\u00a0Bakal\u00e1\u0159sk\u00e9 kurzy jsou ozna\u010dov\u00e1ny <b>Bc<\/b>.\u00a0Tyto\u00a0v\u00fdb\u011brov\u00e9 semin\u00e1\u0159e jsou ur\u010deny pro studenty druh\u00fdch, pop\u0159. vy\u0161\u0161\u00edch\u00a0ro\u010dn\u00edk\u016f.<\/p>\n<p>Semin\u00e1\u0159e <b>navazuj\u00edc\u00edho magistersk\u00e9ho studia<\/b>\u00a0 jsou ozna\u010deny jako <b>Mgr<\/b>. V curriculu NMgr. jsou tyto semin\u00e1\u0159e ozna\u010deny jako specializa\u010dn\u00ed a za\u0159azeny do prvn\u00edho ro\u010dn\u00edku\u00a0&#8211; jsou rovn\u011b\u017e dvousemestr\u00e1ln\u00ed.<\/p>\n<h2>Obsahov\u00e1 n\u00e1pl\u0148<\/h2>\n<p>Sv\u00fdm zam\u011b\u0159en\u00edm pokr\u00fdvaj\u00ed semin\u00e1\u0159e obdob\u00ed od antiky do dvac\u00e1t\u00e9ho stolet\u00ed tak, aby si ka\u017ed\u00fd student mohl vybrat sv\u00e9 t\u00e9ma \u010di sv\u00e9 obdob\u00ed. N\u011bkter\u00e9 semin\u00e1\u0159e jsou koncipov\u00e1ny interdisciplin\u00e1rn\u011b a propojuj\u00ed historii s p\u0159\u00edbuzn\u00fdmi obory (nap\u0159. d\u011bjiny um\u011bn\u00ed, liter\u00e1rn\u00ed historie). C\u00edlem je podrobn\u00e9 sezn\u00e1men\u00ed se s \u00fazce vymezen\u00fdmi t\u00e9matick\u00fdmi okruhy, z\u00edsk\u00e1n\u00ed znalost\u00ed pro vyhled\u00e1v\u00e1n\u00ed p\u0159\u00edslu\u0161n\u00fdch pramen\u016f a literatury a rozvoj schopnosti je kriticky zhodnotit a vyu\u017e\u00edt.<\/p>\n<h2>Obecn\u00e1 krit\u00e9ria hodnocen\u00ed<\/h2>\n<p>Podm\u00ednkou ud\u011blen\u00ed z\u00e1po\u010dtu\/klasifikovan\u00e9ho z\u00e1po\u010dtu na konci ZS je aktivn\u00ed spolupr\u00e1ce na vytv\u00e1\u0159en\u00ed programu semin\u00e1\u0159e, nap\u0159. p\u0159\u00edpravou refer\u00e1t\u016f, exkurz\u00ed apod.\u00a0Podm\u00ednkou ud\u011blen\u00ed klasifikovan\u00e9ho z\u00e1po\u010dtu na konci LS je p\u0159edlo\u017een\u00ed semin\u00e1rn\u00ed pr\u00e1ce v\u00e1\u017e\u00edc\u00ed se k t\u00e9matu semin\u00e1\u0159e. Student m\u00e1 ve sv\u00e9 pr\u00e1ci prok\u00e1zat schopnost samostatn\u00e9 pr\u00e1ce s prameny a literaturou. Z\u00e1rove\u0148 m\u00e1 prok\u00e1zat form\u00e1ln\u00ed zvl\u00e1dnut\u00ed z\u00e1sad zpracov\u00e1n\u00ed odborn\u00e9ho historick\u00e9ho textu. Konkr\u00e9tn\u00ed informace o obsahu, m\u00edstu a \u010dase kon\u00e1n\u00ed, po\u010dtu \u00fa\u010dastn\u00edk\u016f, po\u010dtu kredit\u016f\u00a0a o\u00a0z\u00e1pisu najdete u p\u0159\u00edslu\u0161n\u00e9ho semin\u00e1\u0159e, pop\u0159. v SIS.<\/p>\n<h2>Diplomov\u00fd semin\u00e1\u0159<\/h2>\n<p>vede prof. PhDr. Ji\u0159\u00ed Pokorn\u00fd, CSc.<\/p>\n","protected":false},"excerpt":{"rendered":"<p>C\u00edlov\u00e1 skupina V bakal\u00e1\u0159sk\u00e9m studijn\u00edm programu vypisujeme\u00a0v\u00fdb\u011brov\u00e9 historick\u00e9 semin\u00e1\u0159e jako\u00a0dvousemestr\u00e1ln\u00ed povinn\u011b voliteln\u00fd kurz dotovan\u00fd 2h\/t\u00fddn\u011b.\u00a0Bakal\u00e1\u0159sk\u00e9 kurzy jsou ozna\u010dov\u00e1ny Bc.\u00a0Tyto\u00a0v\u00fdb\u011brov\u00e9 semin\u00e1\u0159e jsou ur\u010deny pro studenty druh\u00fdch, pop\u0159. vy\u0161\u0161\u00edch\u00a0ro\u010dn\u00edk\u016f. Semin\u00e1\u0159e navazuj\u00edc\u00edho magistersk\u00e9ho studia\u00a0 jsou ozna\u010deny jako Mgr.<strong>&#8230;<\/strong><\/p>\n","protected":false},"author":402,"featured_media":0,"parent":56,"menu_order":30,"comment_status":"closed","ping_status":"closed","template":"","meta":{"_mc_calendar":[],"footnotes":""},"class_list":["post-101","page","type-page","status-publish","hentry"],"_links":{"self":[{"href":"https:\/\/pages.pedf.cuni.cz\/kddd\/wp-json\/wp\/v2\/pages\/101","targetHints":{"allow":["GET"]}}],"collection":[{"href":"https:\/\/pages.pedf.cuni.cz\/kddd\/wp-json\/wp\/v2\/pages"}],"about":[{"href":"https:\/\/pages.pedf.cuni.cz\/kddd\/wp-json\/wp\/v2\/types\/page"}],"author":[{"embeddable":true,"href":"https:\/\/pages.pedf.cuni.cz\/kddd\/wp-json\/wp\/v2\/users\/402"}],"replies":[{"embeddable":true,"href":"https:\/\/pages.pedf.cuni.cz\/kddd\/wp-json\/wp\/v2\/comments?post=101"}],"version-history":[{"count":3,"href":"https:\/\/pages.pedf.cuni.cz\/kddd\/wp-json\/wp\/v2\/pages\/101\/revisions"}],"predecessor-version":[{"id":6587,"href":"https:\/\/pages.pedf.cuni.cz\/kddd\/wp-json\/wp\/v2\/pages\/101\/revisions\/6587"}],"up":[{"embeddable":true,"href":"https:\/\/pages.pedf.cuni.cz\/kddd\/wp-json\/wp\/v2\/pages\/56"}],"wp:attachment":[{"href":"https:\/\/pages.pedf.cuni.cz\/kddd\/wp-json\/wp\/v2\/media?parent=101"}],"curies":[{"name":"wp","href":"https:\/\/api.w.org\/{rel}","templated":true}]}}