{"id":105,"date":"2015-03-06T16:59:30","date_gmt":"2015-03-06T15:59:30","guid":{"rendered":"http:\/\/pages.pedf.cuni.cz\/kddd\/?page_id=105"},"modified":"2023-10-11T13:44:46","modified_gmt":"2023-10-11T11:44:46","slug":"historicke-exkurze","status":"publish","type":"page","link":"https:\/\/pages.pedf.cuni.cz\/kddd\/studenti\/historicke-exkurze\/","title":{"rendered":"Historick\u00e9 exkurze"},"content":{"rendered":"<h2>C\u00edlov\u00e1 skupina<\/h2>\n<p>Historick\u00e9 exkurze jsou na KDDD za\u0159azeny jako povinn\u011b voliteln\u00fd p\u0159edm\u011bt u v\u0161ech typ\u016f studijn\u00edch program\u016f. Jako takov\u00e9 mus\u00ed b\u00fdt studentem zaps\u00e1ny do <strong>SISu<\/strong>.<\/p>\n<h2>Obsahov\u00e1 n\u00e1pl\u0148<\/h2>\n<p>V r\u00e1mci studia na Kated\u0159e d\u011bjin a didaktiky d\u011bjepisu PedF UK jsou studenti povinni absolvovat exkurze v rozsahu podle p\u0159\u00edslu\u0161n\u00e9ho studijn\u00edho programu. C\u00edlem exkurz\u00ed je roz\u0161\u00ed\u0159it znalosti poslucha\u010d\u016f z\u00edskan\u00e9 p\u0159i p\u0159edn\u00e1\u0161k\u00e1ch a semin\u00e1\u0159\u00edch. Podrobnosti o exkurz\u00edch jsou ka\u017edoro\u010dn\u011b vyv\u011b\u0161ov\u00e1ny na <strong>webu<\/strong> katedry nejpozd\u011bji <b>k 14. \u00fanoru<\/b>.<\/p>\n<p><strong>Od roku 2020 prob\u00edh\u00e1 zapisov\u00e1n\u00ed na historick\u00e9 exkurze\u00a0<span style=\"text-decoration: underline\">pomoc\u00ed SISu<\/span>.\u00a0<\/strong><strong>V\u0161ichni studenti musej\u00ed m\u00edt v SISu \u010d\u00edslo \u00fa\u010dtu sv\u00e9ho nebo rodi\u010d\u016f, jinak nemohou dostat \u2013\u00a0<span style=\"text-decoration: underline\">v p\u0159\u00edpad\u011b zahrani\u010dn\u00ed exkurze<\/span>\u00a0\u2013 finan\u010dn\u00ed p\u0159\u00edsp\u011bvek od fakulty (v p\u0159\u00edpad\u011b, \u017ee jim bude p\u0159izn\u00e1no \u00fa\u010delov\u00e9 stipendium, kter\u00e9 v\u0161ak nen\u00ed n\u00e1rokov\u00e9).<\/strong><\/p>\n<h2>Obecn\u00e1 krit\u00e9ria hodnocen\u00ed<\/h2>\n<p>Z\u00e1po\u010det za absolvovanou exkurzi je v\u00e1z\u00e1n na p\u0159ednesen\u00fd nebo p\u00edsemn\u011b odevzdan\u00fd refer\u00e1t. Z\u00e1po\u010dty jsou do SISu zapisov\u00e1ny centr\u00e1ln\u011b u\u017e bez \u00fa\u010dasti studenta organiz\u00e1torem exkurze. Exkurze absolvovan\u00e1 s jinou katedrou, \u0161kolou \u010di instituc\u00ed m\u016f\u017ee b\u00fdt uzn\u00e1na, pokud byla nejm\u00e9n\u011b p\u011btidenn\u00ed a student odevzdal sv\u016fj refer\u00e1t v p\u00edsemn\u00e9 form\u011b vedouc\u00edmu KDDD. P\u0159\u00edpadn\u00e9 schv\u00e1len\u00ed tohoto zp\u016fsobu uzn\u00e1n\u00ed exkurze je v\u0161ak nutno <strong>osobn\u011b konzultovat p\u0159edem s vedouc\u00edm katedry<\/strong>.<\/p>\n<h2>Dal\u0161\u00ed informace<\/h2>\n<p>Programy jsou p\u0159edb\u011b\u017en\u00e9, v pr\u016fb\u011bhu exkurze m\u016f\u017ee doj\u00edt k operativn\u00edm zm\u011bn\u00e1m.<\/p>\n<p>STUDENTI JSOU POVINNI NAHL\u00c1SIT P\u0158EDEM ZDRAVOTN\u00cd PROBL\u00c9MY, KTER\u00c9 BY MOHLY OVLIVNIT JEJICH \u00da\u010cAST NA EXKURZI (alergie, apod.).<\/p>\n<p><b>Platba<\/b> v roce 2023 do<span style=\"text-decoration: underline\"> 30.3.<\/span> Ceny jsou p\u0159edb\u011b\u017en\u00e9, po n\u00e1vratu bude provedeno vy\u00fa\u010dtov\u00e1n\u00ed a vyrovn\u00e1n\u00ed.<br \/>\n\u00dahradu exkurze mus\u00ed student prov\u00e9st na uveden\u00fd <strong>\u00fa\u010det<\/strong> s p\u0159\u00edslu\u0161n\u00fdm variabiln\u00edm symbolem. Pros\u00edme d\u016frazn\u011b v\u0161echny \u00fa\u010dastn\u00edky, aby p\u0159i platb\u011b <b>v\u017edy\u00a0uv\u00e1d\u011bli odes\u00edlatele.<\/b>\u00a0Potvrzen\u00ed <b>o proveden\u00e9 platb\u011b<\/b> (tedy nikoli p\u0159\u00edkaz k \u00fahrad\u011b!) mus\u00ed \u00fa\u010dastn\u00edk v roce 2023 zaslat mailem na adresu sekretari\u00e1tu (katerina.entnerova@pedf.cuni.cz). PLATBY V HOTOVOSTI SE NEP\u0158IJ\u00cdMAJ\u00cd ! V p\u0159\u00edpad\u011b dodate\u010dn\u00e9 identifikace platby, kdy student neuvedl spr\u00e1vn\u00e9 \u00fadaje, bude student platit za pr\u00e1ci s t\u00edm spojenou pokutu ve v\u00fd\u0161i 100,- K\u010d na \u00fa\u010det p\u0159\u00edslu\u0161n\u00e9 exkurze.<\/p>\n<p><span style=\"font-size: 16px\"><span style=\"font-size: 14px\"><strong>Odhl\u00e1\u0161en\u00ed<\/strong> z exkurze je mo\u017eno pouze za podm\u00ednek, \u017ee student za sebe nalezne n\u00e1hradu. V opa\u010dn\u00e9m p\u0159\u00edpad\u011b se bude muset pod\u00edlet na n\u00e1kladech na dopravu (ta se rozpo\u010d\u00edt\u00e1v\u00e1 na po\u010det \u00fa\u010dastn\u00edk\u016f), pop\u0159. na ubytov\u00e1n\u00ed, pokud ho nen\u00ed mo\u017eno stornovat, a dal\u0161\u00edch rezervovan\u00fdch n\u00e1kladech, kter\u00e9 nen\u00ed mo\u017eno zm\u011bnit.\u00a0<\/span> <\/span><\/p>\n<p>&nbsp;<\/p>\n<p style=\"text-align: center\"><strong><a title=\"Historick\u00e9 exkurze\" href=\"https:\/\/pages.pedf.cuni.cz\/kddd\/studenti\/historicke-exkurze\/aktualni\">AKTU\u00c1LN\u011a VYPSAN\u00c9 EXKURZE\u00a0NALEZNETE ZDE.<\/a><\/strong><\/p>\n","protected":false},"excerpt":{"rendered":"<p>C\u00edlov\u00e1 skupina Historick\u00e9 exkurze jsou na KDDD za\u0159azeny jako povinn\u011b voliteln\u00fd p\u0159edm\u011bt u v\u0161ech typ\u016f studijn\u00edch program\u016f. Jako takov\u00e9 mus\u00ed b\u00fdt studentem zaps\u00e1ny do SISu. Obsahov\u00e1 n\u00e1pl\u0148 V r\u00e1mci studia na Kated\u0159e d\u011bjin a didaktiky<strong>&#8230;<\/strong><\/p>\n","protected":false},"author":402,"featured_media":0,"parent":56,"menu_order":50,"comment_status":"closed","ping_status":"closed","template":"","meta":{"_mc_calendar":[],"footnotes":""},"class_list":["post-105","page","type-page","status-publish","hentry"],"_links":{"self":[{"href":"https:\/\/pages.pedf.cuni.cz\/kddd\/wp-json\/wp\/v2\/pages\/105","targetHints":{"allow":["GET"]}}],"collection":[{"href":"https:\/\/pages.pedf.cuni.cz\/kddd\/wp-json\/wp\/v2\/pages"}],"about":[{"href":"https:\/\/pages.pedf.cuni.cz\/kddd\/wp-json\/wp\/v2\/types\/page"}],"author":[{"embeddable":true,"href":"https:\/\/pages.pedf.cuni.cz\/kddd\/wp-json\/wp\/v2\/users\/402"}],"replies":[{"embeddable":true,"href":"https:\/\/pages.pedf.cuni.cz\/kddd\/wp-json\/wp\/v2\/comments?post=105"}],"version-history":[{"count":10,"href":"https:\/\/pages.pedf.cuni.cz\/kddd\/wp-json\/wp\/v2\/pages\/105\/revisions"}],"predecessor-version":[{"id":7527,"href":"https:\/\/pages.pedf.cuni.cz\/kddd\/wp-json\/wp\/v2\/pages\/105\/revisions\/7527"}],"up":[{"embeddable":true,"href":"https:\/\/pages.pedf.cuni.cz\/kddd\/wp-json\/wp\/v2\/pages\/56"}],"wp:attachment":[{"href":"https:\/\/pages.pedf.cuni.cz\/kddd\/wp-json\/wp\/v2\/media?parent=105"}],"curies":[{"name":"wp","href":"https:\/\/api.w.org\/{rel}","templated":true}]}}