{"id":107,"date":"2015-03-06T17:00:18","date_gmt":"2015-03-06T16:00:18","guid":{"rendered":"http:\/\/pages.pedf.cuni.cz\/kddd\/?page_id=107"},"modified":"2021-03-30T16:58:46","modified_gmt":"2021-03-30T14:58:46","slug":"doktorske-studium","status":"publish","type":"page","link":"https:\/\/pages.pedf.cuni.cz\/kddd\/studenti\/doktorske-studium\/","title":{"rendered":"Doktorsk\u00e9 studium"},"content":{"rendered":"<h3>Nov\u011b akreditovan\u00fd Doktorsk\u00fd studijn\u00ed program <em>Historie ve ve\u0159ejn\u00e9m prostoru<\/em><\/h3>\n<p>Ve\u0161ker\u00e9 informace naleznete na fakultn\u00edch str\u00e1nk\u00e1ch <a href=\"https:\/\/pedf.cuni.cz\/PEDF-2057.html\">HISTORIE VE VE\u0158EJN\u00c9M PROSTORU &#8211; Pedagogick\u00e1 fakulta (cuni.cz)<\/a>.<\/p>\n<p>C\u00edlem doktorsk\u00e9ho studijn\u00edho programu <em>Historie ve ve\u0159ejn\u00e9m prostoru<\/em> je p\u0159ipravit kvalifikovan\u00e9 v\u011bdeck\u00e9 pracovn\u00edky, kte\u0159\u00ed se zab\u00fdvaj\u00ed v\u00a0pln\u00e9 \u0161\u00ed\u0159i \u010desk\u00fdmi i obecn\u00fdmi d\u011bjinami a dok\u00e1\u017e\u00ed pat\u0159i\u010dn\u011b prezentovat sv\u00e9 v\u00fdsledky odborn\u00e9 i \u0161irok\u00e9 ve\u0159ejnosti i analyzovat formy historick\u00e9 kultury a jej\u00ed p\u016fsoben\u00ed ve spole\u010dnosti.<\/p>\n<p>Doktorsk\u00fd studijn\u00ed program vych\u00e1z\u00ed z\u00a0tradic \u010desk\u00e9ho historick\u00e9ho v\u00fdzkumu, jeho\u017e v\u00fdsledky rezonovaly v n\u00e1ro\u010dn\u00e9 v\u011bdeck\u00e9 obci i v\u00a0\u0161irok\u00e9 ve\u0159ejnosti. Jeho prim\u00e1rn\u00ed z\u00e1klad tvo\u0159\u00ed v\u0161estrann\u00e9 studium d\u011bjin \u010desk\u00fdch zem\u00ed, vyu\u017e\u00edvaj\u00edc\u00ed osv\u011bd\u010den\u00fdch i modern\u00edch metodologick\u00fdch postup\u016f.<\/p>\n<p>Kl\u00ed\u010dov\u00e9 novum programu p\u0159edstavuje p\u0159esah do oblasti tzv. historie ve ve\u0159ejn\u00e9m prostoru (Public History, Applied History, angewandte Geschichte). C\u00edlem je podpo\u0159it na jedn\u00e9 stran\u011b schopnosti absolvent\u016f interpretovat a prezentovat v\u00fdsledky sv\u00e9ho historick\u00e9ho v\u00fdzkumu na r\u016fzn\u00fdch \u00farovn\u00edch a v\u00a0r\u016fzn\u00fdch prost\u0159ed\u00edch, na druh\u00e9 stran\u011b budit porozum\u011bn\u00ed pro tyto v\u00fdsledky, a zprost\u0159edkov\u00e1vat tak mezi akademickou v\u011bdou a zainteresovanou laickou ve\u0159ejnost\u00ed, v\u010detn\u011b \u0161kol, pam\u011b\u0165ov\u00fdch, ve\u0159ejn\u00fdch i soukrom\u00fdch instituc\u00ed \u00fa\u0159ad\u016f, jako\u017e i zkoumat nejr\u016fzn\u011bj\u0161\u00ed podoby historick\u00e9 kultury a jej\u00edho m\u00edsta ve spole\u010dnosti.<\/p>\n<p>Studijn\u00ed program na kated\u0159e d\u011bjin a didaktiky d\u011bjepisu propojuje odborn\u00e9, oborov\u00e9 i didaktick\u00e9 po\u017eadavky, kter\u00e9 jsou tomuto pracovi\u0161ti vlastn\u00ed.<\/p>\n<p>Studium roz\u0161i\u0159uje a prohlubuje odborn\u00e9 znalosti doktorand\u016f, kte\u0159\u00ed se seznamuj\u00ed s\u00a0nov\u00fdmi poznatky historick\u00e9 v\u011bdy i aktu\u00e1ln\u00edmi metodologick\u00fdmi trendy a z\u00edsk\u00e1vaj\u00ed d\u016fle\u017eit\u00e9 kompetence pro vhodnou prezentaci sv\u00fdch v\u00fdsledk\u016f na odborn\u00fdch f\u00f3rech i v\u00a0\u0161irok\u00e9 ve\u0159ejnosti. <u>Aplika\u010dn\u00ed rozm\u011br doktorsk\u00e9ho studia vede studenty k\u00a0didaktizaci historie ve ve\u0159ejn\u00e9m prostoru<\/u>.<\/p>\n<p>T\u011b\u017ei\u0161t\u011b studia spo\u010d\u00edv\u00e1 v\u00a0seps\u00e1n\u00ed diserta\u010dn\u00ed pr\u00e1ce, kter\u00e1 p\u0159edstavuje origin\u00e1ln\u00ed v\u011bdeck\u00e9 d\u00edlo, zalo\u017een\u00e9 na rozs\u00e1hl\u00e9 pramenn\u00e9 z\u00e1kladn\u011b, zasazen\u00e9 do \u0161ir\u0161\u00edch souvislost\u00ed a vyu\u017e\u00edvaj\u00edc\u00ed adekv\u00e1tn\u00ed metodologick\u00e9 postupy. Pr\u00e1ce by m\u011bla znamenat podstatn\u00fd p\u0159\u00edsp\u011bvek k\u00a0pozn\u00e1n\u00ed dan\u00e9 historick\u00e9 t\u00e9matiky a prok\u00e1zat schopnosti studenta k\u00a0samostatn\u00e9 tv\u016fr\u010d\u00ed v\u011bdeck\u00e9 pr\u00e1ci.<\/p>\n<p>ve\u0159ejnosti, sou\u010dasn\u011b pln\u00ed kl\u00ed\u010dovou roli p\u0159i jej\u00ed kultivaci, pod\u00edl\u00ed se na udr\u017een\u00ed hodnot kritick\u00e9ho my\u0161len\u00ed. Historick\u00e1 discipl\u00edna se v\u00fdrazn\u011b inovuje po metodologick\u00e9 str\u00e1nce i z\u00a0hlediska reflexe vlastn\u00edho posl\u00e1n\u00ed. Sou\u010dasn\u011b hled\u00e1 cesty, jak udr\u017eet p\u0159\u00edmou komunikaci se soudobou spole\u010dnost\u00ed a jak odpov\u00eddat na ot\u00e1zky, kter\u00e9 si spole\u010dnost prost\u0159ednictv\u00edm vzd\u011bl\u00e1vac\u00edch, pam\u011b\u0165ov\u00fdch instituc\u00ed \u010di medi\u00e1ln\u00edch s\u00edt\u00ed klade. Doktorsk\u00fd studijn\u00ed program chce participovat na pochopen\u00ed t\u011bchto prom\u011bn a jejich v\u00fdzkumu. Odborn\u00fd rozvoj SP se zam\u011b\u0159\u00ed na transkulturn\u00ed a transoborov\u00e9 inspirace, roz\u0161\u00ed\u0159en\u00ed reflexe sm\u011brem k\u00a0vzd\u011bl\u00e1vac\u00edm a pam\u011b\u0165ov\u00fdm instituc\u00edm jak doma, tak v\u00a0zahrani\u010d\u00ed.<\/p>\n<p>&#8212;&#8212;&#8212;&#8212;&#8212;&#8212;&#8212;&#8212;&#8212;&#8212;&#8212;&#8212;&#8212;&#8212;&#8212;&#8212;&#8212;&#8212;&#8212;&#8212;&#8212;&#8212;&#8212;&#8212;&#8212;&#8212;&#8212;&#8212;&#8212;&#8212;&#8212;&#8212;-<\/p>\n<h3>Doktorsk\u00fd studijn\u00ed program <em>\u010cesk\u00e9 a \u010deskoslovensk\u00e9 d\u011bjiny<\/em> byl ukon\u010den.<\/h3>\n<p>Diserta\u010dn\u00ed pr\u00e1ce &#8211; opat\u0159en\u00ed d\u011bkana platn\u00e9 od 31.3.2017: <a href=\"https:\/\/pages.pedf.cuni.cz\/kddd\/files\/2015\/03\/opad_122017_priloha_2_disertacni_prace.pdf\">opad_122017_priloha_2_disertacni_prace<\/a><\/p>\n","protected":false},"excerpt":{"rendered":"<p>Nov\u011b akreditovan\u00fd Doktorsk\u00fd studijn\u00ed program Historie ve ve\u0159ejn\u00e9m prostoru Ve\u0161ker\u00e9 informace naleznete na fakultn\u00edch str\u00e1nk\u00e1ch <a href=\"https:\/\/pedf.cuni.cz\/PEDF-2057.html\">HISTORIE VE VE\u0158EJN\u00c9M PROSTORU &#8211; Pedagogick\u00e1 fakulta (cuni.cz)<\/a> . C\u00edlem doktorsk\u00e9ho studijn\u00edho programu Historie ve ve\u0159ejn\u00e9m prostoru je p\u0159ipravit kvalifikovan\u00e9 v\u011bdeck\u00e9 pracovn\u00edky, kte\u0159\u00ed se zab\u00fdvaj\u00ed v\u00a0pln\u00e9 \u0161\u00ed\u0159i \u010desk\u00fdmi<strong>&#8230;<\/strong><\/p>\n","protected":false},"author":402,"featured_media":0,"parent":56,"menu_order":25,"comment_status":"closed","ping_status":"closed","template":"","meta":{"_mc_calendar":[],"footnotes":""},"class_list":["post-107","page","type-page","status-publish","hentry"],"_links":{"self":[{"href":"https:\/\/pages.pedf.cuni.cz\/kddd\/wp-json\/wp\/v2\/pages\/107","targetHints":{"allow":["GET"]}}],"collection":[{"href":"https:\/\/pages.pedf.cuni.cz\/kddd\/wp-json\/wp\/v2\/pages"}],"about":[{"href":"https:\/\/pages.pedf.cuni.cz\/kddd\/wp-json\/wp\/v2\/types\/page"}],"author":[{"embeddable":true,"href":"https:\/\/pages.pedf.cuni.cz\/kddd\/wp-json\/wp\/v2\/users\/402"}],"replies":[{"embeddable":true,"href":"https:\/\/pages.pedf.cuni.cz\/kddd\/wp-json\/wp\/v2\/comments?post=107"}],"version-history":[{"count":10,"href":"https:\/\/pages.pedf.cuni.cz\/kddd\/wp-json\/wp\/v2\/pages\/107\/revisions"}],"predecessor-version":[{"id":6801,"href":"https:\/\/pages.pedf.cuni.cz\/kddd\/wp-json\/wp\/v2\/pages\/107\/revisions\/6801"}],"up":[{"embeddable":true,"href":"https:\/\/pages.pedf.cuni.cz\/kddd\/wp-json\/wp\/v2\/pages\/56"}],"wp:attachment":[{"href":"https:\/\/pages.pedf.cuni.cz\/kddd\/wp-json\/wp\/v2\/media?parent=107"}],"curies":[{"name":"wp","href":"https:\/\/api.w.org\/{rel}","templated":true}]}}