{"id":111,"date":"2015-03-06T17:02:27","date_gmt":"2015-03-06T16:02:27","guid":{"rendered":"http:\/\/pages.pedf.cuni.cz\/kddd\/?page_id=111"},"modified":"2025-06-16T21:33:59","modified_gmt":"2025-06-16T19:33:59","slug":"celozivotni-vzdelavani","status":"publish","type":"page","link":"https:\/\/pages.pedf.cuni.cz\/kddd\/studenti\/celozivotni-vzdelavani\/","title":{"rendered":"Celo\u017eivotn\u00ed vzd\u011bl\u00e1v\u00e1n\u00ed"},"content":{"rendered":"<h2>V r\u00e1mci celo\u017eivotn\u00edho vzd\u011bl\u00e1v\u00e1n\u00ed se vyu\u010duj\u00edc\u00ed jednotliv\u011b \u00fa\u010dastn\u00ed jako p\u0159edn\u00e1\u0161ej\u00edc\u00ed \u010di organiz\u00e1to\u0159i vzd\u011bl\u00e1v\u00e1n\u00ed dosp\u011bl\u00fdch, p\u0159edev\u0161\u00edm kvalifaka\u010dn\u00edho vzd\u011bl\u00e1v\u00e1n\u00ed, Univerzity t\u0159et\u00edho v\u011bku a dal\u0161\u00edch akc\u00ed s akreditac\u00ed M\u0160MT.<\/h2>\n<p>&#8212;&#8212;&#8212;&#8212;&#8212;&#8212;&#8212;&#8212;&#8212;&#8212;&#8212;&#8212;&#8212;&#8212;&#8212;&#8212;&#8212;&#8212;&#8212;&#8212;&#8212;&#8212;&#8212;&#8212;&#8212;&#8212;&#8212;&#8212;&#8212;&#8212;&#8212;&#8212;&#8212;&#8212;&#8212;&#8212;&#8212;&#8212;&#8212;&#8212;&#8212;&#8212;&#8212;&#8212;&#8212;&#8212;&#8212;&#8212;&#8212;&#8212;&#8212;&#8212;<\/p>\n","protected":false},"excerpt":{"rendered":"<p>V r\u00e1mci celo\u017eivotn\u00edho vzd\u011bl\u00e1v\u00e1n\u00ed se vyu\u010duj\u00edc\u00ed jednotliv\u011b \u00fa\u010dastn\u00ed jako p\u0159edn\u00e1\u0161ej\u00edc\u00ed \u010di organiz\u00e1to\u0159i vzd\u011bl\u00e1v\u00e1n\u00ed dosp\u011bl\u00fdch, p\u0159edev\u0161\u00edm kvalifaka\u010dn\u00edho vzd\u011bl\u00e1v\u00e1n\u00ed, Univerzity t\u0159et\u00edho v\u011bku a dal\u0161\u00edch akc\u00ed s akreditac\u00ed M\u0160MT. &#8212;&#8212;&#8212;&#8212;&#8212;&#8212;&#8212;&#8212;&#8212;&#8212;&#8212;&#8212;&#8212;&#8212;&#8212;&#8212;&#8212;&#8212;&#8212;&#8212;&#8212;&#8212;&#8212;&#8212;&#8212;&#8212;&#8212;&#8212;&#8212;&#8212;&#8212;&#8212;&#8212;&#8212;&#8212;&#8212;&#8212;&#8212;&#8212;&#8212;&#8212;&#8212;&#8212;&#8212;&#8212;&#8212;&#8212;&#8212;&#8212;&#8212;&#8212;&#8212;<\/p>\n","protected":false},"author":402,"featured_media":0,"parent":56,"menu_order":70,"comment_status":"closed","ping_status":"closed","template":"","meta":{"_mc_calendar":[],"footnotes":""},"class_list":["post-111","page","type-page","status-publish","hentry"],"_links":{"self":[{"href":"https:\/\/pages.pedf.cuni.cz\/kddd\/wp-json\/wp\/v2\/pages\/111","targetHints":{"allow":["GET"]}}],"collection":[{"href":"https:\/\/pages.pedf.cuni.cz\/kddd\/wp-json\/wp\/v2\/pages"}],"about":[{"href":"https:\/\/pages.pedf.cuni.cz\/kddd\/wp-json\/wp\/v2\/types\/page"}],"author":[{"embeddable":true,"href":"https:\/\/pages.pedf.cuni.cz\/kddd\/wp-json\/wp\/v2\/users\/402"}],"replies":[{"embeddable":true,"href":"https:\/\/pages.pedf.cuni.cz\/kddd\/wp-json\/wp\/v2\/comments?post=111"}],"version-history":[{"count":10,"href":"https:\/\/pages.pedf.cuni.cz\/kddd\/wp-json\/wp\/v2\/pages\/111\/revisions"}],"predecessor-version":[{"id":8053,"href":"https:\/\/pages.pedf.cuni.cz\/kddd\/wp-json\/wp\/v2\/pages\/111\/revisions\/8053"}],"up":[{"embeddable":true,"href":"https:\/\/pages.pedf.cuni.cz\/kddd\/wp-json\/wp\/v2\/pages\/56"}],"wp:attachment":[{"href":"https:\/\/pages.pedf.cuni.cz\/kddd\/wp-json\/wp\/v2\/media?parent=111"}],"curies":[{"name":"wp","href":"https:\/\/api.w.org\/{rel}","templated":true}]}}