{"id":153,"date":"2015-03-06T17:19:13","date_gmt":"2015-03-06T16:19:13","guid":{"rendered":"http:\/\/pages.pedf.cuni.cz\/kddd\/?page_id=153"},"modified":"2023-09-18T22:21:06","modified_gmt":"2023-09-18T20:21:06","slug":"deutsch","status":"publish","type":"page","link":"https:\/\/pages.pedf.cuni.cz\/kddd\/english\/erasmus\/deutsch\/","title":{"rendered":"Deutsch"},"content":{"rendered":"<p>Bewerber f\u00fcr das Studium des Erasmus-Programms sind eingeladen, am akademischen und kulturellen Leben sowohl am Bachelor-, Master- als auch Promotionsprogramm des Lehrstuhls f\u00fcr Geschichte und Didaktik der Geschichte unserer Fakult\u00e4t teilzunehmen. In diesen Programmen k\u00f6nnen die Studenten ihr Wissen besonders auf dem Gebiet der tschechischen Geschichte innerhalb des europ\u00e4ischen Kontextes vertiefen. Dabei werden sie ihre Themen mit den Tutoren, die auf den unterschiedlichen Gebieten der Geschichte und Kulturgeschichte spezialisiert sind, besprechen. Um die eventuellen sprachlichen Schwierigkeiten zu bew\u00e4ltigen, bietet unser Lehrstuhl <b>nur individuelle Kurse an<\/b>. Dies f\u00fchrt zu einer flexiblen Kommunikation, was den Erfordernissen des Studiums entgegenkommt. Die Studenten bereiten entsprechend ihrer individuellen akademischen Spezialisierung ein eigenes Projekt vor. Hierbei wird von ihnen erwartet, unter Anleitung der entsprechenden Spezialisten, selbst\u00e4ndig eine Arbeit zu verfassen.<\/p>\n<p>Die Bewerber werden gebeten, die Fachbereichskoordinatorin Jana Kepartov\u00e1 (jana.kepartova[et]pedf.cuni.cz) zu kontaktieren, um mit ihr ihre Pl\u00e4ne und alle Details zu besprechen, bevor sie nach Prag kommen.<\/p>\n<p><strong>Die Sprechstunden<\/strong> der jeweiligen Lehrer, einschl. der Kontakte\u00a0finden Sie <a title=\"Konzultace\" href=\"https:\/\/pages.pedf.cuni.cz\/kddd\/katedra\/lide\/konzultace\/\">auf dieser Seite<\/a>.<\/p>\n<p>Evaluierung der individuellen Kurse einschl. Beratung (pro Semester): Individuelles Studium, Beratung (mind. 10 Stunden), schriftliche Arbeit <b>6 ECTS<\/b>.<\/p>\n<p><strong>Alle Studenten werden in alle Kurse, die von dem Lehrstuhl der Geschichte organisiert werden,\u00a0 von Jana Kepartov\u00e1 (jana.kepartova@pedf.cuni.cz) eingeschrieben<\/strong>. Sollten die Studenten Kurse anderer Lehrst\u00fchle oder anderer Fakult\u00e4ten w\u00e4hlen, sollen sie sich mit dem bez\u00fcglichen Lehrer in Kontakt setzen.<\/p>\n<p><strong>Kurse unseres Lehrstuhls in Deutsch<\/strong> werden aktualisiert <span style=\"color: #ff0000\"><strong>auf den Fakult\u00e4tsseiten<\/strong><\/span>. Weitere Erasmus-Kurse an der KU finden Sie an den Universit\u00e4tsseiten, bes. Kurse in Englisch und in anderen Fremdsprachen.<\/p>\n<ul>\n<li>Fakult\u00e4ten der Karls-Universit\u00e4t \u2013 <a href=\"https:\/\/pages.pedf.cuni.cz\/kddd\/files\/2015\/03\/Faculties-of-CU.pdf\">Prager Stadtplan<\/a>\u00a0(PDF)<\/li>\n<li><a href=\"https:\/\/pages.pedf.cuni.cz\/kddd\/files\/2015\/03\/UK-780-LA_changes.docx\">LA changes<\/a>\u00a0(doc)<\/li>\n<li><a href=\"https:\/\/pages.pedf.cuni.cz\/kddd\/files\/2015\/03\/UK-780-Transcript-of-records.doc\">Transcript of records<\/a> (doc)<\/li>\n<\/ul>\n","protected":false},"excerpt":{"rendered":"<p>Bewerber f\u00fcr das Studium des Erasmus-Programms sind eingeladen, am akademischen und kulturellen Leben sowohl am Bachelor-, Master- als auch Promotionsprogramm des Lehrstuhls f\u00fcr Geschichte und Didaktik der Geschichte unserer Fakult\u00e4t teilzunehmen. In diesen Programmen k\u00f6nnen<strong>&#8230;<\/strong><\/p>\n","protected":false},"author":402,"featured_media":0,"parent":63,"menu_order":20,"comment_status":"closed","ping_status":"closed","template":"","meta":{"_mc_calendar":[],"footnotes":""},"class_list":["post-153","page","type-page","status-publish","hentry"],"_links":{"self":[{"href":"https:\/\/pages.pedf.cuni.cz\/kddd\/wp-json\/wp\/v2\/pages\/153","targetHints":{"allow":["GET"]}}],"collection":[{"href":"https:\/\/pages.pedf.cuni.cz\/kddd\/wp-json\/wp\/v2\/pages"}],"about":[{"href":"https:\/\/pages.pedf.cuni.cz\/kddd\/wp-json\/wp\/v2\/types\/page"}],"author":[{"embeddable":true,"href":"https:\/\/pages.pedf.cuni.cz\/kddd\/wp-json\/wp\/v2\/users\/402"}],"replies":[{"embeddable":true,"href":"https:\/\/pages.pedf.cuni.cz\/kddd\/wp-json\/wp\/v2\/comments?post=153"}],"version-history":[{"count":9,"href":"https:\/\/pages.pedf.cuni.cz\/kddd\/wp-json\/wp\/v2\/pages\/153\/revisions"}],"predecessor-version":[{"id":7482,"href":"https:\/\/pages.pedf.cuni.cz\/kddd\/wp-json\/wp\/v2\/pages\/153\/revisions\/7482"}],"up":[{"embeddable":true,"href":"https:\/\/pages.pedf.cuni.cz\/kddd\/wp-json\/wp\/v2\/pages\/63"}],"wp:attachment":[{"href":"https:\/\/pages.pedf.cuni.cz\/kddd\/wp-json\/wp\/v2\/media?parent=153"}],"curies":[{"name":"wp","href":"https:\/\/api.w.org\/{rel}","templated":true}]}}