{"id":155,"date":"2015-03-06T17:20:04","date_gmt":"2015-03-06T16:20:04","guid":{"rendered":"http:\/\/pages.pedf.cuni.cz\/kddd\/?page_id=155"},"modified":"2023-09-18T22:24:19","modified_gmt":"2023-09-18T20:24:19","slug":"french","status":"publish","type":"page","link":"https:\/\/pages.pedf.cuni.cz\/kddd\/english\/erasmus\/french\/","title":{"rendered":"French"},"content":{"rendered":"<p>Les \u00e9tudiants venant dans le cadre du Programme Erasmus sont invit\u00e9s \u00e0 participer aux activit\u00e9s de la vie universitaire et culturelle \u00e0 l\u00b4une des plus anciennes universit\u00e9s en Europe. En ce qui concerne les \u00e9tudes, il leur est possible de suivre des cours du programmes de Licence, de Master et de Doctorat qui s\u00b4articulent, plus particuli\u00e8rement, autour des th\u00e9matiques de l\u00b4histoire tch\u00e8que \u00e9tudi\u00e9e dans son contexte (centre)europ\u00e9en.<\/p>\n<p>Les \u00e9tudiants seront tutor\u00e9s, pendant le semetre, par des sp\u00e9cialistes de divers domaines de l\u00b4histoire et la civilisation.<\/p>\n<p>Admettant diff\u00e9rents niveaux des connaissances linguistiques, le D\u00e9partement de l\u00b4Histoire et de la didactique de l\u00b4histoire offre des <strong>cours individuels<\/strong> donnant la possibilit\u00e9 d\u00b4un emplois du temps vari\u00e9 et une communication flexible tout en respectant les demandes des \u00e9tudiants int\u00e9ress\u00e9s. Pour terminer le cours choisi, ils sont oblig\u00e9s, de pr\u00e9parer un expos\u00e9 ou de rendre un essai \u00e9crit.<\/p>\n<p>L\u00b4\u00e9tudiant int\u00e9ress\u00e9 est pri\u00e9 de contacter le coordinateur\/la coordinatrice Jana Kepartov\u00e1 (<strong>jana.kepartova[et]pedf.cuni.cz<\/strong>) et cela, encore <strong>avant<\/strong> son arriv\u00e9e \u00e0 Prague.<\/p>\n<p><strong>A partir de 2018\/2019, il n&#8217;y a pas de cours en fran\u00e7ais. <\/strong><\/p>\n<p>Les \u00e9tudiants seront inscrits dans tous les cours offerts par le D\u00e9partement de l\u00b4Histopire et de la Didactique de l\u00b4Histoire par Mme Iva Ber\u00e1nkov\u00e1 (iva.berankova@pedf.cuni.cz).<\/p>\n<p>L\u00b4\u00e9valuation des cours par semester: au minimum 10 heures (cours individuels, consultations), un expos\u00e9 \u00e9crit \u00e0 rendre: <strong>6 ECTS.<\/strong><\/p>\n<p><a href=\"https:\/\/pages.pedf.cuni.cz\/kddd\/katedra\/lide\/konzultace\/\">Les heures de permanences des enseignants<\/a> sont actualis\u00e9es et \u00e0 telecharger dans les fichiers ci-joints.<\/p>\n<p>Veuillez trouvez aussi les cours propos\u00e9s par les autres facult\u00e9s de l\u00b4Universit\u00e9 Charles, voire le site d\u00b4Universit\u00e9 et Courses en langues \u00e9trang\u00e8res.<\/p>\n<ul>\n<li><a href=\"https:\/\/pages.pedf.cuni.cz\/kddd\/files\/2015\/03\/Faculties-of-CU.pdf\">Prague (Universit\u00e9 Charles) \u2013 plan de la ville<\/a><\/li>\n<li><a href=\"https:\/\/pages.pedf.cuni.cz\/kddd\/files\/2015\/03\/UK-780-LA_changes.docx\">La modification<\/a> (doc)<\/li>\n<li><a href=\"https:\/\/pages.pedf.cuni.cz\/kddd\/files\/2015\/03\/UK-780-Transcript-of-records.doc\">Transcript of records<\/a> (doc)<\/li>\n<\/ul>\n","protected":false},"excerpt":{"rendered":"<p>Les \u00e9tudiants venant dans le cadre du Programme Erasmus sont invit\u00e9s \u00e0 participer aux activit\u00e9s de la vie universitaire et culturelle \u00e0 l\u00b4une des plus anciennes universit\u00e9s en Europe. En ce qui concerne les \u00e9tudes,<strong>&#8230;<\/strong><\/p>\n","protected":false},"author":402,"featured_media":0,"parent":63,"menu_order":30,"comment_status":"closed","ping_status":"closed","template":"","meta":{"_mc_calendar":[],"footnotes":""},"class_list":["post-155","page","type-page","status-publish","hentry"],"_links":{"self":[{"href":"https:\/\/pages.pedf.cuni.cz\/kddd\/wp-json\/wp\/v2\/pages\/155","targetHints":{"allow":["GET"]}}],"collection":[{"href":"https:\/\/pages.pedf.cuni.cz\/kddd\/wp-json\/wp\/v2\/pages"}],"about":[{"href":"https:\/\/pages.pedf.cuni.cz\/kddd\/wp-json\/wp\/v2\/types\/page"}],"author":[{"embeddable":true,"href":"https:\/\/pages.pedf.cuni.cz\/kddd\/wp-json\/wp\/v2\/users\/402"}],"replies":[{"embeddable":true,"href":"https:\/\/pages.pedf.cuni.cz\/kddd\/wp-json\/wp\/v2\/comments?post=155"}],"version-history":[{"count":7,"href":"https:\/\/pages.pedf.cuni.cz\/kddd\/wp-json\/wp\/v2\/pages\/155\/revisions"}],"predecessor-version":[{"id":7483,"href":"https:\/\/pages.pedf.cuni.cz\/kddd\/wp-json\/wp\/v2\/pages\/155\/revisions\/7483"}],"up":[{"embeddable":true,"href":"https:\/\/pages.pedf.cuni.cz\/kddd\/wp-json\/wp\/v2\/pages\/63"}],"wp:attachment":[{"href":"https:\/\/pages.pedf.cuni.cz\/kddd\/wp-json\/wp\/v2\/media?parent=155"}],"curies":[{"name":"wp","href":"https:\/\/api.w.org\/{rel}","templated":true}]}}