{"id":167,"date":"2015-03-07T15:45:04","date_gmt":"2015-03-07T14:45:04","guid":{"rendered":"http:\/\/pages.pedf.cuni.cz\/kddd\/?page_id=167"},"modified":"2021-04-28T13:29:12","modified_gmt":"2021-04-28T11:29:12","slug":"zahranicni-spoluprace","status":"publish","type":"page","link":"https:\/\/pages.pedf.cuni.cz\/kddd\/katedra\/veda-a-vyzkum\/zahranicni-spoluprace\/","title":{"rendered":"Zahrani\u010dn\u00ed spolupr\u00e1ce"},"content":{"rendered":"<h3>Zahrani\u010dn\u00ed spolupr\u00e1ci jednotliv\u00fdch vyu\u010duj\u00edc\u00edch lze naj\u00edt v jejich \u017eivotopisech <a href=\"https:\/\/pages.pedf.cuni.cz\/kddd\/katedra\/lide\/vyucujici\/\">na tomto webu<\/a><\/h3>\n<h3>Meziuniverzitn\u00ed kontakty (v\u010d. p\u0159edn\u00e1\u0161ek typu invited speaker) podle zahrani\u010dn\u00edch instituc\u00ed<\/h3>\n<h3>Univerzity<\/h3>\n<ul>\n<li>E\u00f6tv\u00f6s Lor\u00e1nd Universit\u00e4t, <strong>Budapest<\/strong> (prof. PhDr. Ji\u0159\u00ed Pokorn\u00fd, CSc., doc. PhDr. Ji\u0159\u00ed Hnilica, Ph.D.)<\/li>\n<li>Freie Universit\u00e4t, <strong>Berlin<\/strong> (doc. PhDr. Jana Kepartov\u00e1, CSc., prof. PhDr. Petr Charv\u00e1t, DrSc)<\/li>\n<li>Humboldt-Universit\u00e4t zu <strong>Berlin <\/strong>(PhDr. Jan Zdichynec, Ph.D.)<\/li>\n<li>Technische Universit\u00e4t, <strong>Dresden<\/strong> (Mgr. Du\u0161an Folt\u00fdn, PhDr. Jan Zdichynec, Ph.D.)<\/li>\n<li>Universit\u00e4t <strong>Wien<\/strong> (doc. PhDr. Ji\u0159\u00ed Pokorn\u00fd, CSc., doc. PhDr. Jana Kepartov\u00e1, CSc., prof. PhDr. V\u00edt Vlnas, Ph.D.)<\/li>\n<li>Universita A. Mickiewicza, <strong>Pozna\u0144<\/strong> (prof. PhDr. Kate\u0159ina Charv\u00e1tov\u00e1, CSc.. Mgr. Du\u0161an Folt\u00fdn)<\/li>\n<li>Universita Mateja Bela, <strong>B\u00e1nsk\u00e1 Bystrica<\/strong> (Mgr. Du\u0161an Folt\u00fdn)<\/li>\n<li>Universit\u00e4t <strong>Leipzig<\/strong> (doc. PhDr. Jana Kepartov\u00e1, CSc.)<\/li>\n<li>Universit\u00e9 de <strong>Nantes<\/strong> (doc. PhDr. Ji\u0159\u00ed Hnilica, Ph.D.)<\/li>\n<li>Universit\u00e9 <strong>Paris I<\/strong>, Panth\u00e9on-Sorbonne (doc. PhDr. Ji\u0159\u00ed Hnilica, Ph.D.)<\/li>\n<li>University of <strong>Leeds,<\/strong> Department of Classics (doc. PhDr. Jana Kepartov\u00e1, CSC., PhDr. Jan Zdichynec, Ph.D., od 2019)<\/li>\n<li>University of <strong>Minnessota,<\/strong> Minneapolis (prof. PhDr. V\u00edt Vlnas, Ph.D.)<\/li>\n<li>University of <strong>Reading,<\/strong> Department of Classics (doc. PhDr. Jana Kepartov\u00e1, CSC., PhDr. Jan Zdichynec, Ph.D., od 2019)<\/li>\n<li>Univerza na Primorskom, <strong>Koper<\/strong> (doc. PhDr. Jana Kepartov\u00e1, CSc., prof. PhDr. Kate\u0159ina Charv\u00e1tov\u00e1, CSc., PhDr. Hana Havl\u016fjov\u00e1, Ph.D.)<\/li>\n<li>Uniwersytet <strong>Wroclawski<\/strong> (PhDr. Jan Zdichynec, Ph.D.)<\/li>\n<\/ul>\n<h3>Dal\u0161\u00ed mezin\u00e1rodn\u00ed spolupr\u00e1ce<\/h3>\n<ul>\n<li>CEEPUS &#8211; spolupr\u00e1ci univerzit \u00a0v r\u00e1mci st\u0159edn\u00ed a v\u00fdchodn\u00ed Evropy a z\u00e1padn\u00edho Balk\u00e1nu (PhDr. Jan Zdichynec, Ph.D.)<\/li>\n<li>CEFRES, <strong>Paris<\/strong> (Centre fran\u00e7ais de recherche en sciences sociale (doc. PhDr. Ji\u0159\u00ed Hnilica, Ph.D.)<\/li>\n<li>\u010cesko-slovensko-francouzsk\u00e1 komise historik\u016f (doc. PhDr. Ji\u0159\u00ed Hnilica, Ph.D.)<\/li>\n<li>Egypt and Austria Society (PhDr. Hana Havl\u016fjov\u00e1, Ph.D.)<\/li>\n<li>International Standing Conference for the History of Education (doc. PhDr. Ji\u0159\u00ed Hnilica, Ph.D.)<\/li>\n<li>Oberlausitzische Gesellschaft der Wissenschaften <strong>G\u00f6rlitz.<\/strong><\/li>\n<li>V\u011bdeck\u00e1 rada p\u0159\u00edpravn\u00e9ho sdru\u017een\u00ed Welterbe Klosterlandschaft \u00a0<strong>Waldsassen<\/strong>-Stiftland r. V. (prof. PhDr. Kate\u0159ina Charv\u00e1tov\u00e1, CSc.)<\/li>\n<\/ul>\n<h3><span style=\"font-size: 16px\">Doktor\u00e1t pod dvoj\u00edm veden\u00edm (Ph.D.)<\/span><\/h3>\n<p>&#8211; viz t\u00e9\u017e Doktorandi<\/p>\n<ul>\n<li>Universit\u00e9 <strong>Paris I<\/strong> &#8211; Sorbonne, Francie &#8211; veden\u00ed diserta\u010dn\u00ed pr\u00e1ce Ji\u0159\u00edho Hnilici (doc. PhDr. Ji\u0159\u00ed Pokorn\u00fd, CSc.)<\/li>\n<li>Universit\u00e9 <strong>Paris IV<\/strong> &#8211; Sorbonne, Francie &#8211; veden\u00ed diserta\u010dn\u00ed pr\u00e1ce Doubravky Ol\u0161\u00e1kov\u00e9 &#8211; (doc. PhDr. V\u00edt Vlnas, Ph.D.)<\/li>\n<li><span lang=\"EN-US\">Universit\u00e9 du <strong>Luxembourg<\/strong> <\/span>&#8211; veden\u00ed diserta\u010dn\u00ed pr\u00e1ce Jakuba Bronce (<span lang=\"EN-US\">PhDr. Petr Koura Ph.D.<\/span>)<strong><br \/>\n<\/strong><\/li>\n<\/ul>\n<h3>Ukon\u010den\u00e1 spolupr\u00e1ce<\/h3>\n<ul>\n<li>Berlin-Brandenburgische Akademie der Wissenschaften, Vorhaben Corpus inscriptionum Latinarum, <strong>Berlin<\/strong> (doc. PhDr. Jana Kepartov\u00e1, CSc.; ukon\u010dena v roce 2005)<\/li>\n<li>Freie Universit\u00e4t, <strong>Berlin<\/strong> (prof. PhDr. Kate\u0159ina Charv\u00e1tov\u00e1, CSc.)<\/li>\n<li>Heinrich-Heine-Universit\u00e4t, <strong>D\u00fcsseldorf<\/strong> (doc. PhDr. Alena M\u00ed\u0161kov\u00e1, Ph.D., \u20202015)<\/li>\n<li>Humboldt-Universit\u00e4t zu <strong>Berlin<\/strong> (doc. PhDr. Jana Kepartov\u00e1, CSc.)<\/li>\n<li>International Summer School of Heritage Management, Interpretation and Education 2014. Letn\u00ed \u0161kolu po\u0159\u00e1dala KDDD ve spolupr\u00e1ci s Univerza na Primorskom v Koperu, a Univerzitou Mateja Bela v B\u00e1nsk\u00e9 Bystrici (prof. PhDr. Kate\u0159ina Charv\u00e1tov\u00e1, CSc., PhDr. Hana Havl\u016fjov\u00e1, Ph.D., Mgr. Du\u0161an Folt\u00fdn &#8211; 2014)<\/li>\n<li>Karachaievsk University, <strong>Karachaievsk,<\/strong> Cherkessian-Karachaievsk Republic, Russian Federation (prof. PhDr. Petr Charv\u00e1t, DrSc.)<\/li>\n<li>Universita di <strong>Padova<\/strong> (doc. PhDr. Jana Kepartov\u00e1, CSc.)<\/li>\n<li>Universita di <strong>Roma<\/strong> &#8222;La Sapienza&#8220; (doc. PhDr. Jana Kepartov\u00e1, CSc., prof. PhDr. Ji\u0159\u00ed Pokorn\u00fd, CSc.)<\/li>\n<li>University of <strong>Karaganda,<\/strong> Kazachst\u00e1n (PhDr. Hana Havl\u016fjov\u00e1, Ph.D.<\/li>\n<li>Ludwig-Maximilian-Universit\u00e4t, <strong>M\u00fcnchen<\/strong> (doc. PhDr. Jana Kepartov\u00e1, CSc.)<\/li>\n<li>Technische Universit\u00e4t, <strong>Dresden<\/strong> (prof. PhDr. Kate\u0159ina Charv\u00e1tov\u00e1, CSc.)<\/li>\n<\/ul>\n","protected":false},"excerpt":{"rendered":"<p>Zahrani\u010dn\u00ed spolupr\u00e1ci jednotliv\u00fdch vyu\u010duj\u00edc\u00edch lze naj\u00edt v jejich \u017eivotopisech <a href=\"https:\/\/pages.pedf.cuni.cz\/kddd\/katedra\/lide\/vyucujici\/\">na tomto webu<\/a> Meziuniverzitn\u00ed kontakty (v\u010d. p\u0159edn\u00e1\u0161ek typu invited speaker) podle zahrani\u010dn\u00edch instituc\u00ed Univerzity E\u00f6tv\u00f6s Lor\u00e1nd Universit\u00e4t, Budapest (prof. PhDr. Ji\u0159\u00ed Pokorn\u00fd, CSc., doc. PhDr. Ji\u0159\u00ed Hnilica, Ph.D.) Freie<strong>&#8230;<\/strong><\/p>\n","protected":false},"author":402,"featured_media":0,"parent":66,"menu_order":20,"comment_status":"closed","ping_status":"closed","template":"","meta":{"_mc_calendar":[],"footnotes":""},"class_list":["post-167","page","type-page","status-publish","hentry"],"_links":{"self":[{"href":"https:\/\/pages.pedf.cuni.cz\/kddd\/wp-json\/wp\/v2\/pages\/167","targetHints":{"allow":["GET"]}}],"collection":[{"href":"https:\/\/pages.pedf.cuni.cz\/kddd\/wp-json\/wp\/v2\/pages"}],"about":[{"href":"https:\/\/pages.pedf.cuni.cz\/kddd\/wp-json\/wp\/v2\/types\/page"}],"author":[{"embeddable":true,"href":"https:\/\/pages.pedf.cuni.cz\/kddd\/wp-json\/wp\/v2\/users\/402"}],"replies":[{"embeddable":true,"href":"https:\/\/pages.pedf.cuni.cz\/kddd\/wp-json\/wp\/v2\/comments?post=167"}],"version-history":[{"count":10,"href":"https:\/\/pages.pedf.cuni.cz\/kddd\/wp-json\/wp\/v2\/pages\/167\/revisions"}],"predecessor-version":[{"id":6815,"href":"https:\/\/pages.pedf.cuni.cz\/kddd\/wp-json\/wp\/v2\/pages\/167\/revisions\/6815"}],"up":[{"embeddable":true,"href":"https:\/\/pages.pedf.cuni.cz\/kddd\/wp-json\/wp\/v2\/pages\/66"}],"wp:attachment":[{"href":"https:\/\/pages.pedf.cuni.cz\/kddd\/wp-json\/wp\/v2\/media?parent=167"}],"curies":[{"name":"wp","href":"https:\/\/api.w.org\/{rel}","templated":true}]}}