{"id":172,"date":"2015-03-07T15:47:23","date_gmt":"2015-03-07T14:47:23","guid":{"rendered":"http:\/\/pages.pedf.cuni.cz\/kddd\/?page_id=172"},"modified":"2021-01-17T19:36:26","modified_gmt":"2021-01-17T18:36:26","slug":"o-katedre","status":"publish","type":"page","link":"https:\/\/pages.pedf.cuni.cz\/kddd\/katedra\/o-katedre\/","title":{"rendered":"O kated\u0159e"},"content":{"rendered":"<ul>\n<li>Katedra d\u011bjin a didaktiky d\u011bjepisu zah\u00e1jila svou \u010dinnost ve \u0161koln\u00edm roce 1993\/1994. Nav\u00e1zala tak na tradici v\u00fduky d\u011bjepisu na Pedagogick\u00e9 fakult\u011b Univerzity Karlovy, je\u017e byla p\u0159erv\u00e1na v roce 1982. V\u011bt\u0161ina \u010dlen\u016f katedry pat\u0159\u00ed mezi uzn\u00e1van\u00e9 specialisty ve sv\u00fdch oborech, o \u010dem\u017e sv\u011bd\u010d\u00ed jak jejich vysok\u00e1 akademick\u00e1 \u00farove\u0148, tak jejich person\u00e1ln\u00ed bibliografie.<\/li>\n<li>nab\u00edz\u00ed vzd\u011bl\u00e1n\u00ed ve dvou oborech: d\u011bjepis a edukace v oblasti kulturn\u011b historick\u00e9ho d\u011bdictv\u00ed.<\/li>\n<li>vzd\u011bl\u00e1n\u00ed v oboru d\u011bjepis je v rozsahu od prav\u011bku p\u0159es antick\u00fd starov\u011bk k obecn\u00fdm d\u011bjin\u00e1m st\u0159edov\u011bku a novov\u011bku. D\u016fraz je kladen na \u010desk\u00e9 a \u010deskoslovensk\u00e9 d\u011bjiny, kter\u00e9 jsou poj\u00edm\u00e1ny d\u016fsledn\u011b v evropsk\u00e9m i sv\u011btov\u00e9m kontextu a tak\u00e9 na d\u011bjiny region\u00e1ln\u00ed.<\/li>\n<li>obor edukace nab\u00edz\u00ed kulturn\u011b historick\u00e9, pedagogick\u00e9 a didaktick\u00e9 vzd\u011bl\u00e1n\u00ed, kter\u00e9 je propojeno s prax\u00ed v kulturn\u00edch a pam\u011b\u0165ov\u00fdm instituc\u00edch.<\/li>\n<li>informace o jednotliv\u00fdch studijn\u00edch programech, jejich c\u00edlech, profilech absolvent\u016f a studijn\u00edch kombinac\u00edch najdete v sekci <a title=\"Uchaze\u010di\" href=\"https:\/\/pages.pedf.cuni.cz\/kddd\/uchazeci\/bakalarske-studium\/\">Uchaze\u010di<\/a>.<\/li>\n<li>krom\u011b oborov\u00e9ho d\u011bjepisu a edukace zaji\u0161\u0165uje v\u00fduku \u010desk\u00fdch a \u010deskoslovensk\u00fdch d\u011bjin v kontextu sv\u011btov\u00fdch jako povinn\u00fd p\u0159edm\u011bt v prezen\u010dn\u00edm studiu <a href=\"http:\/\/kcjl.modry.cz\/\" target=\"_blank\" rel=\"noopener noreferrer\">\u010cesk\u00e9ho jazyka a literatur<\/a>y\u00a0a <a href=\"http:\/\/www.pedf.cuni.cz\/PEDF-72.html?cat=prac&amp;org=1577\" target=\"_blank\" rel=\"noopener noreferrer\">Z\u00e1klady<i> <\/i>spole\u010densk\u00fdch<i> <\/i>v\u011bd<\/a><i>, <\/i>v kombinovan\u00e9m studiu\u00a0<a href=\"http:\/\/userweb.pedf.cuni.cz\/ksppg\/\" target=\"_blank\" rel=\"noopener noreferrer\">Speci\u00e1ln\u00ed<i> <\/i>pedagogik<\/a>y a jako voliteln\u00fd p\u0159edm\u011bt v prezen\u010dn\u00edm studiu\u00a0<a href=\"http:\/\/userweb.pedf.cuni.cz\/kppg\/\" target=\"_blank\" rel=\"noopener noreferrer\">Prim\u00e1rn\u00ed<i> <\/i>pedagogiky<\/a>.<\/li>\n<li>ve spole\u010dn\u00e9m z\u00e1kladu bakal\u00e1\u0159sk\u00e9ho studijn\u00edho programu Specializace v pedagogice pro obory se zam\u011b\u0159en\u00edm na vzd\u011bl\u00e1v\u00e1n\u00ed, pedagogiku a speci\u00e1ln\u00ed pedagogiku nab\u00edzela katedra a\u017e do roku 2019 v bloku povinn\u011b voliteln\u00fdch p\u0159edm\u011bt\u016f kurz<a href=\"https:\/\/is.cuni.cz\/studium\/predmety\/index.php?id=d209907d9c5be3ef278c04650cbb4fec&amp;tid=&amp;do=predmet&amp;kod=OBUZ05V015\" target=\"_blank\" rel=\"noopener noreferrer\"> Antick\u00e9 ko\u0159eny evropsk\u00e9 civilizace<\/a> a\u00a0<a href=\"https:\/\/is.cuni.cz\/studium\/predmety\/index.php?id=ff53b7d28f8668da656370d5bd8a9932&amp;tid=&amp;do=predmet&amp;kod=OBUZ05V025\" target=\"_blank\" rel=\"noopener noreferrer\">\u017didovsko-k\u0159es\u0165ask\u00e9 ko\u0159eny evropsk\u00e9 civilizace<\/a>.<\/li>\n<li>ve spole\u010dn\u00e9m z\u00e1kladu navazuj\u00edc\u00edho magistersk\u00e9ho studijn\u00edho programu U\u010ditelstv\u00ed pro st\u0159edn\u00ed \u0161koly nab\u00edzela a nab\u00edz\u00ed pro obory u\u010ditelstv\u00ed a speci\u00e1ln\u00ed pedagogiku v bloku povinn\u011b voliteln\u00fdch p\u0159edm\u011bt\u016f kurzy <a href=\"http:\/\/is.cuni.cz\/studium\/predmety\/index.php?do=predmet&amp;skr=2010&amp;kod=ONUZ05001\" target=\"_blank\" rel=\"noopener noreferrer\">Vybran\u00e9 kapitoly z d\u011bjin 20.stolet\u00ed<\/a> a <a href=\"http:\/\/is.cuni.cz\/studium\/predmety\/index.php?do=predmet&amp;skr=2010&amp;kod=ONUZ05002\" target=\"_blank\" rel=\"noopener noreferrer\">Vybran\u00e9 kapitoly z d\u011bjin um\u011bn\u00ed<\/a>, pop\u0159. dal\u0161\u00ed kurzy.<\/li>\n<\/ul>\n<h2>Hlavn\u00edm pedagogick\u00fdm \u00fakolem katedry<\/h2>\n<ul>\n<li>je p\u0159ipravovat budouc\u00ed u\u010ditele d\u011bjepisu pro 2. stupe\u0148 z\u00e1kladn\u00edch \u0161kol a pro v\u0161echny typy \u0161kol st\u0159edn\u00edch, na nich\u017e se d\u011bjepis vyu\u010duje. Uplatn\u011bn\u00ed\u00a0 absolvent\u016f\u00a0 je v\u0161ak mnohem \u0161ir\u0161\u00ed a v\u0161estrann\u00e9, na\u0161i absolventi p\u016fsob\u00ed v archivech, muze\u00edch, nakladatelstv\u00edch, \u00fastavech Akademie v\u011bd \u010cR, p\u0159edn\u00e1\u0161ej\u00ed na vysok\u00fdch \u0161kol\u00e1ch.<\/li>\n<li>p\u0159\u00edprava budouc\u00edch eduk\u00e1tor\u016f v kultu\u0159e (navazuj\u00edc\u00ed magistersk\u00e9 studium). Pracovn\u00ed uplatn\u011bn\u00ed mohou nach\u00e1zet p\u0159edev\u0161\u00edm v muze\u00edch, galeri\u00edch a na pam\u00e1tkov\u00fdch objektech, ale tak\u00e9 v organizac\u00edch zab\u00fdvaj\u00edc\u00edch se cestovn\u00edm ruchem a volno\u010dasov\u00fdmi aktivitami.<\/li>\n<\/ul>\n<h2>Rigor\u00f3zn\u00ed \u0159\u00edzen\u00ed<\/h2>\n<p>Absolventi oboru d\u011bjepis a edukace se mohou p\u0159ihl\u00e1sit k rigor\u00f3zn\u00edmu \u0159\u00edzen\u00ed (titul PhDr.), k n\u011bmu\u017e m\u00e1 KDDD akreditaci. Ve\u0161ker\u00e9 informace najdete na str\u00e1nk\u00e1ch Pedagogick\u00e9 fakulty v odd\u011blen\u00ed studijn\u00edm: http:\/\/www.pedf.cuni.cz\/PEDF-126.html. Podrobn\u011bji o po\u017eadavc\u00edch KDDD najdete <a href=\"https:\/\/pages.pedf.cuni.cz\/kddd\/wp-admin\/post.php?post=140&amp;action=edit\">zde<\/a><\/p>\n<h2>Doktorsk\u00e9 studium<\/h2>\n<p>Ve\u0161ker\u00e9 informace najdete na str\u00e1nk\u00e1ch Pedagogick\u00e9 fakulty v odd\u011blen\u00ed v\u011bdy. Aktu\u00e1ln\u00ed doktorsk\u00e9 studium na KDDD vede prof. PhDr. Ji\u0159\u00ed Pokorn\u00fd, CSc., od roku 2020 je akreditov\u00e1no doktorsk\u00e9 studium <em><a href=\"https:\/\/pedf.cuni.cz\/PEDF-2057.html\">Historie ve ve\u0159ejn\u00e9m<\/a> prostoru<\/em>.<\/p>\n<h2>Habilita\u010dn\u00ed \u0159\u00edzen\u00ed<\/h2>\n<p>Katedra d\u011bjin a didaktiky d\u011bjepisu je akreditov\u00e1na tak\u00e9 k <a href=\"http:\/\/www.pedf.cuni.cz\/PEDF-103.html\" target=\"_blank\" rel=\"noopener noreferrer\">habilita\u010dn\u00edmu\u00a0i profesorsk\u00e9mu \u0159\u00edzen\u00ed<\/a>. Ve\u0161ker\u00e9 informace najdete na str\u00e1nk\u00e1ch Pedagogick\u00e9 fakulty v odd\u011blen\u00ed v\u011bdy.<\/p>\n<p>&nbsp;<\/p>\n","protected":false},"excerpt":{"rendered":"<p>Katedra d\u011bjin a didaktiky d\u011bjepisu zah\u00e1jila svou \u010dinnost ve \u0161koln\u00edm roce 1993\/1994. Nav\u00e1zala tak na tradici v\u00fduky d\u011bjepisu na Pedagogick\u00e9 fakult\u011b Univerzity Karlovy, je\u017e byla p\u0159erv\u00e1na v roce 1982. V\u011bt\u0161ina \u010dlen\u016f katedry pat\u0159\u00ed mezi uzn\u00e1van\u00e9<strong>&#8230;<\/strong><\/p>\n","protected":false},"author":402,"featured_media":0,"parent":71,"menu_order":10,"comment_status":"closed","ping_status":"closed","template":"","meta":{"_mc_calendar":[],"footnotes":""},"class_list":["post-172","page","type-page","status-publish","hentry"],"_links":{"self":[{"href":"https:\/\/pages.pedf.cuni.cz\/kddd\/wp-json\/wp\/v2\/pages\/172","targetHints":{"allow":["GET"]}}],"collection":[{"href":"https:\/\/pages.pedf.cuni.cz\/kddd\/wp-json\/wp\/v2\/pages"}],"about":[{"href":"https:\/\/pages.pedf.cuni.cz\/kddd\/wp-json\/wp\/v2\/types\/page"}],"author":[{"embeddable":true,"href":"https:\/\/pages.pedf.cuni.cz\/kddd\/wp-json\/wp\/v2\/users\/402"}],"replies":[{"embeddable":true,"href":"https:\/\/pages.pedf.cuni.cz\/kddd\/wp-json\/wp\/v2\/comments?post=172"}],"version-history":[{"count":10,"href":"https:\/\/pages.pedf.cuni.cz\/kddd\/wp-json\/wp\/v2\/pages\/172\/revisions"}],"predecessor-version":[{"id":6633,"href":"https:\/\/pages.pedf.cuni.cz\/kddd\/wp-json\/wp\/v2\/pages\/172\/revisions\/6633"}],"up":[{"embeddable":true,"href":"https:\/\/pages.pedf.cuni.cz\/kddd\/wp-json\/wp\/v2\/pages\/71"}],"wp:attachment":[{"href":"https:\/\/pages.pedf.cuni.cz\/kddd\/wp-json\/wp\/v2\/media?parent=172"}],"curies":[{"name":"wp","href":"https:\/\/api.w.org\/{rel}","templated":true}]}}