{"id":174,"date":"2015-03-07T15:47:37","date_gmt":"2015-03-07T14:47:37","guid":{"rendered":"http:\/\/pages.pedf.cuni.cz\/kddd\/?page_id=174"},"modified":"2015-03-14T11:19:41","modified_gmt":"2015-03-14T10:19:41","slug":"obhajene-prace","status":"publish","type":"page","link":"https:\/\/pages.pedf.cuni.cz\/kddd\/katedra\/obhajene-prace\/","title":{"rendered":"Obh\u00e1jen\u00e9 pr\u00e1ce"},"content":{"rendered":"<p style=\"text-align: center\"><strong>Pr\u00e1ce obh\u00e1jen\u00e9 v akademick\u00e9m roce <a href=\"http:\/\/is.cuni.cz\/studium\/dipl_st\/index.php?fak=11410&amp;ustav=41-KDDD&amp;dobor=D&amp;i_bez_oboru=0&amp;i_bez_oboru=1&amp;vedouci=&amp;skr=2007&amp;dtyp=D&amp;kterep=all&amp;pocet=&amp;do=main&amp;f=Najdi\" target=\"_blank\">2008<\/a> a pozd\u011bji jsou evidov\u00e1ny v elektronick\u00e9m syst\u00e9mu (SIS).<\/strong><\/p>\n<p>Pr\u00e1ce obh\u00e1jen\u00e9 v minul\u00fdch letech najdete pod p\u0159\u00edslu\u0161n\u00fdm rokem:<\/p>\n<ul>\n<li><a href=\"https:\/\/pages.pedf.cuni.cz\/kddd\/files\/2015\/03\/diplomove_prace_2007.pdf\" target=\"_blank\">2007<\/a>\u00a0(PDF)<\/li>\n<li><a href=\"https:\/\/pages.pedf.cuni.cz\/kddd\/files\/2015\/03\/diplomove_prace_2006.pdf\" target=\"_blank\">2006<\/a>\u00a0(PDF)<\/li>\n<li><a href=\"https:\/\/pages.pedf.cuni.cz\/kddd\/files\/2015\/03\/diplomove_prace_2005.pdf\" target=\"_blank\">2005<\/a>\u00a0(PDF)<\/li>\n<li><a href=\"https:\/\/pages.pedf.cuni.cz\/kddd\/files\/2015\/03\/diplomove_prace_2004.pdf\" target=\"_blank\">2004<\/a>\u00a0(PDF)<\/li>\n<li><a href=\"https:\/\/pages.pedf.cuni.cz\/kddd\/files\/2015\/03\/diplomove_prace_2003.pdf\" target=\"_blank\">2003<\/a>\u00a0(PDF)<\/li>\n<li><a href=\"https:\/\/pages.pedf.cuni.cz\/kddd\/files\/2015\/03\/diplomove_prace_2002.pdf\" target=\"_blank\">2002<\/a>\u00a0(PDF)<\/li>\n<li><a href=\"https:\/\/pages.pedf.cuni.cz\/kddd\/files\/2015\/03\/diplomove_prace_2001.pdf\" target=\"_blank\">2001<\/a>\u00a0(PDF)<\/li>\n<li><a href=\"https:\/\/pages.pedf.cuni.cz\/kddd\/files\/2015\/03\/diplomove_prace_2000.pdf\" target=\"_blank\">2000<\/a>\u00a0(PDF)<\/li>\n<li><a href=\"https:\/\/pages.pedf.cuni.cz\/kddd\/files\/2015\/03\/diplomove_prace_1999.pdf\" target=\"_blank\">1999<\/a>\u00a0(PDF)<\/li>\n<li><a href=\"https:\/\/pages.pedf.cuni.cz\/kddd\/files\/2015\/03\/diplomove_prace_1998.pdf\" target=\"_blank\">1998<\/a>\u00a0(PDF)<\/li>\n<\/ul>\n<h2>Rigor\u00f3zn\u00ed pr\u00e1ce<\/h2>\n<ul>\n<li><a href=\"https:\/\/pages.pedf.cuni.cz\/kddd\/files\/2015\/03\/rigorozni_prace_2001_2007.pdf\" target=\"_blank\">2001-2007<\/a>\u00a0(PDF)<\/li>\n<\/ul>\n","protected":false},"excerpt":{"rendered":"<p>Pr\u00e1ce obh\u00e1jen\u00e9 v akademick\u00e9m roce <a href=\"http:\/\/is.cuni.cz\/studium\/dipl_st\/index.php?fak=11410&amp;ustav=41-KDDD&amp;dobor=D&amp;i_bez_oboru=0&amp;i_bez_oboru=1&amp;vedouci=&amp;skr=2007&amp;dtyp=D&amp;kterep=all&amp;pocet=&amp;do=main&amp;f=Najdi\" target=\"_blank\">2008<\/a> a pozd\u011bji jsou evidov\u00e1ny v elektronick\u00e9m syst\u00e9mu (SIS). Pr\u00e1ce obh\u00e1jen\u00e9 v minul\u00fdch letech najdete pod p\u0159\u00edslu\u0161n\u00fdm rokem: <a href=\"https:\/\/pages.pedf.cuni.cz\/kddd\/files\/2015\/03\/diplomove_prace_2007.pdf\" target=\"_blank\">2007<\/a> \u00a0(PDF) <a href=\"https:\/\/pages.pedf.cuni.cz\/kddd\/files\/2015\/03\/diplomove_prace_2006.pdf\" target=\"_blank\">2006<\/a> \u00a0(PDF) <a href=\"https:\/\/pages.pedf.cuni.cz\/kddd\/files\/2015\/03\/diplomove_prace_2005.pdf\" target=\"_blank\">2005<\/a> \u00a0(PDF) <a href=\"https:\/\/pages.pedf.cuni.cz\/kddd\/files\/2015\/03\/diplomove_prace_2004.pdf\" target=\"_blank\">2004<\/a> \u00a0(PDF) <a href=\"https:\/\/pages.pedf.cuni.cz\/kddd\/files\/2015\/03\/diplomove_prace_2003.pdf\" target=\"_blank\">2003<\/a> \u00a0(PDF) <a href=\"https:\/\/pages.pedf.cuni.cz\/kddd\/files\/2015\/03\/diplomove_prace_2002.pdf\" target=\"_blank\">2002<\/a> \u00a0(PDF) <a href=\"https:\/\/pages.pedf.cuni.cz\/kddd\/files\/2015\/03\/diplomove_prace_2001.pdf\" target=\"_blank\">2001<\/a> \u00a0(PDF) <a href=\"https:\/\/pages.pedf.cuni.cz\/kddd\/files\/2015\/03\/diplomove_prace_2000.pdf\" target=\"_blank\">2000<\/a> \u00a0(PDF) <a href=\"https:\/\/pages.pedf.cuni.cz\/kddd\/files\/2015\/03\/diplomove_prace_1999.pdf\" target=\"_blank\">1999<\/a> \u00a0(PDF) <a href=\"https:\/\/pages.pedf.cuni.cz\/kddd\/files\/2015\/03\/diplomove_prace_1998.pdf\" target=\"_blank\">1998<\/a> \u00a0(PDF) Rigor\u00f3zn\u00ed pr\u00e1ce <a href=\"https:\/\/pages.pedf.cuni.cz\/kddd\/files\/2015\/03\/rigorozni_prace_2001_2007.pdf\" target=\"_blank\">2001-2007<\/a> \u00a0(PDF)<strong>&#8230;<\/strong><\/p>\n","protected":false},"author":402,"featured_media":0,"parent":71,"menu_order":80,"comment_status":"closed","ping_status":"closed","template":"","meta":{"_mc_calendar":[],"footnotes":""},"class_list":["post-174","page","type-page","status-publish","hentry"],"_links":{"self":[{"href":"https:\/\/pages.pedf.cuni.cz\/kddd\/wp-json\/wp\/v2\/pages\/174","targetHints":{"allow":["GET"]}}],"collection":[{"href":"https:\/\/pages.pedf.cuni.cz\/kddd\/wp-json\/wp\/v2\/pages"}],"about":[{"href":"https:\/\/pages.pedf.cuni.cz\/kddd\/wp-json\/wp\/v2\/types\/page"}],"author":[{"embeddable":true,"href":"https:\/\/pages.pedf.cuni.cz\/kddd\/wp-json\/wp\/v2\/users\/402"}],"replies":[{"embeddable":true,"href":"https:\/\/pages.pedf.cuni.cz\/kddd\/wp-json\/wp\/v2\/comments?post=174"}],"version-history":[{"count":0,"href":"https:\/\/pages.pedf.cuni.cz\/kddd\/wp-json\/wp\/v2\/pages\/174\/revisions"}],"up":[{"embeddable":true,"href":"https:\/\/pages.pedf.cuni.cz\/kddd\/wp-json\/wp\/v2\/pages\/71"}],"wp:attachment":[{"href":"https:\/\/pages.pedf.cuni.cz\/kddd\/wp-json\/wp\/v2\/media?parent=174"}],"curies":[{"name":"wp","href":"https:\/\/api.w.org\/{rel}","templated":true}]}}