{"id":176,"date":"2015-03-07T15:48:07","date_gmt":"2015-03-07T14:48:07","guid":{"rendered":"http:\/\/pages.pedf.cuni.cz\/kddd\/?page_id=176"},"modified":"2025-11-25T19:18:54","modified_gmt":"2025-11-25T18:18:54","slug":"ziskane-ceny","status":"publish","type":"page","link":"https:\/\/pages.pedf.cuni.cz\/kddd\/katedra\/ziskane-ceny\/","title":{"rendered":"Z\u00edskan\u00e9 ceny"},"content":{"rendered":"<h2>T\u00fdmov\u00e1 pr\u00e1ce<\/h2>\n<p>Cenu Miloslava Petruska z\u00edskali v roce 2021 auto\u0159i projektu &#8222;Nezapomeneme&#8220;. Prorektor \u0160krha uvedl, \u017ee jde o kreativn\u00ed, um\u011bleck\u00fd a vzd\u011bl\u00e1vac\u00ed projekt se siln\u00fdm etick\u00fdm p\u0159esahem na t\u00e9ma druh\u00e9 druh\u00e9 sv\u011btov\u00e9 v\u00e1lky a holokaustu. &#8222;D\u011bti a studenti m\u011bli mo\u017enost v\u00fdtvarn\u00fdm jazykem podat v\u00fdpov\u011b\u010f k ud\u00e1lostem, kter\u00e9 tvo\u0159\u00ed temnou str\u00e1nku evropsk\u00fdch d\u011bjin 20. stolet\u00ed,&#8220; popsal. Na projektu spolupracovali odborn\u00edci z katedry d\u011bjin a didaktiky d\u011bjepisu a katedry v\u00fdtvarn\u00e9 v\u00fdchovy a m\u00edstostarosta Chomutova Milan M\u00e4rc. V\u00edce o projektu viz <a href=\"https:\/\/www.czechcentres.cz\/blog\/2021\/03\/virtualni-prohlidka-projekt-nezapomeneme\">zde<\/a> (https:\/\/www.czechcentres.cz\/blog\/2021\/03\/virtualni-prohlidka-projekt-nezapomeneme).<\/p>\n<h2>Vyu\u010duj\u00edc\u00ed<\/h2>\n<p><strong>em. prof. PhDr. Petr \u010cornej, DrSc. &#8211; zakladatel obnoven\u00e9 katedry v roce 1993<br \/>\n<\/strong><\/p>\n<p>2019: cena za nejlep\u0161\u00ed odbornou knihu roku 2019 byla vyhodnocena publikace prof. PhDr. Petra \u010corneje, DrSc., <em>Jan \u017di\u017eka. <\/em><small class=\"book-detail__sub-title\"><em> \u017divot a doba husitsk\u00e9ho v\u00e1le\u010dn\u00edka<br \/>\n<\/em><\/small>2018: Medaile Pedagogick\u00e9 fakulty UK za z\u00e1sluhy o fakultu<br \/>\n2001: Liter\u00e1rn\u00ed cena Josefa Hl\u00e1vky pro nejlep\u0161\u00ed publikace v oblasti v\u011bdeck\u00e9 literatury za publikaci <i>Velk\u00e9 d\u011bjiny zem\u00ed Koruny \u010desk\u00e9 V. (1402-1437).<\/i> Praha: Paseka 2001.<br \/>\n2001: Prvn\u00ed m\u00edsto v anket\u011b \u010dasopisu D\u011bjiny a sou\u010dasnost za nejlep\u0161\u00ed historickou knihu roku 2000 (<i>Velk\u00e9 d\u011bjiny zem\u00ed Koruny \u010desk\u00e9 V. 1402-1437<\/i>)<br \/>\n2000: Zlat\u00e1 stuha \u010cesk\u00e9 sekce IBBY, Klubu literatury pro ml\u00e1de\u017e a Klubu ilustr\u00e1tor\u016f d\u011btsk\u00e9 knihy za rok 1999<br \/>\n1999: Pam\u011btn\u00ed medaile nakladatelstv\u00ed Paseka<br \/>\n1998: Medaile Univerzity Karlovy u p\u0159\u00edle\u017eitosti 650. v\u00fdro\u010d\u00ed jej\u00edho zalo\u017een\u00ed<br \/>\n1993: Cena ministra \u0161kolstv\u00ed, ml\u00e1de\u017ee a t\u011blov\u00fdchovy za nejlep\u0161\u00ed u\u010debnici z oblasti spole\u010densk\u00fdch v\u011bd (<i>D\u011bjiny zem\u00ed Koruny \u010desk\u00e9 I-II<\/i>) za rok 1992 (spoludr\u017eitel Pavel B\u011blina)<\/p>\n<p><strong>doc. PhDr. Ji\u0159\u00ed Hnilica, Ph.D.<\/strong><\/p>\n<p>2019 (za rok 2017): Monografie <em>Fenom\u00e9n Dijon. Stolet\u00ed \u010desk\u00fdch maturit ve Francii<\/em> byla v r\u00e1mci Univerzity Karlovy vyhodnocena na spole\u010dn\u00e9m 32.-37. m\u00edst\u011b, v r\u00e1mci PedF jako nejv\u00fd\u0161e hodnocena.<br \/>\n2023: <span data-olk-copy-source=\"MessageBody\">Vyznamen\u00e1n\u00ed \u00a0francouzsk\u00e9ho ministerstva \u0161kolstv\u00ed: \u0158\u00e1d akademick\u00fdch palem, hodnost ryt\u00ed\u0159<\/span><\/p>\n<p><strong>doc. PhDr. Petr Charv\u00e1t, DrSc.<\/strong><\/p>\n<p>2018: Medaile Pedagogick\u00e9 fakulty UK za z\u00e1sluhy o fakultu<br \/>\n2017: cena Arno\u0161ta z Pardubic, kterou ud\u011bluje Univerzita Karlova akademick\u00fdm pracovn\u00edk\u016fm za vynikaj\u00edc\u00ed pedagogickou \u010dinnost<br \/>\n2012: Cena Josefa Hl\u00e1vky za nejlep\u0161\u00ed \u010desky psanou v\u011bdeckou publikaci roku 2011 za knihu <em>Zrozen\u00ed st\u00e1tu<\/em> (Praha, Karolinum 2011)<br \/>\n2000: Cena AV \u010cR za vynikaj\u00edc\u00ed v\u00fdsledky (spolunositel z kolektivn\u00ed ceny za <i>Encyklopedii starov\u011bk\u00e9ho p\u0159edn\u00edho v\u00fdchodu<\/i>, Praha: Libri\u00a01999)<br \/>\n1996: Cena ministra \u0161kolstv\u00ed za v\u011bdu a v\u00fdzkum za publikaci <i>Ancient Mesopotamia.\u00a0Humankind&#8217;s Long Journey into Civilization.\u00a0<\/i>Praha: Orient\u00e1ln\u00ed \u00fastav AV \u010cR\u00a01993<\/p>\n<p><strong>prof. PhDr. Kate\u0159ina Charv\u00e1tov\u00e1, CSc.<\/strong><\/p>\n<p>2022: Medaile Pedagogick\u00e9 fakulty UK za z\u00e1sluhy o fakultu<br \/>\n2020 (za rok 2018): monografie <em>D\u011bjiny cisterck\u00e9ho \u0159\u00e1du 1142-1420. Svazek III.: Kl\u00e1\u0161tery na hranic\u00edch a za hranicemi \u010cech <\/em>byla v r\u00e1mci Univerzity Karlovy vyhodnocena na 48. m\u00edst\u011b, z cel\u00e9 PedF byly ocen\u011bny dv\u011b monografie.<br \/>\n2020: <span data-olk-copy-source=\"MessageBody\">Vyznamen\u00e1n\u00ed \u00a0francouzsk\u00e9ho ministerstva \u0161kolstv\u00ed: \u0158\u00e1d akademick\u00fdch palem, hodnost ryt\u00ed\u0159<\/span><\/p>\n<p><strong>doc. PhDr. Jana Kepartov\u00e1, CSc.<\/strong><\/p>\n<p>2021: Medaile Pedagogick\u00e9 fakulty UK za z\u00e1sluhy o fakultu<\/p>\n<p><strong>PhDr. Petr Koura, Ph.D.<\/strong><\/p>\n<p>2015: Cena pro mlad\u00e9 v\u011bdce Nada\u010dn\u00edho fondu <em>Neuron<\/em>. Cenu z\u00edskal za svou mimo\u0159\u00e1dn\u011b kvalitn\u00ed badatelskou pr\u00e1ci v oblasti \u010desk\u00fdch politick\u00fdch a kulturn\u00edch d\u011bjin 20. stolet\u00ed.<\/p>\n<p><strong>doc. PhDr. Alena M\u00ed\u0161kov\u00e1<\/strong><\/p>\n<p>2011: Cena poroty nakladatelstv\u00ed Academia za knihu Bohemia docta (edito\u0159i M. Franc, A. Kostl\u00e1n a A. M\u00ed\u0161kov\u00e1), kter\u00e1 byla sou\u010dasn\u011b navr\u017eena na cenu Magnesia littera v neju\u017e\u0161\u00edm v\u00fdb\u011bru v literatu\u0159e faktu, tj. mezi t\u0159emi nejlep\u0161\u00edmi odborn\u00fdmi publikacemi<br \/>\n2003:\u00a0Cena rektora Univerzity Karlovy za\u00a0publikaci <i>N\u011bmeck\u00e1 (Karlova) univerzita od Mnichova k 9. kv\u011btnu 1945<\/i>. Praha:\u00a0Karolinum 2002<\/p>\n<p><strong>PaedDr. Franti\u0161ek Parkan<\/strong><\/p>\n<p>2025: Medaile M\u0160MT 1. stupn\u011b<\/p>\n<p>2023: Medaile Pedagogick\u00e9 fakulty UK za z\u00e1sluhy o fakultu<br \/>\n2016: Cena \u010cesk\u00fd patriot se ud\u011bluje za v\u00fdznamn\u00fd p\u0159\u00ednos v oblasti podpory n\u00e1rodn\u00ed hrdosti a zachov\u00e1n\u00ed historie \u010cesk\u00e9 republiky osobnostem, kter\u00e9 se pod\u00edlej\u00ed na zachov\u00e1n\u00ed pam\u011bti n\u00e1roda. Zakladatelem a po\u0159adatelem Ceny \u010cesk\u00fd patriot je spolek Asociace nositel\u016f legion\u00e1\u0159sk\u00fdch tradic.<\/p>\n<p><strong>doc. PhDr. Magdalena Pokorn\u00e1, CSc.<\/strong><\/p>\n<p>2020 (za 2018): Mezi vynikaj\u00edc\u00ed publikace byla za\u0159azena pr\u00e1ce <em>Karel Havl\u00ed\u010dek: Korespondence II (1843-1844)<\/em>, na n\u00ed\u017e se pod\u00edlela doc. PhDr. Magdalena Pokorn\u00e1, CSc. (49.-55. m\u00edsto).<\/p>\n<p><strong>doc. PhDr. V\u00edt Vlnas, Ph.D.<\/strong><\/p>\n<p>2014: Cena \u010desk\u00e9ho v\u00fdboru ICOM pro rok 2014 za v\u00fdstavu Otev\u0159i zahradu rajskou, benediktini v srdci Evropy 800-1300<br \/>\n2011: Nejkr\u00e1sn\u011bj\u0161\u00ed \u010desk\u00e9 knihy roku 2010 &#8211; kategorie Katalogy: 1. m\u00edsto Cena ministra kultury \u010cR: Lenka Stol\u00e1rov\u00e1 &#8211; V\u00edt Vlnas (edd.), Karel \u0160kr\u00e9ta (1610-1674): Doba a d\u00edlo, Praha: N\u00e1rodn\u00ed galerie v Praze, 2010<br \/>\n2003: Ryt\u00ed\u0159 francouzsk\u00e9ho \u0158\u00e1du um\u011bn\u00ed a literatury<br \/>\n2002: Prvn\u00ed m\u00edsto v anket\u011b \u010dasopisu D\u011bjiny a sou\u010dasnost za nejlep\u0161\u00ed historickou knihu roku 2001 (<i>Ev\u017een Savojsk\u00fd. \u017divot a sl\u00e1va barokn\u00edho v\u00e1le\u010dn\u00edka<\/i>)<br \/>\n2002: Cena Magnesia Litera za popul\u00e1rn\u011b nau\u010dnou publikaci <i>Princ Ev\u017een Savojsk\u00fd. \u017divot a sl\u00e1va barokn\u00edho v\u00e1le\u010dn\u00edka<\/i>. Praha: Paseka 2001.<br \/>\n1997: V\u00fdro\u010dn\u00ed cena \u010cesk\u00e9 u\u010den\u00e9 spole\u010dnosti v kategorii junior\u016f<br \/>\n1994: Prvn\u00ed m\u00edsto v anket\u011b \u010dasopisu D\u011bjiny a sou\u010dasnost za nejlep\u0161\u00ed historickou knihu roku 1993 (<i>Jan Nepomuck\u00fd, \u010desk\u00e1 legenda<\/i>)<br \/>\n1993: V\u00fdro\u010dn\u00ed cena nakladatelstv\u00ed Mlad\u00e1 fronta<\/p>\n<h2>Studenti<\/h2>\n<p>2025 <strong>Karol\u00edna \u0160vecov\u00e1<\/strong>, studentka d\u011bjepisu na Kated\u0159e d\u011bjin a\u00a0 didaktiky d\u011bjepisu, z\u00edskala spolu s <span data-olk-copy-source=\"MessageBody\"><strong>Barborou Dou\u0161kovou<\/strong>, studentkou Cyrilometod\u011bjsk\u00e9ho gymn\u00e1zia a st\u0159edn\u00ed odborn\u00e9 \u0161koly pedagogick\u00e9 Brno, prvn\u00ed cenu na Studentsk\u00e9 v\u011bdeck\u00e9 konferenci za nejlep\u0161\u00ed st\u00e1\u017e roku z oblasti humanitn\u00edch a spole\u010densk\u00fdch v\u011bd. Cenu ud\u011bluje Akademie v\u011bd \u010cR.<\/span><\/p>\n<p>2021 <strong>Vojt\u011bch Kreuz\u00a0 <\/strong>z\u00edskal na celost\u00e1tn\u00ed studentsk\u00e9 v\u011bdeck\u00e9 konferenci <em>Historie 2021<\/em> skv\u011bl\u00e9 2. a\u017e 3. m\u00edsto s prac\u00ed <em>Pra\u017esk\u00fd kav\u00e1rn\u00edk Jaroslav \u0160t\u011brba<\/em>. \u00a0Z\u00e1rove\u0148 se jeho sout\u011b\u017en\u00ed pr\u00e1ce, vypracovan\u00e1 pod veden\u00edm doc. Magdal\u00e9ny Pokorn\u00e9, um\u00edstila na stejn\u00e9 pozici v sout\u011b\u017ei o Cenu Josefa \u0160usty, kterou vyhla\u0161uje Sdru\u017een\u00ed historik\u016f \u010cR.<\/p>\n<p>2021:\u00a0 <strong>Ji\u0159\u00ed Kl\u016fc<\/strong> z\u00edskal prvn\u00ed m\u00edsto v sout\u011b\u017ei V\u0160 student\u016f o Cenu Edvarda Bene\u0161e. Ve 26. ro\u010dn\u00edku sout\u011b\u017ee studentsk\u00fdch prac\u00ed z oblasti historie 20. stolet\u00ed a z oblasti sociologie, vypisovan\u00e9 m\u011bstem Sezimovo \u00dast\u00ed, obdr\u017eel <strong>Ji\u0159\u00ed Kl\u016fc<\/strong> cenu 1. stupn\u011b za pr\u00e1ci vypracovanou pod veden\u00edm Mgr. Du\u0161ana Folt\u00fdna.<\/p>\n<p>2019: <strong>Eli\u0161ka Hor\u00e1kov\u00e1<\/strong> z\u00edskala s prac\u00ed <em>Epidemie skvrnit\u00e9ho tyfu na konci druh\u00e9 sv\u011btov\u00e9 v\u00e1lky v Terez\u00edn\u011b<\/em> <em>(1842-1992)<\/em> druh\u00e9 a\u017e t\u0159et\u00ed m\u00edsto na Celost\u00e1tn\u00ed studentsk\u00e9 v\u011bdeck\u00e9 konferenci <em>Historie 2019<\/em>.<\/p>\n<p>2019: <strong>Veronika Svobodov\u00e1 &#8211;<\/strong> Cena Zde\u0148ka Horsk\u00e9ho za rok 2018 ud\u011blovanou Spole\u010dnost\u00ed pro d\u011bjiny v\u011bd a techniky (SDVT) za publikaci <em>Zlat\u00e1 doba \u010desk\u00e9 \u0161koly. Pokusnictv\u00ed v \u010ceskoslovensku na p\u0159\u00edklad\u011b \u0161kol v Michli, Nusl\u00edch a Hostiva\u0159i<\/em>. Praha: UK, PedF 2018. ISBN 9788076030008.<\/p>\n<p>2018: <strong>Luk\u00e1\u0161 Burian<\/strong> &#8211; 3. m\u00edsto na Celost\u00e1tn\u00ed studentsk\u00e9 v\u011bdeck\u00e9 konferenci <em>Historie 2017\/18<\/em> za pr\u00e1ci <em>Historick\u00fd v\u00fdvoj n\u00e1zv\u016f ulic a prostranstv\u00ed na M\u011bln\u00edku (1842-1992). (v<\/em>edouc\u00ed doc. PhDr. Ji\u0159\u00ed Hnilica, Ph.D.)<\/p>\n<p>2016: <strong>Veronika Svobodov\u00e1<\/strong> 1. m\u00edsto na Celost\u00e1tn\u00ed\u00a0 studentsk\u00e9 v\u011bdeck\u00e9 konferenci<em> Historie 2016<\/em> s\u00a0prac\u00ed <em>Pokusnictv\u00ed v\u00a0\u010ceskoslovensku na p\u0159\u00edkladu \u0161kol v\u00a0Michli, Nusl\u00edch a Hostiva\u0159i.<\/em><\/p>\n<p>2016 <strong>Juda Kaleta<\/strong> &#8211; Cena Josefa \u0160usty, kterou oce\u0148uje Sdru\u017een\u00ed \u010desk\u00fdch historik\u016f \u010cesk\u00e9 republiky, za pr\u00e1ci <i>\u201eZ \u017e\u00e1dn\u00e9 vysokosti aneb pohrd\u00e1n\u00ed v\u011b\u0159\u00edm\u2026\u201c Sonda do zbo\u017enosti \u0161lechty v Jednot\u011b bratrsk\u00e9 p\u0159ed n\u00e1stupem evropsk\u00e9 reformace na z\u00e1klad\u011b \u017eivota Johanky z Krajku a jej\u00edho Vyzn\u00e1n\u00ed v\u00edry. <\/i>Z\u00e1rove\u0148 obsadil<i>\u00a0 <\/i>p\u00e1t\u00e9 m\u00edsto na Celost\u00e1tn\u00ed\u00a0 studentsk\u00e9 v\u011bdeck\u00e9 konferenci<em> Historie 2016<\/em>.<\/p>\n<p>2008: <b>Mgr. Bohumil Neumann<\/b> &#8211; 1. cena E. Bene\u0161e v Sezimov\u011b \u00fast\u00ed za diplomovou pr\u00e1ci<em> Milada Paulov\u00e1 (1891-1970) P\u0159\u00edb\u011bh cesty k dosa\u017een\u00ed prvn\u00ed \u017eensk\u00e9 docentury v \u010ceskoslovensku v roce 1925<\/em> (vedouc\u00ed doc. PhDr. Alena M\u00ed\u0161kov\u00e1)<\/p>\n<p>2008: <b>Mgr. Olga \u00a0Kuthanov\u00e1<\/b> &#8211; 2. cena E. Bene\u0161e v Sezimov\u011b \u00fast\u00ed za diplomovou pr\u00e1ci<em> Nacifikace m\u011bsta Prahy<\/em> (vedouc\u00ed doc. PhDr. Alena M\u00ed\u0161kov\u00e1)<\/p>\n<p>2004: <b>Mgr. Ji\u0159\u00ed Havl\u00edk<\/b> &#8211; cena rektora UK pro absolventy u\u010ditelsk\u00fdch studijn\u00edch obor\u016f &#8211; cena\u00a0prof. PhDr. V\u00e1clava P\u0159\u00edhody za diplomovou pr\u00e1ci <i>Morov\u00e1 epidemie v\u00a0letech 1679 \u2013 1681 v\u00a0Praze a pra\u017esk\u00e9 domy tovary\u0161stva Je\u017e\u00ed\u0161ova <\/i>(vedouc\u00ed doc. PhDr.Ivana \u010cornejov\u00e1,CSc.)<\/p>\n<p>2003: <b>PhDr. Hana Havl\u016fjov\u00e1<\/b> &#8211; cena Josefa Hl\u00e1vky pro nejlep\u0161\u00ed studenty a absolventy pra\u017esk\u00fdch ve\u0159ejn\u00fdch vysok\u00fdch \u0161kol, brn\u011bnsk\u00e9 techniky a mlad\u00e9 talentovan\u00e9 pracovn\u00edky Akademie v\u011bd \u010cR za diplomovou pr\u00e1ci <i>PhDr. Ludmila Matiegkov\u00e1 (1889 \u2013 1960)<\/i> (vedouc\u00ed doc. PhDr. Petr Charv\u00e1t, DrSc.)<\/p>\n<p>2002: <b>Mgr. V\u00e1clava Kofr\u00e1nkov\u00e1<\/b> &#8211; Bolzanova cena (sout\u011b\u017e odborn\u00fdch a v\u011bdeck\u00fdch prac\u00ed vypracovan\u00fdch studenty UK v r\u00e1mci bakal\u00e1\u0159sk\u00e9ho, magistersk\u00e9ho a doktorsk\u00e9ho studia v oborech pr\u00e1vn\u00edch, ekonomick\u00fdch, matematick\u00fdch a spole\u010densko-v\u011bdn\u00edch, akreditovan\u00fdch na UK) za diplomovou pr\u00e1ci <i>Druh\u00fd \u017eivot P\u0159emysla Otakara II. (13. &#8211; 17. stolet\u00ed),<\/i> (vedouc\u00ed prof. PhDr. Petr \u010cornej, DrSc.)<\/p>\n<p>2000: <b>Mgr. Milan Kudrys<\/b> &#8211; Bolzanova cena za diplomovou pr\u00e1ci <i>V\u00fdstava Pra\u017esk\u00e9 baroko 1938.<\/i><\/p>\n<p>2000: <b>Mgr. Josef Bo\u010dek<\/b> &#8211; Bolzanova cena za diplomovou pr\u00e1ci <i>Die K\u00f6nigenhofer und Gr\u00fcnberger Handschriften politischer Auseinandersetzung in B\u00f6hmen 1858 &#8211; 1938<\/i><\/p>\n<p>1999: <b>Mgr. Kate\u0159ina Bl\u00e1hov\u00e1<\/b> &#8211; Bolzanova cena za diplomovou pr\u00e1ci <i>Kraje. Liter\u00e1rn\u00ed odkaz Josefa \u0160usty<\/i><\/p>\n<p>1999: <b>Mgr. Jana Ko\u010di\u0161ov\u00e1<\/b> (<b>\u0160\u00e1malov\u00e1<\/b>) &#8211; Bolzanova cena za diplomovou pr\u00e1ci <i>Vztahy koz\u00e1k\u016f se zem\u011bmi Koruny \u010desk\u00e9 do r. 1620<\/i><\/p>\n<p>&nbsp;<\/p>\n","protected":false},"excerpt":{"rendered":"<p>T\u00fdmov\u00e1 pr\u00e1ce Cenu Miloslava Petruska z\u00edskali v roce 2021 auto\u0159i projektu &#8222;Nezapomeneme&#8220;. Prorektor \u0160krha uvedl, \u017ee jde o kreativn\u00ed, um\u011bleck\u00fd a vzd\u011bl\u00e1vac\u00ed projekt se siln\u00fdm etick\u00fdm p\u0159esahem na t\u00e9ma druh\u00e9 druh\u00e9 sv\u011btov\u00e9 v\u00e1lky a holokaustu.<strong>&#8230;<\/strong><\/p>\n","protected":false},"author":402,"featured_media":0,"parent":71,"menu_order":70,"comment_status":"closed","ping_status":"closed","template":"","meta":{"_mc_calendar":[],"footnotes":""},"class_list":["post-176","page","type-page","status-publish","hentry"],"_links":{"self":[{"href":"https:\/\/pages.pedf.cuni.cz\/kddd\/wp-json\/wp\/v2\/pages\/176","targetHints":{"allow":["GET"]}}],"collection":[{"href":"https:\/\/pages.pedf.cuni.cz\/kddd\/wp-json\/wp\/v2\/pages"}],"about":[{"href":"https:\/\/pages.pedf.cuni.cz\/kddd\/wp-json\/wp\/v2\/types\/page"}],"author":[{"embeddable":true,"href":"https:\/\/pages.pedf.cuni.cz\/kddd\/wp-json\/wp\/v2\/users\/402"}],"replies":[{"embeddable":true,"href":"https:\/\/pages.pedf.cuni.cz\/kddd\/wp-json\/wp\/v2\/comments?post=176"}],"version-history":[{"count":10,"href":"https:\/\/pages.pedf.cuni.cz\/kddd\/wp-json\/wp\/v2\/pages\/176\/revisions"}],"predecessor-version":[{"id":8124,"href":"https:\/\/pages.pedf.cuni.cz\/kddd\/wp-json\/wp\/v2\/pages\/176\/revisions\/8124"}],"up":[{"embeddable":true,"href":"https:\/\/pages.pedf.cuni.cz\/kddd\/wp-json\/wp\/v2\/pages\/71"}],"wp:attachment":[{"href":"https:\/\/pages.pedf.cuni.cz\/kddd\/wp-json\/wp\/v2\/media?parent=176"}],"curies":[{"name":"wp","href":"https:\/\/api.w.org\/{rel}","templated":true}]}}