{"id":184,"date":"2015-03-07T15:53:26","date_gmt":"2015-03-07T14:53:26","guid":{"rendered":"http:\/\/pages.pedf.cuni.cz\/kddd\/?page_id=184"},"modified":"2016-02-17T14:57:02","modified_gmt":"2016-02-17T13:57:02","slug":"ucitel-a-provoz-skoly","status":"publish","type":"page","link":"https:\/\/pages.pedf.cuni.cz\/kddd\/centra-katedry\/cod\/ucitel-a-provoz-skoly\/","title":{"rendered":"U\u010ditel a provoz \u0161koly"},"content":{"rendered":"<p>V\u00a0r\u00e1mci projektu Program komplexn\u00ed inovace pregradu\u00e1ln\u00ed p\u0159\u00edpravy u\u010ditel\u016f na Pedagogick\u00e9 fakult\u011b Univerzity Karlovy v\u00a0Praze financovan\u00e9ho z\u00a0Fondu vzd\u011bl\u00e1vac\u00ed politiky pro rok 2016 byl vybr\u00e1n projekt \u201eKurz pro za\u010d\u00ednaj\u00edc\u00edho u\u010ditele se zam\u011b\u0159en\u00edm na organiza\u010dn\u00ed aspekty \u0161koln\u00ed praxe&#8220;. V\u00a0dal\u0161\u00edm odkazu najdete manu\u00e1ly za\u010d\u00ednaj\u00edc\u00edho u\u010ditele rozd\u011blen\u00fd podle jednotliv\u00fdch t\u00e9mat.<\/p>\n<h3>U\u010ditel a provoz \u0161koly, aneb nov\u00e1\u010dek uprost\u0159ed \u0161koln\u00ed reality \u2013 term\u00edny setk\u00e1n\u00ed (v\u017edy od 18,00)<\/h3>\n<ul>\n<li>\u00davodn\u00ed sch\u016fzka (<strong>18. 2. 2016<\/strong>) R 010B<\/li>\n<li>Pracovn\u011b pr\u00e1vn\u00ed legislativa ve \u0161kolstv\u00ed (<strong>25. 2. 2016<\/strong>) R 010B<\/li>\n<li>Mimo\u0159\u00e1dn\u00e9 situace a jejich \u0159e\u0161en\u00ed \u2013 ZdrSEM (<strong>10. 3. 2016<\/strong>) R 010B<\/li>\n<li>Projekty a projektov\u00e1 v\u00fduka (<strong>17. 3. 2016<\/strong>) R 010B<\/li>\n<li>Komunikace s\u00a0rodi\u010di, povinn\u00e1 \u0161koln\u00ed dokumentace, ka\u017edodenn\u00ed chod \u0161koly (<strong>31. 3. 2016<\/strong>) R 010B<\/li>\n<li>Elektronick\u00e9 n\u00e1stroje pro \u0161koln\u00ed dokumentaci (<strong>14. 4. 2016<\/strong>)<\/li>\n<li>PANELOV\u00c1 DISKUZE (odborn\u00fd r\u016fst-DVPP, saferinternet, inkluze, maturitn\u00ed zkou\u0161ka apod.) (<strong>5. 5. 2016<\/strong>)<\/li>\n<\/ul>\n<p>Zm\u011bna t\u00e9mat vyhrazena!<\/p>\n","protected":false},"excerpt":{"rendered":"<p>V\u00a0r\u00e1mci projektu Program komplexn\u00ed inovace pregradu\u00e1ln\u00ed p\u0159\u00edpravy u\u010ditel\u016f na Pedagogick\u00e9 fakult\u011b Univerzity Karlovy v\u00a0Praze financovan\u00e9ho z\u00a0Fondu vzd\u011bl\u00e1vac\u00ed politiky pro rok 2016 byl vybr\u00e1n projekt \u201eKurz pro za\u010d\u00ednaj\u00edc\u00edho u\u010ditele se zam\u011b\u0159en\u00edm na organiza\u010dn\u00ed aspekty \u0161koln\u00ed praxe&#8220;.<strong>&#8230;<\/strong><\/p>\n","protected":false},"author":402,"featured_media":0,"parent":533,"menu_order":10,"comment_status":"closed","ping_status":"closed","template":"","meta":{"_mc_calendar":[],"footnotes":""},"class_list":["post-184","page","type-page","status-publish","hentry"],"_links":{"self":[{"href":"https:\/\/pages.pedf.cuni.cz\/kddd\/wp-json\/wp\/v2\/pages\/184","targetHints":{"allow":["GET"]}}],"collection":[{"href":"https:\/\/pages.pedf.cuni.cz\/kddd\/wp-json\/wp\/v2\/pages"}],"about":[{"href":"https:\/\/pages.pedf.cuni.cz\/kddd\/wp-json\/wp\/v2\/types\/page"}],"author":[{"embeddable":true,"href":"https:\/\/pages.pedf.cuni.cz\/kddd\/wp-json\/wp\/v2\/users\/402"}],"replies":[{"embeddable":true,"href":"https:\/\/pages.pedf.cuni.cz\/kddd\/wp-json\/wp\/v2\/comments?post=184"}],"version-history":[{"count":0,"href":"https:\/\/pages.pedf.cuni.cz\/kddd\/wp-json\/wp\/v2\/pages\/184\/revisions"}],"up":[{"embeddable":true,"href":"https:\/\/pages.pedf.cuni.cz\/kddd\/wp-json\/wp\/v2\/pages\/533"}],"wp:attachment":[{"href":"https:\/\/pages.pedf.cuni.cz\/kddd\/wp-json\/wp\/v2\/media?parent=184"}],"curies":[{"name":"wp","href":"https:\/\/api.w.org\/{rel}","templated":true}]}}