{"id":188,"date":"2015-03-07T15:54:50","date_gmt":"2015-03-07T14:54:50","guid":{"rendered":"http:\/\/pages.pedf.cuni.cz\/kddd\/?page_id=188"},"modified":"2022-08-23T16:32:54","modified_gmt":"2022-08-23T14:32:54","slug":"metodiky","status":"publish","type":"page","link":"https:\/\/pages.pedf.cuni.cz\/kddd\/centra-katedry\/cod\/metodiky\/","title":{"rendered":"Metodiky"},"content":{"rendered":"<p>UPOZOR\u0147UJEME U\u017dIVATELE, \u017dE MATERI\u00c1LY JSOU HISTORICK\u00ddMI DOKUMENTY A SLOU\u017d\u00cd K DISKUSI, PROTO JSOU ZDE I TAKOV\u00c9, KTER\u00c9 ODSUZUJEME.<\/p>\n<ul>\n<li><a href=\"https:\/\/pages.pedf.cuni.cz\/kddd\/files\/2015\/03\/internetove-odkazy.pdf\" target=\"_blank\" rel=\"noopener noreferrer\">Internetov\u00e9 odkazy<\/a>\u00a0(PDF)<\/li>\n<li><a href=\"https:\/\/pages.pedf.cuni.cz\/kddd\/files\/2015\/03\/panovnici-ceskych-zemi.pdf\" target=\"_blank\" rel=\"noopener noreferrer\">Panovn\u00edci \u010desk\u00fdch zem\u00ed<\/a>\u00a0(PDF)<\/li>\n<li><a href=\"https:\/\/pages.pedf.cuni.cz\/kddd\/files\/2015\/03\/panovnici-evropskych-zemi.pdf\" target=\"_blank\" rel=\"noopener noreferrer\">Panovn\u00edci evropsk\u00fdch zem\u00ed<\/a>\u00a0(PDF)<\/li>\n<li><a href=\"https:\/\/pages.pedf.cuni.cz\/kddd\/files\/2015\/03\/vyznamna-historicka-data-ceskych-dejin.pdf\" target=\"_blank\" rel=\"noopener noreferrer\">V\u00fdznamn\u00e1\u00a0historick\u00e1\u00a0data \u010desk\u00fdch d\u011bjin<\/a>\u00a0(PDF)<\/li>\n<\/ul>\n<span class=\"collapseomatic \" id=\"id69da3ea1e39a7\"  tabindex=\"0\" title=\"Prav\u011bk\"    >Prav\u011bk<\/span><div id=\"target-id69da3ea1e39a7\" class=\"collapseomatic_content \">\n<ul>\n<li><a href=\"https:\/\/pages.pedf.cuni.cz\/kddd\/files\/2015\/03\/Pracovn\u00ed-list_\u010das-a-\u010dasov\u00e1-osa_S\u0160.pdf\" target=\"_blank\" rel=\"noopener noreferrer\">Pracovn\u00ed list, \u010das a \u010dasov\u00e1 osa &#8211; S\u0160<\/a>\u00a0(PDF)<\/li>\n<li><a href=\"https:\/\/pages.pedf.cuni.cz\/kddd\/files\/2015\/03\/Pracovn\u00ed-list_\u010das-a-\u010dasov\u00e1-osa_Z\u0160.pdf\" target=\"_blank\" rel=\"noopener noreferrer\">Pracovn\u00ed list, \u010das a \u010dasov\u00e1 osa &#8211; Z\u0160<\/a>\u00a0(PDF)<\/li>\n<li><a href=\"https:\/\/pages.pedf.cuni.cz\/kddd\/files\/2015\/03\/Metodika_\u010das-a-\u010dasov\u00e1-osa.pdf\" target=\"_blank\" rel=\"noopener noreferrer\">Metodika, \u010das a \u010dasov\u00e1 osa<\/a>\u00a0(PDF)<\/li>\n<\/ul>\n<\/div>\n<p>&nbsp;<\/p>\n<span class=\"collapseomatic \" id=\"id69da3ea1e3a6c\"  tabindex=\"0\" title=\"Starov\u011bk\"    >Starov\u011bk<\/span><div id=\"target-id69da3ea1e3a6c\" class=\"collapseomatic_content \">\n<ul>\n<li><a href=\"https:\/\/pages.pedf.cuni.cz\/kddd\/files\/2015\/03\/Perikl\u00e9s_rozbor-textu.pdf\" target=\"_blank\" rel=\"noopener noreferrer\">Perikl\u00e9s &#8211; rozbor textu<\/a>\u00a0(PDF)<\/li>\n<li><a href=\"https:\/\/pages.pedf.cuni.cz\/kddd\/files\/2015\/03\/\u0160ifry-starov\u011bk.pdf\" target=\"_blank\" rel=\"noopener noreferrer\">\u0160ifry &#8211; starov\u011bk<\/a>\u00a0(PDF)<\/li>\n<\/ul>\n<\/div>\n<p>&nbsp;<\/p>\n<span class=\"collapseomatic \" id=\"id69da3ea1e3ab1\"  tabindex=\"0\" title=\"St\u0159edov\u011bk\"    >St\u0159edov\u011bk<\/span><div id=\"target-id69da3ea1e3ab1\" class=\"collapseomatic_content \">\n<ul>\n<li><a href=\"https:\/\/pages.pedf.cuni.cz\/kddd\/files\/2015\/03\/A-co-napsal-o-sv\u00e9m-n\u00e1vratu-Karel-IV.pdf\" target=\"_blank\" rel=\"noopener noreferrer\">A co napsal o sv\u00e9m n\u00e1vratu Karel IV<\/a>\u00a0(PDF)<\/li>\n<li><a href=\"https:\/\/pages.pedf.cuni.cz\/kddd\/files\/2015\/03\/\u010cty\u0159i-artikuly-pra\u017esk\u00e9-text.pdf\" target=\"_blank\" rel=\"noopener noreferrer\">\u010cty\u0159i artikuly pra\u017esk\u00e9 &#8211; text<\/a>\u00a0(PDF)<\/li>\n<li><a href=\"https:\/\/pages.pedf.cuni.cz\/kddd\/files\/2015\/03\/Dekret-kutnohorsk\u00fd.pdf\" target=\"_blank\" rel=\"noopener noreferrer\">Dekret kutnohorsk\u00fd<\/a>\u00a0(PDF)<\/li>\n<li><a href=\"https:\/\/pages.pedf.cuni.cz\/kddd\/files\/2015\/03\/Dekreta-B\u0159etislavova.pdf\" target=\"_blank\" rel=\"noopener noreferrer\">Dekreta B\u0159etislavova<\/a>\u00a0(PDF)<\/li>\n<li><a href=\"https:\/\/pages.pedf.cuni.cz\/kddd\/files\/2015\/03\/domino.pdf\" target=\"_blank\" rel=\"noopener noreferrer\">Domino<\/a>\u00a0(PDF)<\/li>\n<li><a href=\"https:\/\/pages.pedf.cuni.cz\/kddd\/files\/2015\/03\/Korunovacni_rad.pdf\" target=\"_blank\" rel=\"noopener noreferrer\">Korunova\u010dn\u00ed \u0159\u00e1d<\/a>\u00a0(PDF)<\/li>\n<li><a href=\"https:\/\/pages.pedf.cuni.cz\/kddd\/files\/2015\/03\/Luther_texty.pdf\" target=\"_blank\" rel=\"noopener noreferrer\">Luther &#8211; texty<\/a>\u00a0(PDF)<\/li>\n<li><a href=\"https:\/\/pages.pedf.cuni.cz\/kddd\/files\/2015\/03\/riskuj1.pdf\" target=\"_blank\" rel=\"noopener noreferrer\">Riskuj 1<\/a>\u00a0(PDF)<\/li>\n<li><a href=\"https:\/\/pages.pedf.cuni.cz\/kddd\/files\/2015\/03\/riskuj2.pdf\" target=\"_blank\" rel=\"noopener noreferrer\">Riskuj 2<\/a>\u00a0(PDF)<\/li>\n<li><a href=\"https:\/\/pages.pedf.cuni.cz\/kddd\/files\/2015\/03\/rodokmen-poslednich-premyslovcu.pdf\" target=\"_blank\" rel=\"noopener noreferrer\">Rodokmen posledn\u00edch P\u0159emyslovc\u016f<\/a>\u00a0(PDF)<\/li>\n<li><a href=\"https:\/\/pages.pedf.cuni.cz\/kddd\/files\/2015\/03\/rozvata-krizovka.pdf\" target=\"_blank\" rel=\"noopener noreferrer\">Rozv\u00e1t\u00e1 k\u0159\u00ed\u017eovka<\/a>\u00a0(PDF)<\/li>\n<li><a href=\"https:\/\/pages.pedf.cuni.cz\/kddd\/files\/2015\/03\/Rudolf\u016fv_majest\u00e1t.pdf\" target=\"_blank\" rel=\"noopener noreferrer\">Rudolf\u016fv majest\u00e1t<\/a>\u00a0(PDF)<\/li>\n<li><a href=\"https:\/\/pages.pedf.cuni.cz\/kddd\/files\/2015\/03\/slovnicek-pojmu_stredovek.pdf\">Slovn\u00ed\u010dek pojm\u016f &#8211; st\u0159edov\u011bk<\/a>\u00a0(PDF)<\/li>\n<li><a href=\"https:\/\/pages.pedf.cuni.cz\/kddd\/files\/2015\/03\/Sudoku.pdf\" target=\"_blank\" rel=\"noopener noreferrer\">Sudoku<\/a>\u00a0(PDF)<\/li>\n<li><a href=\"https:\/\/pages.pedf.cuni.cz\/kddd\/files\/2015\/03\/Zlat\u00e1-bula-sicilsk\u00e1-text.pdf\" target=\"_blank\" rel=\"noopener noreferrer\">Zlat\u00e1 bula sicilsk\u00e1 &#8211; text<\/a>\u00a0(PDF)<\/li>\n<\/ul>\n<\/div>\n<p>&nbsp;<\/p>\n<span class=\"collapseomatic \" id=\"id69da3ea1e3af8\"  tabindex=\"0\" title=\"Novov\u011bk\"    >Novov\u011bk<\/span><div id=\"target-id69da3ea1e3af8\" class=\"collapseomatic_content \">\n<ul>\n<li><a href=\"https:\/\/pages.pedf.cuni.cz\/kddd\/files\/2015\/03\/Deklarace-nez\u00e1vislosti-USA.pdf\" target=\"_blank\" rel=\"noopener noreferrer\">Deklarace nez\u00e1vislosti USA<\/a>\u00a0(PDF)<\/li>\n<li><a href=\"https:\/\/pages.pedf.cuni.cz\/kddd\/files\/2015\/03\/Dopis-do-Frankfurtu.pdf\" target=\"_blank\" rel=\"noopener noreferrer\">Dopis do Frankfurtu<\/a>\u00a0(PDF)<\/li>\n<li><a href=\"https:\/\/pages.pedf.cuni.cz\/kddd\/files\/2015\/03\/slovnicek-pojmu_novovek.pdf\" target=\"_blank\" rel=\"noopener noreferrer\">Slovn\u00ed\u010dek pojm\u016f &#8211; novov\u011bk<\/a>\u00a0(PDF)<\/li>\n<li><a href=\"https:\/\/pages.pedf.cuni.cz\/kddd\/files\/2015\/03\/Svatov\u00e1clavsk\u00e1-petice.pdf\" target=\"_blank\" rel=\"noopener noreferrer\">Svatov\u00e1clavsk\u00e1 petice<\/a>\u00a0(PDF)<\/li>\n<li><a href=\"https:\/\/pages.pedf.cuni.cz\/kddd\/files\/2015\/03\/Toleran\u010dn\u00ed-patent.pdf\" target=\"_blank\" rel=\"noopener noreferrer\">Toleran\u010dn\u00ed patent<\/a>\u00a0(PDF)<\/li>\n<li><a href=\"https:\/\/pages.pedf.cuni.cz\/kddd\/files\/2015\/03\/Velk\u00e1-francouzsk\u00e1-revoluce_rozbor-textu.pdf\" target=\"_blank\" rel=\"noopener noreferrer\">Velk\u00e1 francouzsk\u00e1 revoluce &#8211; rozbor textu<\/a>\u00a0(PDF)<\/li>\n<\/ul>\n<\/div>\n<p>&nbsp;<\/p>\n<span class=\"collapseomatic \" id=\"id69da3ea1e3b30\"  tabindex=\"0\" title=\"Soudob\u00e9 d\u011bjiny\"    >Soudob\u00e9 d\u011bjiny<\/span><div id=\"target-id69da3ea1e3b30\" class=\"collapseomatic_content \">\n<ul>\n<li><a href=\"https:\/\/pages.pedf.cuni.cz\/kddd\/files\/2015\/03\/M\u00fdm-n\u00e1rod\u016fm.pdf\" target=\"_blank\" rel=\"noopener noreferrer\">M\u00fdm n\u00e1rod\u016fm<\/a>\u00a0(PDF)<\/li>\n<li><a href=\"https:\/\/pages.pedf.cuni.cz\/kddd\/files\/2015\/03\/Norimbersk\u00e9-z\u00e1kony.pdf\" target=\"_blank\" rel=\"noopener noreferrer\">Norimbersk\u00e9 z\u00e1kony<\/a>\u00a0(PDF)<\/li>\n<li><a href=\"https:\/\/pages.pedf.cuni.cz\/kddd\/files\/2015\/03\/Pakt-Molotov-Ribbentrop.pdf\" target=\"_blank\" rel=\"noopener noreferrer\">Pakt Molotov &#8211; Ribbentrop<\/a>\u00a0(PDF)<\/li>\n<li><a href=\"https:\/\/pages.pedf.cuni.cz\/kddd\/files\/2015\/03\/Pracovn\u00ed-text_nacistick\u00e1-\u010d\u00edtanka.pdf\" target=\"_blank\" rel=\"noopener noreferrer\">Pracovn\u00ed text &#8211; nacistick\u00e1 \u010d\u00edtanka<\/a>\u00a0(PDF)<\/li>\n<li><a href=\"https:\/\/pages.pedf.cuni.cz\/kddd\/files\/2015\/03\/Prohl\u00e1\u0161en\u00ed-Charty-77.pdf\" target=\"_blank\" rel=\"noopener noreferrer\">Prohl\u00e1\u0161en\u00ed Charty 77<\/a>\u00a0(PDF)<\/li>\n<li><a href=\"https:\/\/pages.pedf.cuni.cz\/kddd\/files\/2015\/03\/Provol\u00e1n\u00ed-N\u00e1rodn\u00edho-v\u00fdboru-ke-vzniku-\u010cSR.pdf\" target=\"_blank\" rel=\"noopener noreferrer\">Provol\u00e1n\u00ed N\u00e1rodn\u00edho v\u00fdboru ke vzniku \u010cSR<\/a>\u00a0(PDF)<\/li>\n<li><a href=\"https:\/\/pages.pedf.cuni.cz\/kddd\/files\/2015\/03\/Provol\u00e1n\u00ed-p\u0159edsednictva-\u00daV-KS\u010c-z-21.8.1968.pdf\" target=\"_blank\" rel=\"noopener noreferrer\">Provol\u00e1n\u00ed p\u0159edsednictva \u00daV KS\u010c z 21.8.1968<\/a>\u00a0(PDF)<\/li>\n<li><a href=\"https:\/\/pages.pedf.cuni.cz\/kddd\/files\/2015\/03\/W.Churchill-projev-ve-Fultonu.pdf\" target=\"_blank\" rel=\"noopener noreferrer\">W. Churchill &#8211; projev ve Fultonu<\/a>\u00a0(PDF)<\/li>\n<li><a href=\"https:\/\/pages.pedf.cuni.cz\/kddd\/files\/2015\/03\/domino_2.-sv_valka.pdf\" target=\"_blank\" rel=\"noopener noreferrer\">Domino &#8211; 2. sv. v\u00e1lka<\/a>\u00a0(PDF)<\/li>\n<li><a href=\"https:\/\/pages.pedf.cuni.cz\/kddd\/files\/2015\/03\/Dva-tis\u00edce-slov.pdf\" target=\"_blank\" rel=\"noopener noreferrer\">Dva tis\u00edce slov<\/a>\u00a0(PDF)<\/li>\n<li><a href=\"https:\/\/pages.pedf.cuni.cz\/kddd\/files\/2015\/03\/Hlavy-statu.pdf\" target=\"_blank\" rel=\"noopener noreferrer\">Hlavy st\u00e1t\u016f<\/a>\u00a0(PDF)<\/li>\n<li><a href=\"https:\/\/pages.pedf.cuni.cz\/kddd\/files\/2015\/03\/Krev-pot-a-slzy.pdf\" target=\"_blank\" rel=\"noopener noreferrer\">Krev, pot a slzy<\/a>\u00a0(PDF)<\/li>\n<li><a href=\"https:\/\/pages.pedf.cuni.cz\/kddd\/files\/2015\/03\/Mnichovsk\u00e1-dohoda.pdf\" target=\"_blank\" rel=\"noopener noreferrer\">Mnichovsk\u00e1 dohoda<\/a>\u00a0(PDF)<\/li>\n<\/ul>\n<\/div>\n","protected":false},"excerpt":{"rendered":"<p>UPOZOR\u0147UJEME U\u017dIVATELE, \u017dE MATERI\u00c1LY JSOU HISTORICK\u00ddMI DOKUMENTY A SLOU\u017d\u00cd K DISKUSI, PROTO JSOU ZDE I TAKOV\u00c9, KTER\u00c9 ODSUZUJEME. <a href=\"https:\/\/pages.pedf.cuni.cz\/kddd\/files\/2015\/03\/internetove-odkazy.pdf\" target=\"_blank\" rel=\"noopener noreferrer\">Internetov\u00e9 odkazy<\/a> \u00a0(PDF) <a href=\"https:\/\/pages.pedf.cuni.cz\/kddd\/files\/2015\/03\/panovnici-ceskych-zemi.pdf\" target=\"_blank\" rel=\"noopener noreferrer\">Panovn\u00edci \u010desk\u00fdch zem\u00ed<\/a> \u00a0(PDF) <a href=\"https:\/\/pages.pedf.cuni.cz\/kddd\/files\/2015\/03\/panovnici-evropskych-zemi.pdf\" target=\"_blank\" rel=\"noopener noreferrer\">Panovn\u00edci evropsk\u00fdch zem\u00ed<\/a> \u00a0(PDF) <a href=\"https:\/\/pages.pedf.cuni.cz\/kddd\/files\/2015\/03\/vyznamna-historicka-data-ceskych-dejin.pdf\" target=\"_blank\" rel=\"noopener noreferrer\">V\u00fdznamn\u00e1\u00a0historick\u00e1\u00a0data \u010desk\u00fdch d\u011bjin<\/a> \u00a0(PDF) &nbsp; &nbsp; &nbsp; &nbsp;<\/p>\n","protected":false},"author":402,"featured_media":0,"parent":533,"menu_order":30,"comment_status":"closed","ping_status":"closed","template":"","meta":{"_mc_calendar":[],"footnotes":""},"class_list":["post-188","page","type-page","status-publish","hentry"],"_links":{"self":[{"href":"https:\/\/pages.pedf.cuni.cz\/kddd\/wp-json\/wp\/v2\/pages\/188","targetHints":{"allow":["GET"]}}],"collection":[{"href":"https:\/\/pages.pedf.cuni.cz\/kddd\/wp-json\/wp\/v2\/pages"}],"about":[{"href":"https:\/\/pages.pedf.cuni.cz\/kddd\/wp-json\/wp\/v2\/types\/page"}],"author":[{"embeddable":true,"href":"https:\/\/pages.pedf.cuni.cz\/kddd\/wp-json\/wp\/v2\/users\/402"}],"replies":[{"embeddable":true,"href":"https:\/\/pages.pedf.cuni.cz\/kddd\/wp-json\/wp\/v2\/comments?post=188"}],"version-history":[{"count":2,"href":"https:\/\/pages.pedf.cuni.cz\/kddd\/wp-json\/wp\/v2\/pages\/188\/revisions"}],"predecessor-version":[{"id":7158,"href":"https:\/\/pages.pedf.cuni.cz\/kddd\/wp-json\/wp\/v2\/pages\/188\/revisions\/7158"}],"up":[{"embeddable":true,"href":"https:\/\/pages.pedf.cuni.cz\/kddd\/wp-json\/wp\/v2\/pages\/533"}],"wp:attachment":[{"href":"https:\/\/pages.pedf.cuni.cz\/kddd\/wp-json\/wp\/v2\/media?parent=188"}],"curies":[{"name":"wp","href":"https:\/\/api.w.org\/{rel}","templated":true}]}}