{"id":190,"date":"2015-03-07T15:55:05","date_gmt":"2015-03-07T14:55:05","guid":{"rendered":"http:\/\/pages.pedf.cuni.cz\/kddd\/?page_id=190"},"modified":"2015-03-30T16:13:12","modified_gmt":"2015-03-30T15:13:12","slug":"projekty","status":"publish","type":"page","link":"https:\/\/pages.pedf.cuni.cz\/kddd\/centra-katedry\/cod\/projekty\/","title":{"rendered":"Projekty"},"content":{"rendered":"<ul>\n<li><a href=\"https:\/\/pages.pedf.cuni.cz\/kddd\/files\/2015\/03\/c\u00e9\u010dkavitacit-a-holky-z-na\u0161\u00ed-\u0161kolky.pdf\" target=\"_blank\">C\u00e9\u010dka, Vitacit a Holky z na\u0161\u00ed \u0161kolky<\/a>\u00a0(PDF)<\/li>\n<li><a href=\"https:\/\/pages.pedf.cuni.cz\/kddd\/files\/2015\/03\/krasohled.pdf\" target=\"_blank\">Krasohled<\/a>\u00a0(PDF)<\/li>\n<li><a href=\"https:\/\/pages.pedf.cuni.cz\/kddd\/files\/2015\/03\/totalita.pdf\" target=\"_blank\">Totalita<\/a>\u00a0(PDF)<\/li>\n<\/ul>\n","protected":false},"excerpt":{"rendered":"<p><a href=\"https:\/\/pages.pedf.cuni.cz\/kddd\/files\/2015\/03\/c\u00e9\u010dkavitacit-a-holky-z-na\u0161\u00ed-\u0161kolky.pdf\" target=\"_blank\">C\u00e9\u010dka, Vitacit a Holky z na\u0161\u00ed \u0161kolky<\/a> \u00a0(PDF) <a href=\"https:\/\/pages.pedf.cuni.cz\/kddd\/files\/2015\/03\/krasohled.pdf\" target=\"_blank\">Krasohled<\/a> \u00a0(PDF) <a href=\"https:\/\/pages.pedf.cuni.cz\/kddd\/files\/2015\/03\/totalita.pdf\" target=\"_blank\">Totalita<\/a> \u00a0(PDF)<\/p>\n","protected":false},"author":402,"featured_media":0,"parent":533,"menu_order":40,"comment_status":"closed","ping_status":"closed","template":"","meta":{"_mc_calendar":[],"footnotes":""},"class_list":["post-190","page","type-page","status-publish","hentry"],"_links":{"self":[{"href":"https:\/\/pages.pedf.cuni.cz\/kddd\/wp-json\/wp\/v2\/pages\/190","targetHints":{"allow":["GET"]}}],"collection":[{"href":"https:\/\/pages.pedf.cuni.cz\/kddd\/wp-json\/wp\/v2\/pages"}],"about":[{"href":"https:\/\/pages.pedf.cuni.cz\/kddd\/wp-json\/wp\/v2\/types\/page"}],"author":[{"embeddable":true,"href":"https:\/\/pages.pedf.cuni.cz\/kddd\/wp-json\/wp\/v2\/users\/402"}],"replies":[{"embeddable":true,"href":"https:\/\/pages.pedf.cuni.cz\/kddd\/wp-json\/wp\/v2\/comments?post=190"}],"version-history":[{"count":0,"href":"https:\/\/pages.pedf.cuni.cz\/kddd\/wp-json\/wp\/v2\/pages\/190\/revisions"}],"up":[{"embeddable":true,"href":"https:\/\/pages.pedf.cuni.cz\/kddd\/wp-json\/wp\/v2\/pages\/533"}],"wp:attachment":[{"href":"https:\/\/pages.pedf.cuni.cz\/kddd\/wp-json\/wp\/v2\/media?parent=190"}],"curies":[{"name":"wp","href":"https:\/\/api.w.org\/{rel}","templated":true}]}}