{"id":192,"date":"2015-03-07T15:55:31","date_gmt":"2015-03-07T14:55:31","guid":{"rendered":"http:\/\/pages.pedf.cuni.cz\/kddd\/?page_id=192"},"modified":"2015-03-22T14:02:16","modified_gmt":"2015-03-22T13:02:16","slug":"skolni-exkurze","status":"publish","type":"page","link":"https:\/\/pages.pedf.cuni.cz\/kddd\/centra-katedry\/cod\/skolni-exkurze\/","title":{"rendered":"\u0160koln\u00ed exkurze"},"content":{"rendered":"<ul>\n<li><a href=\"https:\/\/pages.pedf.cuni.cz\/kddd\/files\/2015\/03\/Kutn\u00e1-Hora_Pracovni_list_1.pdf\" target=\"_blank\">Kutn\u00e1 Hora, pracovn\u00ed list 1<\/a> (PDF)<\/li>\n<li><a href=\"https:\/\/pages.pedf.cuni.cz\/kddd\/files\/2015\/03\/Kutn\u00e1-Hora_Pracovni_list_2.pdf\" target=\"_blank\">Kutn\u00e1 Hora, pracovn\u00ed list\u00a02<\/a>\u00a0(PDF)<\/li>\n<li><a href=\"https:\/\/pages.pedf.cuni.cz\/kddd\/files\/2015\/03\/Kutn\u00e1-Hora_Pracovni_list_I_1.pdf\" target=\"_blank\">Kutn\u00e1 Hora, pracovn\u00ed list I 1<\/a>\u00a0(PDF)<\/li>\n<li><a href=\"https:\/\/pages.pedf.cuni.cz\/kddd\/files\/2015\/03\/Kutn\u00e1-Hora_Pracovni_list_I_2.pdf\" target=\"_blank\">Kutn\u00e1 Hora, pracovn\u00ed list I\u00a02<\/a>\u00a0(PDF)<\/li>\n<li><a href=\"https:\/\/pages.pedf.cuni.cz\/kddd\/files\/2015\/03\/\u010cesk\u00fd-r\u00e1j.doc\" target=\"_blank\">\u010cesk\u00fd r\u00e1j<\/a>\u00a0(doc)<\/li>\n<li><a href=\"https:\/\/pages.pedf.cuni.cz\/kddd\/files\/2015\/03\/\u010cesk\u00e1-Kanada.docx\" target=\"_blank\">\u010cesk\u00e1 Kanada<\/a>\u00a0(docx)<\/li>\n<\/ul>\n","protected":false},"excerpt":{"rendered":"<p><a href=\"https:\/\/pages.pedf.cuni.cz\/kddd\/files\/2015\/03\/Kutn\u00e1-Hora_Pracovni_list_1.pdf\" target=\"_blank\">Kutn\u00e1 Hora, pracovn\u00ed list 1<\/a> (PDF) <a href=\"https:\/\/pages.pedf.cuni.cz\/kddd\/files\/2015\/03\/Kutn\u00e1-Hora_Pracovni_list_2.pdf\" target=\"_blank\">Kutn\u00e1 Hora, pracovn\u00ed list\u00a02<\/a> \u00a0(PDF) <a href=\"https:\/\/pages.pedf.cuni.cz\/kddd\/files\/2015\/03\/Kutn\u00e1-Hora_Pracovni_list_I_1.pdf\" target=\"_blank\">Kutn\u00e1 Hora, pracovn\u00ed list I 1<\/a> \u00a0(PDF) <a href=\"https:\/\/pages.pedf.cuni.cz\/kddd\/files\/2015\/03\/Kutn\u00e1-Hora_Pracovni_list_I_2.pdf\" target=\"_blank\">Kutn\u00e1 Hora, pracovn\u00ed list I\u00a02<\/a> \u00a0(PDF) <a href=\"https:\/\/pages.pedf.cuni.cz\/kddd\/files\/2015\/03\/\u010cesk\u00fd-r\u00e1j.doc\" target=\"_blank\">\u010cesk\u00fd r\u00e1j<\/a> \u00a0(doc) <a href=\"https:\/\/pages.pedf.cuni.cz\/kddd\/files\/2015\/03\/\u010cesk\u00e1-Kanada.docx\" target=\"_blank\">\u010cesk\u00e1 Kanada<\/a> \u00a0(docx)<\/p>\n","protected":false},"author":402,"featured_media":0,"parent":533,"menu_order":50,"comment_status":"closed","ping_status":"closed","template":"","meta":{"_mc_calendar":[],"footnotes":""},"class_list":["post-192","page","type-page","status-publish","hentry"],"_links":{"self":[{"href":"https:\/\/pages.pedf.cuni.cz\/kddd\/wp-json\/wp\/v2\/pages\/192","targetHints":{"allow":["GET"]}}],"collection":[{"href":"https:\/\/pages.pedf.cuni.cz\/kddd\/wp-json\/wp\/v2\/pages"}],"about":[{"href":"https:\/\/pages.pedf.cuni.cz\/kddd\/wp-json\/wp\/v2\/types\/page"}],"author":[{"embeddable":true,"href":"https:\/\/pages.pedf.cuni.cz\/kddd\/wp-json\/wp\/v2\/users\/402"}],"replies":[{"embeddable":true,"href":"https:\/\/pages.pedf.cuni.cz\/kddd\/wp-json\/wp\/v2\/comments?post=192"}],"version-history":[{"count":0,"href":"https:\/\/pages.pedf.cuni.cz\/kddd\/wp-json\/wp\/v2\/pages\/192\/revisions"}],"up":[{"embeddable":true,"href":"https:\/\/pages.pedf.cuni.cz\/kddd\/wp-json\/wp\/v2\/pages\/533"}],"wp:attachment":[{"href":"https:\/\/pages.pedf.cuni.cz\/kddd\/wp-json\/wp\/v2\/media?parent=192"}],"curies":[{"name":"wp","href":"https:\/\/api.w.org\/{rel}","templated":true}]}}