{"id":196,"date":"2015-03-07T15:56:11","date_gmt":"2015-03-07T14:56:11","guid":{"rendered":"http:\/\/pages.pedf.cuni.cz\/kddd\/?page_id=196"},"modified":"2015-03-26T18:34:14","modified_gmt":"2015-03-26T17:34:14","slug":"testy","status":"publish","type":"page","link":"https:\/\/pages.pedf.cuni.cz\/kddd\/centra-katedry\/cod\/testy\/","title":{"rendered":"Testy"},"content":{"rendered":"<span class=\"collapseomatic \" id=\"id69e7a564bbef6\"  tabindex=\"0\" title=\"Prav\u011bk\"    >Prav\u011bk<\/span><div id=\"target-id69e7a564bbef6\" class=\"collapseomatic_content \">\n<ul>\n<li><a href=\"https:\/\/pages.pedf.cuni.cz\/kddd\/files\/2015\/03\/Test-\u00favod-do-studia-d\u011bjepisu.doc\" target=\"_blank\">Test &#8211; \u00favod do studia d\u011bjepisu<\/a>\u00a0(doc)<\/li>\n<\/ul>\n<\/div>\n<p>&nbsp;<\/p>\n<span class=\"collapseomatic \" id=\"id69e7a564bbfdc\"  tabindex=\"0\" title=\"Starov\u011bk\"    >Starov\u011bk<\/span><div id=\"target-id69e7a564bbfdc\" class=\"collapseomatic_content \">\n<ul>\n<li><a href=\"https:\/\/pages.pedf.cuni.cz\/kddd\/files\/2015\/03\/\u0158\u00edm-krize-a\u017e-princip\u00e1t.doc\" target=\"_blank\">\u0158\u00edm &#8211; krize a\u017e princip\u00e1t<\/a>\u00a0(doc)<\/li>\n<\/ul>\n<\/div>\n<p>&nbsp;<\/p>\n<span class=\"collapseomatic \" id=\"id69e7a564bc01a\"  tabindex=\"0\" title=\"St\u0159edov\u011bk\"    >St\u0159edov\u011bk<\/span><div id=\"target-id69e7a564bc01a\" class=\"collapseomatic_content \">\n<ul>\n<li><a href=\"https:\/\/pages.pedf.cuni.cz\/kddd\/files\/2015\/03\/Test-Lucemburkov\u00e9_Jan_Karel_V\u00e1clav.doc\" target=\"_blank\">Test &#8211; Lucemburkov\u00e9<\/a>\u00a0(doc)<\/li>\n<li><a href=\"https:\/\/pages.pedf.cuni.cz\/kddd\/files\/2015\/03\/Test_posledn\u00ed-P\u0159emyslovci_\u0161lechta.doc\" target=\"_blank\">Test &#8211; posledn\u00ed P\u0159emyslovci, \u0161lechta<\/a>\u00a0(doc)<\/li>\n<li><a href=\"https:\/\/pages.pedf.cuni.cz\/kddd\/files\/2015\/03\/Test-ran\u00fd-st\u0159edov\u011bk.doc\" target=\"_blank\">Test &#8211; ran\u00fd st\u0159edov\u011bk<\/a>\u00a0(doc)<\/li>\n<\/ul>\n<\/div>\n<p>&nbsp;<\/p>\n<span class=\"collapseomatic \" id=\"id69e7a564bc04b\"  tabindex=\"0\" title=\"Novov\u011bk\"    >Novov\u011bk<\/span><div id=\"target-id69e7a564bc04b\" class=\"collapseomatic_content \">\n<ul>\n<li><a href=\"https:\/\/pages.pedf.cuni.cz\/kddd\/files\/2015\/03\/Reformy-MT-a-JII.doc\" target=\"_blank\">Reformy MT a JII<\/a>\u00a0(doc)<\/li>\n<li><a href=\"https:\/\/pages.pedf.cuni.cz\/kddd\/files\/2015\/03\/Test-HIS-4-VFR-Napoleon-Rusko-Polsko.doc\" target=\"_blank\">Test &#8211; HIS 4 &#8211; VFR, Napoleon, Rusko, Polsko<\/a>\u00a0(doc)<\/li>\n<li><a href=\"https:\/\/pages.pedf.cuni.cz\/kddd\/files\/2015\/03\/Test-pro-3.B_1.pol_.19_stol.doc\" target=\"_blank\">Test pro 3.B &#8211; 1.pol. 19. stolet\u00ed<\/a>\u00a0(doc)<\/li>\n<li><a href=\"https:\/\/pages.pedf.cuni.cz\/kddd\/files\/2015\/03\/Test-Rudolf-1648.doc\" target=\"_blank\">Test &#8211; Rudolf, 1648<\/a>\u00a0(doc)<\/li>\n<\/ul>\n<\/div>\n<p>&nbsp;<\/p>\n<span class=\"collapseomatic \" id=\"id69e7a564bc078\"  tabindex=\"0\" title=\"Soudob\u00e9 d\u011bjiny\"    >Soudob\u00e9 d\u011bjiny<\/span><div id=\"target-id69e7a564bc078\" class=\"collapseomatic_content \">\n<ul>\n<li><a href=\"https:\/\/pages.pedf.cuni.cz\/kddd\/files\/2015\/03\/Test-\u010cSR-1918-38-s-obr\u00e1zkama.doc\" target=\"_blank\">Test &#8211; \u010cSR 1918-38 s obr\u00e1zky<\/a>\u00a0(doc)<\/li>\n<li><a href=\"https:\/\/pages.pedf.cuni.cz\/kddd\/files\/2015\/03\/Test_1939-68.doc\" target=\"_blank\">Test\u00a0&#8211;\u00a01939-1968<\/a>\u00a0(doc)<\/li>\n<li><a href=\"https:\/\/pages.pedf.cuni.cz\/kddd\/files\/2015\/03\/Test_1939-1945.doc\" target=\"_blank\">Test &#8211; 1939-1945<\/a>\u00a0(doc)<\/li>\n<li><a href=\"https:\/\/pages.pedf.cuni.cz\/kddd\/files\/2015\/03\/Test-\u010desk\u00e9-d\u011bjiny-1945-1968.doc\" target=\"_blank\">Test \u010desk\u00e9 d\u011bjiny &#8211; 1945 &#8211; 1968<\/a>\u00a0(doc)<\/li>\n<\/ul>\n<\/div>\n","protected":false},"excerpt":{"rendered":"<p>&nbsp; &nbsp; &nbsp; &nbsp;<\/p>\n","protected":false},"author":402,"featured_media":0,"parent":533,"menu_order":70,"comment_status":"closed","ping_status":"closed","template":"","meta":{"_mc_calendar":[],"footnotes":""},"class_list":["post-196","page","type-page","status-publish","hentry"],"_links":{"self":[{"href":"https:\/\/pages.pedf.cuni.cz\/kddd\/wp-json\/wp\/v2\/pages\/196","targetHints":{"allow":["GET"]}}],"collection":[{"href":"https:\/\/pages.pedf.cuni.cz\/kddd\/wp-json\/wp\/v2\/pages"}],"about":[{"href":"https:\/\/pages.pedf.cuni.cz\/kddd\/wp-json\/wp\/v2\/types\/page"}],"author":[{"embeddable":true,"href":"https:\/\/pages.pedf.cuni.cz\/kddd\/wp-json\/wp\/v2\/users\/402"}],"replies":[{"embeddable":true,"href":"https:\/\/pages.pedf.cuni.cz\/kddd\/wp-json\/wp\/v2\/comments?post=196"}],"version-history":[{"count":0,"href":"https:\/\/pages.pedf.cuni.cz\/kddd\/wp-json\/wp\/v2\/pages\/196\/revisions"}],"up":[{"embeddable":true,"href":"https:\/\/pages.pedf.cuni.cz\/kddd\/wp-json\/wp\/v2\/pages\/533"}],"wp:attachment":[{"href":"https:\/\/pages.pedf.cuni.cz\/kddd\/wp-json\/wp\/v2\/media?parent=196"}],"curies":[{"name":"wp","href":"https:\/\/api.w.org\/{rel}","templated":true}]}}