{"id":237,"date":"2015-03-07T16:03:56","date_gmt":"2015-03-07T15:03:56","guid":{"rendered":"http:\/\/pages.pedf.cuni.cz\/kddd\/?page_id=237"},"modified":"2017-02-04T21:03:34","modified_gmt":"2017-02-04T20:03:34","slug":"redakce","status":"publish","type":"page","link":"https:\/\/pages.pedf.cuni.cz\/kddd\/marginalia-historica\/redakce\/","title":{"rendered":"Redakce"},"content":{"rendered":"<p>Univerzita Karlova \u2013 Pedagogick\u00e1 fakulta<\/p>\n<p>Katedra d\u011bjin a didaktiky d\u011bjepisu<\/p>\n<p>Magdal\u00e9ny Rettigov\u00e9 4<\/p>\n<p>116 39 Praha 1, \u010cesk\u00e1 Republika<\/p>\n<p><b>E-mail:<\/b> <a href=\"mailto:marginalia@seznam.cz\">marginalia@seznam.cz<\/a><\/p>\n<p><b>Webov\u00e9 str\u00e1nky:<\/b> https:\/\/pages.pedf.cuni.cz\/kddd\/marginalia-historica<\/p>\n<p><b>Tel.:<\/b> +420\u00a0221\u00a0900 229<\/p>\n<p>&nbsp;<\/p>\n<h2>P\u0159edsedkyn\u011b redak\u010dn\u00ed rady<\/h2>\n<ul>\n<li>Ivana \u010cornejov\u00e1<\/li>\n<\/ul>\n<h2>Z\u00e1stupce p\u0159edsedkyn\u011b redak\u010dn\u00ed rady<\/h2>\n<ul>\n<li>Ji\u0159\u00ed Hnilica<\/li>\n<\/ul>\n<h2>V\u00fdkonn\u00e1 redakce<\/h2>\n<ul>\n<li>Jitka B\u00edlkov\u00e1 <em>(vedouc\u00ed redaktor)<\/em><\/li>\n<li>Vojt\u011bch \u010curda<\/li>\n<li>Milan Duch\u00e1\u010dek<\/li>\n<li>Bohuslav Rejzl<\/li>\n<\/ul>\n<h2>Redak\u010dn\u00ed rada<\/h2>\n<h3>Intern\u00ed \u010dlenov\u00e9<\/h3>\n<p>Kate\u0159ina Charv\u00e1tov\u00e1, Ji\u0159\u00ed Pokorn\u00fd, Martina \u0160mejkalov\u00e1, V\u00edt Vlnas<\/p>\n<h3>Extern\u00ed \u010dlenov\u00e9<\/h3>\n<p>Christoph Boyer, Luk\u00e1\u0161 Fasora, Tom\u00e1\u0161 Kasper, Ji\u0159\u00ed Knap\u00edk, Tom\u00e1\u0161 Knoz, Ji\u0159\u00ed K\u0159es\u0165an, Robert Luft, Elena Mannov\u00e1, Antoine Mar\u00e8s, Robert Novotn\u00fd, Tom\u00e1\u0161 Pavl\u00ed\u010dek, Stanis\u0142aw Pijaj, Jan \u0160indel\u00e1\u0159, Ewa W\u00f3\u0142kiewicz<\/p>\n","protected":false},"excerpt":{"rendered":"<p>Univerzita Karlova \u2013 Pedagogick\u00e1 fakulta Katedra d\u011bjin a didaktiky d\u011bjepisu Magdal\u00e9ny Rettigov\u00e9 4 116 39 Praha 1, \u010cesk\u00e1 Republika E-mail: <a href=\"mailto:marginalia@seznam.cz\">marginalia@seznam.cz<\/a> Webov\u00e9 str\u00e1nky: https:\/\/pages.pedf.cuni.cz\/kddd\/marginalia-historica Tel.: +420\u00a0221\u00a0900 229 &nbsp; P\u0159edsedkyn\u011b redak\u010dn\u00ed rady Ivana \u010cornejov\u00e1 Z\u00e1stupce p\u0159edsedkyn\u011b redak\u010dn\u00ed<strong>&#8230;<\/strong><\/p>\n","protected":false},"author":402,"featured_media":0,"parent":69,"menu_order":20,"comment_status":"closed","ping_status":"closed","template":"","meta":{"_mc_calendar":[],"footnotes":""},"class_list":["post-237","page","type-page","status-publish","hentry"],"_links":{"self":[{"href":"https:\/\/pages.pedf.cuni.cz\/kddd\/wp-json\/wp\/v2\/pages\/237","targetHints":{"allow":["GET"]}}],"collection":[{"href":"https:\/\/pages.pedf.cuni.cz\/kddd\/wp-json\/wp\/v2\/pages"}],"about":[{"href":"https:\/\/pages.pedf.cuni.cz\/kddd\/wp-json\/wp\/v2\/types\/page"}],"author":[{"embeddable":true,"href":"https:\/\/pages.pedf.cuni.cz\/kddd\/wp-json\/wp\/v2\/users\/402"}],"replies":[{"embeddable":true,"href":"https:\/\/pages.pedf.cuni.cz\/kddd\/wp-json\/wp\/v2\/comments?post=237"}],"version-history":[{"count":2,"href":"https:\/\/pages.pedf.cuni.cz\/kddd\/wp-json\/wp\/v2\/pages\/237\/revisions"}],"predecessor-version":[{"id":4083,"href":"https:\/\/pages.pedf.cuni.cz\/kddd\/wp-json\/wp\/v2\/pages\/237\/revisions\/4083"}],"up":[{"embeddable":true,"href":"https:\/\/pages.pedf.cuni.cz\/kddd\/wp-json\/wp\/v2\/pages\/69"}],"wp:attachment":[{"href":"https:\/\/pages.pedf.cuni.cz\/kddd\/wp-json\/wp\/v2\/media?parent=237"}],"curies":[{"name":"wp","href":"https:\/\/api.w.org\/{rel}","templated":true}]}}