{"id":2746,"date":"2015-10-27T12:03:37","date_gmt":"2015-10-27T11:03:37","guid":{"rendered":"http:\/\/pages.pedf.cuni.cz\/kddd\/my-calendar\/"},"modified":"2016-02-17T16:22:16","modified_gmt":"2016-02-17T15:22:16","slug":"kalendar","status":"publish","type":"page","link":"https:\/\/pages.pedf.cuni.cz\/kddd\/kalendar\/","title":{"rendered":"Kalend\u00e1\u0159 akc\u00ed"},"content":{"rendered":"\r\n<div id='my-calendar' class='mc-main mcjs listjs gridjs minijs ajaxjs inherit calendar month my-calendar is-main-view' ><h2 id=\"mc_head_my-calendar\" class=\"heading my-calendar-month\"><span>Ud\u00e1losti na Duben 2026<\/span><\/h2>\n<div class=\"mc-content\">\n<table class='my-calendar-table' aria-labelledby='mc_head_my-calendar'>\n<thead>\n\t<tr class='mc-row'>\n\t\t<th scope=\"col\" class='day-heading mon'><abbr title=\"Pond\u011bl\u00ed\" aria-hidden=\"true\">Po<\/abbr><span class=\"screen-reader-text\">Pond\u011bl\u00ed<\/span><\/th>\n\n\t\t<th scope=\"col\" class='day-heading tues'><abbr title=\"\u00dater\u00fd\" aria-hidden=\"true\">\u00dat<\/abbr><span class=\"screen-reader-text\">\u00dater\u00fd<\/span><\/th>\n\n\t\t<th scope=\"col\" class='day-heading wed'><abbr title=\"St\u0159eda\" aria-hidden=\"true\">St<\/abbr><span class=\"screen-reader-text\">St\u0159eda<\/span><\/th>\n\n\t\t<th scope=\"col\" class='day-heading thur'><abbr title=\"\u010ctvrtek\" aria-hidden=\"true\">\u010ct<\/abbr><span class=\"screen-reader-text\">\u010ctvrtek<\/span><\/th>\n\n\t\t<th scope=\"col\" class='day-heading fri'><abbr title=\"P\u00e1tek\" aria-hidden=\"true\">P\u00e1<\/abbr><span class=\"screen-reader-text\">P\u00e1tek<\/span><\/th>\n\n\t\t<th scope=\"col\" class='weekend-heading sat'><abbr title=\"Sobota\" aria-hidden=\"true\">So<\/abbr><span class=\"screen-reader-text\">Sobota<\/span><\/th>\n\n\t\t<th scope=\"col\" class='weekend-heading sun'><abbr title=\"Ned\u011ble\" aria-hidden=\"true\">Ne<\/abbr><span class=\"screen-reader-text\">Ned\u011ble<\/span><\/th>\n\t<\/tr>\n<\/thead>\n<tbody>\n<tr class='mc-row'><td class='no-events pondl po past-day past-date  nextmonth no-events day-with-date'><div class='mc-date-container'><span class='mc-date no-events'><span aria-hidden='true'>30<\/span><span class='screen-reader-text'>30.3.2026<\/span><\/span><\/div>\n<\/td>\n<td class='no-events ter t past-day past-date  nextmonth no-events day-with-date'><div class='mc-date-container'><span class='mc-date no-events'><span aria-hidden='true'>31<\/span><span class='screen-reader-text'>31.3.2026<\/span><\/span><\/div>\n<\/td>\n<td class='no-events steda st past-day past-date   no-events day-with-date'><div class='mc-date-container'><span class='mc-date no-events'><span aria-hidden='true'>1<\/span><span class='screen-reader-text'>1.4.2026<\/span><\/span><\/div>\n<\/td>\n<td class='no-events tvrtek t past-day past-date   no-events day-with-date'><div class='mc-date-container'><span class='mc-date no-events'><span aria-hidden='true'>2<\/span><span class='screen-reader-text'>2.4.2026<\/span><\/span><\/div>\n<\/td>\n<td class='no-events ptek p past-day past-date   no-events day-with-date'><div class='mc-date-container'><span class='mc-date no-events'><span aria-hidden='true'>3<\/span><span class='screen-reader-text'>3.4.2026<\/span><\/span><\/div>\n<\/td>\n<td class='no-events sobota so past-day past-date weekend  no-events day-with-date'><div class='mc-date-container'><span class='mc-date no-events'><span aria-hidden='true'>4<\/span><span class='screen-reader-text'>4.4.2026<\/span><\/span><\/div>\n<\/td>\n<td class='no-events nedle ne past-day past-date weekend  no-events day-with-date'><div class='mc-date-container'><span class='mc-date no-events'><span aria-hidden='true'>5<\/span><span class='screen-reader-text'>5.4.2026<\/span><\/span><\/div>\n<\/td>\n<\/tr>\n<!-- End Event Row -->\n<tr class='mc-row'><td class='no-events pondl po past-day past-date   no-events day-with-date'><div class='mc-date-container'><span class='mc-date no-events'><span aria-hidden='true'>6<\/span><span class='screen-reader-text'>6.4.2026<\/span><\/span><\/div>\n<\/td>\n<td class='no-events ter t past-day past-date   no-events day-with-date'><div class='mc-date-container'><span class='mc-date no-events'><span aria-hidden='true'>7<\/span><span class='screen-reader-text'>7.4.2026<\/span><\/span><\/div>\n<\/td>\n<td class='no-events steda st past-day past-date   no-events day-with-date'><div class='mc-date-container'><span class='mc-date no-events'><span aria-hidden='true'>8<\/span><span class='screen-reader-text'>8.4.2026<\/span><\/span><\/div>\n<\/td>\n<td class='no-events tvrtek t past-day past-date   no-events day-with-date'><div class='mc-date-container'><span class='mc-date no-events'><span aria-hidden='true'>9<\/span><span class='screen-reader-text'>9.4.2026<\/span><\/span><\/div>\n<\/td>\n<td class='no-events ptek p past-day past-date   no-events day-with-date'><div class='mc-date-container'><span class='mc-date no-events'><span aria-hidden='true'>10<\/span><span class='screen-reader-text'>10.4.2026<\/span><\/span><\/div>\n<\/td>\n<td class='no-events sobota so past-day past-date weekend  no-events day-with-date'><div class='mc-date-container'><span class='mc-date no-events'><span aria-hidden='true'>11<\/span><span class='screen-reader-text'>11.4.2026<\/span><\/span><\/div>\n<\/td>\n<td class='no-events nedle ne past-day past-date weekend  no-events day-with-date'><div class='mc-date-container'><span class='mc-date no-events'><span aria-hidden='true'>12<\/span><span class='screen-reader-text'>12.4.2026<\/span><\/span><\/div>\n<\/td>\n<\/tr>\n<!-- End Event Row -->\n<tr class='mc-row'><td class='no-events pondl po past-day past-date   no-events day-with-date'><div class='mc-date-container'><span class='mc-date no-events'><span aria-hidden='true'>13<\/span><span class='screen-reader-text'>13.4.2026<\/span><\/span><\/div>\n<\/td>\n<td class='no-events ter t past-day past-date   no-events day-with-date'><div class='mc-date-container'><span class='mc-date no-events'><span aria-hidden='true'>14<\/span><span class='screen-reader-text'>14.4.2026<\/span><\/span><\/div>\n<\/td>\n<td class='no-events steda st past-day past-date   no-events day-with-date'><div class='mc-date-container'><span class='mc-date no-events'><span aria-hidden='true'>15<\/span><span class='screen-reader-text'>15.4.2026<\/span><\/span><\/div>\n<\/td>\n<td class='no-events tvrtek t past-day past-date   no-events day-with-date'><div class='mc-date-container'><span class='mc-date no-events'><span aria-hidden='true'>16<\/span><span class='screen-reader-text'>16.4.2026<\/span><\/span><\/div>\n<\/td>\n<td class='no-events ptek p past-day past-date   no-events day-with-date'><div class='mc-date-container'><span class='mc-date no-events'><span aria-hidden='true'>17<\/span><span class='screen-reader-text'>17.4.2026<\/span><\/span><\/div>\n<\/td>\n<td aria-current=\"date\" class='no-events sobota so current-day weekend  no-events day-with-date'><div class='mc-date-container'><span class='mc-date no-events'><span aria-hidden='true'>18<\/span><span class='screen-reader-text'>18.4.2026<\/span><\/span><\/div>\n<\/td>\n<td class='no-events nedle ne future-day weekend  no-events day-with-date'><div class='mc-date-container'><span class='mc-date no-events'><span aria-hidden='true'>19<\/span><span class='screen-reader-text'>19.4.2026<\/span><\/span><\/div>\n<\/td>\n<\/tr>\n<!-- End Event Row -->\n<tr class='mc-row'><td class='no-events pondl po future-day   no-events day-with-date'><div class='mc-date-container'><span class='mc-date no-events'><span aria-hidden='true'>20<\/span><span class='screen-reader-text'>20.4.2026<\/span><\/span><\/div>\n<\/td>\n<td class='no-events ter t future-day   no-events day-with-date'><div class='mc-date-container'><span class='mc-date no-events'><span aria-hidden='true'>21<\/span><span class='screen-reader-text'>21.4.2026<\/span><\/span><\/div>\n<\/td>\n<td class='no-events steda st future-day   no-events day-with-date'><div class='mc-date-container'><span class='mc-date no-events'><span aria-hidden='true'>22<\/span><span class='screen-reader-text'>22.4.2026<\/span><\/span><\/div>\n<\/td>\n<td class='no-events tvrtek t future-day   no-events day-with-date'><div class='mc-date-container'><span class='mc-date no-events'><span aria-hidden='true'>23<\/span><span class='screen-reader-text'>23.4.2026<\/span><\/span><\/div>\n<\/td>\n<td class='no-events ptek p future-day   no-events day-with-date'><div class='mc-date-container'><span class='mc-date no-events'><span aria-hidden='true'>24<\/span><span class='screen-reader-text'>24.4.2026<\/span><\/span><\/div>\n<\/td>\n<td class='no-events sobota so future-day weekend  no-events day-with-date'><div class='mc-date-container'><span class='mc-date no-events'><span aria-hidden='true'>25<\/span><span class='screen-reader-text'>25.4.2026<\/span><\/span><\/div>\n<\/td>\n<td class='no-events nedle ne future-day weekend  no-events day-with-date'><div class='mc-date-container'><span class='mc-date no-events'><span aria-hidden='true'>26<\/span><span class='screen-reader-text'>26.4.2026<\/span><\/span><\/div>\n<\/td>\n<\/tr>\n<!-- End Event Row -->\n<tr class='mc-row'><td class='no-events pondl po future-day   no-events day-with-date'><div class='mc-date-container'><span class='mc-date no-events'><span aria-hidden='true'>27<\/span><span class='screen-reader-text'>27.4.2026<\/span><\/span><\/div>\n<\/td>\n<td class='no-events ter t future-day   no-events day-with-date'><div class='mc-date-container'><span class='mc-date no-events'><span aria-hidden='true'>28<\/span><span class='screen-reader-text'>28.4.2026<\/span><\/span><\/div>\n<\/td>\n<td class='no-events steda st future-day   no-events day-with-date'><div class='mc-date-container'><span class='mc-date no-events'><span aria-hidden='true'>29<\/span><span class='screen-reader-text'>29.4.2026<\/span><\/span><\/div>\n<\/td>\n<td class='no-events tvrtek t future-day   no-events day-with-date'><div class='mc-date-container'><span class='mc-date no-events'><span aria-hidden='true'>30<\/span><span class='screen-reader-text'>30.4.2026<\/span><\/span><\/div>\n<\/td>\n<td class='no-events ptek p future-day  nextmonth no-events day-with-date'><div class='mc-date-container'><span class='mc-date no-events'><span aria-hidden='true'>1<\/span><span class='screen-reader-text'>1.5.2026<\/span><\/span><\/div>\n<\/td>\n<td class='no-events sobota so future-day weekend nextmonth no-events day-with-date'><div class='mc-date-container'><span class='mc-date no-events'><span aria-hidden='true'>2<\/span><span class='screen-reader-text'>2.5.2026<\/span><\/span><\/div>\n<\/td>\n<td class='no-events nedle ne future-day weekend nextmonth no-events day-with-date'><div class='mc-date-container'><span class='mc-date no-events'><span aria-hidden='true'>3<\/span><span class='screen-reader-text'>3.5.2026<\/span><\/span><\/div>\n<\/td>\n<\/tr>\n<!-- End Event Row -->\n\n<\/tbody>\n<\/table><\/div><!-- .mc-content -->\n<nav class=\"my-calendar-navigation\" aria-label=\"Calendar (bottom)\">\n<div class=\"mc_bottomnav my-calendar-footer\">\r\n\t\t<div class=\"my-calendar-nav\">\r\n\t\t\t<ul>\r\n\t\t\t\t<li class=\"my-calendar-prev\"><button type=\"button\" class=\"mc-navigation-button\" id=\"mc_previous_my-calendar\" data-href=\"https:\/\/pages.pedf.cuni.cz\/kddd\/kalendar\/?cid=my-calendar&#038;dy&#038;month=3&#038;time=month&#038;yr=2026\"><span class=\"mc-icon\" aria-hidden=\"true\"><\/span>\u2190 P\u0159edchoz\u00ed<\/button><\/li><li class=\"my-calendar-today\"><button type=\"button\" id=\"mc_today_my-calendar\" data-href=\"https:\/\/pages.pedf.cuni.cz\/kddd\/kalendar\/?cid=my-calendar\" class=\"mc-navigation-button today mc-active\" aria-current=\"true\"><span class=\"mc-icon\" aria-hidden=\"true\"><\/span>Dnes<\/button><\/li>\r\n\t\t\t<\/ul>\r\n\t\t<\/div><div class='mc-print'><a id='mc_print-my-calendar' href='https:\/\/pages.pedf.cuni.cz\/kddd?cid=mc-print-view&#038;dy=1&#038;href=https%3A%2F%2Fpages.pedf.cuni.cz%2Fkddd%2Fwp-json%2Fwp%2Fv2%2Fpages%2F2746%2F&#038;month=4&#038;time=month&#038;yr=2026' rel='nofollow'><span class='mc-icon' aria-hidden='true'><\/span><span class=\"maybe-hide\">Zobrazen\u00ed <\/span>pro tisk<\/a><\/div><\/div>\n<\/nav>\n\r\n<\/div><!-- Close Main My Calendar Wrapper -->\n<p>&nbsp;<\/p>\n<p>&nbsp;<\/p>\n","protected":false},"excerpt":{"rendered":"<p>&nbsp; &nbsp;<\/p>\n","protected":false},"author":402,"featured_media":0,"parent":0,"menu_order":0,"comment_status":"closed","ping_status":"closed","template":"full-width.php","meta":{"_mc_calendar":[],"footnotes":""},"class_list":["post-2746","page","type-page","status-publish","hentry"],"_links":{"self":[{"href":"https:\/\/pages.pedf.cuni.cz\/kddd\/wp-json\/wp\/v2\/pages\/2746","targetHints":{"allow":["GET"]}}],"collection":[{"href":"https:\/\/pages.pedf.cuni.cz\/kddd\/wp-json\/wp\/v2\/pages"}],"about":[{"href":"https:\/\/pages.pedf.cuni.cz\/kddd\/wp-json\/wp\/v2\/types\/page"}],"author":[{"embeddable":true,"href":"https:\/\/pages.pedf.cuni.cz\/kddd\/wp-json\/wp\/v2\/users\/402"}],"replies":[{"embeddable":true,"href":"https:\/\/pages.pedf.cuni.cz\/kddd\/wp-json\/wp\/v2\/comments?post=2746"}],"version-history":[{"count":0,"href":"https:\/\/pages.pedf.cuni.cz\/kddd\/wp-json\/wp\/v2\/pages\/2746\/revisions"}],"wp:attachment":[{"href":"https:\/\/pages.pedf.cuni.cz\/kddd\/wp-json\/wp\/v2\/media?parent=2746"}],"curies":[{"name":"wp","href":"https:\/\/api.w.org\/{rel}","templated":true}]}}