{"id":2860,"date":"2015-11-22T18:27:46","date_gmt":"2015-11-22T17:27:46","guid":{"rendered":"http:\/\/pages.pedf.cuni.cz\/kddd\/?page_id=2860"},"modified":"2026-02-02T11:40:39","modified_gmt":"2026-02-02T10:40:39","slug":"kontakty","status":"publish","type":"page","link":"https:\/\/pages.pedf.cuni.cz\/kddd\/kontakty\/","title":{"rendered":"Kontakty"},"content":{"rendered":"<div class=\"jwl_one_third\">\n<p>Sp\u00e1len\u00e1 14 (budova \u010cesk\u00e9 poji\u0161\u0165ovny)<br \/>\nPS\u010c: 110 00, Praha 1<\/p>\n<p><span style=\"text-decoration: underline\">Sekretari\u00e1t:<\/span><\/p>\n<ul>\n<li><strong>Magdalena H. Selingerov\u00e1<\/strong><\/li>\n<li>e-mail: magdalena.holanselingerova@pedf.cuni.cz<\/li>\n<li>tel.: 221 900 229<\/li>\n<li>m\u00edstnost \u010d. 111\/P209 (1. patro)<\/li>\n<\/ul>\n<p>&nbsp;<\/p>\n<p><strong>\u00da\u0159edn\u00ed hodiny\u00a0 (<\/strong>od 1.2.2026<strong>)<br \/>\n<\/strong><\/p>\n<p>Pond\u011bl\u00ed\u00a0 \u00a0 9:00 &#8211; 12:00<\/p>\n<p>\u00dater\u00fd\u00a0 \u00a0 \u00a0 \u00a012:30 &#8211; 16:00<\/p>\n<p>\u010ctvrtek\u00a0 \u00a0 10:00 &#8211; 12:00 a 12:30 &#8211; 16:00<\/p>\n<p>ostatn\u00ed dny po p\u0159edchoz\u00ed domluv\u011b<\/p>\n<p>&nbsp;<\/p>\n<p>&nbsp;<\/p>\n<\/div><div class=\"jwl_two_third last\">\n<!-- iframe plugin v.6.0 wordpress.org\/plugins\/iframe\/ -->\n<iframe src=\"https:\/\/www.google.com\/maps\/embed?pb=!1m18!1m12!1m3!1d20482.41855893805!2d14.399351034765624!3d50.080626400000014!2m3!1f0!2f0!3f0!3m2!1i1024!2i768!4f13.1!3m3!1m2!1s0x470b94f204db00a5%3A0x5799c2081cc5f8f9!2zU3DDoWxlbsOhIDc2LzE0LCAxMTAgMDAgTm92w6kgTcSbc3Rv!5e0!3m2!1sen!2scz!4v1749633502143!5m2!1sen!2scz\" width=\"600\" height=\"450\" style=\"border:0;\" allowfullscreen loading=\"lazy\" referrerpolicy=\"no-referrer-when-downgrade\" scrolling=\"yes\" class=\"iframe-class\" frameborder=\"0\"><\/iframe>\n<\/div><div class=\"clearboth\"><\/div>\n<p>&nbsp;<\/p>\n","protected":false},"excerpt":{"rendered":"<p>&nbsp;<\/p>\n","protected":false},"author":402,"featured_media":0,"parent":0,"menu_order":0,"comment_status":"closed","ping_status":"closed","template":"","meta":{"_mc_calendar":[],"footnotes":""},"class_list":["post-2860","page","type-page","status-publish","hentry"],"_links":{"self":[{"href":"https:\/\/pages.pedf.cuni.cz\/kddd\/wp-json\/wp\/v2\/pages\/2860","targetHints":{"allow":["GET"]}}],"collection":[{"href":"https:\/\/pages.pedf.cuni.cz\/kddd\/wp-json\/wp\/v2\/pages"}],"about":[{"href":"https:\/\/pages.pedf.cuni.cz\/kddd\/wp-json\/wp\/v2\/types\/page"}],"author":[{"embeddable":true,"href":"https:\/\/pages.pedf.cuni.cz\/kddd\/wp-json\/wp\/v2\/users\/402"}],"replies":[{"embeddable":true,"href":"https:\/\/pages.pedf.cuni.cz\/kddd\/wp-json\/wp\/v2\/comments?post=2860"}],"version-history":[{"count":14,"href":"https:\/\/pages.pedf.cuni.cz\/kddd\/wp-json\/wp\/v2\/pages\/2860\/revisions"}],"predecessor-version":[{"id":8164,"href":"https:\/\/pages.pedf.cuni.cz\/kddd\/wp-json\/wp\/v2\/pages\/2860\/revisions\/8164"}],"wp:attachment":[{"href":"https:\/\/pages.pedf.cuni.cz\/kddd\/wp-json\/wp\/v2\/media?parent=2860"}],"curies":[{"name":"wp","href":"https:\/\/api.w.org\/{rel}","templated":true}]}}