{"id":3727,"date":"2016-10-05T20:52:07","date_gmt":"2016-10-05T18:52:07","guid":{"rendered":"http:\/\/pages.pedf.cuni.cz\/kddd\/?page_id=3727"},"modified":"2017-11-14T18:04:56","modified_gmt":"2017-11-14T17:04:56","slug":"aktuality","status":"publish","type":"page","link":"https:\/\/pages.pedf.cuni.cz\/kddd\/centra-katedry\/cskhd\/aktuality\/","title":{"rendered":"Aktuality"},"content":{"rendered":"<h2><strong>Kulturn\u011b historick\u00e9 d\u011bdictv\u00ed ve v\u00fduce<\/strong><\/h2>\n<h4><strong>Setk\u00e1n\u00ed absolvent\u016f, student\u016f a u\u010ditel\u016f Katedry d\u011bjin a didaktiky d\u011bjepisu<\/strong><\/h4>\n<p>V\u00a0posledn\u00ed \u0159\u00edjnov\u00fd den roku 2017 se na Pedagogick\u00e9 fakult\u011b Univerzity Karlovy setkali absolventi a studenti Katedry d\u011bjin a didaktiky d\u011bjepisu se sv\u00fdmi u\u010diteli, aby spole\u010dn\u011b jednali o mo\u017enostech vyu\u017eit\u00ed Kulturn\u011b historick\u00e9ho d\u011bdictv\u00ed ve v\u00fduce. Vedouc\u00ed Centra pro studium kulturn\u011b historick\u00e9ho d\u011bdictv\u00ed Kate\u0159ina Charv\u00e1tov\u00e1 nejprve p\u0159edstavila pr\u00e1ci katedry v\u00a0t\u00e9to oblasti. P\u0159ipomn\u011bla projekty, na nich\u017e \u010dlenov\u00e9 Centra v\u00a0posledn\u00edch v\u00edce ne\u017e deseti letech participovali, a p\u0159edstavila v\u00fdsledky jejich pr\u00e1ce, zejm\u00e9na knihy a e-learningy. Radka Ranochov\u00e1 pot\u00e9 p\u0159\u00edtomn\u00e9 sezn\u00e1mila s\u00a0nejnov\u011bj\u0161\u00edm v\u00fdstupem katedry, webov\u00fdm port\u00e1lem <em>Kl\u00e1\u0161tern\u00ed stezky<\/em>, a s\u00a0mo\u017enostmi jeho vyu\u017eit\u00ed ve \u0161koln\u00ed praxi. Druh\u00e1 \u010d\u00e1st jedn\u00e1n\u00ed byla v\u011bnov\u00e1na \u00fasp\u011b\u0161n\u00e9mu projektu <em>Pam\u00e1tky n\u00e1s bav\u00ed<\/em>, o n\u011bm\u017e referovala Hana Havl\u016fjov\u00e1. N\u00e1sledn\u00e1 diskuse se zam\u011b\u0159ila na pr\u00e1ci u\u010ditel\u016f a na to, jak kulturn\u011b historick\u00e9 d\u011bdictv\u00ed ve v\u00fduce vyu\u017e\u00edvaj\u00ed. N\u011bkte\u0159\u00ed hovo\u0159ili o sv\u00fdch \u0161koln\u00edch projektech a o dal\u0161\u00edch aktivit\u00e1ch, jin\u00ed byli k\u00a0mo\u017enostem pr\u00e1ce s\u00a0kulturn\u011b historick\u00fdm d\u011bdictv\u00edm ve \u0161kol\u00e1ch sp\u00ed\u0161e skepti\u010dt\u00ed. Do diskuse se zapojili i studenti se sv\u00fdmi p\u0159edstavami a n\u00e1m\u011bty. Na z\u00e1v\u011br pracovn\u00edci katedry p\u0159isl\u00edbili pomoci u\u010ditel\u016fm i student\u016fm l\u00e9pe se orientovat dnes v\u00a0ji\u017e dosti \u0161irok\u00e9 nab\u00eddce aktivit souvisej\u00edc\u00edch s\u00a0kulturn\u011b historick\u00fdm d\u011bdictv\u00edm sestaven\u00edm <a href=\"https:\/\/pages.pedf.cuni.cz\/kddd\/centra-katedry\/cskhd\/e-learning\/\"><strong>seznamu odkaz\u016f<\/strong><\/a> na relevantn\u00ed projekty.<\/p>\n<hr \/>\n<h2><strong>Webov\u00e9 str\u00e1nky Kl\u00e1\u0161tern\u00ed stezky spu\u0161t\u011bny!<\/strong><\/h2>\n<p>Po dvou letech p\u0159\u00edprav byly 1. \u010dervence 2017 spu\u0161t\u011bny webov\u00e9 str\u00e1nky <em>Kl\u00e1\u0161tern\u00ed stezky<\/em>, kter\u00e9 vznikly jako v\u00fdsledek diskuse mezi p\u0159edstaviteli akademick\u00e9 obce a spr\u00e1vci kl\u00e1\u0161tern\u00edch objekt\u016f. Po spole\u010dn\u00e9 dohod\u011b web zahrnuje celou \u010ceskou republiku a \u0161k\u00e1lu star\u00fdch \u0159\u00e1d\u016f (benediktiny, cisterci\u00e1ky, premonstr\u00e1ty, mendikanty), v\u00fdb\u011br kl\u00e1\u0161ter\u016f je v\u0161ak omezen jen na nejv\u00fdznamn\u011bj\u0161\u00ed objekty a na ty, kter\u00e9 maj\u00ed o vz\u00e1jemnou propagaci z\u00e1jem. V sou\u010dasn\u00e9 dob\u011b lze na str\u00e1nk\u00e1ch naj\u00edt podrobn\u00e9 \u00fadaje o 25 kl\u00e1\u0161terech.<\/p>\n<p>Port\u00e1l obsahuje odbornou historickou \u010d\u00e1st,\u00a0praktick\u00e9 informace pro n\u00e1v\u0161t\u011bvn\u00edky a \u00fadaje o vzd\u011bl\u00e1vac\u00edch aktivit\u00e1ch na jednotliv\u00fdch objektech. V\u00a0obecn\u00e9 \u010d\u00e1sti se z\u00e1jemce m\u016f\u017ee sezn\u00e1mit s\u00a0histori\u00ed \u0159\u00e1d\u016f, kter\u00e9 jsou na webu zastoupeny, a dov\u011bd\u011bt se mnoh\u00e9 o \u017eivot\u011b v\u00a0kl\u00e1\u0161terech. Hled\u00e1-li na webu konkr\u00e9tn\u00ed kl\u00e1\u0161tery, otev\u0159e se mu na jedn\u00e9 stran\u011b str\u00e1nka s\u00a0jejich d\u011bjinami, na druh\u00e9 pak rubrika obsahuj\u00edc\u00ed z\u00e1kladn\u00ed turistick\u00e9 informace &#8211; od otev\u00edrac\u00ed doby p\u0159es n\u00e1v\u0161t\u011bvnick\u00e9 okruhy a\u017e po nab\u00eddku vzd\u011bl\u00e1vac\u00edch program\u016f. Textov\u00e9 \u00fadaje dopl\u0148uje fotogalerie, je\u017e vypov\u00edd\u00e1 o jednotliv\u00fdch objektech obrazem.<\/p>\n<p>U\u010ditel\u016fm lze doporu\u010dit odd\u00edl Edukace, kde naleznou p\u0159ehled eduka\u010dn\u00edch program\u016f ve v\u0161ech \u00a0kl\u00e1\u0161terech.<\/p>\n<p><a href=\"http:\/\/www.klasterni-stezky.cz\" target=\"_blank\" rel=\"noopener\">http:\/\/www.klasterni-stezky.cz<\/a><\/p>\n<hr \/>\n<h2>Projekt <em><strong>Pam\u00e1tky n\u00e1s<\/strong><\/em> <strong><em>bav\u00ed<\/em> <\/strong>obdr\u017eel v\u00fdznamn\u00e9 mezin\u00e1rodn\u00ed ocen\u011bn\u00ed EUROPA NOSTRA.<\/h2>\n<p>Evropsk\u00e1 komise a EUROPA NOSTRA vyhl\u00e1sily 5. dubna ceny Evropsk\u00e9 unie pro kulturn\u00ed d\u011bdictv\u00ed \u00a0pro rok 2017.\u00a0 Mezi 29 ocen\u011bn\u00fdmi z\u00a018 zem\u00ed je i spole\u010dn\u00fd projekt N\u00e1rodn\u00edho pam\u00e1tkov\u00e9ho \u00fastavu, Pedagogick\u00e9 fakulty UK a Pedagogick\u00e9 fakulty MUNI\u00a0 <em><strong>Pam\u00e1tky n\u00e1s bav\u00ed<\/strong><\/em>. Ceny EVROPA NOSTRA p\u0159edstavuj\u00ed nejvy\u0161\u0161\u00ed evropsk\u00e9 ocen\u011bn\u00ed v\u00a0oblasti p\u00e9\u010de o kulturn\u00ed d\u011bdictv\u00ed.<\/p>\n<p>Projekt\u00a0 <strong>Pam\u00e1tky n\u00e1s bav\u00ed<\/strong>\u00a0 (ofici\u00e1ln\u00ed n\u00e1zev <em>\u201eVzd\u011bl\u00e1vac\u00ed role N\u00e1rodn\u00edho <\/em><\/p>\n<p><em>pam\u00e1tkov\u00e9ho \u00fastavu: Edukace jako kl\u00ed\u010dov\u00fd n\u00e1stroj zkvalitn\u011bn\u00ed p\u00e9\u010de o kulturn\u00ed d\u011bdictv\u00ed \u010cesk\u00e9 republiky\u201c<\/em>) prob\u00edhal v r\u00e1mci Programu aplikovan\u00e9ho v\u00fdzkumu a v\u00fdvoje N\u00e1rodn\u00ed a kulturn\u00ed identity (NAKI) v\u00a0letech 2012-2015.\u00a0 Za c\u00edl si kladl vytvo\u0159en\u00ed syst\u00e9mu eduka\u010dn\u00edch program\u016f zam\u011b\u0159en\u00fdch na vzd\u011bl\u00e1v\u00e1n\u00ed v oblasti pam\u00e1tkov\u00e9 p\u00e9\u010de \u00a0a prezentace pam\u00e1tkov\u00fdch objekt\u016f. Jednotliv\u00e9 programy vznikaly s\u00a0ohledem na r\u016fzn\u00e9 c\u00edlov\u00e9 skupiny &#8211;\u00a0 p\u0159ed\u0161koln\u00ed d\u011bti, \u017e\u00e1ky 1.-3. stupn\u011b, vysoko\u0161kol\u00e1ky, rodiny s d\u011btmi, laickou a\u00a0odbornou ve\u0159ejnost, seniory a n\u00e1v\u0161t\u011bvn\u00edky se speci\u00e1ln\u00edmi pot\u0159ebami, jejich\u017e pot\u0159eb\u00e1m byly p\u0159izp\u016fsobov\u00e1ny. \u00a0Programy pro nejr\u016fzn\u011bj\u0161\u00ed pam\u00e1tkov\u00e9 objekty p\u0159ipravovala a realizovala s\u00ed\u0165 sedmi eduka\u010dn\u00edch center N\u00e1rodn\u00edho pam\u00e1tkov\u00e9ho \u00fastavu rozm\u00edst\u011bn\u00fdch po cel\u00e9m \u00fazem\u00ed \u010cesk\u00e9 republiky.\u00a0 Pedagogickou a didaktickou \u00farove\u0148 jednotliv\u00fdch program\u016f zaji\u0161\u0165ovaly Katedra historie a didaktiky d\u011bjepisu Pedagogick\u00e9 fakulty Univerzity Karlovy v Praze a Katedra soci\u00e1ln\u00ed pedagogiky Pedagogick\u00e9 fakulty MUNI v\u00a0Brn\u011b.<\/p>\n<p>Mezi v\u00fdznamn\u00e9 v\u00fdstupy projektu se \u0159ad\u00ed p\u011bt metodik pro tvorbu, realizaci a hodnocen\u00ed kvality eduka\u010dn\u00edch program\u016f v oblasti p\u00e9\u010de o kulturn\u00ed d\u011bdictv\u00ed\u00a0 <em>Pam\u00e1tky n\u00e1s bav\u00ed 1-5, Praha 2015<\/em> ur\u010den\u00fdch jednotliv\u00fdm c\u00edlov\u00fdm skupin\u00e1m projektu.<\/p>\n<blockquote class=\"wp-embedded-content\" data-secret=\"tBDH96wjxX\"><p><a href=\"http:\/\/www.europeanheritageawards.eu\/winners\/educational-programme-czech-cultural-heritage\/\">Educational programme for Czech cultural heritage<\/a><\/p><\/blockquote>\n<p><iframe loading=\"lazy\" class=\"wp-embedded-content\" sandbox=\"allow-scripts\" security=\"restricted\" style=\"position: absolute; clip: rect(1px, 1px, 1px, 1px);\" src=\"http:\/\/www.europeanheritageawards.eu\/winners\/educational-programme-czech-cultural-heritage\/embed\/#?secret=tBDH96wjxX\" data-secret=\"tBDH96wjxX\" width=\"600\" height=\"338\" title=\"&#8220;Educational programme for Czech cultural heritage&#8221; &#8212; EU Prize for Cultural Heritage \/ Europa Nostra Awards\" frameborder=\"0\" marginwidth=\"0\" marginheight=\"0\" scrolling=\"no\"><\/iframe><\/p>\n<p>Fotodokumentaci najdete <a href=\"https:\/\/pages.pedf.cuni.cz\/kddd\/fotogalerie\/akce\/\">zde<\/a><\/p>\n","protected":false},"excerpt":{"rendered":"<p>Kulturn\u011b historick\u00e9 d\u011bdictv\u00ed ve v\u00fduce Setk\u00e1n\u00ed absolvent\u016f, student\u016f a u\u010ditel\u016f Katedry d\u011bjin a didaktiky d\u011bjepisu V\u00a0posledn\u00ed \u0159\u00edjnov\u00fd den roku 2017 se na Pedagogick\u00e9 fakult\u011b Univerzity Karlovy setkali absolventi a studenti Katedry d\u011bjin a didaktiky d\u011bjepisu<strong>&#8230;<\/strong><\/p>\n","protected":false},"author":402,"featured_media":0,"parent":525,"menu_order":10,"comment_status":"closed","ping_status":"closed","template":"","meta":{"_mc_calendar":[],"footnotes":""},"class_list":["post-3727","page","type-page","status-publish","hentry"],"_links":{"self":[{"href":"https:\/\/pages.pedf.cuni.cz\/kddd\/wp-json\/wp\/v2\/pages\/3727","targetHints":{"allow":["GET"]}}],"collection":[{"href":"https:\/\/pages.pedf.cuni.cz\/kddd\/wp-json\/wp\/v2\/pages"}],"about":[{"href":"https:\/\/pages.pedf.cuni.cz\/kddd\/wp-json\/wp\/v2\/types\/page"}],"author":[{"embeddable":true,"href":"https:\/\/pages.pedf.cuni.cz\/kddd\/wp-json\/wp\/v2\/users\/402"}],"replies":[{"embeddable":true,"href":"https:\/\/pages.pedf.cuni.cz\/kddd\/wp-json\/wp\/v2\/comments?post=3727"}],"version-history":[{"count":11,"href":"https:\/\/pages.pedf.cuni.cz\/kddd\/wp-json\/wp\/v2\/pages\/3727\/revisions"}],"predecessor-version":[{"id":4646,"href":"https:\/\/pages.pedf.cuni.cz\/kddd\/wp-json\/wp\/v2\/pages\/3727\/revisions\/4646"}],"up":[{"embeddable":true,"href":"https:\/\/pages.pedf.cuni.cz\/kddd\/wp-json\/wp\/v2\/pages\/525"}],"wp:attachment":[{"href":"https:\/\/pages.pedf.cuni.cz\/kddd\/wp-json\/wp\/v2\/media?parent=3727"}],"curies":[{"name":"wp","href":"https:\/\/api.w.org\/{rel}","templated":true}]}}