{"id":3786,"date":"2016-10-13T20:33:45","date_gmt":"2016-10-13T18:33:45","guid":{"rendered":"http:\/\/pages.pedf.cuni.cz\/kddd\/?page_id=3786"},"modified":"2017-11-16T11:24:00","modified_gmt":"2017-11-16T10:24:00","slug":"e-learning","status":"publish","type":"page","link":"https:\/\/pages.pedf.cuni.cz\/kddd\/centra-katedry\/cskhd\/e-learning\/","title":{"rendered":"Odkazy"},"content":{"rendered":"<p><strong>Kulturn\u011b historick\u00e9 d\u011bdictv\u00ed a udr\u017eiteln\u00fd rozvoj m\u00edstn\u00edch komunit<\/strong><\/p>\n<p><a href=\"http:\/\/historickededictvi.com\">http:\/\/historickededictvi.com<\/a><\/p>\n<p>Z hlavn\u00ed str\u00e1nky jsou p\u0159\u00edstupn\u00e9 dva e-learningy (lev\u00e9 menu):<\/p>\n<ol>\n<li>e-learning: <strong>Kulturn\u011b historick\u00e9 d\u011bdictv\u00ed kolem n\u00e1s <\/strong><\/li>\n<\/ol>\n<p>Do kurzu je mo\u017en\u00e9 se registrovat vpravo naho\u0159e (uv\u00e1d\u00ed se pouze jednoduch\u00e9 identifika\u010dn\u00ed \u00fadaje). Studijn\u00ed materi\u00e1ly \u2013 voln\u011b p\u0159\u00edstupn\u00e9: <a href=\"http:\/\/elearning.historickededictvi.com\/zobraz\/materialy\">http:\/\/elearning.historickededictvi.com\/zobraz\/materialy<\/a><\/p>\n<ul>\n<li>V\u00a0elektronick\u00e9 podob\u011b je zde k\u00a0dispozici (ve slo\u017ece Odborn\u00e9 texty) kniha FOLT\u00ddN, D. a kol., <em>Prameny pam\u011bti. Sedm kapitol o kulturn\u011b historick\u00e9m d\u011bdictv\u00ed pro pot\u0159eby v\u00fdchovn\u00e9 praxe<\/em> (Praha 2008) a dal\u0161\u00ed texty, celkem 11 kapitol. Dostupn\u00e9 z: <a href=\"http:\/\/elearning.historickededictvi.com\/zobraz\/materialy\/odborne-texty\">http:\/\/elearning.historickededictvi.com\/zobraz\/materialy\/odborne-texty<\/a><\/li>\n<li>A d\u00e1le je zde k\u00a0dispozici (ve slo\u017ece Metody) tak\u00e9 metodika PARKAN, F. (ed.) <em>V\u00fdchova ke vztahu ke kulturn\u011b historick\u00e9mu d\u011bdictv\u00ed. Metodick\u00e1 p\u0159\u00edru\u010dka <\/em>(Praha 2008). Dostupn\u00e9 z: <a href=\"http:\/\/elearning.historickededictvi.com\/zobraz\/materialy\/metody\">http:\/\/elearning.historickededictvi.com\/zobraz\/materialy\/metody<\/a><\/li>\n<\/ul>\n<ol start=\"2\">\n<li>e-learning:<strong> Monasterium aneb nebojte se kl\u00e1\u0161ter\u016f<\/strong><\/li>\n<\/ol>\n<p>Do aplikace nen\u00ed t\u0159eba se registrovat, obsahuje tematick\u00e9 kapitoly \u010dlen\u011bn\u00e9 podle m\u00edst v\u00a0kl\u00e1\u0161te\u0159e; d\u00e1le pak sekci s\u00a0didaktick\u00fdmi n\u00e1vrhy vyu\u010dovac\u00edch hodin pro 1. a 2. stupe\u0148 Z\u0160 a S\u0160. Dostupn\u00e9 z: <a href=\"http:\/\/monasterium.kub.cz\/\">http:\/\/monasterium.kub.cz\/<\/a><\/p>\n<p><strong>Publika\u010dn\u00ed v\u00fdstupy<\/strong> \u2013 nap\u0159. sborn\u00edk z mezin\u00e1rodn\u00ed konference Folt\u00fdn, D. \u2013 Havl\u016fjov\u00e1, H. (ed.) <em>Kulturn\u00ed d\u011bdictv\u00ed a udr\u017eiteln\u00fd rozvoj m\u00edstn\u00edch komunit. Cultural Heritage and Sustainable Development of Local Communities<\/em> (Praha 2012), nebo metodika Havl\u016fjov\u00e1, H. \u2013 Le\u0161nerov\u00e1, J. (ed.) <em>Kulturn\u00ed d\u011bdictv\u00ed a udr\u017eiteln\u00fd rozvoj m\u00edstn\u00edch komunit ve \u0161koln\u00ed praxi: Metodick\u00e1 doporu\u010den\u00ed a p\u0159\u00edklady dobr\u00e9 praxe pro u\u010ditele z\u00e1kladn\u00edch a st\u0159edn\u00edch \u0161kol<\/em> [online] (Praha 2012) \u2013 a dal\u0161\u00ed v\u00fdsledky projektu jsou p\u0159\u00edstupn\u00e9 z\u00a0hlavn\u00ed str\u00e1nky (horn\u00ed menu, z\u00e1lo\u017eka Metodika: <a href=\"http:\/\/www.historickededictvi.com\/?page_id=45\">http:\/\/www.historickededictvi.com\/?page_id=45<\/a><\/p>\n<p><strong>Pilotn\u00ed \u0161koln\u00ed projekty<\/strong> (p\u0159\u00edklady dobr\u00e9 praxe). Dostupn\u00e9 z: <a href=\"http:\/\/www.historickededictvi.com\/?page_id=37\">http:\/\/www.historickededictvi.com\/?page_id=37<\/a><\/p>\n<p>&nbsp;<\/p>\n<p><strong>Pam\u00e1tky n\u00e1s bav\u00ed<\/strong><\/p>\n<p><a href=\"http:\/\/www.pamatkynasbavi.cz\/\">http:\/\/www.pamatkynasbavi.cz\/<\/a><\/p>\n<p><strong>V\u00fdstupy projektu<\/strong>:<\/p>\n<ul>\n<li><strong>P\u011bt metodick\u00fdch publikac\u00ed<\/strong> HAVL\u016eJOV\u00c1, H. &#8211; INDROV\u00c1, M. a kol., <em>Pam\u00e1tky n\u00e1s bav\u00ed 1 \u2013 5<\/em> (Praha 2015), dostupn\u00e9 z: <a href=\"http:\/\/www.pamatkynasbavi.cz\/metodiky\">http:\/\/www.pamatkynasbavi.cz\/metodiky<\/a><\/li>\n<li><strong>EMA: e-mapa <\/strong>se z\u00e1znamy pilotn\u00edch <strong>eduka\u010dn\u00edch program\u016f na pam\u00e1tk\u00e1ch, <\/strong>dostupn\u00e9 z: http:\/\/www.pamatkynasbavi.cz\/E-mapa<\/li>\n<\/ul>\n<p>&nbsp;<\/p>\n<p><strong>Kl\u00e1\u0161tern\u00ed stezky<\/strong><\/p>\n<p><a href=\"http:\/\/www.klasterni-stezky.cz\/\">http:\/\/www.klasterni-stezky.cz\/<\/a><\/p>\n<p>&nbsp;<\/p>\n<p><strong>D\u011bjepis v\u00a021. stolet\u00ed<\/strong><\/p>\n<p><a href=\"http:\/\/www.dejepis21.cz\/dejepis-v-21-stoleti\">http:\/\/www.dejepis21.cz\/dejepis-v-21-stoleti<\/a><\/p>\n<p>Publikace HAVL\u016eJOV\u00c1, H. \u2013 NAJBERT, J. a kol., <em>Pam\u011b\u0165 a projektov\u00e9 vyu\u010dov\u00e1n\u00ed v\u00a0d\u011bjepise<\/em> (Praha 2014) [online] dostupn\u00e1 z: <a href=\"http:\/\/www.dejepis21.cz\/metodika-projektove-vyuky\">http:\/\/www.dejepis21.cz\/metodika-projektove-vyuky<\/a><\/p>\n<p>&nbsp;<\/p>\n<p><strong>Panelov\u00e1 s\u00eddli\u0161t\u011b v\u00a0\u010cR<\/strong><\/p>\n<p><a href=\"http:\/\/www.panelaci.cz\/\">http:\/\/www.panelaci.cz\/<\/a><\/p>\n<p>Doprovodn\u00e9 materi\u00e1ly pro \u0161koly k\u00a0v\u00fdstav\u00e1m o panelov\u00fdch s\u00eddli\u0161t\u00edch a souvisej\u00edc\u00edm \u017eivotn\u00edm stylu jsou k\u00a0dispozici mezi v\u00fdstupy projektu: <a href=\"http:\/\/www.panelaci.cz\/stranka\/pro-skoly\">http:\/\/www.panelaci.cz\/stranka\/pro-skoly<\/a><\/p>\n<p>&nbsp;<\/p>\n<p><strong>Dny evropsk\u00e9ho d\u011bdictv\u00ed \/ European Heritage Days<\/strong><\/p>\n<p><strong>Dny evropsk\u00e9ho d\u011bdictv\u00ed<\/strong> (European Heritage Days) jsou spole\u010dnou iniciativou Rady Evropy a Evropsk\u00e9 unie. Ka\u017edoro\u010dn\u011b v m\u011bs\u00edci z\u00e1\u0159\u00ed otev\u00edraj\u00ed nej\u0161ir\u0161\u00ed ve\u0159ejnosti br\u00e1ny nejzaj\u00edmav\u011bj\u0161\u00edch pam\u00e1tek, budov, objekt\u016f a prostor, v\u010detn\u011b t\u011bch, kter\u00e9 jsou jinak z\u010d\u00e1sti nebo zcela nep\u0159\u00edstupn\u00e9.<\/p>\n<p>V\u00a0\u010cesk\u00e9 republice za\u0161ti\u0165uje jejich organizaci Sdru\u017een\u00ed historick\u00fdch s\u00eddel \u010cech, Moravy a Slezska. Bl\u00ed\u017ee viz <a href=\"http:\/\/www.historickasidla.cz\/cs\/dny-evropskeho-dedictvi\/\">http:\/\/www.historickasidla.cz\/cs\/dny-evropskeho-dedictvi\/<\/a>.<\/p>\n<p>Centr\u00e1ln\u00ed str\u00e1nky viz <a href=\"http:\/\/www.europeanheritagedays.com\/\">http:\/\/www.europeanheritagedays.com\/<\/a><\/p>\n","protected":false},"excerpt":{"rendered":"<p>Kulturn\u011b historick\u00e9 d\u011bdictv\u00ed a udr\u017eiteln\u00fd rozvoj m\u00edstn\u00edch komunit <a href=\"http:\/\/historickededictvi.com\">http:\/\/historickededictvi.com<\/a> Z hlavn\u00ed str\u00e1nky jsou p\u0159\u00edstupn\u00e9 dva e-learningy (lev\u00e9 menu): e-learning: Kulturn\u011b historick\u00e9 d\u011bdictv\u00ed kolem n\u00e1s Do kurzu je mo\u017en\u00e9 se registrovat vpravo naho\u0159e (uv\u00e1d\u00ed se pouze jednoduch\u00e9<strong>&#8230;<\/strong><\/p>\n","protected":false},"author":402,"featured_media":0,"parent":525,"menu_order":6,"comment_status":"closed","ping_status":"closed","template":"","meta":{"_mc_calendar":[],"footnotes":""},"class_list":["post-3786","page","type-page","status-publish","hentry"],"_links":{"self":[{"href":"https:\/\/pages.pedf.cuni.cz\/kddd\/wp-json\/wp\/v2\/pages\/3786","targetHints":{"allow":["GET"]}}],"collection":[{"href":"https:\/\/pages.pedf.cuni.cz\/kddd\/wp-json\/wp\/v2\/pages"}],"about":[{"href":"https:\/\/pages.pedf.cuni.cz\/kddd\/wp-json\/wp\/v2\/types\/page"}],"author":[{"embeddable":true,"href":"https:\/\/pages.pedf.cuni.cz\/kddd\/wp-json\/wp\/v2\/users\/402"}],"replies":[{"embeddable":true,"href":"https:\/\/pages.pedf.cuni.cz\/kddd\/wp-json\/wp\/v2\/comments?post=3786"}],"version-history":[{"count":10,"href":"https:\/\/pages.pedf.cuni.cz\/kddd\/wp-json\/wp\/v2\/pages\/3786\/revisions"}],"predecessor-version":[{"id":4653,"href":"https:\/\/pages.pedf.cuni.cz\/kddd\/wp-json\/wp\/v2\/pages\/3786\/revisions\/4653"}],"up":[{"embeddable":true,"href":"https:\/\/pages.pedf.cuni.cz\/kddd\/wp-json\/wp\/v2\/pages\/525"}],"wp:attachment":[{"href":"https:\/\/pages.pedf.cuni.cz\/kddd\/wp-json\/wp\/v2\/media?parent=3786"}],"curies":[{"name":"wp","href":"https:\/\/api.w.org\/{rel}","templated":true}]}}