{"id":3790,"date":"2016-10-13T20:37:01","date_gmt":"2016-10-13T18:37:01","guid":{"rendered":"http:\/\/pages.pedf.cuni.cz\/kddd\/?page_id=3790"},"modified":"2025-05-28T21:46:14","modified_gmt":"2025-05-28T19:46:14","slug":"publikacni-cinnost","status":"publish","type":"page","link":"https:\/\/pages.pedf.cuni.cz\/kddd\/centra-katedry\/cndsv\/publikacni-cinnost\/","title":{"rendered":"Publika\u010dn\u00ed \u010dinnost"},"content":{"rendered":"<p><strong>Odborn\u00e9 studie<\/strong><\/p>\n<div>HNILICA Ji\u0159\u00ed, <em>Francouz\u0161tina v \u017eivot\u011b Eleonory Mendlov\u00e9. Ke vzd\u011bl\u00e1v\u00e1n\u00ed d\u00edvek v dob\u011b prvn\u00ed republiky<\/em>. In: Gender History \u2013 to p\u0159ece nen\u00ed nic pro feministky.\u00a0 Tom\u00e1\u0161 Jir\u00e1nek \u2013 Karel R\u00fddl \u2013 Petr Vorel (eds.), Pardubice, Univerzita Pardubice, 2017, s. 321 &#8211; 333.<\/div>\n<p>KEPARTOV\u00c1, J. <em>Pat\u0159\u00ed komiks na univerzitn\u00ed p\u016fdu?<\/em> In: F\u00f6rster, J.; Kitzler, P.; Petrbok, V.; Svato\u0161ov\u00e1, H. Musarum socius. Praha: KKS, FL\u00da AV \u010cR, 2011, s. 195-206.<\/p>\n<p>KEPARTOV\u00c1, J. <em>Komiks ve v\u00fduce na ZS a SS<\/em>.\u00a0 In: XXIV. letn\u00ed \u0161kola historie. D\u011bdictv\u00ed materi\u00e1ln\u00ed i d\u011bdictv\u00ed idej\u00ed. Sborn\u00edk p\u0159edn\u00e1\u0161ek. Praha: Univerzita Karlova v Praze, Pedagogick\u00e1 fakulta, 2012. s. 110-114.<\/p>\n<p>KEPARTOV\u00c1, J. <em>St\u0159edo\u0161kolsk\u00e1 antika ve t\u0159et\u00ed \u010dtvrtin\u011b 19. stolet\u00ed<\/em>. In: Historica Olomucensia 47, 2014, s. 91-116.<\/p>\n<p>KEPARTOV\u00c1, J. <em>Das Bild von Pompeji im Unterricht in den b\u00f6hmischen Kronl\u00e4ndern. Die Zeit des habsburgischen Schulwesens (1849-1918).<\/em> In:Acta Universitatis Pragensis, Philologica 2, Graecolatina Pragensia, 2017, 293-317.<\/p>\n<p>KEPARTOV\u00c1, J. <em>U\u010ditel, cestovatel a spisovatel Josef W\u00fcnsch v kontextu doby<\/em>. Marginalia historica 9, 2018, 1, s. 9-18.<\/p>\n<p>KEPARTOV\u00c1, J. <em>Josef W\u00fcnsch a klasick\u00e1 filologie<\/em>. Marginalia historica 9, 2018, 1, s. 53-73.<\/p>\n<p>KEPARTOV\u00c1, J. <em>Antika v\u00a0dne\u0161n\u00ed \u0161kole: u\u010dme \u017e\u00e1ky myslet v souvislostech<\/em>. In Holubov\u00e1, B.; Kohnov\u00e1, J. (red.) XXXIV. letn\u00ed \u0161kola historie. Sborn\u00edk p\u0159edn\u00e1\u0161ek. \u00a0Praha: Univerzita Karlova v Praze, Pedagogick\u00e1 fakulta, 2023, s. 41\u201350. ISBN 978-80-7603-418-1.<\/p>\n<p>PARKAN, F. &#8211; MIKESKA, T. <em>Forms of out-of-class teaching of history<\/em>. Praha: Univerzita Karlova, Pedagogick\u00e1 fakulta 2020.<\/p>\n<p>PARKAN, F.; KOUKAL, V. <em>Komplexn\u00ed v\u00fdukov\u00e1 hra ve v\u00fduce d\u011bjepisu<\/em>, in Kdy\u017e v\u00fdzkum m\u011bn\u00ed praxi. Deset p\u0159\u00edb\u011bh\u016f u\u010ditel\u016f a akademik\u016f zapojen\u00fdch do ak\u010dn\u00edho v\u00fdzkumu. Greger, D.; Simonov\u00e1, J.; Chv\u00e1l, M.; Strakov\u00e1, J. Praha: Univerzita Karlova, Pedagogick\u00e1 fakulta, 2020.<\/p>\n<p>POKORN\u00dd, J. ; KOUROV\u00c1, P. (spoluautorstv\u00ed). NOVOTN\u00dd, Miroslav (ed.). <em>Velk\u00e9 d\u011bjiny zem\u00ed Koruny \u010desk\u00e9<\/em>. Tematick\u00e1 \u0159ada, sv. VII. \u0160kolstv\u00ed a vzd\u011blanost, Praha: Paseka 2020. 752 s.<\/p>\n<p>SVOBODOV\u00c1, Veronika. <em>Zlat\u00e1 doba \u010desk\u00e9 \u0161koly. Pokusnictv\u00ed v \u010ceskoslovensku na p\u0159\u00edklad\u011b \u0161kol v Michli, Nusl\u00edch a Hostiva\u0159i<\/em>. Praha: UK, PedF 2018. ISBN 9788076030008.<\/p>\n<p>VYM\u011aTALOV\u00c1, K. <em>Peregrinatio magistrorum aneb U\u010ditel\u00e9 &#8222;na cest\u00e1ch&#8220;. <\/em>Marginalia historica 9, 2018, 1, s. 197-211.<\/p>\n","protected":false},"excerpt":{"rendered":"<p>Odborn\u00e9 studie HNILICA Ji\u0159\u00ed, Francouz\u0161tina v \u017eivot\u011b Eleonory Mendlov\u00e9. Ke vzd\u011bl\u00e1v\u00e1n\u00ed d\u00edvek v dob\u011b prvn\u00ed republiky. In: Gender History \u2013 to p\u0159ece nen\u00ed nic pro feministky.\u00a0 Tom\u00e1\u0161 Jir\u00e1nek \u2013 Karel R\u00fddl \u2013 Petr Vorel (eds.),<strong>&#8230;<\/strong><\/p>\n","protected":false},"author":402,"featured_media":0,"parent":529,"menu_order":6,"comment_status":"closed","ping_status":"closed","template":"","meta":{"_mc_calendar":[],"footnotes":""},"class_list":["post-3790","page","type-page","status-publish","hentry"],"_links":{"self":[{"href":"https:\/\/pages.pedf.cuni.cz\/kddd\/wp-json\/wp\/v2\/pages\/3790","targetHints":{"allow":["GET"]}}],"collection":[{"href":"https:\/\/pages.pedf.cuni.cz\/kddd\/wp-json\/wp\/v2\/pages"}],"about":[{"href":"https:\/\/pages.pedf.cuni.cz\/kddd\/wp-json\/wp\/v2\/types\/page"}],"author":[{"embeddable":true,"href":"https:\/\/pages.pedf.cuni.cz\/kddd\/wp-json\/wp\/v2\/users\/402"}],"replies":[{"embeddable":true,"href":"https:\/\/pages.pedf.cuni.cz\/kddd\/wp-json\/wp\/v2\/comments?post=3790"}],"version-history":[{"count":10,"href":"https:\/\/pages.pedf.cuni.cz\/kddd\/wp-json\/wp\/v2\/pages\/3790\/revisions"}],"predecessor-version":[{"id":8030,"href":"https:\/\/pages.pedf.cuni.cz\/kddd\/wp-json\/wp\/v2\/pages\/3790\/revisions\/8030"}],"up":[{"embeddable":true,"href":"https:\/\/pages.pedf.cuni.cz\/kddd\/wp-json\/wp\/v2\/pages\/529"}],"wp:attachment":[{"href":"https:\/\/pages.pedf.cuni.cz\/kddd\/wp-json\/wp\/v2\/media?parent=3790"}],"curies":[{"name":"wp","href":"https:\/\/api.w.org\/{rel}","templated":true}]}}